{"id":3267,"date":"2016-10-25T08:01:35","date_gmt":"2016-10-25T06:01:35","guid":{"rendered":"http:\/\/www.pradosps.com\/fr\/systemes-de-manutention\/complementary-equipment\/"},"modified":"2017-04-06T13:34:57","modified_gmt":"2017-04-06T11:34:57","slug":"equipements-complementaires","status":"publish","type":"page","link":"https:\/\/spssilos.com\/fr\/systemes-de-manutention\/equipements-complementaires\/","title":{"rendered":"\u00c9quipements compl\u00e9mentaires"},"content":{"rendered":"<div class=\"one_fourth\">\n<div class=\"custom-frame-wrapper alignleft\">\n<div class=\"custom-frame-inner-wrapper\">\n<div class=\"custom-frame-padding\"><a href=\"https:\/\/spssilos.com\/wp-content\/uploads\/2016\/10\/Complementary-equipment.jpg\" rel=\"\" rel=\"wp-prettyPhoto[3267]\"><img decoding=\"async\" title=\"photo\" src=\"https:\/\/spssilos.com\/wp-content\/uploads\/2016\/10\/Complementary-equipment.jpg\" alt=\"complementary equipment\" \/><br \/>\n<\/a><\/div>\n<\/div>\n<\/div>\n<\/div>\n<div class=\"three_fourth last_column\">\n<div id=\"botonera\"><a class=\"medium custom-button align-btn-left\" title=\"Caracter\u00edsticas\" href=\"#caracteristicas\"><span style=\"background-color: #C00028; color: #ffffff;\">Produits\u00a0<\/span><\/a><a class=\"medium custom-button align-btn-left\" title=\"video\" href=\"#video\"><span style=\"background-color: #C00028; color: #ffffff;\">Video <\/span><\/a><a class=\"medium custom-button align-btn-left\" title=\"presupuesto\" href=\"https:\/\/spssilos.com\/fr\/demande-de-devis\/\"><span style=\"background-color: #C00028; color: #ffffff;\">Demandez un devis!<\/span><\/a><\/div>\n<div class=\"clear\"><\/div>\n<h2 style=\"color: #C00028;\">Equipements compl\u00e9mentaires pour l\u2019optimisation des installations de stockage.<\/h2>\n<p>PRADO SPS offre une gamme d&rsquo;\u00e9quipements compl\u00e9mentaires pour optimiser l&rsquo;usine de stockage et donner la meilleure solution, la plus compl\u00e8te pour votre installation.<\/p>\n<p>On obtient ainsi les meilleures conditions pour le s\u00e9chage, le nettoyage, le transport, le stockage et le traitement des grains.<\/p>\n<p>&nbsp;<\/p>\n<\/div>\n<div class=\"clear\"><\/div>\n<div class=\"divider top-of-page\"><a title=\"Top of Page\" href=\"#botonera\">Haut de page<\/a><\/div>\n<div id=\"caracteristicas\" class=\"two_third\">\n<h2 style=\"color: #C00028;\">Produits<\/h2>\n<div class=\"simple\" style=\"background-color: #fcfcfc; color: #333333;\">\n<div class=\"inner-padding\">\n<p style=\"display: inline !important;\"><strong>NETTOYEUR<\/strong><\/p>\n<ul>\n<li>Nettoyeur rotatif pour le pr\u00e9-nettoyage et le nettoyage.<\/li>\n<li>Tamis interchangeables en fonction des c\u00e9r\u00e9ales \u00e0 traiter.<\/li>\n<li>Conception robuste.<\/li>\n<li>Ensemble robuste totalement boulonn\u00e9 \u00e0 base de panneaux m\u00e9talliques enduits et peints.<\/li>\n<li>Permet le r\u00e9glage du d\u00e9bit et de l\u2019air.<\/li>\n<\/ul>\n<p>&nbsp;<\/p>\n<p><strong>S\u00c9CHOIR<\/strong><\/p>\n<ul>\n<li>Nous sommes experts en syst\u00e8mes de s\u00e9chage pour un large \u00e9ventail de capacit\u00e9s ainsi que pour des besoins sp\u00e9cifiques (c\u00e9r\u00e9ales \u00e0 fort taux d\u2019humidit\u00e9 ou d\u2019impuret\u00e9s, produits ol\u00e9agineux\u2026).<\/li>\n<li>Conception modulaire.<\/li>\n<li>Conception robuste.<\/li>\n<li>Acier inoxydable sp\u00e9cial r\u00e9sistant \u00e0 la chaleur AISI 310.<\/li>\n<\/ul>\n<p>&nbsp;<\/p>\n<p><strong>THERMOM\u00c9TRIE<\/strong><\/p>\n<ul>\n<li>Syst\u00e8me num\u00e9rique de suivi de la temp\u00e9rature et syst\u00e8me modulaire standard avec protection ATEX.<\/li>\n<li>Sonde de temp\u00e9rature aux caract\u00e9ristiques \u00e0 longue port\u00e9e \u00f88,0 mm, l = 6-12m flexible et avec capteurs num\u00e9riques.<\/li>\n<li>Sp\u00e9cialement con\u00e7u pour nos installations de silos. Le syst\u00e8me, situ\u00e9 sur le toit, couvre l\u2019ensemble du volume du silo.<\/li>\n<li>Grande versatilit\u00e9.<\/li>\n<\/ul>\n<p>&nbsp;<\/p>\n<p><strong>VENTILATION<\/strong><\/p>\n<ul>\n<li><strong>Ventilateur:<\/strong>\n<ul>\n<li>Boitier de protection en t\u00f4le d\u2019acier.<\/li>\n<li>Turbine munie de pales \u00e0 r\u00e9action en t\u00f4le d\u2019acier \u00e0 grande robustesse.<\/li>\n<\/ul>\n<\/li>\n<li><strong>Finition:<\/strong>\n<ul>\n<li>Rev\u00eatement anticorrosion en r\u00e9sine de polyester polym\u00e9ris\u00e9e \u00e0 190\u00b0C apr\u00e8s d\u00e9graissage alcalin et pr\u00e9traitement exempt de phosphates.<\/li>\n<\/ul>\n<\/li>\n<\/ul>\n<ul>\n<li><strong>Moteur:<\/strong>\n<ul>\n<li>Moteurs labellis\u00e9s IE-2 \u00e9conomes en \u00e9nergie, sauf moteurs de puissance inf\u00e9rieure \u00e0 0,75 kW, moteurs monophas\u00e9s et moteurs \u00e0 deux vitesses.<\/li>\n<li>Moteurs de classe F \u00e9quip\u00e9s de roulements \u00e0 billes, protection IP55.<\/li>\n<li>Moteurs triphas\u00e9s 230\/400V-50Hx (jusqu\u2019\u00e0 5,5\u00a0CV) et 400\/690V-50Hz (puissances sup\u00e9rieures \u00e0 5,5 CV).<\/li>\n<li>Temp\u00e9rature maximale de l\u2019air pendant le transport du grain: -20\u00b0C +120\u00baC .<\/li>\n<\/ul>\n<\/li>\n<\/ul>\n<\/div>\n<\/div>\n<\/div>\n<div id=\"productos\" class=\"one_third last_column\"><\/div>\n<div class=\"divider top-of-page\"><a title=\"Top of Page\" href=\"#botonera\">Haut de page<\/a><\/div>\n<div id=\"video\" class=\"two_third\">\n<h2 style=\"color: #C00028;\">Video<\/h2>\n<p><iframe loading=\"lazy\" src=\"https:\/\/www.youtube.com\/embed\/uN4tmA3KPhE\" width=\"640\" height=\"480\" frameborder=\"0\" allowfullscreen=\"allowfullscreen\"><\/iframe><\/p>\n<\/div>\n<div id=\"descarga\" class=\"one_third last_column\">\n<p>&nbsp;<\/p>\n<\/div>\n<div class=\"divider top-of-page\"><a title=\"Top of Page\" href=\"#botonera\">Haut de page<\/a><\/div>\n","protected":false},"excerpt":{"rendered":"<p>Produits\u00a0Video Demandez un devis! Equipements compl\u00e9mentaires pour l\u2019optimisation des installations de stockage. PRADO SPS offre une gamme d&rsquo;\u00e9quipements compl\u00e9mentaires pour optimiser l&rsquo;usine de stockage et donner la meilleure solution, la plus compl\u00e8te pour votre installation. On obtient ainsi les meilleures conditions pour le s\u00e9chage, le nettoyage, le transport, le stockage et le traitement des grains. &nbsp; Haut de page Produits NETTOYEUR Nettoyeur rotatif pour le pr\u00e9-nettoyage et le nettoyage. Tamis interchangeables en fonction des c\u00e9r\u00e9ales \u00e0 traiter. Conception robuste. Ensemble robuste totalement boulonn\u00e9 \u00e0 base de panneaux m\u00e9talliques enduits et peints. Permet le r\u00e9glage du d\u00e9bit et de l\u2019air. &nbsp;<\/p>\n","protected":false},"author":2,"featured_media":0,"parent":3014,"menu_order":0,"comment_status":"closed","ping_status":"closed","template":"page-FullWidth.php","meta":{"_monsterinsights_skip_tracking":false,"_monsterinsights_sitenote_active":false,"_monsterinsights_sitenote_note":"","_monsterinsights_sitenote_category":0},"acf":[],"yoast_head":"<!-- This site is optimized with the Yoast SEO plugin v21.5 - https:\/\/yoast.com\/wordpress\/plugins\/seo\/ -->\n<title>\u00c9quipements compl\u00e9mentaires | PRADO Storage Project Solutions<\/title>\n<meta name=\"description\" content=\"Equipements compl\u00e9mentaires pour l\u2019optimisation des installations de stockage: s\u00e9choirs, nettoyeurs, thermom\u00e9trie et ventilation.\" \/>\n<meta name=\"robots\" content=\"index, follow, max-snippet:-1, max-image-preview:large, max-video-preview:-1\" \/>\n<link rel=\"canonical\" href=\"https:\/\/spssilos.com\/fr\/systemes-de-manutention\/equipements-complementaires\/\" \/>\n<meta name=\"twitter:label1\" content=\"Dur\u00e9e de lecture estim\u00e9e\" \/>\n\t<meta name=\"twitter:data1\" content=\"2 minutes\" \/>\n<script type=\"application\/ld+json\" class=\"yoast-schema-graph\">{\"@context\":\"https:\/\/schema.org\",\"@graph\":[{\"@type\":\"WebPage\",\"@id\":\"https:\/\/spssilos.com\/fr\/systemes-de-manutention\/equipements-complementaires\/\",\"url\":\"https:\/\/spssilos.com\/fr\/systemes-de-manutention\/equipements-complementaires\/\",\"name\":\"\u00c9quipements compl\u00e9mentaires | PRADO Storage Project Solutions\",\"isPartOf\":{\"@id\":\"https:\/\/spssilos.com\/#website\"},\"datePublished\":\"2016-10-25T06:01:35+00:00\",\"dateModified\":\"2017-04-06T11:34:57+00:00\",\"description\":\"Equipements compl\u00e9mentaires pour l\u2019optimisation des installations de stockage: s\u00e9choirs, nettoyeurs, thermom\u00e9trie et ventilation.\",\"breadcrumb\":{\"@id\":\"https:\/\/spssilos.com\/fr\/systemes-de-manutention\/equipements-complementaires\/#breadcrumb\"},\"inLanguage\":\"fr-FR\",\"potentialAction\":[{\"@type\":\"ReadAction\",\"target\":[\"https:\/\/spssilos.com\/fr\/systemes-de-manutention\/equipements-complementaires\/\"]}]},{\"@type\":\"BreadcrumbList\",\"@id\":\"https:\/\/spssilos.com\/fr\/systemes-de-manutention\/equipements-complementaires\/#breadcrumb\",\"itemListElement\":[{\"@type\":\"ListItem\",\"position\":1,\"name\":\"Syst\u00e8mes de manutention\",\"item\":\"https:\/\/spssilos.com\/fr\/systemes-de-manutention\/\"},{\"@type\":\"ListItem\",\"position\":2,\"name\":\"\u00c9quipements compl\u00e9mentaires\"}]},{\"@type\":\"WebSite\",\"@id\":\"https:\/\/spssilos.com\/#website\",\"url\":\"https:\/\/spssilos.com\/\",\"name\":\"SPS\",\"description\":\"\",\"potentialAction\":[{\"@type\":\"SearchAction\",\"target\":{\"@type\":\"EntryPoint\",\"urlTemplate\":\"https:\/\/spssilos.com\/?s={search_term_string}\"},\"query-input\":\"required name=search_term_string\"}],\"inLanguage\":\"fr-FR\"}]}<\/script>\n<!-- \/ Yoast SEO plugin. -->","yoast_head_json":{"title":"\u00c9quipements compl\u00e9mentaires | PRADO Storage Project Solutions","description":"Equipements compl\u00e9mentaires pour l\u2019optimisation des installations de stockage: s\u00e9choirs, nettoyeurs, thermom\u00e9trie et ventilation.","robots":{"index":"index","follow":"follow","max-snippet":"max-snippet:-1","max-image-preview":"max-image-preview:large","max-video-preview":"max-video-preview:-1"},"canonical":"https:\/\/spssilos.com\/fr\/systemes-de-manutention\/equipements-complementaires\/","twitter_misc":{"Dur\u00e9e de lecture estim\u00e9e":"2 minutes"},"schema":{"@context":"https:\/\/schema.org","@graph":[{"@type":"WebPage","@id":"https:\/\/spssilos.com\/fr\/systemes-de-manutention\/equipements-complementaires\/","url":"https:\/\/spssilos.com\/fr\/systemes-de-manutention\/equipements-complementaires\/","name":"\u00c9quipements compl\u00e9mentaires | PRADO Storage Project Solutions","isPartOf":{"@id":"https:\/\/spssilos.com\/#website"},"datePublished":"2016-10-25T06:01:35+00:00","dateModified":"2017-04-06T11:34:57+00:00","description":"Equipements compl\u00e9mentaires pour l\u2019optimisation des installations de stockage: s\u00e9choirs, nettoyeurs, thermom\u00e9trie et ventilation.","breadcrumb":{"@id":"https:\/\/spssilos.com\/fr\/systemes-de-manutention\/equipements-complementaires\/#breadcrumb"},"inLanguage":"fr-FR","potentialAction":[{"@type":"ReadAction","target":["https:\/\/spssilos.com\/fr\/systemes-de-manutention\/equipements-complementaires\/"]}]},{"@type":"BreadcrumbList","@id":"https:\/\/spssilos.com\/fr\/systemes-de-manutention\/equipements-complementaires\/#breadcrumb","itemListElement":[{"@type":"ListItem","position":1,"name":"Syst\u00e8mes de manutention","item":"https:\/\/spssilos.com\/fr\/systemes-de-manutention\/"},{"@type":"ListItem","position":2,"name":"\u00c9quipements compl\u00e9mentaires"}]},{"@type":"WebSite","@id":"https:\/\/spssilos.com\/#website","url":"https:\/\/spssilos.com\/","name":"SPS","description":"","potentialAction":[{"@type":"SearchAction","target":{"@type":"EntryPoint","urlTemplate":"https:\/\/spssilos.com\/?s={search_term_string}"},"query-input":"required name=search_term_string"}],"inLanguage":"fr-FR"}]}},"_links":{"self":[{"href":"https:\/\/spssilos.com\/fr\/wp-json\/wp\/v2\/pages\/3267"}],"collection":[{"href":"https:\/\/spssilos.com\/fr\/wp-json\/wp\/v2\/pages"}],"about":[{"href":"https:\/\/spssilos.com\/fr\/wp-json\/wp\/v2\/types\/page"}],"author":[{"embeddable":true,"href":"https:\/\/spssilos.com\/fr\/wp-json\/wp\/v2\/users\/2"}],"replies":[{"embeddable":true,"href":"https:\/\/spssilos.com\/fr\/wp-json\/wp\/v2\/comments?post=3267"}],"version-history":[{"count":1,"href":"https:\/\/spssilos.com\/fr\/wp-json\/wp\/v2\/pages\/3267\/revisions"}],"predecessor-version":[{"id":3572,"href":"https:\/\/spssilos.com\/fr\/wp-json\/wp\/v2\/pages\/3267\/revisions\/3572"}],"up":[{"embeddable":true,"href":"https:\/\/spssilos.com\/fr\/wp-json\/wp\/v2\/pages\/3014"}],"wp:attachment":[{"href":"https:\/\/spssilos.com\/fr\/wp-json\/wp\/v2\/media?parent=3267"}],"curies":[{"name":"wp","href":"https:\/\/api.w.org\/{rel}","templated":true}]}}