{"id":3265,"date":"2016-10-25T08:27:55","date_gmt":"2016-10-25T06:27:55","guid":{"rendered":"http:\/\/www.pradosps.com\/fr\/systemes-de-manutention\/screw-auger-conveyors\/"},"modified":"2017-04-06T13:31:45","modified_gmt":"2017-04-06T11:31:45","slug":"convoyeurs-a-vis-sans-fin","status":"publish","type":"page","link":"https:\/\/spssilos.com\/fr\/systemes-de-manutention\/convoyeurs-a-vis-sans-fin\/","title":{"rendered":"Convoyeurs \u00e0 vis sans fin"},"content":{"rendered":"<div class=\"one_fourth\">\n<div class=\"custom-frame-wrapper alignleft\">\n<div class=\"custom-frame-inner-wrapper\">\n<div class=\"custom-frame-padding\"><a href=\"https:\/\/spssilos.com\/wp-content\/uploads\/2016\/10\/Screw-auger-conveyors.jpg\" rel=\"\" rel=\"wp-prettyPhoto[3265]\"><img decoding=\"async\" title=\"photo\" src=\"https:\/\/spssilos.com\/wp-content\/uploads\/2016\/10\/Screw-auger-conveyors.jpg\" alt=\"screw auger conveyors\" \/><br \/>\n<\/a><\/div>\n<\/div>\n<\/div>\n<\/div>\n<div class=\"three_fourth last_column\">\n<div id=\"botonera\">\n<div id=\"botonera\"><a class=\"medium custom-button align-btn-left\" title=\"Caracter\u00edsticas\" href=\"#caracteristicas\"><span style=\"background-color: #C00028; color: #ffffff;\">Caract\u00e9ristiques\u00a0<\/span><\/a><a class=\"medium custom-button align-btn-left\" title=\"Productos\" href=\"#productos\"><span style=\"background-color: #C00028; color: #ffffff;\">Accessoires\u00a0<\/span><\/a><a class=\"medium custom-button align-btn-left\" title=\"video\" href=\"#video\"><span style=\"background-color: #C00028; color: #ffffff;\">Video <\/span><\/a><a class=\"medium custom-button align-btn-left\" title=\"Descargar ficha t\u00e9cnica\" href=\"#descarga\"><span style=\"background-color: #C00028; color: #ffffff;\">Fiche technique\u00a0<\/span><\/a><a class=\"medium custom-button align-btn-left\" title=\"presupuesto\" href=\"https:\/\/spssilos.com\/fr\/demande-de-devis\/\"><span style=\"background-color: #C00028; color: #ffffff;\">Demandez un devis!<\/span><\/a><\/div>\n<div class=\"clear\"><\/div>\n<\/div>\n<h2 style=\"color: #C00028;\">Convoyeurs \u00e0 vis sans fin pour le transport du grain sur de courtes distances.<\/h2>\n<h3 style=\"color: #C00028;\">Con\u00e7us par nos soins.<\/h3>\n<p>Les convoyeurs \u00e0 vis sans fin de PRADO SPS sont con\u00e7us pour le transport optimal du grain sur de courtes distances.<\/p>\n<p>Diverses capacit\u00e9s et longueurs disponibles, ainsi que des conceptions personnalis\u00e9es pour tous types de grain.<\/p>\n<p>Con\u00e7us par nos soins avec des mat\u00e9riaux de qualit\u00e9 sup\u00e9rieure.<\/p>\n<p>&nbsp;<\/p>\n<\/div>\n<div class=\"clear\"><\/div>\n<div class=\"divider top-of-page\"><a title=\"Top of Page\" href=\"#botonera\">Haut de page<\/a><\/div>\n<div id=\"caracteristicas\" class=\"two_third\">\n<h2 style=\"color: #C00028;\">Principales caract\u00e9ristiques du convoyeur \u00e0 vis sans fin<\/h2>\n<div class=\"simple\" style=\"background-color: #fcfcfc; color: #333333;\">\n<div class=\"inner-padding\">\n<ul>\n<li>Convoyeur \u00e0 vis sans fin en acier haute r\u00e9sistance S350GD totalement galvanis\u00e9 Z-600 (600 g\/m2).<\/li>\n<li>Conception modulaire et joints totalement boulonn\u00e9s avec visserie 8.8.<\/li>\n<li>Paliers interm\u00e9diaires \u00e0 roulements tous les 3 m\u00e8tres pour l\u2019alignement de la vis sans fin.<\/li>\n<li>Tr\u00e9mie de chargement inf\u00e9rieure et tr\u00e9mie de d\u00e9chargement sup\u00e9rieure.<\/li>\n<\/ul>\n<\/div>\n<\/div>\n<\/div>\n<div id=\"productos\" class=\"one_third last_column\">\n<h2 style=\"color: #C00028;\">Accessoires en option<\/h2>\n<div class=\"simple\" style=\"background-color: #fcfcfc; color: #333333;\">\n<div class=\"inner-padding\">\n<ul>\n<li>Capteurs de temp\u00e9rature dans les roulements.<\/li>\n<li>D\u00e9charges int\u00e9rmediaires \u00e0 travers des trappes.<\/li>\n<li>Nous offrons aussi des tuyaux pour des inclinations de plus de 45 degr\u00e9s.s.<\/li>\n<\/ul>\n<\/div>\n<\/div>\n<\/div>\n<div class=\"divider top-of-page\"><a title=\"Top of Page\" href=\"#botonera\">Haut de page<\/a><\/div>\n<div id=\"video\" class=\"two_third\">\n<h2 style=\"color: #C00028;\">Video<\/h2>\n<p><iframe loading=\"lazy\" src=\"https:\/\/www.youtube.com\/embed\/xP3WCbaEgDM\" width=\"640\" height=\"480\" frameborder=\"0\" allowfullscreen=\"allowfullscreen\"><\/iframe><\/p>\n<\/div>\n<div id=\"descarga\" class=\"one_third last_column\">\n<h2 style=\"color: #C00028;\">Fiche technique<\/h2>\n<p><a href=\"https:\/\/spssilos.com\/wp-content\/uploads\/2015\/05\/FICHA-TRANSPORTADOR-SINFIN.pdf\" target=\"_blank\"><i class=\"fa fa-arrow-circle-down circle-wrap\"><\/i>\u00a0Convoyeurs \u00e0 vis sans fin<\/a><\/p>\n<\/div>\n<div class=\"divider top-of-page\"><a title=\"Top of Page\" href=\"#botonera\">Haut de page<\/a><\/div>\n","protected":false},"excerpt":{"rendered":"<p>Caract\u00e9ristiques\u00a0Accessoires\u00a0Video Fiche technique\u00a0Demandez un devis! Convoyeurs \u00e0 vis sans fin pour le transport du grain sur de courtes distances. Con\u00e7us par nos soins. Les convoyeurs \u00e0 vis sans fin de PRADO SPS sont con\u00e7us pour le transport optimal du grain sur de courtes distances. Diverses capacit\u00e9s et longueurs disponibles, ainsi que des conceptions personnalis\u00e9es pour tous types de grain. Con\u00e7us par nos soins avec des mat\u00e9riaux de qualit\u00e9 sup\u00e9rieure. &nbsp; Haut de page Principales caract\u00e9ristiques du convoyeur \u00e0 vis sans fin Convoyeur \u00e0 vis sans fin en acier haute r\u00e9sistance S350GD totalement galvanis\u00e9 Z-600 (600 g\/m2). Conception modulaire et joints<\/p>\n","protected":false},"author":2,"featured_media":0,"parent":3014,"menu_order":0,"comment_status":"closed","ping_status":"closed","template":"page-FullWidth.php","meta":{"_monsterinsights_skip_tracking":false,"_monsterinsights_sitenote_active":false,"_monsterinsights_sitenote_note":"","_monsterinsights_sitenote_category":0},"acf":[],"yoast_head":"<!-- This site is optimized with the Yoast SEO plugin v21.5 - https:\/\/yoast.com\/wordpress\/plugins\/seo\/ -->\n<title>Convoyeurs \u00e0 vis sans fin | PRADO Storage Project Solutions<\/title>\n<meta name=\"description\" content=\"Les convoyeurs \u00e0 vis sans fin de PRADO SPS sont con\u00e7us pour le transport optimal du grain sur de courtes distances.\" \/>\n<meta name=\"robots\" content=\"index, follow, max-snippet:-1, max-image-preview:large, max-video-preview:-1\" \/>\n<link rel=\"canonical\" href=\"https:\/\/spssilos.com\/fr\/systemes-de-manutention\/convoyeurs-a-vis-sans-fin\/\" \/>\n<meta name=\"twitter:label1\" content=\"Dur\u00e9e de lecture estim\u00e9e\" \/>\n\t<meta name=\"twitter:data1\" content=\"1 minute\" \/>\n<script type=\"application\/ld+json\" class=\"yoast-schema-graph\">{\"@context\":\"https:\/\/schema.org\",\"@graph\":[{\"@type\":\"WebPage\",\"@id\":\"https:\/\/spssilos.com\/fr\/systemes-de-manutention\/convoyeurs-a-vis-sans-fin\/\",\"url\":\"https:\/\/spssilos.com\/fr\/systemes-de-manutention\/convoyeurs-a-vis-sans-fin\/\",\"name\":\"Convoyeurs \u00e0 vis sans fin | PRADO Storage Project Solutions\",\"isPartOf\":{\"@id\":\"https:\/\/spssilos.com\/#website\"},\"datePublished\":\"2016-10-25T06:27:55+00:00\",\"dateModified\":\"2017-04-06T11:31:45+00:00\",\"description\":\"Les convoyeurs \u00e0 vis sans fin de PRADO SPS sont con\u00e7us pour le transport optimal du grain sur de courtes distances.\",\"breadcrumb\":{\"@id\":\"https:\/\/spssilos.com\/fr\/systemes-de-manutention\/convoyeurs-a-vis-sans-fin\/#breadcrumb\"},\"inLanguage\":\"fr-FR\",\"potentialAction\":[{\"@type\":\"ReadAction\",\"target\":[\"https:\/\/spssilos.com\/fr\/systemes-de-manutention\/convoyeurs-a-vis-sans-fin\/\"]}]},{\"@type\":\"BreadcrumbList\",\"@id\":\"https:\/\/spssilos.com\/fr\/systemes-de-manutention\/convoyeurs-a-vis-sans-fin\/#breadcrumb\",\"itemListElement\":[{\"@type\":\"ListItem\",\"position\":1,\"name\":\"Syst\u00e8mes de manutention\",\"item\":\"https:\/\/spssilos.com\/fr\/systemes-de-manutention\/\"},{\"@type\":\"ListItem\",\"position\":2,\"name\":\"Convoyeurs \u00e0 vis sans fin\"}]},{\"@type\":\"WebSite\",\"@id\":\"https:\/\/spssilos.com\/#website\",\"url\":\"https:\/\/spssilos.com\/\",\"name\":\"SPS\",\"description\":\"\",\"potentialAction\":[{\"@type\":\"SearchAction\",\"target\":{\"@type\":\"EntryPoint\",\"urlTemplate\":\"https:\/\/spssilos.com\/?s={search_term_string}\"},\"query-input\":\"required name=search_term_string\"}],\"inLanguage\":\"fr-FR\"}]}<\/script>\n<!-- \/ Yoast SEO plugin. -->","yoast_head_json":{"title":"Convoyeurs \u00e0 vis sans fin | PRADO Storage Project Solutions","description":"Les convoyeurs \u00e0 vis sans fin de PRADO SPS sont con\u00e7us pour le transport optimal du grain sur de courtes distances.","robots":{"index":"index","follow":"follow","max-snippet":"max-snippet:-1","max-image-preview":"max-image-preview:large","max-video-preview":"max-video-preview:-1"},"canonical":"https:\/\/spssilos.com\/fr\/systemes-de-manutention\/convoyeurs-a-vis-sans-fin\/","twitter_misc":{"Dur\u00e9e de lecture estim\u00e9e":"1 minute"},"schema":{"@context":"https:\/\/schema.org","@graph":[{"@type":"WebPage","@id":"https:\/\/spssilos.com\/fr\/systemes-de-manutention\/convoyeurs-a-vis-sans-fin\/","url":"https:\/\/spssilos.com\/fr\/systemes-de-manutention\/convoyeurs-a-vis-sans-fin\/","name":"Convoyeurs \u00e0 vis sans fin | PRADO Storage Project Solutions","isPartOf":{"@id":"https:\/\/spssilos.com\/#website"},"datePublished":"2016-10-25T06:27:55+00:00","dateModified":"2017-04-06T11:31:45+00:00","description":"Les convoyeurs \u00e0 vis sans fin de PRADO SPS sont con\u00e7us pour le transport optimal du grain sur de courtes distances.","breadcrumb":{"@id":"https:\/\/spssilos.com\/fr\/systemes-de-manutention\/convoyeurs-a-vis-sans-fin\/#breadcrumb"},"inLanguage":"fr-FR","potentialAction":[{"@type":"ReadAction","target":["https:\/\/spssilos.com\/fr\/systemes-de-manutention\/convoyeurs-a-vis-sans-fin\/"]}]},{"@type":"BreadcrumbList","@id":"https:\/\/spssilos.com\/fr\/systemes-de-manutention\/convoyeurs-a-vis-sans-fin\/#breadcrumb","itemListElement":[{"@type":"ListItem","position":1,"name":"Syst\u00e8mes de manutention","item":"https:\/\/spssilos.com\/fr\/systemes-de-manutention\/"},{"@type":"ListItem","position":2,"name":"Convoyeurs \u00e0 vis sans fin"}]},{"@type":"WebSite","@id":"https:\/\/spssilos.com\/#website","url":"https:\/\/spssilos.com\/","name":"SPS","description":"","potentialAction":[{"@type":"SearchAction","target":{"@type":"EntryPoint","urlTemplate":"https:\/\/spssilos.com\/?s={search_term_string}"},"query-input":"required name=search_term_string"}],"inLanguage":"fr-FR"}]}},"_links":{"self":[{"href":"https:\/\/spssilos.com\/fr\/wp-json\/wp\/v2\/pages\/3265"}],"collection":[{"href":"https:\/\/spssilos.com\/fr\/wp-json\/wp\/v2\/pages"}],"about":[{"href":"https:\/\/spssilos.com\/fr\/wp-json\/wp\/v2\/types\/page"}],"author":[{"embeddable":true,"href":"https:\/\/spssilos.com\/fr\/wp-json\/wp\/v2\/users\/2"}],"replies":[{"embeddable":true,"href":"https:\/\/spssilos.com\/fr\/wp-json\/wp\/v2\/comments?post=3265"}],"version-history":[{"count":1,"href":"https:\/\/spssilos.com\/fr\/wp-json\/wp\/v2\/pages\/3265\/revisions"}],"predecessor-version":[{"id":3568,"href":"https:\/\/spssilos.com\/fr\/wp-json\/wp\/v2\/pages\/3265\/revisions\/3568"}],"up":[{"embeddable":true,"href":"https:\/\/spssilos.com\/fr\/wp-json\/wp\/v2\/pages\/3014"}],"wp:attachment":[{"href":"https:\/\/spssilos.com\/fr\/wp-json\/wp\/v2\/media?parent=3265"}],"curies":[{"name":"wp","href":"https:\/\/api.w.org\/{rel}","templated":true}]}}