{"id":3261,"date":"2016-10-25T08:50:31","date_gmt":"2016-10-25T06:50:31","guid":{"rendered":"http:\/\/www.pradosps.com\/fr\/systemes-de-manutention\/shiploaders\/"},"modified":"2017-04-06T13:26:13","modified_gmt":"2017-04-06T11:26:13","slug":"chargeurs-de-navires","status":"publish","type":"page","link":"https:\/\/spssilos.com\/fr\/systemes-de-manutention\/chargeurs-de-navires\/","title":{"rendered":"Chargeurs de navires"},"content":{"rendered":"<div class=\"one_fourth\">\n<div class=\"custom-frame-wrapper alignleft\">\n<div class=\"custom-frame-inner-wrapper\">\n<div class=\"custom-frame-padding\"><a href=\"https:\/\/spssilos.com\/wp-content\/uploads\/2016\/10\/Ship-Loaders.jpg\" rel=\"\" rel=\"wp-prettyPhoto[3261]\"><br \/>\n<img decoding=\"async\" title=\"photo\" src=\"https:\/\/spssilos.com\/wp-content\/uploads\/2016\/10\/Ship-Loaders.jpg\" alt=\"ship loaders\" \/><br \/>\n<\/a><\/div>\n<\/div>\n<\/div>\n<\/div>\n<div class=\"three_fourth last_column\">\n<div id=\"botonera\">\n<div id=\"botonera\"><a class=\"medium custom-button align-btn-left\" title=\"Caracter\u00edsticas\" href=\"#caracteristicas\"><span style=\"background-color: #C00028; color: #ffffff;\">Caract\u00e9ristiques\u00a0<\/span><\/a><a class=\"medium custom-button align-btn-left\" title=\"Productos\" href=\"#productos\"><span style=\"background-color: #C00028; color: #ffffff;\">En option\u00a0<\/span><\/a><a class=\"medium custom-button align-btn-left\" title=\"video\" href=\"#video\"><span style=\"background-color: #C00028; color: #ffffff;\">Video <\/span><\/a><a class=\"medium custom-button align-btn-left\" title=\"Descargar ficha t\u00e9cnica\" href=\"#descarga\"><span style=\"background-color: #C00028; color: #ffffff;\">Fiche technique\u00a0<\/span><\/a><a class=\"medium custom-button align-btn-left\" title=\"presupuesto\" href=\"https:\/\/spssilos.com\/fr\/demande-de-devis\/\"><span style=\"background-color: #C00028; color: #ffffff;\">Demandez un devis!<\/span><\/a><\/div>\n<div class=\"clear\"><\/div>\n<\/div>\n<h2 style=\"color: #C00028;\">Les chargeurs de navires ou shiploaders sont sp\u00e9cialement con\u00e7us pour le chargement de grands cargos depuis des installations portuaires.<\/h2>\n<h3 style=\"color: #C00028;\">Ils offrent des performances \u00e9lev\u00e9es et une grande fiabilit\u00e9, avec des capacit\u00e9s jusqu&rsquo;\u00e0 1500 m3\/h.<\/h3>\n<p>Nos chargeurs de navires sont con\u00e7us pour le chargement des diff\u00e9rents navires dans les installations portuaires, fournissant une solution personnalis\u00e9e en fonction de la taille du navire.<\/p>\n<p>Nous travaillons avec les meilleurs mat\u00e9riaux et qualit\u00e9s pour faire face aux facteurs environnementaux qui affectent les installations portuaires.<\/p>\n<\/div>\n<div class=\"clear\"><\/div>\n<div class=\"divider top-of-page\"><a title=\"Top of Page\" href=\"#botonera\">Haut de page<\/a><\/div>\n<div id=\"caracteristicas\" class=\"two_third\">\n<h2 style=\"color: #C00028;\">Principales caract\u00e9ristiques du chargeur de navires<\/h2>\n<div class=\"simple\" style=\"background-color: #fcfcfc; color: #333333;\">\n<div class=\"inner-padding\">\n<ul>\n<li><strong>MANCHE DE D\u00c9CHARGEMENT.<\/strong> Dot\u00e9e d\u2019un m\u00e9canisme t\u00e9lescopique permettant de r\u00e9tracter le manche rapidement et facilement.<\/li>\n<li><strong>PASSERELLE D\u2019\u00c9L\u00c9VATION.<\/strong> Elle dispose d&rsquo;un syst\u00e8me de fixation robuste.<\/li>\n<li><strong>VERSATILIT\u00c9 DE MOUVEMENTS<\/strong>. Possibilit\u00e9 de rotation de l\u2019ensemble sur son axe, et de le d\u00e9placer sur des rails le long du bassin.<\/li>\n<\/ul>\n<\/div>\n<\/div>\n<\/div>\n<div id=\"productos\" class=\"one_third last_column\">\n<h2 style=\"color: #C00028;\">En option<\/h2>\n<div class=\"simple\" style=\"background-color: #fcfcfc; color: #333333;\">\n<div class=\"inner-padding\">\n<ul>\n<li>Peinture anti-corrosion en milieu marin (environnement salin).<\/li>\n<\/ul>\n<\/div>\n<\/div>\n<\/div>\n<div class=\"divider top-of-page\"><a title=\"Top of Page\" href=\"#botonera\">Haut de page<\/a><\/div>\n<div id=\"video\" class=\"two_third\">\n<h2 style=\"color: #C00028;\">Video<\/h2>\n<p><iframe loading=\"lazy\" src=\"https:\/\/www.youtube.com\/embed\/gg0OoqfbDUQ\" width=\"640\" height=\"480\" frameborder=\"0\" allowfullscreen=\"allowfullscreen\"><\/iframe><\/p>\n<\/div>\n<div id=\"descarga\" class=\"one_third last_column\">\n<h2 style=\"color: #C00028;\">Fiche technique<\/h2>\n<p><a href=\"https:\/\/spssilos.com\/wp-content\/uploads\/2015\/05\/Ficha-SHIP-LOADER.pdf\" target=\"_blank\"><i class=\"fa fa-arrow-circle-down circle-wrap\"><\/i>\u00a0Chargeur de navires<\/a><\/p>\n<\/div>\n<div class=\"divider top-of-page\"><a title=\"Top of Page\" href=\"#botonera\">Haut de page<\/a><\/div>\n","protected":false},"excerpt":{"rendered":"<p>Caract\u00e9ristiques\u00a0En option\u00a0Video Fiche technique\u00a0Demandez un devis! Les chargeurs de navires ou shiploaders sont sp\u00e9cialement con\u00e7us pour le chargement de grands cargos depuis des installations portuaires. Ils offrent des performances \u00e9lev\u00e9es et une grande fiabilit\u00e9, avec des capacit\u00e9s jusqu&rsquo;\u00e0 1500 m3\/h. Nos chargeurs de navires sont con\u00e7us pour le chargement des diff\u00e9rents navires dans les installations portuaires, fournissant une solution personnalis\u00e9e en fonction de la taille du navire. Nous travaillons avec les meilleurs mat\u00e9riaux et qualit\u00e9s pour faire face aux facteurs environnementaux qui affectent les installations portuaires. Haut de page Principales caract\u00e9ristiques du chargeur de navires MANCHE DE D\u00c9CHARGEMENT. Dot\u00e9e d\u2019un<\/p>\n","protected":false},"author":2,"featured_media":0,"parent":3014,"menu_order":0,"comment_status":"closed","ping_status":"closed","template":"page-FullWidth.php","meta":{"_monsterinsights_skip_tracking":false,"_monsterinsights_sitenote_active":false,"_monsterinsights_sitenote_note":"","_monsterinsights_sitenote_category":0},"acf":[],"yoast_head":"<!-- This site is optimized with the Yoast SEO plugin v21.5 - https:\/\/yoast.com\/wordpress\/plugins\/seo\/ -->\n<title>Chargeurs de navires (ship loaders) | PRADO Storage Project Solutions<\/title>\n<meta name=\"description\" content=\"Chargeurs de navires sp\u00e9cialement con\u00e7us pour le chargement de grands navires dans les installations portuaires. Contactez-nous pour un budget personalis\u00e9!\" \/>\n<meta name=\"robots\" content=\"index, follow, max-snippet:-1, max-image-preview:large, max-video-preview:-1\" \/>\n<link rel=\"canonical\" href=\"https:\/\/spssilos.com\/fr\/systemes-de-manutention\/chargeurs-de-navires\/\" \/>\n<meta name=\"twitter:label1\" content=\"Dur\u00e9e de lecture estim\u00e9e\" \/>\n\t<meta name=\"twitter:data1\" content=\"1 minute\" \/>\n<script type=\"application\/ld+json\" class=\"yoast-schema-graph\">{\"@context\":\"https:\/\/schema.org\",\"@graph\":[{\"@type\":\"WebPage\",\"@id\":\"https:\/\/spssilos.com\/fr\/systemes-de-manutention\/chargeurs-de-navires\/\",\"url\":\"https:\/\/spssilos.com\/fr\/systemes-de-manutention\/chargeurs-de-navires\/\",\"name\":\"Chargeurs de navires (ship loaders) | PRADO Storage Project Solutions\",\"isPartOf\":{\"@id\":\"https:\/\/spssilos.com\/#website\"},\"datePublished\":\"2016-10-25T06:50:31+00:00\",\"dateModified\":\"2017-04-06T11:26:13+00:00\",\"description\":\"Chargeurs de navires sp\u00e9cialement con\u00e7us pour le chargement de grands navires dans les installations portuaires. Contactez-nous pour un budget personalis\u00e9!\",\"breadcrumb\":{\"@id\":\"https:\/\/spssilos.com\/fr\/systemes-de-manutention\/chargeurs-de-navires\/#breadcrumb\"},\"inLanguage\":\"fr-FR\",\"potentialAction\":[{\"@type\":\"ReadAction\",\"target\":[\"https:\/\/spssilos.com\/fr\/systemes-de-manutention\/chargeurs-de-navires\/\"]}]},{\"@type\":\"BreadcrumbList\",\"@id\":\"https:\/\/spssilos.com\/fr\/systemes-de-manutention\/chargeurs-de-navires\/#breadcrumb\",\"itemListElement\":[{\"@type\":\"ListItem\",\"position\":1,\"name\":\"Syst\u00e8mes de manutention\",\"item\":\"https:\/\/spssilos.com\/fr\/systemes-de-manutention\/\"},{\"@type\":\"ListItem\",\"position\":2,\"name\":\"Chargeurs de navires\"}]},{\"@type\":\"WebSite\",\"@id\":\"https:\/\/spssilos.com\/#website\",\"url\":\"https:\/\/spssilos.com\/\",\"name\":\"SPS\",\"description\":\"\",\"potentialAction\":[{\"@type\":\"SearchAction\",\"target\":{\"@type\":\"EntryPoint\",\"urlTemplate\":\"https:\/\/spssilos.com\/?s={search_term_string}\"},\"query-input\":\"required name=search_term_string\"}],\"inLanguage\":\"fr-FR\"}]}<\/script>\n<!-- \/ Yoast SEO plugin. -->","yoast_head_json":{"title":"Chargeurs de navires (ship loaders) | PRADO Storage Project Solutions","description":"Chargeurs de navires sp\u00e9cialement con\u00e7us pour le chargement de grands navires dans les installations portuaires. Contactez-nous pour un budget personalis\u00e9!","robots":{"index":"index","follow":"follow","max-snippet":"max-snippet:-1","max-image-preview":"max-image-preview:large","max-video-preview":"max-video-preview:-1"},"canonical":"https:\/\/spssilos.com\/fr\/systemes-de-manutention\/chargeurs-de-navires\/","twitter_misc":{"Dur\u00e9e de lecture estim\u00e9e":"1 minute"},"schema":{"@context":"https:\/\/schema.org","@graph":[{"@type":"WebPage","@id":"https:\/\/spssilos.com\/fr\/systemes-de-manutention\/chargeurs-de-navires\/","url":"https:\/\/spssilos.com\/fr\/systemes-de-manutention\/chargeurs-de-navires\/","name":"Chargeurs de navires (ship loaders) | PRADO Storage Project Solutions","isPartOf":{"@id":"https:\/\/spssilos.com\/#website"},"datePublished":"2016-10-25T06:50:31+00:00","dateModified":"2017-04-06T11:26:13+00:00","description":"Chargeurs de navires sp\u00e9cialement con\u00e7us pour le chargement de grands navires dans les installations portuaires. Contactez-nous pour un budget personalis\u00e9!","breadcrumb":{"@id":"https:\/\/spssilos.com\/fr\/systemes-de-manutention\/chargeurs-de-navires\/#breadcrumb"},"inLanguage":"fr-FR","potentialAction":[{"@type":"ReadAction","target":["https:\/\/spssilos.com\/fr\/systemes-de-manutention\/chargeurs-de-navires\/"]}]},{"@type":"BreadcrumbList","@id":"https:\/\/spssilos.com\/fr\/systemes-de-manutention\/chargeurs-de-navires\/#breadcrumb","itemListElement":[{"@type":"ListItem","position":1,"name":"Syst\u00e8mes de manutention","item":"https:\/\/spssilos.com\/fr\/systemes-de-manutention\/"},{"@type":"ListItem","position":2,"name":"Chargeurs de navires"}]},{"@type":"WebSite","@id":"https:\/\/spssilos.com\/#website","url":"https:\/\/spssilos.com\/","name":"SPS","description":"","potentialAction":[{"@type":"SearchAction","target":{"@type":"EntryPoint","urlTemplate":"https:\/\/spssilos.com\/?s={search_term_string}"},"query-input":"required name=search_term_string"}],"inLanguage":"fr-FR"}]}},"_links":{"self":[{"href":"https:\/\/spssilos.com\/fr\/wp-json\/wp\/v2\/pages\/3261"}],"collection":[{"href":"https:\/\/spssilos.com\/fr\/wp-json\/wp\/v2\/pages"}],"about":[{"href":"https:\/\/spssilos.com\/fr\/wp-json\/wp\/v2\/types\/page"}],"author":[{"embeddable":true,"href":"https:\/\/spssilos.com\/fr\/wp-json\/wp\/v2\/users\/2"}],"replies":[{"embeddable":true,"href":"https:\/\/spssilos.com\/fr\/wp-json\/wp\/v2\/comments?post=3261"}],"version-history":[{"count":1,"href":"https:\/\/spssilos.com\/fr\/wp-json\/wp\/v2\/pages\/3261\/revisions"}],"predecessor-version":[{"id":3560,"href":"https:\/\/spssilos.com\/fr\/wp-json\/wp\/v2\/pages\/3261\/revisions\/3560"}],"up":[{"embeddable":true,"href":"https:\/\/spssilos.com\/fr\/wp-json\/wp\/v2\/pages\/3014"}],"wp:attachment":[{"href":"https:\/\/spssilos.com\/fr\/wp-json\/wp\/v2\/media?parent=3261"}],"curies":[{"name":"wp","href":"https:\/\/api.w.org\/{rel}","templated":true}]}}