{"id":3259,"date":"2016-10-25T08:30:49","date_gmt":"2016-10-25T06:30:49","guid":{"rendered":"http:\/\/www.pradosps.com\/fr\/systemes-de-manutention\/bucket-elevators\/"},"modified":"2017-04-06T13:23:35","modified_gmt":"2017-04-06T11:23:35","slug":"elevateurs-a-godets","status":"publish","type":"page","link":"https:\/\/spssilos.com\/fr\/systemes-de-manutention\/elevateurs-a-godets\/","title":{"rendered":"\u00c9l\u00e9vateurs \u00e0 godets"},"content":{"rendered":"<div class=\"one_fourth\">\n<div class=\"custom-frame-wrapper alignleft\">\n<div class=\"custom-frame-inner-wrapper\">\n<div class=\"custom-frame-padding\"><a href=\"https:\/\/spssilos.com\/wp-content\/uploads\/2016\/10\/Bucket-elevators.jpg\" rel=\"\" rel=\"wp-prettyPhoto[3259]\"><br \/>\n<img decoding=\"async\" title=\"photo\" src=\"https:\/\/spssilos.com\/wp-content\/uploads\/2016\/10\/Bucket-elevators.jpg\" alt=\"bucket elevators\" \/><br \/>\n<\/a><\/div>\n<\/div>\n<\/div>\n<\/div>\n<div class=\"three_fourth last_column\">\n<div id=\"botonera\">\n<div id=\"botonera\"><a class=\"medium custom-button align-btn-left\" title=\"Caracter\u00edsticas\" href=\"#caracteristicas\"><span style=\"background-color: #C00028; color: #ffffff;\">Caract\u00e9ristiques\u00a0<\/span><\/a><a class=\"medium custom-button align-btn-left\" title=\"Productos\" href=\"#productos\"><span style=\"background-color: #C00028; color: #ffffff;\">Accessoires\u00a0<\/span><\/a><a class=\"medium custom-button align-btn-left\" title=\"video\" href=\"#video\"><span style=\"background-color: #C00028; color: #ffffff;\">Video <\/span><\/a><a class=\"medium custom-button align-btn-left\" title=\"Descargar ficha t\u00e9cnica\" href=\"#descarga\"><span style=\"background-color: #C00028; color: #ffffff;\">Fiche technique\u00a0<\/span><\/a><a class=\"medium custom-button align-btn-left\" title=\"presupuesto\" href=\"https:\/\/spssilos.com\/fr\/demande-de-devis\/\"><span style=\"background-color: #C00028; color: #ffffff;\">Demandez un devis!<\/span><\/a><\/div>\n<div class=\"clear\"><\/div>\n<\/div>\n<h2 style=\"color: #C00028;\">\u00c9l\u00e9vateurs \u00e0 godets pour le chargement du grain \u00e0 hauteurs \u00e9lev\u00e9es.<\/h2>\n<h3 style=\"color: #C00028;\">Plusieurs productions et longueurs disponibles.<\/h3>\n<p>Les \u00e9l\u00e9vateurs \u00e0 godets PRADO SPS sont con\u00e7us pour le chargement et le d\u00e9chargement optimal du grain.<\/p>\n<p>Nous disposons de diverses capacit\u00e9s et longueurs, et pouvons personnaliser la conception pour tous types de grain.<\/p>\n<p>Con\u00e7us par nos soins avec des mat\u00e9riaux de qualit\u00e9 sup\u00e9rieure.<\/p>\n<\/div>\n<div class=\"clear\"><\/div>\n<div class=\"divider top-of-page\"><a title=\"Top of Page\" href=\"#botonera\">Haut de page<\/a><\/div>\n<div id=\"caracteristicas\" class=\"two_third\">\n<h2 style=\"color: #C00028;\">Principales caract\u00e9ristiques de l&rsquo;\u00e9l\u00e9vateur \u00e0 godets<\/h2>\n<div class=\"simple\" style=\"background-color: #fcfcfc; color: #333333;\">\n<div class=\"inner-padding\">\n<ul>\n<li>L&rsquo;\u00e9l\u00e9vateur \u00e0 godets est construit en acier haute r\u00e9sistance S350GD totalement galvanis\u00e9 Z-600 (600 g\/m2). Conception modulaire et joints totalement boulonn\u00e9s avec visserie 8.8.<\/li>\n<li>Trappe d\u2019inspection de 2 m\u00e8tres \u00e0 portes praticables.<\/li>\n<li>Tr\u00e9mie de d\u00e9chargement au sommet et 2 tr\u00e9mies de chargement \u00e0 la base.<\/li>\n<li>Protections de Poly\u00e9thyl\u00e8ne Haute Densit\u00e9 au sommet et \u00e0 la base.<\/li>\n<li>Banc de support \u00e0 pieds r\u00e9glables (en fonction du mod\u00e8le et de la production).<\/li>\n<li>Plaques de fixation avec vis\/cheville pour fixation au sol.<\/li>\n<\/ul>\n<\/div>\n<\/div>\n<\/div>\n<div id=\"productos\" class=\"one_third last_column\">\n<h2 style=\"color: #C00028;\">Accessoires<\/h2>\n<div class=\"simple\" style=\"background-color: #fcfcfc; color: #333333;\">\n<div class=\"inner-padding\">\n<ul>\n<li><strong>Accessoires standard:<\/strong><\/li>\n<li>Escalier d\u2019acc\u00e8s au sommet avec protection conforme \u00e0 la norme UNE-EN-ISO 14122 et plate-forme de repos tous les 6 m\u00e8tres.<\/li>\n<li>Plate-forme au sommet pour la maintenance et l\u2019entretien.<\/li>\n<li>Capteurs d\u2019alignement, de rotation et de temp\u00e9rature dans les roulements.<\/li>\n<li><strong>Accessoires en option: <\/strong>Panneaux anti-explosion et filtres de d\u00e9poussi\u00e9rage.<\/li>\n<\/ul>\n<\/div>\n<\/div>\n<\/div>\n<div class=\"divider top-of-page\"><a title=\"Top of Page\" href=\"#botonera\">Haut de page<\/a><\/div>\n<div id=\"video\" class=\"two_third\">\n<h2 style=\"color: #C00028;\">Video<\/h2>\n<p>&nbsp;<\/p>\n<\/div>\n<div id=\"descarga\" class=\"one_third last_column\">\n<h2 style=\"color: #C00028;\">Fiche technique<\/h2>\n<p><a href=\"https:\/\/spssilos.com\/wp-content\/uploads\/2015\/05\/FICHA-ELEVADOR.pdf\" target=\"_blank\"><i class=\"fa fa-arrow-circle-down circle-wrap\"><\/i>\u00a0\u00c9l\u00e9vateur \u00e0 godets<\/a><\/p>\n<\/div>\n<div class=\"divider top-of-page\"><a title=\"Top of Page\" href=\"#botonera\">Haut de page<\/a><\/div>\n<div class=\"divider top-of-page\"><\/div>\n","protected":false},"excerpt":{"rendered":"<p>Caract\u00e9ristiques\u00a0Accessoires\u00a0Video Fiche technique\u00a0Demandez un devis! \u00c9l\u00e9vateurs \u00e0 godets pour le chargement du grain \u00e0 hauteurs \u00e9lev\u00e9es. Plusieurs productions et longueurs disponibles. Les \u00e9l\u00e9vateurs \u00e0 godets PRADO SPS sont con\u00e7us pour le chargement et le d\u00e9chargement optimal du grain. Nous disposons de diverses capacit\u00e9s et longueurs, et pouvons personnaliser la conception pour tous types de grain. Con\u00e7us par nos soins avec des mat\u00e9riaux de qualit\u00e9 sup\u00e9rieure. Haut de page Principales caract\u00e9ristiques de l&rsquo;\u00e9l\u00e9vateur \u00e0 godets L&rsquo;\u00e9l\u00e9vateur \u00e0 godets est construit en acier haute r\u00e9sistance S350GD totalement galvanis\u00e9 Z-600 (600 g\/m2). Conception modulaire et joints totalement boulonn\u00e9s avec visserie 8.8. Trappe d\u2019inspection<\/p>\n","protected":false},"author":2,"featured_media":0,"parent":3014,"menu_order":0,"comment_status":"closed","ping_status":"closed","template":"page-FullWidth.php","meta":{"_monsterinsights_skip_tracking":false,"_monsterinsights_sitenote_active":false,"_monsterinsights_sitenote_note":"","_monsterinsights_sitenote_category":0},"acf":[],"yoast_head":"<!-- This site is optimized with the Yoast SEO plugin v21.5 - https:\/\/yoast.com\/wordpress\/plugins\/seo\/ -->\n<title>\u00c9l\u00e9vateurs \u00e0 godets | PRADO Storage Project Solutions<\/title>\n<meta name=\"description\" content=\"Les \u00e9l\u00e9vateurs \u00e0 godets sont con\u00e7us pour un chargement et d\u00e9chargment optimal du grain. Nous pouvons aussi personnaliser la conception.\" \/>\n<meta name=\"robots\" content=\"index, follow, max-snippet:-1, max-image-preview:large, max-video-preview:-1\" \/>\n<link rel=\"canonical\" href=\"https:\/\/spssilos.com\/fr\/systemes-de-manutention\/elevateurs-a-godets\/\" \/>\n<meta name=\"twitter:label1\" content=\"Dur\u00e9e de lecture estim\u00e9e\" \/>\n\t<meta name=\"twitter:data1\" content=\"1 minute\" \/>\n<script type=\"application\/ld+json\" class=\"yoast-schema-graph\">{\"@context\":\"https:\/\/schema.org\",\"@graph\":[{\"@type\":\"WebPage\",\"@id\":\"https:\/\/spssilos.com\/fr\/systemes-de-manutention\/elevateurs-a-godets\/\",\"url\":\"https:\/\/spssilos.com\/fr\/systemes-de-manutention\/elevateurs-a-godets\/\",\"name\":\"\u00c9l\u00e9vateurs \u00e0 godets | PRADO Storage Project Solutions\",\"isPartOf\":{\"@id\":\"https:\/\/spssilos.com\/#website\"},\"datePublished\":\"2016-10-25T06:30:49+00:00\",\"dateModified\":\"2017-04-06T11:23:35+00:00\",\"description\":\"Les \u00e9l\u00e9vateurs \u00e0 godets sont con\u00e7us pour un chargement et d\u00e9chargment optimal du grain. Nous pouvons aussi personnaliser la conception.\",\"breadcrumb\":{\"@id\":\"https:\/\/spssilos.com\/fr\/systemes-de-manutention\/elevateurs-a-godets\/#breadcrumb\"},\"inLanguage\":\"fr-FR\",\"potentialAction\":[{\"@type\":\"ReadAction\",\"target\":[\"https:\/\/spssilos.com\/fr\/systemes-de-manutention\/elevateurs-a-godets\/\"]}]},{\"@type\":\"BreadcrumbList\",\"@id\":\"https:\/\/spssilos.com\/fr\/systemes-de-manutention\/elevateurs-a-godets\/#breadcrumb\",\"itemListElement\":[{\"@type\":\"ListItem\",\"position\":1,\"name\":\"Syst\u00e8mes de manutention\",\"item\":\"https:\/\/spssilos.com\/fr\/systemes-de-manutention\/\"},{\"@type\":\"ListItem\",\"position\":2,\"name\":\"\u00c9l\u00e9vateurs \u00e0 godets\"}]},{\"@type\":\"WebSite\",\"@id\":\"https:\/\/spssilos.com\/#website\",\"url\":\"https:\/\/spssilos.com\/\",\"name\":\"SPS\",\"description\":\"\",\"potentialAction\":[{\"@type\":\"SearchAction\",\"target\":{\"@type\":\"EntryPoint\",\"urlTemplate\":\"https:\/\/spssilos.com\/?s={search_term_string}\"},\"query-input\":\"required name=search_term_string\"}],\"inLanguage\":\"fr-FR\"}]}<\/script>\n<!-- \/ Yoast SEO plugin. -->","yoast_head_json":{"title":"\u00c9l\u00e9vateurs \u00e0 godets | PRADO Storage Project Solutions","description":"Les \u00e9l\u00e9vateurs \u00e0 godets sont con\u00e7us pour un chargement et d\u00e9chargment optimal du grain. Nous pouvons aussi personnaliser la conception.","robots":{"index":"index","follow":"follow","max-snippet":"max-snippet:-1","max-image-preview":"max-image-preview:large","max-video-preview":"max-video-preview:-1"},"canonical":"https:\/\/spssilos.com\/fr\/systemes-de-manutention\/elevateurs-a-godets\/","twitter_misc":{"Dur\u00e9e de lecture estim\u00e9e":"1 minute"},"schema":{"@context":"https:\/\/schema.org","@graph":[{"@type":"WebPage","@id":"https:\/\/spssilos.com\/fr\/systemes-de-manutention\/elevateurs-a-godets\/","url":"https:\/\/spssilos.com\/fr\/systemes-de-manutention\/elevateurs-a-godets\/","name":"\u00c9l\u00e9vateurs \u00e0 godets | PRADO Storage Project Solutions","isPartOf":{"@id":"https:\/\/spssilos.com\/#website"},"datePublished":"2016-10-25T06:30:49+00:00","dateModified":"2017-04-06T11:23:35+00:00","description":"Les \u00e9l\u00e9vateurs \u00e0 godets sont con\u00e7us pour un chargement et d\u00e9chargment optimal du grain. Nous pouvons aussi personnaliser la conception.","breadcrumb":{"@id":"https:\/\/spssilos.com\/fr\/systemes-de-manutention\/elevateurs-a-godets\/#breadcrumb"},"inLanguage":"fr-FR","potentialAction":[{"@type":"ReadAction","target":["https:\/\/spssilos.com\/fr\/systemes-de-manutention\/elevateurs-a-godets\/"]}]},{"@type":"BreadcrumbList","@id":"https:\/\/spssilos.com\/fr\/systemes-de-manutention\/elevateurs-a-godets\/#breadcrumb","itemListElement":[{"@type":"ListItem","position":1,"name":"Syst\u00e8mes de manutention","item":"https:\/\/spssilos.com\/fr\/systemes-de-manutention\/"},{"@type":"ListItem","position":2,"name":"\u00c9l\u00e9vateurs \u00e0 godets"}]},{"@type":"WebSite","@id":"https:\/\/spssilos.com\/#website","url":"https:\/\/spssilos.com\/","name":"SPS","description":"","potentialAction":[{"@type":"SearchAction","target":{"@type":"EntryPoint","urlTemplate":"https:\/\/spssilos.com\/?s={search_term_string}"},"query-input":"required name=search_term_string"}],"inLanguage":"fr-FR"}]}},"_links":{"self":[{"href":"https:\/\/spssilos.com\/fr\/wp-json\/wp\/v2\/pages\/3259"}],"collection":[{"href":"https:\/\/spssilos.com\/fr\/wp-json\/wp\/v2\/pages"}],"about":[{"href":"https:\/\/spssilos.com\/fr\/wp-json\/wp\/v2\/types\/page"}],"author":[{"embeddable":true,"href":"https:\/\/spssilos.com\/fr\/wp-json\/wp\/v2\/users\/2"}],"replies":[{"embeddable":true,"href":"https:\/\/spssilos.com\/fr\/wp-json\/wp\/v2\/comments?post=3259"}],"version-history":[{"count":1,"href":"https:\/\/spssilos.com\/fr\/wp-json\/wp\/v2\/pages\/3259\/revisions"}],"predecessor-version":[{"id":3556,"href":"https:\/\/spssilos.com\/fr\/wp-json\/wp\/v2\/pages\/3259\/revisions\/3556"}],"up":[{"embeddable":true,"href":"https:\/\/spssilos.com\/fr\/wp-json\/wp\/v2\/pages\/3014"}],"wp:attachment":[{"href":"https:\/\/spssilos.com\/fr\/wp-json\/wp\/v2\/media?parent=3259"}],"curies":[{"name":"wp","href":"https:\/\/api.w.org\/{rel}","templated":true}]}}