{"id":3257,"date":"2016-10-08T08:10:58","date_gmt":"2016-10-08T06:10:58","guid":{"rendered":"http:\/\/www.pradosps.com\/fr\/systemes-de-manutention\/sweep-augers\/"},"modified":"2017-04-06T10:21:30","modified_gmt":"2017-04-06T08:21:30","slug":"vis-balayeuses","status":"publish","type":"page","link":"https:\/\/spssilos.com\/fr\/systemes-de-manutention\/vis-balayeuses\/","title":{"rendered":"Vis balayeuses"},"content":{"rendered":"<div class=\"one_fourth\">\n<div class=\"custom-frame-wrapper alignleft\">\n<div class=\"custom-frame-inner-wrapper\">\n<div class=\"custom-frame-padding\"><a href=\"https:\/\/spssilos.com\/wp-content\/uploads\/2016\/10\/Sweep-augers.jpg\" rel=\"\" rel=\"wp-prettyPhoto[3257]\"><br \/>\n<img decoding=\"async\" title=\"photo\" src=\"https:\/\/spssilos.com\/wp-content\/uploads\/2016\/10\/Sweep-augers.jpg\" alt=\"sweep augers\" \/><br \/>\n<\/a><\/div>\n<\/div>\n<\/div>\n<\/div>\n<div class=\"three_fourth last_column\">\n<div id=\"botonera\">\n<div id=\"botonera\"><a class=\"medium custom-button align-btn-left\" title=\"Caracter\u00edsticas\" href=\"#caracteristicas\"><span style=\"background-color: #C00028; color: #ffffff;\">Caract\u00e9ristiques\u00a0<\/span><\/a><a class=\"medium custom-button align-btn-left\" title=\"Productos\" href=\"#productos\"><span style=\"background-color: #C00028; color: #ffffff;\">Accessoires\u00a0<\/span><\/a><a class=\"medium custom-button align-btn-left\" title=\"video\" href=\"#video\"><span style=\"background-color: #C00028; color: #ffffff;\">Video <\/span><\/a><a class=\"medium custom-button align-btn-left\" title=\"Descargar ficha t\u00e9cnica\" href=\"#descarga\"><span style=\"background-color: #C00028; color: #ffffff;\">Fiche technique\u00a0<\/span><\/a><a class=\"medium custom-button align-btn-left\" title=\"presupuesto\" href=\"https:\/\/spssilos.com\/fr\/demande-de-devis\/\"><span style=\"background-color: #C00028; color: #ffffff;\">Demandez un devis!<\/span><\/a><\/div>\n<div class=\"clear\"><\/div>\n<\/div>\n<h2 style=\"color: #C00028;\">Vis balayeuses pour le d\u00e9chargement des silos \u00e0 grains.<\/h2>\n<h3 style=\"color: #C00028;\">Con\u00e7us par nos soins.<\/h3>\n<p>Les vis balayeuses PRADO SPS sont con\u00e7ues pour optimiser le d\u00e9chargement du silo \u00e0 fond plat sans endommager le grain.<\/p>\n<p>Nous disposons de produits de diverses capacit\u00e9s et longueurs, et pouvons personnaliser la conception pour tous types de grain.<\/p>\n<p>Con\u00e7us par nos soins avec des mat\u00e9riaux de qualit\u00e9 sup\u00e9rieure.<\/p>\n<\/div>\n<div class=\"divider top-of-page\"><a title=\"Top of Page\" href=\"#botonera\">Haut de page<\/a><\/div>\n<div id=\"caracteristicas\" class=\"two_third\">\n<h2 style=\"color: #C00028;\">Principales caract\u00e9ristiques de la vis balayeuse<\/h2>\n<div class=\"simple\" style=\"background-color: #fcfcfc; color: #333333;\">\n<div class=\"inner-padding\">\n<ul>\n<li>Vis balayeuse en acier haute r\u00e9sistance S350GD totalement galvanis\u00e9 Z-600 (600 g.\/m2). Conception modulaire et joints totalement boulonn\u00e9s avec visserie 8.8.<\/li>\n<li>Vannes r\u00e9glables sur corps de vis balayeuse pour r\u00e9gulation du flux.<\/li>\n<li>Roue d\u2019avance vulcanis\u00e9e \u00e0 chaud.<\/li>\n<li>Syst\u00e8me d&#8217;embrayage pour l&rsquo;amortissement de la roue d\u2019avance.<\/li>\n<li>Moteur caren\u00e9 avec renvoi d&rsquo;angle et collecteur.<\/li>\n<li>Paliers interm\u00e9diaires avec roulements tous les 3 m\u00e8tres.<\/li>\n<\/ul>\n<\/div>\n<\/div>\n<\/div>\n<div id=\"productos\" class=\"one_third last_column\">\n<h2 style=\"color: #C00028;\">Accessoires<\/h2>\n<div class=\"simple\" style=\"background-color: #fcfcfc; color: #333333;\">\n<div class=\"inner-padding\">\n<ul>\n<li>Brosse de nettoyage sur la partie inf\u00e9rieure du dispositif.<\/li>\n<\/ul>\n<\/div>\n<\/div>\n<\/div>\n<div class=\"divider top-of-page\"><a title=\"Top of Page\" href=\"#botonera\">Haut de page<\/a><\/div>\n<div id=\"video\" class=\"two_third\">\n<h2 style=\"color: #C00028;\">Video<\/h2>\n<p><iframe loading=\"lazy\" src=\"https:\/\/www.youtube.com\/embed\/VWEq7_enk7w\" width=\"640\" height=\"480\" frameborder=\"0\" allowfullscreen=\"allowfullscreen\"><\/iframe><\/p>\n<\/div>\n<div id=\"descarga\" class=\"one_third last_column\">\n<h2 style=\"color: #C00028;\">Fiche technique<\/h2>\n<p><a href=\"https:\/\/spssilos.com\/wp-content\/uploads\/2015\/05\/FICHA-BARREDORA.pdf\" target=\"_blank\"><i class=\"fa fa-arrow-circle-down circle-wrap\"><\/i>\u00a0Vis balayeuse<\/a><\/p>\n<\/div>\n<div class=\"divider top-of-page\"><a title=\"Top of Page\" href=\"#botonera\">Haut de page<\/a><\/div>\n<div class=\"divider top-of-page\"><\/div>\n","protected":false},"excerpt":{"rendered":"<p>Caract\u00e9ristiques\u00a0Accessoires\u00a0Video Fiche technique\u00a0Demandez un devis! Vis balayeuses pour le d\u00e9chargement des silos \u00e0 grains. Con\u00e7us par nos soins. Les vis balayeuses PRADO SPS sont con\u00e7ues pour optimiser le d\u00e9chargement du silo \u00e0 fond plat sans endommager le grain. Nous disposons de produits de diverses capacit\u00e9s et longueurs, et pouvons personnaliser la conception pour tous types de grain. Con\u00e7us par nos soins avec des mat\u00e9riaux de qualit\u00e9 sup\u00e9rieure. Haut de page Principales caract\u00e9ristiques de la vis balayeuse Vis balayeuse en acier haute r\u00e9sistance S350GD totalement galvanis\u00e9 Z-600 (600 g.\/m2). Conception modulaire et joints totalement boulonn\u00e9s avec visserie 8.8. Vannes r\u00e9glables sur<\/p>\n","protected":false},"author":2,"featured_media":0,"parent":3014,"menu_order":0,"comment_status":"closed","ping_status":"closed","template":"page-FullWidth.php","meta":{"_monsterinsights_skip_tracking":false,"_monsterinsights_sitenote_active":false,"_monsterinsights_sitenote_note":"","_monsterinsights_sitenote_category":0},"acf":[],"yoast_head":"<!-- This site is optimized with the Yoast SEO plugin v21.5 - https:\/\/yoast.com\/wordpress\/plugins\/seo\/ -->\n<title>Vis balayeuses | PRADO Storage Project Solutions<\/title>\n<meta name=\"description\" content=\"Les vis balayeuses PRADO SPS sont con\u00e7ues pour optimiser le d\u00e9chargement du silo \u00e0 fond plat sans endommager le grain. Diverses capacit\u00e9s et longueurs.\" \/>\n<meta name=\"robots\" content=\"index, follow, max-snippet:-1, max-image-preview:large, max-video-preview:-1\" \/>\n<link rel=\"canonical\" href=\"https:\/\/spssilos.com\/fr\/systemes-de-manutention\/vis-balayeuses\/\" \/>\n<meta name=\"twitter:label1\" content=\"Dur\u00e9e de lecture estim\u00e9e\" \/>\n\t<meta name=\"twitter:data1\" content=\"1 minute\" \/>\n<script type=\"application\/ld+json\" class=\"yoast-schema-graph\">{\"@context\":\"https:\/\/schema.org\",\"@graph\":[{\"@type\":\"WebPage\",\"@id\":\"https:\/\/spssilos.com\/fr\/systemes-de-manutention\/vis-balayeuses\/\",\"url\":\"https:\/\/spssilos.com\/fr\/systemes-de-manutention\/vis-balayeuses\/\",\"name\":\"Vis balayeuses | PRADO Storage Project Solutions\",\"isPartOf\":{\"@id\":\"https:\/\/spssilos.com\/#website\"},\"datePublished\":\"2016-10-08T06:10:58+00:00\",\"dateModified\":\"2017-04-06T08:21:30+00:00\",\"description\":\"Les vis balayeuses PRADO SPS sont con\u00e7ues pour optimiser le d\u00e9chargement du silo \u00e0 fond plat sans endommager le grain. Diverses capacit\u00e9s et longueurs.\",\"breadcrumb\":{\"@id\":\"https:\/\/spssilos.com\/fr\/systemes-de-manutention\/vis-balayeuses\/#breadcrumb\"},\"inLanguage\":\"fr-FR\",\"potentialAction\":[{\"@type\":\"ReadAction\",\"target\":[\"https:\/\/spssilos.com\/fr\/systemes-de-manutention\/vis-balayeuses\/\"]}]},{\"@type\":\"BreadcrumbList\",\"@id\":\"https:\/\/spssilos.com\/fr\/systemes-de-manutention\/vis-balayeuses\/#breadcrumb\",\"itemListElement\":[{\"@type\":\"ListItem\",\"position\":1,\"name\":\"Syst\u00e8mes de manutention\",\"item\":\"https:\/\/spssilos.com\/fr\/systemes-de-manutention\/\"},{\"@type\":\"ListItem\",\"position\":2,\"name\":\"Vis balayeuses\"}]},{\"@type\":\"WebSite\",\"@id\":\"https:\/\/spssilos.com\/#website\",\"url\":\"https:\/\/spssilos.com\/\",\"name\":\"SPS\",\"description\":\"\",\"potentialAction\":[{\"@type\":\"SearchAction\",\"target\":{\"@type\":\"EntryPoint\",\"urlTemplate\":\"https:\/\/spssilos.com\/?s={search_term_string}\"},\"query-input\":\"required name=search_term_string\"}],\"inLanguage\":\"fr-FR\"}]}<\/script>\n<!-- \/ Yoast SEO plugin. -->","yoast_head_json":{"title":"Vis balayeuses | PRADO Storage Project Solutions","description":"Les vis balayeuses PRADO SPS sont con\u00e7ues pour optimiser le d\u00e9chargement du silo \u00e0 fond plat sans endommager le grain. Diverses capacit\u00e9s et longueurs.","robots":{"index":"index","follow":"follow","max-snippet":"max-snippet:-1","max-image-preview":"max-image-preview:large","max-video-preview":"max-video-preview:-1"},"canonical":"https:\/\/spssilos.com\/fr\/systemes-de-manutention\/vis-balayeuses\/","twitter_misc":{"Dur\u00e9e de lecture estim\u00e9e":"1 minute"},"schema":{"@context":"https:\/\/schema.org","@graph":[{"@type":"WebPage","@id":"https:\/\/spssilos.com\/fr\/systemes-de-manutention\/vis-balayeuses\/","url":"https:\/\/spssilos.com\/fr\/systemes-de-manutention\/vis-balayeuses\/","name":"Vis balayeuses | PRADO Storage Project Solutions","isPartOf":{"@id":"https:\/\/spssilos.com\/#website"},"datePublished":"2016-10-08T06:10:58+00:00","dateModified":"2017-04-06T08:21:30+00:00","description":"Les vis balayeuses PRADO SPS sont con\u00e7ues pour optimiser le d\u00e9chargement du silo \u00e0 fond plat sans endommager le grain. Diverses capacit\u00e9s et longueurs.","breadcrumb":{"@id":"https:\/\/spssilos.com\/fr\/systemes-de-manutention\/vis-balayeuses\/#breadcrumb"},"inLanguage":"fr-FR","potentialAction":[{"@type":"ReadAction","target":["https:\/\/spssilos.com\/fr\/systemes-de-manutention\/vis-balayeuses\/"]}]},{"@type":"BreadcrumbList","@id":"https:\/\/spssilos.com\/fr\/systemes-de-manutention\/vis-balayeuses\/#breadcrumb","itemListElement":[{"@type":"ListItem","position":1,"name":"Syst\u00e8mes de manutention","item":"https:\/\/spssilos.com\/fr\/systemes-de-manutention\/"},{"@type":"ListItem","position":2,"name":"Vis balayeuses"}]},{"@type":"WebSite","@id":"https:\/\/spssilos.com\/#website","url":"https:\/\/spssilos.com\/","name":"SPS","description":"","potentialAction":[{"@type":"SearchAction","target":{"@type":"EntryPoint","urlTemplate":"https:\/\/spssilos.com\/?s={search_term_string}"},"query-input":"required name=search_term_string"}],"inLanguage":"fr-FR"}]}},"_links":{"self":[{"href":"https:\/\/spssilos.com\/fr\/wp-json\/wp\/v2\/pages\/3257"}],"collection":[{"href":"https:\/\/spssilos.com\/fr\/wp-json\/wp\/v2\/pages"}],"about":[{"href":"https:\/\/spssilos.com\/fr\/wp-json\/wp\/v2\/types\/page"}],"author":[{"embeddable":true,"href":"https:\/\/spssilos.com\/fr\/wp-json\/wp\/v2\/users\/2"}],"replies":[{"embeddable":true,"href":"https:\/\/spssilos.com\/fr\/wp-json\/wp\/v2\/comments?post=3257"}],"version-history":[{"count":1,"href":"https:\/\/spssilos.com\/fr\/wp-json\/wp\/v2\/pages\/3257\/revisions"}],"predecessor-version":[{"id":3540,"href":"https:\/\/spssilos.com\/fr\/wp-json\/wp\/v2\/pages\/3257\/revisions\/3540"}],"up":[{"embeddable":true,"href":"https:\/\/spssilos.com\/fr\/wp-json\/wp\/v2\/pages\/3014"}],"wp:attachment":[{"href":"https:\/\/spssilos.com\/fr\/wp-json\/wp\/v2\/media?parent=3257"}],"curies":[{"name":"wp","href":"https:\/\/api.w.org\/{rel}","templated":true}]}}