{"id":3252,"date":"2016-10-25T08:34:19","date_gmt":"2016-10-25T06:34:19","guid":{"rendered":"http:\/\/www.pradosps.com\/fr\/silos-a-grains\/turnkey-projects\/"},"modified":"2017-04-06T10:09:38","modified_gmt":"2017-04-06T08:09:38","slug":"projets-cle-en-main","status":"publish","type":"page","link":"https:\/\/spssilos.com\/fr\/silos\/projets-cle-en-main\/","title":{"rendered":"Projets cl\u00e9 en main"},"content":{"rendered":"<div class=\"one_fourth\">\n<div class=\"custom-frame-wrapper alignleft\">\n<div class=\"custom-frame-inner-wrapper\">\n<div class=\"custom-frame-padding\"><a href=\"https:\/\/spssilos.com\/wp-content\/uploads\/2016\/06\/turn-key-projects.jpg\" rel=\"\" rel=\"wp-prettyPhoto[3252]\"><br \/>\n<img decoding=\"async\" title=\"photo\" src=\"https:\/\/spssilos.com\/wp-content\/uploads\/2016\/06\/turn-key-projects.jpg\" alt=\"proyectos llave en mano\" \/><br \/>\n<\/a><\/div>\n<\/div>\n<\/div>\n<\/div>\n<div class=\"three_fourth last_column\">\n<div id=\"botonera\"><a class=\"medium custom-button align-btn-left\" title=\"Ventajas\" href=\"#ventajas\"><span style=\"background-color: #C00028; color: #ffffff;\">Avantages\u00a0<\/span><\/a><a class=\"medium custom-button align-btn-left\" title=\"Productos\" href=\"#productos\"><span style=\"background-color: #C00028; color: #ffffff;\">Services <\/span><\/a><a class=\"medium custom-button align-btn-left\" title=\"presupuesto\" href=\"https:\/\/spssilos.com\/fr\/demande-de-devis\/\"><span style=\"background-color: #C00028; color: #ffffff;\">Demandez un devis!<\/span><\/a><\/div>\n<div class=\"clear\"><\/div>\n<h2 style=\"color: #C00028;\">SPS vous propose un service complet cl\u00e9 en main &#8211; depuis l&rsquo;ing\u00e9nierie jusqu\u2019\u00e0 la mise en service &#8211; pour tous types d\u2019installations.<\/h2>\n<h3 style=\"color: #C00028;\">Excellent service apr\u00e8s-vente et service client\u00e8le personnalis\u00e9.<\/h3>\n<p>Nous nous occupons de tous les \u00e9l\u00e9ments n\u00e9cessaires pour que votre projet soit r\u00e9alis\u00e9 de mani\u00e8re optimale, depuis la fondation et les travaux de g\u00e9nie civil jusqu\u2019\u00e0 la mise en \u0153uvre de toutes les machines et le fonctionnement complet de l\u2019installation.<\/p>\n<p>Un projet cl\u00e9 en main est la meilleure solution pour g\u00e9rer et contr\u00f4ler votre installation, car chez PRADO SPS, nous prenons en charge tous les aspects, en utilisant toujours les meilleurs composants, le meilleur support et les ing\u00e9nieurs les plus qualifi\u00e9s, qui feront que tous ces aspects soient connect\u00e9s \u00e0 la perfection et que l&rsquo;installation de stockage de grain puisse fonctionner de mani\u00e8re optimale.<\/p>\n<\/div>\n<div class=\"clear\"><\/div>\n<div class=\"divider top-of-page\"><a title=\"Top of Page\" href=\"#botonera\">Haut de page<\/a><\/div>\n<div id=\"ventajas\" class=\"two_third\">\n<h2 style=\"color: #C00028;\">Avantages d&rsquo;un projet cl\u00e9 en main<\/h2>\n<div class=\"simple\" style=\"background-color: #fcfcfc; color: #333333;\">\n<div class=\"inner-padding\">\n<ul>\n<li>L&rsquo;un des principaux avantages d&rsquo;un projet de stockage de grain cl\u00e9 en main est que le client re\u00e7oit une <strong>solution compl\u00e8te depuis la phase de conception jusqu&rsquo;\u00e0 la mise en service<\/strong>. Nous \u00e9tudions vos besoins et vous offrons la plus grande flexibilit\u00e9.<\/li>\n<li>Avec ce service, les clients peuvent b\u00e9n\u00e9ficier de notre expertise en ing\u00e9nierie, notre exp\u00e9rience dans la fabrication et les travaux d&rsquo;assemblage, la haute qualit\u00e9 de nos produits et la haute qualification de notre personnel. Ainsi, vous avez un <strong>aper\u00e7u complet du projet, depuis le d\u00e9but, et pourrez ainsi contr\u00f4ler \u00e0 tout moment l&rsquo;optimisation de l&rsquo;usine<\/strong> en termes de stockage, de transport et de traitement du grain.<\/li>\n<li>Ce qui, pour nos clients, constitue un <strong>gage de tranquillit\u00e9 et de confort<\/strong>, mais aussi un gage de <strong>s\u00e9curit\u00e9 <\/strong>et de<strong> rentabilit\u00e9<\/strong> de leurs projets.<\/li>\n<\/ul>\n<\/div>\n<\/div>\n<\/div>\n<div id=\"productos\" class=\"one_third last_column\">\n<h2 style=\"color: #C00028;\">Services<\/h2>\n<div class=\"simple\" style=\"background-color: #fcfcfc; color: #333333;\">\n<div class=\"inner-padding\">\n<ul>\n<li>\u00c9tude d&rsquo;ing\u00e9nierie et analyse compl\u00e8te de la solution.<\/li>\n<li>G\u00e9nie Civil.<\/li>\n<li>Assembl\u00e9e.<\/li>\n<li>Supervision.<\/li>\n<li>Mise en oeuvre<\/li>\n<li>Fourniture d&rsquo;\u00e9quipements compl\u00e9mentaires tels que peseurs, s\u00e9choirs, syst\u00e8mes de nettoyage, &#8230;<\/li>\n<li>\u00c9tude, conception et fabrication de chargeurs de navires int\u00e9gr\u00e9s au sein des installations portuaires.<\/li>\n<li>Syst\u00e8me avanc\u00e9 de contr\u00f4le des usines de stockage et traitement de c\u00e9r\u00e9ales.<\/li>\n<li>Une application pour le suivi en temps r\u00e9el de nos usines de stockage (CENTINELA).<\/li>\n<\/ul>\n<\/div>\n<\/div>\n<\/div>\n<div class=\"divider top-of-page\"><a title=\"Top of Page\" href=\"#botonera\">Haut de page<\/a><\/div>\n<div class=\"divider top-of-page\"><\/div>\n","protected":false},"excerpt":{"rendered":"<p>Avantages\u00a0Services Demandez un devis! SPS vous propose un service complet cl\u00e9 en main &#8211; depuis l&rsquo;ing\u00e9nierie jusqu\u2019\u00e0 la mise en service &#8211; pour tous types d\u2019installations. Excellent service apr\u00e8s-vente et service client\u00e8le personnalis\u00e9. Nous nous occupons de tous les \u00e9l\u00e9ments n\u00e9cessaires pour que votre projet soit r\u00e9alis\u00e9 de mani\u00e8re optimale, depuis la fondation et les travaux de g\u00e9nie civil jusqu\u2019\u00e0 la mise en \u0153uvre de toutes les machines et le fonctionnement complet de l\u2019installation. Un projet cl\u00e9 en main est la meilleure solution pour g\u00e9rer et contr\u00f4ler votre installation, car chez PRADO SPS, nous prenons en charge tous les aspects,<\/p>\n","protected":false},"author":2,"featured_media":0,"parent":3026,"menu_order":0,"comment_status":"closed","ping_status":"closed","template":"page-FullWidth.php","meta":{"_monsterinsights_skip_tracking":false,"_monsterinsights_sitenote_active":false,"_monsterinsights_sitenote_note":"","_monsterinsights_sitenote_category":0},"acf":[],"yoast_head":"<!-- This site is optimized with the Yoast SEO plugin v21.5 - https:\/\/yoast.com\/wordpress\/plugins\/seo\/ -->\n<title>Projets cl\u00e9 en main | PRADO Storage Project Solutions<\/title>\n<meta name=\"description\" content=\"Service d&#039;ing\u00e9nierie cl\u00e9 en main pour tout type d\u2019installations. Excellent service apr\u00e8s-vente et service client\u00e8le personnalis\u00e9. Demandez un devis!\" \/>\n<meta name=\"robots\" content=\"index, follow, max-snippet:-1, max-image-preview:large, max-video-preview:-1\" \/>\n<link rel=\"canonical\" href=\"https:\/\/spssilos.com\/fr\/silos\/projets-cle-en-main\/\" \/>\n<meta name=\"twitter:label1\" content=\"Dur\u00e9e de lecture estim\u00e9e\" \/>\n\t<meta name=\"twitter:data1\" content=\"2 minutes\" \/>\n<script type=\"application\/ld+json\" class=\"yoast-schema-graph\">{\"@context\":\"https:\/\/schema.org\",\"@graph\":[{\"@type\":\"WebPage\",\"@id\":\"https:\/\/spssilos.com\/fr\/silos\/projets-cle-en-main\/\",\"url\":\"https:\/\/spssilos.com\/fr\/silos\/projets-cle-en-main\/\",\"name\":\"Projets cl\u00e9 en main | PRADO Storage Project Solutions\",\"isPartOf\":{\"@id\":\"https:\/\/spssilos.com\/#website\"},\"datePublished\":\"2016-10-25T06:34:19+00:00\",\"dateModified\":\"2017-04-06T08:09:38+00:00\",\"description\":\"Service d'ing\u00e9nierie cl\u00e9 en main pour tout type d\u2019installations. Excellent service apr\u00e8s-vente et service client\u00e8le personnalis\u00e9. Demandez un devis!\",\"breadcrumb\":{\"@id\":\"https:\/\/spssilos.com\/fr\/silos\/projets-cle-en-main\/#breadcrumb\"},\"inLanguage\":\"fr-FR\",\"potentialAction\":[{\"@type\":\"ReadAction\",\"target\":[\"https:\/\/spssilos.com\/fr\/silos\/projets-cle-en-main\/\"]}]},{\"@type\":\"BreadcrumbList\",\"@id\":\"https:\/\/spssilos.com\/fr\/silos\/projets-cle-en-main\/#breadcrumb\",\"itemListElement\":[{\"@type\":\"ListItem\",\"position\":1,\"name\":\"Silos \u00e0 grains\",\"item\":\"https:\/\/spssilos.com\/fr\/silos\/\"},{\"@type\":\"ListItem\",\"position\":2,\"name\":\"Projets cl\u00e9 en main\"}]},{\"@type\":\"WebSite\",\"@id\":\"https:\/\/spssilos.com\/#website\",\"url\":\"https:\/\/spssilos.com\/\",\"name\":\"SPS\",\"description\":\"\",\"potentialAction\":[{\"@type\":\"SearchAction\",\"target\":{\"@type\":\"EntryPoint\",\"urlTemplate\":\"https:\/\/spssilos.com\/?s={search_term_string}\"},\"query-input\":\"required name=search_term_string\"}],\"inLanguage\":\"fr-FR\"}]}<\/script>\n<!-- \/ Yoast SEO plugin. -->","yoast_head_json":{"title":"Projets cl\u00e9 en main | PRADO Storage Project Solutions","description":"Service d'ing\u00e9nierie cl\u00e9 en main pour tout type d\u2019installations. Excellent service apr\u00e8s-vente et service client\u00e8le personnalis\u00e9. Demandez un devis!","robots":{"index":"index","follow":"follow","max-snippet":"max-snippet:-1","max-image-preview":"max-image-preview:large","max-video-preview":"max-video-preview:-1"},"canonical":"https:\/\/spssilos.com\/fr\/silos\/projets-cle-en-main\/","twitter_misc":{"Dur\u00e9e de lecture estim\u00e9e":"2 minutes"},"schema":{"@context":"https:\/\/schema.org","@graph":[{"@type":"WebPage","@id":"https:\/\/spssilos.com\/fr\/silos\/projets-cle-en-main\/","url":"https:\/\/spssilos.com\/fr\/silos\/projets-cle-en-main\/","name":"Projets cl\u00e9 en main | PRADO Storage Project Solutions","isPartOf":{"@id":"https:\/\/spssilos.com\/#website"},"datePublished":"2016-10-25T06:34:19+00:00","dateModified":"2017-04-06T08:09:38+00:00","description":"Service d'ing\u00e9nierie cl\u00e9 en main pour tout type d\u2019installations. Excellent service apr\u00e8s-vente et service client\u00e8le personnalis\u00e9. Demandez un devis!","breadcrumb":{"@id":"https:\/\/spssilos.com\/fr\/silos\/projets-cle-en-main\/#breadcrumb"},"inLanguage":"fr-FR","potentialAction":[{"@type":"ReadAction","target":["https:\/\/spssilos.com\/fr\/silos\/projets-cle-en-main\/"]}]},{"@type":"BreadcrumbList","@id":"https:\/\/spssilos.com\/fr\/silos\/projets-cle-en-main\/#breadcrumb","itemListElement":[{"@type":"ListItem","position":1,"name":"Silos \u00e0 grains","item":"https:\/\/spssilos.com\/fr\/silos\/"},{"@type":"ListItem","position":2,"name":"Projets cl\u00e9 en main"}]},{"@type":"WebSite","@id":"https:\/\/spssilos.com\/#website","url":"https:\/\/spssilos.com\/","name":"SPS","description":"","potentialAction":[{"@type":"SearchAction","target":{"@type":"EntryPoint","urlTemplate":"https:\/\/spssilos.com\/?s={search_term_string}"},"query-input":"required name=search_term_string"}],"inLanguage":"fr-FR"}]}},"_links":{"self":[{"href":"https:\/\/spssilos.com\/fr\/wp-json\/wp\/v2\/pages\/3252"}],"collection":[{"href":"https:\/\/spssilos.com\/fr\/wp-json\/wp\/v2\/pages"}],"about":[{"href":"https:\/\/spssilos.com\/fr\/wp-json\/wp\/v2\/types\/page"}],"author":[{"embeddable":true,"href":"https:\/\/spssilos.com\/fr\/wp-json\/wp\/v2\/users\/2"}],"replies":[{"embeddable":true,"href":"https:\/\/spssilos.com\/fr\/wp-json\/wp\/v2\/comments?post=3252"}],"version-history":[{"count":1,"href":"https:\/\/spssilos.com\/fr\/wp-json\/wp\/v2\/pages\/3252\/revisions"}],"predecessor-version":[{"id":3528,"href":"https:\/\/spssilos.com\/fr\/wp-json\/wp\/v2\/pages\/3252\/revisions\/3528"}],"up":[{"embeddable":true,"href":"https:\/\/spssilos.com\/fr\/wp-json\/wp\/v2\/pages\/3026"}],"wp:attachment":[{"href":"https:\/\/spssilos.com\/fr\/wp-json\/wp\/v2\/media?parent=3252"}],"curies":[{"name":"wp","href":"https:\/\/api.w.org\/{rel}","templated":true}]}}