{"id":3250,"date":"2016-10-25T08:44:26","date_gmt":"2016-10-25T06:44:26","guid":{"rendered":"http:\/\/www.pradosps.com\/fr\/silos-a-grains\/truck-load-silos\/"},"modified":"2017-04-06T13:17:23","modified_gmt":"2017-04-06T11:17:23","slug":"silos-de-chargement-de-camion","status":"publish","type":"page","link":"https:\/\/spssilos.com\/fr\/silos\/silos-de-chargement-de-camion\/","title":{"rendered":"Silos de chargement de camion"},"content":{"rendered":"<div class=\"one_fourth\">\n<div class=\"custom-frame-wrapper alignleft\">\n<div class=\"custom-frame-inner-wrapper\">\n<div class=\"custom-frame-padding\"><a href=\"https:\/\/spssilos.com\/wp-content\/uploads\/2016\/08\/Silo-Carga-Camion.jpg\" rel=\"\" rel=\"wp-prettyPhoto[3250]\"><img decoding=\"async\" title=\"photo\" src=\"https:\/\/spssilos.com\/wp-content\/uploads\/2016\/08\/Silo-Carga-Camion.jpg\" alt=\"Truck load silos\" \/><br \/>\n<\/a><\/div>\n<\/div>\n<\/div>\n<\/div>\n<div class=\"three_fourth last_column\">\n<div id=\"botonera\"><\/div>\n<div>\n<div id=\"botonera\"><a class=\"medium custom-button align-btn-left\" title=\"Caracter\u00edsticas\" href=\"#caracteristicas\"><span style=\"background-color: #C00028; color: #ffffff;\">Caract\u00e9ristiques\u00a0<\/span><\/a><a class=\"medium custom-button align-btn-left\" title=\"Productos\" href=\"#productos\"><span style=\"background-color: #C00028; color: #ffffff;\">Accessoires\u00a0<\/span><\/a><a class=\"medium custom-button align-btn-left\" title=\"video\" href=\"#video\"><span style=\"background-color: #C00028; color: #ffffff;\">Video <\/span><\/a><a class=\"medium custom-button align-btn-left\" title=\"Descargar ficha t\u00e9cnica\" href=\"#descarga\"><span style=\"background-color: #C00028; color: #ffffff;\">Fiche technique\u00a0<\/span><\/a><a class=\"medium custom-button align-btn-left\" title=\"presupuesto\" href=\"https:\/\/spssilos.com\/fr\/demande-de-devis\/\"><span style=\"background-color: #C00028; color: #ffffff;\">Demandez un devis!<\/span><\/a><\/div>\n<div class=\"clear\"><\/div>\n<\/div>\n<h2 style=\"color: #C00028;\">Nos silos de chargement de camion sont un compl\u00e9ment parfait pour le chargement et d\u00e9chargement du grain dans votre installation.<\/h2>\n<h3 style=\"color: #C00028;\">Nous avons une grande vari\u00e9t\u00e9 de silos de chargement de camion qui peuvent s\u2019adapter aux besoins des clients.<\/h3>\n<p>Les silos de chargement de camion sont utilis\u00e9s principalement pour les cargaisons de produits en vrac (trains, camions ou autres) et son design peut \u00eatre optimis\u00e9 en fonction du terrain afin de r\u00e9pondre aux besoins des clients.<\/p>\n<p>&nbsp;<\/p>\n<\/div>\n<div class=\"clear\"><\/div>\n<div class=\"divider top-of-page\"><a title=\"Top of Page\" href=\"#botonera\">Haut de page<\/a><\/div>\n<div id=\"caracteristicas\" class=\"two_third\">\n<h2 style=\"color: #C00028;\">Principales caract\u00e9ristiques du silo de chargement de camion<\/h2>\n<div class=\"simple\" style=\"background-color: #fcfcfc; color: #333333;\">\n<div class=\"inner-padding\">\n<ul>\n<li>Silo de chargement de camion en <strong>acier haute r\u00e9sistance<\/strong> S350GD totalement galvanis\u00e9 Z-600 (600 g.\/m2), avec des <strong>armatures verticales<\/strong> boulonn\u00e9es \u00e0 l&rsquo;ext\u00e9rieur.<\/li>\n<li>Joints totalement boulonn\u00e9s avec visserie bichromat\u00e9e 8.8 et rondelles en caoutchouc.<\/li>\n<li>Support de structure en m\u00e9tal et des renforts galvanis\u00e9s \u00e0 chaud Z-600 (600 g\/m2).<\/li>\n<li>Mastic butyle pr\u00e9form\u00e9 (BSD) pour sceller les joints des panneaux et relier le cylindre avec le c\u00f4ne.<\/li>\n<li>Plaques de fixation au sol avec tirants d&rsquo;ancrage chimique.<\/li>\n<\/ul>\n<\/div>\n<\/div>\n<\/div>\n<div id=\"productos\" class=\"one_third last_column\">\n<h2 style=\"color: #C00028;\">Accessoires<\/h2>\n<div class=\"simple\" style=\"background-color: #fcfcfc; color: #333333;\">\n<div class=\"inner-padding\">\n<ul>\n<li>D\u00e9tecteur de niveau maximum pendulaire.<\/li>\n<li>D\u00e9tecteur de nivezu minimum \u00e0 membrane.<\/li>\n<li>Goulotte de d\u00e9charge.<\/li>\n<li>Trappe manuelle et motoris\u00e9e.<\/li>\n<li>Passerelle simple et double.<\/li>\n<li>Conceptions sp\u00e9ciales renforc\u00e9s pour faire face aux conditions extr\u00eames telles que s\u00e9isme, neige et vent.<\/li>\n<\/ul>\n<\/div>\n<\/div>\n<\/div>\n<div class=\"divider top-of-page\"><a title=\"Top of Page\" href=\"#botonera\">Haut de page<\/a><\/div>\n<div id=\"video\" class=\"two_third\">\n<h2 style=\"color: #C00028;\">Video<\/h2>\n<p><iframe loading=\"lazy\" src=\"https:\/\/www.youtube.com\/embed\/O4bp4SfJhX4\" width=\"640\" height=\"480\" frameborder=\"0\" allowfullscreen=\"allowfullscreen\"><\/iframe><\/p>\n<\/div>\n<div id=\"descarga\" class=\"one_third last_column\">\n<h2 style=\"color: #C00028;\">Fiche technique<\/h2>\n<p><a href=\"https:\/\/spssilos.com\/wp-content\/uploads\/2015\/05\/Ficha-SILO-CARGA-CAMION.pdf\" target=\"_blank\"><i class=\"fa fa-arrow-circle-down circle-wrap\"><\/i>\u00a0Silos de chargement de camion<\/a><\/p>\n<\/div>\n<div class=\"divider top-of-page\"><a title=\"Top of Page\" href=\"#botonera\">Haut de page<\/a><\/div>\n","protected":false},"excerpt":{"rendered":"<p>Caract\u00e9ristiques\u00a0Accessoires\u00a0Video Fiche technique\u00a0Demandez un devis! Nos silos de chargement de camion sont un compl\u00e9ment parfait pour le chargement et d\u00e9chargement du grain dans votre installation. Nous avons une grande vari\u00e9t\u00e9 de silos de chargement de camion qui peuvent s\u2019adapter aux besoins des clients. Les silos de chargement de camion sont utilis\u00e9s principalement pour les cargaisons de produits en vrac (trains, camions ou autres) et son design peut \u00eatre optimis\u00e9 en fonction du terrain afin de r\u00e9pondre aux besoins des clients. &nbsp; Haut de page Principales caract\u00e9ristiques du silo de chargement de camion Silo de chargement de camion en acier haute<\/p>\n","protected":false},"author":2,"featured_media":0,"parent":3026,"menu_order":0,"comment_status":"closed","ping_status":"closed","template":"page-FullWidth.php","meta":{"_monsterinsights_skip_tracking":false,"_monsterinsights_sitenote_active":false,"_monsterinsights_sitenote_note":"","_monsterinsights_sitenote_category":0},"acf":[],"yoast_head":"<!-- This site is optimized with the Yoast SEO plugin v21.5 - https:\/\/yoast.com\/wordpress\/plugins\/seo\/ -->\n<title>Silos de chargement de camion | PRADO Storage Project Solutions<\/title>\n<meta name=\"description\" content=\"Les silos de chargement de camion sont utilis\u00e9s principalement pour le fret en vrac et sa conception peut \u00eatre optimis\u00e9e en fonction du terrain.\" \/>\n<meta name=\"robots\" content=\"index, follow, max-snippet:-1, max-image-preview:large, max-video-preview:-1\" \/>\n<link rel=\"canonical\" href=\"https:\/\/spssilos.com\/fr\/silos\/silos-de-chargement-de-camion\/\" \/>\n<meta name=\"twitter:label1\" content=\"Dur\u00e9e de lecture estim\u00e9e\" \/>\n\t<meta name=\"twitter:data1\" content=\"1 minute\" \/>\n<script type=\"application\/ld+json\" class=\"yoast-schema-graph\">{\"@context\":\"https:\/\/schema.org\",\"@graph\":[{\"@type\":\"WebPage\",\"@id\":\"https:\/\/spssilos.com\/fr\/silos\/silos-de-chargement-de-camion\/\",\"url\":\"https:\/\/spssilos.com\/fr\/silos\/silos-de-chargement-de-camion\/\",\"name\":\"Silos de chargement de camion | PRADO Storage Project Solutions\",\"isPartOf\":{\"@id\":\"https:\/\/spssilos.com\/#website\"},\"datePublished\":\"2016-10-25T06:44:26+00:00\",\"dateModified\":\"2017-04-06T11:17:23+00:00\",\"description\":\"Les silos de chargement de camion sont utilis\u00e9s principalement pour le fret en vrac et sa conception peut \u00eatre optimis\u00e9e en fonction du terrain.\",\"breadcrumb\":{\"@id\":\"https:\/\/spssilos.com\/fr\/silos\/silos-de-chargement-de-camion\/#breadcrumb\"},\"inLanguage\":\"fr-FR\",\"potentialAction\":[{\"@type\":\"ReadAction\",\"target\":[\"https:\/\/spssilos.com\/fr\/silos\/silos-de-chargement-de-camion\/\"]}]},{\"@type\":\"BreadcrumbList\",\"@id\":\"https:\/\/spssilos.com\/fr\/silos\/silos-de-chargement-de-camion\/#breadcrumb\",\"itemListElement\":[{\"@type\":\"ListItem\",\"position\":1,\"name\":\"Silos \u00e0 grains\",\"item\":\"https:\/\/spssilos.com\/fr\/silos\/\"},{\"@type\":\"ListItem\",\"position\":2,\"name\":\"Silos de chargement de camion\"}]},{\"@type\":\"WebSite\",\"@id\":\"https:\/\/spssilos.com\/#website\",\"url\":\"https:\/\/spssilos.com\/\",\"name\":\"SPS\",\"description\":\"\",\"potentialAction\":[{\"@type\":\"SearchAction\",\"target\":{\"@type\":\"EntryPoint\",\"urlTemplate\":\"https:\/\/spssilos.com\/?s={search_term_string}\"},\"query-input\":\"required name=search_term_string\"}],\"inLanguage\":\"fr-FR\"}]}<\/script>\n<!-- \/ Yoast SEO plugin. -->","yoast_head_json":{"title":"Silos de chargement de camion | PRADO Storage Project Solutions","description":"Les silos de chargement de camion sont utilis\u00e9s principalement pour le fret en vrac et sa conception peut \u00eatre optimis\u00e9e en fonction du terrain.","robots":{"index":"index","follow":"follow","max-snippet":"max-snippet:-1","max-image-preview":"max-image-preview:large","max-video-preview":"max-video-preview:-1"},"canonical":"https:\/\/spssilos.com\/fr\/silos\/silos-de-chargement-de-camion\/","twitter_misc":{"Dur\u00e9e de lecture estim\u00e9e":"1 minute"},"schema":{"@context":"https:\/\/schema.org","@graph":[{"@type":"WebPage","@id":"https:\/\/spssilos.com\/fr\/silos\/silos-de-chargement-de-camion\/","url":"https:\/\/spssilos.com\/fr\/silos\/silos-de-chargement-de-camion\/","name":"Silos de chargement de camion | PRADO Storage Project Solutions","isPartOf":{"@id":"https:\/\/spssilos.com\/#website"},"datePublished":"2016-10-25T06:44:26+00:00","dateModified":"2017-04-06T11:17:23+00:00","description":"Les silos de chargement de camion sont utilis\u00e9s principalement pour le fret en vrac et sa conception peut \u00eatre optimis\u00e9e en fonction du terrain.","breadcrumb":{"@id":"https:\/\/spssilos.com\/fr\/silos\/silos-de-chargement-de-camion\/#breadcrumb"},"inLanguage":"fr-FR","potentialAction":[{"@type":"ReadAction","target":["https:\/\/spssilos.com\/fr\/silos\/silos-de-chargement-de-camion\/"]}]},{"@type":"BreadcrumbList","@id":"https:\/\/spssilos.com\/fr\/silos\/silos-de-chargement-de-camion\/#breadcrumb","itemListElement":[{"@type":"ListItem","position":1,"name":"Silos \u00e0 grains","item":"https:\/\/spssilos.com\/fr\/silos\/"},{"@type":"ListItem","position":2,"name":"Silos de chargement de camion"}]},{"@type":"WebSite","@id":"https:\/\/spssilos.com\/#website","url":"https:\/\/spssilos.com\/","name":"SPS","description":"","potentialAction":[{"@type":"SearchAction","target":{"@type":"EntryPoint","urlTemplate":"https:\/\/spssilos.com\/?s={search_term_string}"},"query-input":"required name=search_term_string"}],"inLanguage":"fr-FR"}]}},"_links":{"self":[{"href":"https:\/\/spssilos.com\/fr\/wp-json\/wp\/v2\/pages\/3250"}],"collection":[{"href":"https:\/\/spssilos.com\/fr\/wp-json\/wp\/v2\/pages"}],"about":[{"href":"https:\/\/spssilos.com\/fr\/wp-json\/wp\/v2\/types\/page"}],"author":[{"embeddable":true,"href":"https:\/\/spssilos.com\/fr\/wp-json\/wp\/v2\/users\/2"}],"replies":[{"embeddable":true,"href":"https:\/\/spssilos.com\/fr\/wp-json\/wp\/v2\/comments?post=3250"}],"version-history":[{"count":1,"href":"https:\/\/spssilos.com\/fr\/wp-json\/wp\/v2\/pages\/3250\/revisions"}],"predecessor-version":[{"id":3552,"href":"https:\/\/spssilos.com\/fr\/wp-json\/wp\/v2\/pages\/3250\/revisions\/3552"}],"up":[{"embeddable":true,"href":"https:\/\/spssilos.com\/fr\/wp-json\/wp\/v2\/pages\/3026"}],"wp:attachment":[{"href":"https:\/\/spssilos.com\/fr\/wp-json\/wp\/v2\/media?parent=3250"}],"curies":[{"name":"wp","href":"https:\/\/api.w.org\/{rel}","templated":true}]}}