{"id":3248,"date":"2016-10-25T08:26:30","date_gmt":"2016-10-25T06:26:30","guid":{"rendered":"http:\/\/www.pradosps.com\/fr\/silos-a-grains\/square-silos\/"},"modified":"2017-04-06T13:15:12","modified_gmt":"2017-04-06T11:15:12","slug":"silos-carres","status":"publish","type":"page","link":"https:\/\/spssilos.com\/fr\/silos\/silos-carres\/","title":{"rendered":"Silos carr\u00e9s"},"content":{"rendered":"<div class=\"one_fourth\">\n<div class=\"custom-frame-wrapper alignleft\">\n<div class=\"custom-frame-inner-wrapper\">\n<div class=\"custom-frame-padding\"><a href=\"https:\/\/spssilos.com\/wp-content\/uploads\/2016\/07\/Silos-Cuadrados.jpg\" rel=\"\" rel=\"wp-prettyPhoto[3248]\"><img decoding=\"async\" title=\"photo\" src=\"https:\/\/spssilos.com\/wp-content\/uploads\/2016\/07\/Silos-Cuadrados.jpg\" alt=\"Square silos\" \/><br \/>\n<\/a><\/div>\n<\/div>\n<\/div>\n<\/div>\n<div class=\"three_fourth last_column\">\n<div id=\"botonera\"><a class=\"medium custom-button align-btn-left\" title=\"Caracter\u00edsticas\" href=\"#caracteristicas\"><span style=\"background-color: #C00028; color: #ffffff;\">Caract\u00e9ristiques\u00a0<\/span><\/a><a class=\"medium custom-button align-btn-left\" title=\"Productos\" href=\"#productos\"><span style=\"background-color: #C00028; color: #ffffff;\">Accessoires\u00a0<\/span><\/a><a class=\"medium custom-button align-btn-left\" title=\"Descargar ficha t\u00e9cnica\" href=\"#descarga\"><span style=\"background-color: #C00028; color: #ffffff;\">Fiche technique\u00a0<\/span><\/a><a class=\"medium custom-button align-btn-left\" title=\"presupuesto\" href=\"https:\/\/spssilos.com\/fr\/demande-de-devis\/\"><span style=\"background-color: #C00028; color: #ffffff;\">Demandez un devis!<\/span><\/a><\/div>\n<div class=\"clear\"><\/div>\n<h2 style=\"color: #C00028;\">Les silos carr\u00e9s offrent une plus grande flexibilit\u00e9 pour un agrandissement futur.<\/h2>\n<h3 style=\"color: #C00028;\">Ils sont recommand\u00e9s en cas de manque d&rsquo;espace.<\/h3>\n<p>Les silos carr\u00e9s, \u00e9galement appel\u00e9s silos modulaires ou silos rectangulaires, peuvent stocker diff\u00e9rents produits de diff\u00e9rentes qualit\u00e9s \u00e0 la fois dans le m\u00eame lieu et sont g\u00e9n\u00e9ralement recommand\u00e9s en cas de manque d&rsquo;espace, car ce syst\u00e8me permet de stocker plus de 25% de produits pour une m\u00eame surface. Voir <a href=\"https:\/\/spssilos.com\/fr\/silos-carres-principaux-avantages\/\">plus d&rsquo;avantages du silo carr\u00e9 <\/a>dans cet article.<\/p>\n<p>Le silo carr\u00e9 standard est en acier galvanis\u00e9, mais vous pouvez \u00e9galement opter pour la finition en acier inoxydable, avec des angles de chute de 45\u00b0 ou 60\u00b0. Il poss\u00e8de un syst\u00e8me d&rsquo;\u00e9vacuation pour emp\u00eacher le produit d&rsquo;adh\u00e9rer aux parois du silo.<\/p>\n<p>La capacit\u00e9 de stockage des silos varie de 1 \u00e0 100 tonnes, tandis que pour des besoins sp\u00e9cifiques des clients, une solution personnalis\u00e9e est envisageable.<\/p>\n<\/div>\n<div class=\"clear\"><\/div>\n<div class=\"divider top-of-page\"><a title=\"Top of Page\" href=\"#botonera\">Haut de page<\/a><\/div>\n<div id=\"caracteristicas\" class=\"two_third\">\n<h2 style=\"color: #C00028;\">Principales caract\u00e9ristiques du silo carr\u00e9<\/h2>\n<div class=\"simple\" style=\"background-color: #fcfcfc; color: #333333;\">\n<div class=\"inner-padding\">\n<ul>\n<li>Silo carr\u00e9 en <strong>acier haute r\u00e9sistance<\/strong> S350GD totalement galvanis\u00e9 Z-600 (600 g.\/m2), avec des <strong>armatures verticales<\/strong> boulonn\u00e9es \u00e0 l&rsquo;ext\u00e9rieur.<\/li>\n<li>Joints totalement boulonn\u00e9s avec visserie bichromat\u00e9e 8.8 et rondelles en caoutchouc.<\/li>\n<li>Support de la structure m\u00e9tallique et montants galvanis\u00e9s \u00e0 chaud Z-600 (600 g.\/m2).<\/li>\n<li>Mastic butyle pr\u00e9form\u00e9 (BSD) pour sceller les joints des panneaux et pour lier les cellules carr\u00e9es avec le c\u00f4ne.<\/li>\n<li>Plaques de fixation au sol avec tirants d&rsquo;ancrage chimique ou m\u00e9canique selon le lieu d\u2019installation.<\/li>\n<\/ul>\n<\/div>\n<\/div>\n<\/div>\n<div id=\"productos\" class=\"one_third last_column\">\n<h2 style=\"color: #C00028;\">Accessoires<\/h2>\n<div class=\"simple\" style=\"background-color: #fcfcfc; color: #333333;\">\n<div class=\"inner-padding\">\n<ul>\n<li>D\u00e9tecteur de niveau maximum pendulaire.<\/li>\n<li>D\u00e9tecteur de niveau minimum \u00e0 membrane.<\/li>\n<li>Support lat\u00e9ral pour passerelle: (T2 &#8211; Deux corps).<\/li>\n<li>Syst\u00e8me de thermom\u00e9trie.<\/li>\n<li>Escalier d\u2019acc\u00e8s au toit \u00e9quip\u00e9 de protection conforme \u00e0 la norme UNE-EN-ISO 14122.<\/li>\n<li>Goulotte de d\u00e9charge.<\/li>\n<li>Trappe manuelle et motoris\u00e9e.<\/li>\n<li>Passerelle simple et double.<\/li>\n<li>Kit de ventilation pour l&rsquo;int\u00e9rieur du silo.<\/li>\n<li>Conceptions sp\u00e9ciales renforc\u00e9s pour faire face aux conditions extr\u00eames telles que s\u00e9isme, neige et vent.<\/li>\n<\/ul>\n<\/div>\n<\/div>\n<\/div>\n<div class=\"divider top-of-page\"><a title=\"Top of Page\" href=\"#botonera\">Haut de page<\/a><\/div>\n<div id=\"video\" class=\"two_third\">\n<h2 style=\"color: #C00028;\"><\/h2>\n<p>&nbsp;<\/p>\n<\/div>\n<div id=\"descarga\" class=\"one_third last_column\">\n<h2 style=\"color: #C00028;\">Fiche technique<\/h2>\n<p><a href=\"https:\/\/spssilos.com\/wp-content\/uploads\/2015\/05\/FICHA-SILO-CELDA.pdf\" target=\"_blank\"><i class=\"fa fa-arrow-circle-down circle-wrap\"><\/i>\u00a0Silos carr\u00e9os<\/a><\/p>\n<\/div>\n<div class=\"divider top-of-page\"><a title=\"Top of Page\" href=\"#botonera\">Haut de page<\/a><\/div>\n","protected":false},"excerpt":{"rendered":"<p>Caract\u00e9ristiques\u00a0Accessoires\u00a0Fiche technique\u00a0Demandez un devis! Les silos carr\u00e9s offrent une plus grande flexibilit\u00e9 pour un agrandissement futur. Ils sont recommand\u00e9s en cas de manque d&rsquo;espace. Les silos carr\u00e9s, \u00e9galement appel\u00e9s silos modulaires ou silos rectangulaires, peuvent stocker diff\u00e9rents produits de diff\u00e9rentes qualit\u00e9s \u00e0 la fois dans le m\u00eame lieu et sont g\u00e9n\u00e9ralement recommand\u00e9s en cas de manque d&rsquo;espace, car ce syst\u00e8me permet de stocker plus de 25% de produits pour une m\u00eame surface. Voir plus d&rsquo;avantages du silo carr\u00e9 dans cet article. Le silo carr\u00e9 standard est en acier galvanis\u00e9, mais vous pouvez \u00e9galement opter pour la finition en acier inoxydable,<\/p>\n","protected":false},"author":2,"featured_media":0,"parent":3026,"menu_order":0,"comment_status":"closed","ping_status":"closed","template":"page-FullWidth.php","meta":{"_monsterinsights_skip_tracking":false,"_monsterinsights_sitenote_active":false,"_monsterinsights_sitenote_note":"","_monsterinsights_sitenote_category":0},"acf":[],"yoast_head":"<!-- This site is optimized with the Yoast SEO plugin v21.5 - https:\/\/yoast.com\/wordpress\/plugins\/seo\/ -->\n<title>Silos carr\u00e9s | PRADO Storage Project Solutions<\/title>\n<meta name=\"description\" content=\"Les silos carr\u00e9s ou silos modulaires offrent une plus grande flexibilit\u00e9 pour des futurs agrandissements et sont recommand\u00e9s en cas de manque d&#039;espace.\" \/>\n<meta name=\"robots\" content=\"index, follow, max-snippet:-1, max-image-preview:large, max-video-preview:-1\" \/>\n<link rel=\"canonical\" href=\"https:\/\/spssilos.com\/fr\/silos\/silos-carres\/\" \/>\n<meta name=\"twitter:label1\" content=\"Dur\u00e9e de lecture estim\u00e9e\" \/>\n\t<meta name=\"twitter:data1\" content=\"2 minutes\" \/>\n<script type=\"application\/ld+json\" class=\"yoast-schema-graph\">{\"@context\":\"https:\/\/schema.org\",\"@graph\":[{\"@type\":\"WebPage\",\"@id\":\"https:\/\/spssilos.com\/fr\/silos\/silos-carres\/\",\"url\":\"https:\/\/spssilos.com\/fr\/silos\/silos-carres\/\",\"name\":\"Silos carr\u00e9s | PRADO Storage Project Solutions\",\"isPartOf\":{\"@id\":\"https:\/\/spssilos.com\/#website\"},\"datePublished\":\"2016-10-25T06:26:30+00:00\",\"dateModified\":\"2017-04-06T11:15:12+00:00\",\"description\":\"Les silos carr\u00e9s ou silos modulaires offrent une plus grande flexibilit\u00e9 pour des futurs agrandissements et sont recommand\u00e9s en cas de manque d'espace.\",\"breadcrumb\":{\"@id\":\"https:\/\/spssilos.com\/fr\/silos\/silos-carres\/#breadcrumb\"},\"inLanguage\":\"fr-FR\",\"potentialAction\":[{\"@type\":\"ReadAction\",\"target\":[\"https:\/\/spssilos.com\/fr\/silos\/silos-carres\/\"]}]},{\"@type\":\"BreadcrumbList\",\"@id\":\"https:\/\/spssilos.com\/fr\/silos\/silos-carres\/#breadcrumb\",\"itemListElement\":[{\"@type\":\"ListItem\",\"position\":1,\"name\":\"Silos \u00e0 grains\",\"item\":\"https:\/\/spssilos.com\/fr\/silos\/\"},{\"@type\":\"ListItem\",\"position\":2,\"name\":\"Silos carr\u00e9s\"}]},{\"@type\":\"WebSite\",\"@id\":\"https:\/\/spssilos.com\/#website\",\"url\":\"https:\/\/spssilos.com\/\",\"name\":\"SPS\",\"description\":\"\",\"potentialAction\":[{\"@type\":\"SearchAction\",\"target\":{\"@type\":\"EntryPoint\",\"urlTemplate\":\"https:\/\/spssilos.com\/?s={search_term_string}\"},\"query-input\":\"required name=search_term_string\"}],\"inLanguage\":\"fr-FR\"}]}<\/script>\n<!-- \/ Yoast SEO plugin. -->","yoast_head_json":{"title":"Silos carr\u00e9s | PRADO Storage Project Solutions","description":"Les silos carr\u00e9s ou silos modulaires offrent une plus grande flexibilit\u00e9 pour des futurs agrandissements et sont recommand\u00e9s en cas de manque d'espace.","robots":{"index":"index","follow":"follow","max-snippet":"max-snippet:-1","max-image-preview":"max-image-preview:large","max-video-preview":"max-video-preview:-1"},"canonical":"https:\/\/spssilos.com\/fr\/silos\/silos-carres\/","twitter_misc":{"Dur\u00e9e de lecture estim\u00e9e":"2 minutes"},"schema":{"@context":"https:\/\/schema.org","@graph":[{"@type":"WebPage","@id":"https:\/\/spssilos.com\/fr\/silos\/silos-carres\/","url":"https:\/\/spssilos.com\/fr\/silos\/silos-carres\/","name":"Silos carr\u00e9s | PRADO Storage Project Solutions","isPartOf":{"@id":"https:\/\/spssilos.com\/#website"},"datePublished":"2016-10-25T06:26:30+00:00","dateModified":"2017-04-06T11:15:12+00:00","description":"Les silos carr\u00e9s ou silos modulaires offrent une plus grande flexibilit\u00e9 pour des futurs agrandissements et sont recommand\u00e9s en cas de manque d'espace.","breadcrumb":{"@id":"https:\/\/spssilos.com\/fr\/silos\/silos-carres\/#breadcrumb"},"inLanguage":"fr-FR","potentialAction":[{"@type":"ReadAction","target":["https:\/\/spssilos.com\/fr\/silos\/silos-carres\/"]}]},{"@type":"BreadcrumbList","@id":"https:\/\/spssilos.com\/fr\/silos\/silos-carres\/#breadcrumb","itemListElement":[{"@type":"ListItem","position":1,"name":"Silos \u00e0 grains","item":"https:\/\/spssilos.com\/fr\/silos\/"},{"@type":"ListItem","position":2,"name":"Silos carr\u00e9s"}]},{"@type":"WebSite","@id":"https:\/\/spssilos.com\/#website","url":"https:\/\/spssilos.com\/","name":"SPS","description":"","potentialAction":[{"@type":"SearchAction","target":{"@type":"EntryPoint","urlTemplate":"https:\/\/spssilos.com\/?s={search_term_string}"},"query-input":"required name=search_term_string"}],"inLanguage":"fr-FR"}]}},"_links":{"self":[{"href":"https:\/\/spssilos.com\/fr\/wp-json\/wp\/v2\/pages\/3248"}],"collection":[{"href":"https:\/\/spssilos.com\/fr\/wp-json\/wp\/v2\/pages"}],"about":[{"href":"https:\/\/spssilos.com\/fr\/wp-json\/wp\/v2\/types\/page"}],"author":[{"embeddable":true,"href":"https:\/\/spssilos.com\/fr\/wp-json\/wp\/v2\/users\/2"}],"replies":[{"embeddable":true,"href":"https:\/\/spssilos.com\/fr\/wp-json\/wp\/v2\/comments?post=3248"}],"version-history":[{"count":1,"href":"https:\/\/spssilos.com\/fr\/wp-json\/wp\/v2\/pages\/3248\/revisions"}],"predecessor-version":[{"id":3548,"href":"https:\/\/spssilos.com\/fr\/wp-json\/wp\/v2\/pages\/3248\/revisions\/3548"}],"up":[{"embeddable":true,"href":"https:\/\/spssilos.com\/fr\/wp-json\/wp\/v2\/pages\/3026"}],"wp:attachment":[{"href":"https:\/\/spssilos.com\/fr\/wp-json\/wp\/v2\/media?parent=3248"}],"curies":[{"name":"wp","href":"https:\/\/api.w.org\/{rel}","templated":true}]}}