{"id":3245,"date":"2016-10-25T08:46:36","date_gmt":"2016-10-25T06:46:36","guid":{"rendered":"http:\/\/www.pradosps.com\/fr\/silos-a-grains\/hopper-bottom-silos\/"},"modified":"2017-04-06T13:12:46","modified_gmt":"2017-04-06T11:12:46","slug":"silos-a-fond-conique","status":"publish","type":"page","link":"https:\/\/spssilos.com\/fr\/silos\/silos-a-fond-conique\/","title":{"rendered":"Silos \u00e0 fond conique"},"content":{"rendered":"<div class=\"one_fourth\">\n<div class=\"custom-frame-wrapper alignleft\">\n<div class=\"custom-frame-inner-wrapper\">\n<div class=\"custom-frame-padding\"><a href=\"https:\/\/spssilos.com\/wp-content\/uploads\/2016\/07\/Silo-Elevado.jpg\" rel=\"\" rel=\"wp-prettyPhoto[3245]\"><img decoding=\"async\" title=\"photo\" src=\"https:\/\/spssilos.com\/wp-content\/uploads\/2016\/07\/Silo-Elevado.jpg\" alt=\"Hopper bottom silos\" \/><br \/>\n<\/a><\/div>\n<\/div>\n<\/div>\n<\/div>\n<div class=\"three_fourth last_column\">\n<div id=\"botonera\"><a class=\"medium custom-button align-btn-left\" title=\"Caracter\u00edsticas\" href=\"#caracteristicas\"><span style=\"background-color: #C00028; color: #ffffff;\">Caract\u00e9ristiques\u00a0<\/span><\/a><a class=\"medium custom-button align-btn-left\" title=\"Productos\" href=\"#productos\"><span style=\"background-color: #C00028; color: #ffffff;\">Accessoires\u00a0<\/span><\/a><a class=\"medium custom-button align-btn-left\" title=\"video\" href=\"#video\"><span style=\"background-color: #C00028; color: #ffffff;\">Video <\/span><\/a><a class=\"medium custom-button align-btn-left\" title=\"Descargar ficha t\u00e9cnica\" href=\"#descarga\"><span style=\"background-color: #C00028; color: #ffffff;\">Fiche technique\u00a0<\/span><\/a><a class=\"medium custom-button align-btn-left\" title=\"presupuesto\" href=\"https:\/\/spssilos.com\/fr\/demande-de-devis\/\"><span style=\"background-color: #C00028; color: #ffffff;\">Demandez un devis!<\/span><\/a><\/div>\n<div class=\"clear\"><\/div>\n<h2 style=\"color: #C00028;\">Les silos \u00e0 fond conique sont plus appropri\u00e9s pour du stockage \u00e0 court terme.<\/h2>\n<h3 style=\"color: #C00028;\">Ils sont principalement utilis\u00e9s pour des grains telles que riz ou copeaux de bois.<\/h3>\n<p>Les silos \u00e0 fond conique sont principalement utilis\u00e9s pour le stockage \u00e0 court terme, dans des zones o\u00f9 il est difficile de r\u00e9aliser des fondations optimales.<\/p>\n<p>Ils sont \u00e9galement recommand\u00e9s pour le stockage des grains comme le riz ou les copeaux de bois (plus fragiles), le grain pouvant se casser plus facilement. Ce syst\u00e8me permet ainsi d\u2019\u00e9viter l&rsquo;utilisation de balayeuses lors du d\u00e9chargement. Au lieu de cela, le d\u00e9chargement se fait par gravit\u00e9 \u00e0 travers une tr\u00e9mie de 45\u00ba ou 60\u00ba.<\/p>\n<p>&nbsp;<\/p>\n<\/div>\n<div class=\"clear\"><\/div>\n<div class=\"divider top-of-page\"><a title=\"Top of Page\" href=\"#botonera\">Haut de page<\/a><\/div>\n<div id=\"caracteristicas\" class=\"two_third\">\n<h2 style=\"color: #C00028;\">Principales caract\u00e9ristiques du silo \u00e0 fond conique<\/h2>\n<div class=\"simple\" style=\"background-color: #fcfcfc; color: #333333;\">\n<div class=\"inner-padding\">\n<ul>\n<li>Silo \u00e0 fond conique en <strong>acier haute r\u00e9sistance<\/strong> S350GD totalement galvanis\u00e9 Z-600 (600 g.\/m2), avec des <strong>armatures verticales<\/strong> boulonn\u00e9es \u00e0 l&rsquo;ext\u00e9rieur.<\/li>\n<li>Joints totalement boulonn\u00e9s avec visserie bichromat\u00e9e 8.8 et rondelles en caoutchouc.<\/li>\n<li>Support de la structure m\u00e9tallique et montants, galvanis\u00e9s \u00e0 chaud Z-600 (600 g.\/m2).<\/li>\n<li>Mastic butyle pr\u00e9form\u00e9 (BSD) pour sceller les joints des panneaux et relier le cylindre avec le c\u00f4ne.<\/li>\n<li>Plaques de fixation au sol avec tirants d&rsquo;ancrage chimique.<\/li>\n<li>Chemin\u00e9es de ventilation et escalier d\u2019acc\u00e8s au toit.<\/li>\n<li>Trappe d\u2019inspection sur le toit et au niveau du deuxi\u00e8me anneau avec plate-forme d\u2019acc\u00e8s et escalier..<\/li>\n<\/ul>\n<\/div>\n<\/div>\n<\/div>\n<div id=\"productos\" class=\"one_third last_column\">\n<h2 style=\"color: #C00028;\">Accessoires<\/h2>\n<div class=\"simple\" style=\"background-color: #fcfcfc; color: #333333;\">\n<div class=\"inner-padding\">\n<ul>\n<li>D\u00e9tecteur de niveau maximum pendulaire.<\/li>\n<li>D\u00e9tecteur de nivezu minimum \u00e0 membrane.<\/li>\n<li>Support lat\u00e9ral pour passerelle: (T2 &#8211; Deux corps).<\/li>\n<li>Syst\u00e8me de thermom\u00e9trie.<\/li>\n<li>Escalier d\u2019acc\u00e8s au toit \u00e9quip\u00e9 de protection conforme \u00e0 la norme UNE-EN-ISO 14122.<\/li>\n<li>Goulotte de d\u00e9charge.<\/li>\n<li>Trappe manuelle et motoris\u00e9e.<\/li>\n<li>Passerelle simple et double.<\/li>\n<li>Kit de ventilation pour l&rsquo;int\u00e9rieur du silo.<\/li>\n<li>Des conceptions sp\u00e9ciales avec des renforts pour resister aux tremblement de terre, la neige et le vent.<\/li>\n<li>Ventilation.<\/li>\n<\/ul>\n<\/div>\n<\/div>\n<\/div>\n<div class=\"divider top-of-page\"><a title=\"Top of Page\" href=\"#botonera\">Haut de page<\/a><\/div>\n<div id=\"video\" class=\"two_third\">\n<h2 style=\"color: #C00028;\">Video<\/h2>\n<p><iframe loading=\"lazy\" src=\"https:\/\/www.youtube.com\/embed\/SkRaSw5hR8I\" width=\"640\" height=\"480\" frameborder=\"0\" allowfullscreen=\"allowfullscreen\"><\/iframe><\/p>\n<\/div>\n<div id=\"descarga\" class=\"one_third last_column\">\n<h2 style=\"color: #C00028;\">Fiche technique<\/h2>\n<p><a href=\"https:\/\/spssilos.com\/wp-content\/uploads\/2015\/05\/FICHA-SILO-ELEVADO.pdf\" target=\"_blank\"><i class=\"fa fa-arrow-circle-down circle-wrap\"><\/i>\u00a0Silos a fond conique<\/a><\/p>\n<\/div>\n<div class=\"divider top-of-page\"><a title=\"Top of Page\" href=\"#botonera\">Haut de page<\/a><\/div>\n","protected":false},"excerpt":{"rendered":"<p>Caract\u00e9ristiques\u00a0Accessoires\u00a0Video Fiche technique\u00a0Demandez un devis! Les silos \u00e0 fond conique sont plus appropri\u00e9s pour du stockage \u00e0 court terme. Ils sont principalement utilis\u00e9s pour des grains telles que riz ou copeaux de bois. Les silos \u00e0 fond conique sont principalement utilis\u00e9s pour le stockage \u00e0 court terme, dans des zones o\u00f9 il est difficile de r\u00e9aliser des fondations optimales. Ils sont \u00e9galement recommand\u00e9s pour le stockage des grains comme le riz ou les copeaux de bois (plus fragiles), le grain pouvant se casser plus facilement. Ce syst\u00e8me permet ainsi d\u2019\u00e9viter l&rsquo;utilisation de balayeuses lors du d\u00e9chargement. Au lieu de cela,<\/p>\n","protected":false},"author":2,"featured_media":0,"parent":3026,"menu_order":0,"comment_status":"closed","ping_status":"closed","template":"page-FullWidth.php","meta":{"_monsterinsights_skip_tracking":false,"_monsterinsights_sitenote_active":false,"_monsterinsights_sitenote_note":"","_monsterinsights_sitenote_category":0},"acf":[],"yoast_head":"<!-- This site is optimized with the Yoast SEO plugin v21.5 - https:\/\/yoast.com\/wordpress\/plugins\/seo\/ -->\n<title>Silos \u00e0 fond conique | PRADO Storage Project Solutions<\/title>\n<meta name=\"description\" content=\"Les silos \u00e0 fond conique sont plus appropri\u00e9s pour le stockage \u00e0 court terme et sont principalement utilis\u00e9s pour des grains type riz ou de pellets.\" \/>\n<meta name=\"robots\" content=\"index, follow, max-snippet:-1, max-image-preview:large, max-video-preview:-1\" \/>\n<link rel=\"canonical\" href=\"https:\/\/spssilos.com\/fr\/silos\/silos-a-fond-conique\/\" \/>\n<meta name=\"twitter:label1\" content=\"Dur\u00e9e de lecture estim\u00e9e\" \/>\n\t<meta name=\"twitter:data1\" content=\"2 minutes\" \/>\n<script type=\"application\/ld+json\" class=\"yoast-schema-graph\">{\"@context\":\"https:\/\/schema.org\",\"@graph\":[{\"@type\":\"WebPage\",\"@id\":\"https:\/\/spssilos.com\/fr\/silos\/silos-a-fond-conique\/\",\"url\":\"https:\/\/spssilos.com\/fr\/silos\/silos-a-fond-conique\/\",\"name\":\"Silos \u00e0 fond conique | PRADO Storage Project Solutions\",\"isPartOf\":{\"@id\":\"https:\/\/spssilos.com\/#website\"},\"datePublished\":\"2016-10-25T06:46:36+00:00\",\"dateModified\":\"2017-04-06T11:12:46+00:00\",\"description\":\"Les silos \u00e0 fond conique sont plus appropri\u00e9s pour le stockage \u00e0 court terme et sont principalement utilis\u00e9s pour des grains type riz ou de pellets.\",\"breadcrumb\":{\"@id\":\"https:\/\/spssilos.com\/fr\/silos\/silos-a-fond-conique\/#breadcrumb\"},\"inLanguage\":\"fr-FR\",\"potentialAction\":[{\"@type\":\"ReadAction\",\"target\":[\"https:\/\/spssilos.com\/fr\/silos\/silos-a-fond-conique\/\"]}]},{\"@type\":\"BreadcrumbList\",\"@id\":\"https:\/\/spssilos.com\/fr\/silos\/silos-a-fond-conique\/#breadcrumb\",\"itemListElement\":[{\"@type\":\"ListItem\",\"position\":1,\"name\":\"Silos \u00e0 grains\",\"item\":\"https:\/\/spssilos.com\/fr\/silos\/\"},{\"@type\":\"ListItem\",\"position\":2,\"name\":\"Silos \u00e0 fond conique\"}]},{\"@type\":\"WebSite\",\"@id\":\"https:\/\/spssilos.com\/#website\",\"url\":\"https:\/\/spssilos.com\/\",\"name\":\"SPS\",\"description\":\"\",\"potentialAction\":[{\"@type\":\"SearchAction\",\"target\":{\"@type\":\"EntryPoint\",\"urlTemplate\":\"https:\/\/spssilos.com\/?s={search_term_string}\"},\"query-input\":\"required name=search_term_string\"}],\"inLanguage\":\"fr-FR\"}]}<\/script>\n<!-- \/ Yoast SEO plugin. -->","yoast_head_json":{"title":"Silos \u00e0 fond conique | PRADO Storage Project Solutions","description":"Les silos \u00e0 fond conique sont plus appropri\u00e9s pour le stockage \u00e0 court terme et sont principalement utilis\u00e9s pour des grains type riz ou de pellets.","robots":{"index":"index","follow":"follow","max-snippet":"max-snippet:-1","max-image-preview":"max-image-preview:large","max-video-preview":"max-video-preview:-1"},"canonical":"https:\/\/spssilos.com\/fr\/silos\/silos-a-fond-conique\/","twitter_misc":{"Dur\u00e9e de lecture estim\u00e9e":"2 minutes"},"schema":{"@context":"https:\/\/schema.org","@graph":[{"@type":"WebPage","@id":"https:\/\/spssilos.com\/fr\/silos\/silos-a-fond-conique\/","url":"https:\/\/spssilos.com\/fr\/silos\/silos-a-fond-conique\/","name":"Silos \u00e0 fond conique | PRADO Storage Project Solutions","isPartOf":{"@id":"https:\/\/spssilos.com\/#website"},"datePublished":"2016-10-25T06:46:36+00:00","dateModified":"2017-04-06T11:12:46+00:00","description":"Les silos \u00e0 fond conique sont plus appropri\u00e9s pour le stockage \u00e0 court terme et sont principalement utilis\u00e9s pour des grains type riz ou de pellets.","breadcrumb":{"@id":"https:\/\/spssilos.com\/fr\/silos\/silos-a-fond-conique\/#breadcrumb"},"inLanguage":"fr-FR","potentialAction":[{"@type":"ReadAction","target":["https:\/\/spssilos.com\/fr\/silos\/silos-a-fond-conique\/"]}]},{"@type":"BreadcrumbList","@id":"https:\/\/spssilos.com\/fr\/silos\/silos-a-fond-conique\/#breadcrumb","itemListElement":[{"@type":"ListItem","position":1,"name":"Silos \u00e0 grains","item":"https:\/\/spssilos.com\/fr\/silos\/"},{"@type":"ListItem","position":2,"name":"Silos \u00e0 fond conique"}]},{"@type":"WebSite","@id":"https:\/\/spssilos.com\/#website","url":"https:\/\/spssilos.com\/","name":"SPS","description":"","potentialAction":[{"@type":"SearchAction","target":{"@type":"EntryPoint","urlTemplate":"https:\/\/spssilos.com\/?s={search_term_string}"},"query-input":"required name=search_term_string"}],"inLanguage":"fr-FR"}]}},"_links":{"self":[{"href":"https:\/\/spssilos.com\/fr\/wp-json\/wp\/v2\/pages\/3245"}],"collection":[{"href":"https:\/\/spssilos.com\/fr\/wp-json\/wp\/v2\/pages"}],"about":[{"href":"https:\/\/spssilos.com\/fr\/wp-json\/wp\/v2\/types\/page"}],"author":[{"embeddable":true,"href":"https:\/\/spssilos.com\/fr\/wp-json\/wp\/v2\/users\/2"}],"replies":[{"embeddable":true,"href":"https:\/\/spssilos.com\/fr\/wp-json\/wp\/v2\/comments?post=3245"}],"version-history":[{"count":1,"href":"https:\/\/spssilos.com\/fr\/wp-json\/wp\/v2\/pages\/3245\/revisions"}],"predecessor-version":[{"id":3544,"href":"https:\/\/spssilos.com\/fr\/wp-json\/wp\/v2\/pages\/3245\/revisions\/3544"}],"up":[{"embeddable":true,"href":"https:\/\/spssilos.com\/fr\/wp-json\/wp\/v2\/pages\/3026"}],"wp:attachment":[{"href":"https:\/\/spssilos.com\/fr\/wp-json\/wp\/v2\/media?parent=3245"}],"curies":[{"name":"wp","href":"https:\/\/api.w.org\/{rel}","templated":true}]}}