{"id":3241,"date":"2016-10-25T08:37:40","date_gmt":"2016-10-25T06:37:40","guid":{"rendered":"http:\/\/www.pradosps.com\/fr\/silos-a-grains\/flat-bottom-silos\/"},"modified":"2017-04-04T18:14:38","modified_gmt":"2017-04-04T16:14:38","slug":"silos-a-fond-plat","status":"publish","type":"page","link":"https:\/\/spssilos.com\/fr\/silos\/silos-a-fond-plat\/","title":{"rendered":"Silos \u00e0 fond plat"},"content":{"rendered":"<div class=\"one_fourth\">\n<div class=\"custom-frame-wrapper alignleft\">\n<div class=\"custom-frame-inner-wrapper\">\n<div class=\"custom-frame-padding\"><a href=\"https:\/\/spssilos.com\/wp-content\/uploads\/2016\/06\/Silo-Asentado.jpg\" rel=\"\" rel=\"wp-prettyPhoto[3241]\"><br \/>\n<img decoding=\"async\" title=\"photo\" src=\"https:\/\/spssilos.com\/wp-content\/uploads\/2016\/06\/Silo-Asentado.jpg\" alt=\"Flat Bottom Silo\" \/><br \/>\n<\/a><\/div>\n<\/div>\n<\/div>\n<\/div>\n<div class=\"three_fourth last_column\">\n<div id=\"botonera\"><\/div>\n<div>\n<div id=\"botonera\"><a class=\"medium custom-button align-btn-left\" title=\"Caracter\u00edsticas\" href=\"#caracteristicas\"><span style=\"background-color: #C00028; color: #ffffff;\">Caract\u00e9ristiques\u00a0<\/span><\/a><a class=\"medium custom-button align-btn-left\" title=\"Productos\" href=\"#productos\"><span style=\"background-color: #C00028; color: #ffffff;\">Accessoires\u00a0<\/span><\/a><a class=\"medium custom-button align-btn-left\" title=\"video\" href=\"#video\"><span style=\"background-color: #C00028; color: #ffffff;\">Video <\/span><\/a><a class=\"medium custom-button align-btn-left\" title=\"Descargar ficha t\u00e9cnica\" href=\"#descarga\"><span style=\"background-color: #C00028; color: #ffffff;\">Fiche technique\u00a0<\/span><\/a><a class=\"medium custom-button align-btn-left\" title=\"presupuesto\" href=\"https:\/\/spssilos.com\/fr\/demande-de-devis\/\"><span style=\"background-color: #C00028; color: #ffffff;\">Demandez un devis!<\/span><\/a><\/div>\n<div class=\"clear\"><\/div>\n<\/div>\n<h2 style=\"color: #C00028;\">Les silos \u00e0 font plat sont la meilleure option dans le cas de stockage de grain \u00e0 long terme.<\/h2>\n<h3 style=\"color: #C00028;\">Ils sont adapt\u00e9s pour des capacit\u00e9s de plus de 2000 tonnes et des conditions d&rsquo;entretien extr\u00eames.<\/h3>\n<p>PRADO SPS offre une large gamme de silos \u00e0 fond plat, sur la base de nos diam\u00e8tres standard, avec une hauteur d\u00e9sir\u00e9e et fournie avec les accessoires compl\u00e9mentaires n\u00e9cessaires pour que le grain soit stock\u00e9 et trait\u00e9 de la meilleure fa\u00e7on possible.<\/p>\n<p>Nous pouvons \u00e9galement concevoir une solution de stockage personnalis\u00e9e avec des diam\u00e8tres adapt\u00e9s \u00e0 tout type de fondation, tout en analysant les conditions optimales pour le grain \u00e0 stocker.<\/p>\n<p>&nbsp;<\/p>\n<\/div>\n<div class=\"clear\"><\/div>\n<div class=\"divider top-of-page\"><a title=\"Top of Page\" href=\"#botonera\">Haut de page<\/a><\/div>\n<div id=\"caracteristicas\" class=\"two_third\">\n<h2 style=\"color: #C00028;\">Principales caract\u00e9ristiques du silo \u00e0 fond plat<\/h2>\n<div class=\"simple\" style=\"background-color: #fcfcfc; color: #333333;\">\n<div class=\"inner-padding\">\n<ul>\n<li>Silo \u00e0 fond plat en <strong>acier haute r\u00e9sistance<\/strong> S350GD totalement galvanis\u00e9 Z-600 (600 g.\/m2), avec des <strong>armatures verticales<\/strong> boulonn\u00e9es \u00e0 l&rsquo;ext\u00e9rieur.<\/li>\n<li>Joints totalement boulonn\u00e9s avec visserie bichromat\u00e9e 8.8 et rondelles en caoutchouc.<\/li>\n<li>Mastic butyle pr\u00e9form\u00e9 (BSD) pour sceller les joints des panneaux et relier le cylindre avec le c\u00f4ne.<\/li>\n<li>Plaques de fixation au sol avec tirants d&rsquo;ancrage chimique.<\/li>\n<li>Chemin\u00e9es de ventilation et escalier du toit.<\/li>\n<li>Trappe d\u2019inspection sur le toit et au niveau du deuxi\u00e8me anneau avec plate-forme d\u2019acc\u00e8s et escalier int\u00e9rieur permettant d\u2019acc\u00e9der au fond du silo.<\/li>\n<\/ul>\n<\/div>\n<\/div>\n<\/div>\n<div id=\"productos\" class=\"one_third last_column\">\n<h2 style=\"color: #C00028;\">Accessoires<\/h2>\n<div class=\"simple\" style=\"background-color: #fcfcfc; color: #333333;\">\n<div class=\"inner-padding\">\n<ul>\n<li>D\u00e9tecteur de niveau maximum pendulaire.<\/li>\n<li>D\u00e9tecteur de nivezu minimum \u00e0 membrane.<\/li>\n<li>Support lat\u00e9ral pour passerelle: (T2 &#8211; Deux corps).<\/li>\n<li>Support diagonal pour passerelle: (T1 &#8211; Un corps).<\/li>\n<li>Syst\u00e8me de thermom\u00e9trie.<\/li>\n<li>Escalier d\u2019acc\u00e8s au toit \u00e9quip\u00e9 de protection conforme \u00e0 la norme UNE-EN-ISO 14122 et plate-forme de repos tous les 6 m\u00e8tres.<\/li>\n<li>Grilles de ventilation pour le sol (jusqu&rsquo;\u00e0 100%)<\/li>\n<li>Goulotte de d\u00e9charge.<\/li>\n<li>D\u00e9charge lat\u00e9rale.<\/li>\n<li>Trappe manuelle et motoris\u00e9e.<\/li>\n<li>Passerelle simple et double.<\/li>\n<li>Kit de ventilation pour l&rsquo;int\u00e9rieur du silo<\/li>\n<li>Vis balayeuse<\/li>\n<li>Conceptions sp\u00e9ciales renforc\u00e9s pour faire face aux conditions extr\u00eames telles que s\u00e9isme, neige et vent.<\/li>\n<li>Ventilation.<\/li>\n<\/ul>\n<\/div>\n<\/div>\n<\/div>\n<div class=\"divider top-of-page\"><a title=\"Top of Page\" href=\"#botonera\">Haut de page<\/a><\/div>\n<div id=\"video\" class=\"two_third\">\n<h2 style=\"color: #C00028;\">Video<\/h2>\n<p><iframe loading=\"lazy\" src=\"https:\/\/www.youtube.com\/embed\/slZfoRTOMb0?rel=0\" width=\"640\" height=\"480\" frameborder=\"0\" allowfullscreen=\"allowfullscreen\"><\/iframe><\/p>\n<\/div>\n<div id=\"descarga\" class=\"one_third last_column\">\n<h2 style=\"color: #C00028;\">Fiche technique<\/h2>\n<p><a href=\"https:\/\/spssilos.com\/wp-content\/uploads\/2015\/05\/FICHA-SILO-ASENTADO.pdf\" target=\"_blank\"><i class=\"fa fa-arrow-circle-down circle-wrap\"><\/i>\u00a0Silos \u00e0 fond plat<\/a><\/p>\n<\/div>\n<div class=\"divider top-of-page\"><a title=\"Top of Page\" href=\"#botonera\">Haut de page<\/a><\/div>\n","protected":false},"excerpt":{"rendered":"<p>Caract\u00e9ristiques\u00a0Accessoires\u00a0Video Fiche technique\u00a0Demandez un devis! Les silos \u00e0 font plat sont la meilleure option dans le cas de stockage de grain \u00e0 long terme. Ils sont adapt\u00e9s pour des capacit\u00e9s de plus de 2000 tonnes et des conditions d&rsquo;entretien extr\u00eames. PRADO SPS offre une large gamme de silos \u00e0 fond plat, sur la base de nos diam\u00e8tres standard, avec une hauteur d\u00e9sir\u00e9e et fournie avec les accessoires compl\u00e9mentaires n\u00e9cessaires pour que le grain soit stock\u00e9 et trait\u00e9 de la meilleure fa\u00e7on possible. Nous pouvons \u00e9galement concevoir une solution de stockage personnalis\u00e9e avec des diam\u00e8tres adapt\u00e9s \u00e0 tout type de fondation,<\/p>\n","protected":false},"author":2,"featured_media":0,"parent":3026,"menu_order":0,"comment_status":"closed","ping_status":"closed","template":"page-FullWidth.php","meta":{"_monsterinsights_skip_tracking":false,"_monsterinsights_sitenote_active":false,"_monsterinsights_sitenote_note":"","_monsterinsights_sitenote_category":0},"acf":[],"yoast_head":"<!-- This site is optimized with the Yoast SEO plugin v21.5 - https:\/\/yoast.com\/wordpress\/plugins\/seo\/ -->\n<title>Silos \u00e0 fond plat | PRADO Storage Project Solutions<\/title>\n<meta name=\"description\" content=\"Les silos \u00e0 fond plat sont la meilleure option en cas de stockage prolong\u00e9 des grains. Nous offrons une large gamme en fonction de nos diam\u00e8tres standards.\" \/>\n<meta name=\"robots\" content=\"index, follow, max-snippet:-1, max-image-preview:large, max-video-preview:-1\" \/>\n<link rel=\"canonical\" href=\"https:\/\/spssilos.com\/fr\/silos\/silos-a-fond-plat\/\" \/>\n<meta name=\"twitter:label1\" content=\"Dur\u00e9e de lecture estim\u00e9e\" \/>\n\t<meta name=\"twitter:data1\" content=\"2 minutes\" \/>\n<script type=\"application\/ld+json\" class=\"yoast-schema-graph\">{\"@context\":\"https:\/\/schema.org\",\"@graph\":[{\"@type\":\"WebPage\",\"@id\":\"https:\/\/spssilos.com\/fr\/silos\/silos-a-fond-plat\/\",\"url\":\"https:\/\/spssilos.com\/fr\/silos\/silos-a-fond-plat\/\",\"name\":\"Silos \u00e0 fond plat | PRADO Storage Project Solutions\",\"isPartOf\":{\"@id\":\"https:\/\/spssilos.com\/#website\"},\"datePublished\":\"2016-10-25T06:37:40+00:00\",\"dateModified\":\"2017-04-04T16:14:38+00:00\",\"description\":\"Les silos \u00e0 fond plat sont la meilleure option en cas de stockage prolong\u00e9 des grains. Nous offrons une large gamme en fonction de nos diam\u00e8tres standards.\",\"breadcrumb\":{\"@id\":\"https:\/\/spssilos.com\/fr\/silos\/silos-a-fond-plat\/#breadcrumb\"},\"inLanguage\":\"fr-FR\",\"potentialAction\":[{\"@type\":\"ReadAction\",\"target\":[\"https:\/\/spssilos.com\/fr\/silos\/silos-a-fond-plat\/\"]}]},{\"@type\":\"BreadcrumbList\",\"@id\":\"https:\/\/spssilos.com\/fr\/silos\/silos-a-fond-plat\/#breadcrumb\",\"itemListElement\":[{\"@type\":\"ListItem\",\"position\":1,\"name\":\"Silos \u00e0 grains\",\"item\":\"https:\/\/spssilos.com\/fr\/silos\/\"},{\"@type\":\"ListItem\",\"position\":2,\"name\":\"Silos \u00e0 fond plat\"}]},{\"@type\":\"WebSite\",\"@id\":\"https:\/\/spssilos.com\/#website\",\"url\":\"https:\/\/spssilos.com\/\",\"name\":\"SPS\",\"description\":\"\",\"potentialAction\":[{\"@type\":\"SearchAction\",\"target\":{\"@type\":\"EntryPoint\",\"urlTemplate\":\"https:\/\/spssilos.com\/?s={search_term_string}\"},\"query-input\":\"required name=search_term_string\"}],\"inLanguage\":\"fr-FR\"}]}<\/script>\n<!-- \/ Yoast SEO plugin. -->","yoast_head_json":{"title":"Silos \u00e0 fond plat | PRADO Storage Project Solutions","description":"Les silos \u00e0 fond plat sont la meilleure option en cas de stockage prolong\u00e9 des grains. Nous offrons une large gamme en fonction de nos diam\u00e8tres standards.","robots":{"index":"index","follow":"follow","max-snippet":"max-snippet:-1","max-image-preview":"max-image-preview:large","max-video-preview":"max-video-preview:-1"},"canonical":"https:\/\/spssilos.com\/fr\/silos\/silos-a-fond-plat\/","twitter_misc":{"Dur\u00e9e de lecture estim\u00e9e":"2 minutes"},"schema":{"@context":"https:\/\/schema.org","@graph":[{"@type":"WebPage","@id":"https:\/\/spssilos.com\/fr\/silos\/silos-a-fond-plat\/","url":"https:\/\/spssilos.com\/fr\/silos\/silos-a-fond-plat\/","name":"Silos \u00e0 fond plat | PRADO Storage Project Solutions","isPartOf":{"@id":"https:\/\/spssilos.com\/#website"},"datePublished":"2016-10-25T06:37:40+00:00","dateModified":"2017-04-04T16:14:38+00:00","description":"Les silos \u00e0 fond plat sont la meilleure option en cas de stockage prolong\u00e9 des grains. Nous offrons une large gamme en fonction de nos diam\u00e8tres standards.","breadcrumb":{"@id":"https:\/\/spssilos.com\/fr\/silos\/silos-a-fond-plat\/#breadcrumb"},"inLanguage":"fr-FR","potentialAction":[{"@type":"ReadAction","target":["https:\/\/spssilos.com\/fr\/silos\/silos-a-fond-plat\/"]}]},{"@type":"BreadcrumbList","@id":"https:\/\/spssilos.com\/fr\/silos\/silos-a-fond-plat\/#breadcrumb","itemListElement":[{"@type":"ListItem","position":1,"name":"Silos \u00e0 grains","item":"https:\/\/spssilos.com\/fr\/silos\/"},{"@type":"ListItem","position":2,"name":"Silos \u00e0 fond plat"}]},{"@type":"WebSite","@id":"https:\/\/spssilos.com\/#website","url":"https:\/\/spssilos.com\/","name":"SPS","description":"","potentialAction":[{"@type":"SearchAction","target":{"@type":"EntryPoint","urlTemplate":"https:\/\/spssilos.com\/?s={search_term_string}"},"query-input":"required name=search_term_string"}],"inLanguage":"fr-FR"}]}},"_links":{"self":[{"href":"https:\/\/spssilos.com\/fr\/wp-json\/wp\/v2\/pages\/3241"}],"collection":[{"href":"https:\/\/spssilos.com\/fr\/wp-json\/wp\/v2\/pages"}],"about":[{"href":"https:\/\/spssilos.com\/fr\/wp-json\/wp\/v2\/types\/page"}],"author":[{"embeddable":true,"href":"https:\/\/spssilos.com\/fr\/wp-json\/wp\/v2\/users\/2"}],"replies":[{"embeddable":true,"href":"https:\/\/spssilos.com\/fr\/wp-json\/wp\/v2\/comments?post=3241"}],"version-history":[{"count":1,"href":"https:\/\/spssilos.com\/fr\/wp-json\/wp\/v2\/pages\/3241\/revisions"}],"predecessor-version":[{"id":3524,"href":"https:\/\/spssilos.com\/fr\/wp-json\/wp\/v2\/pages\/3241\/revisions\/3524"}],"up":[{"embeddable":true,"href":"https:\/\/spssilos.com\/fr\/wp-json\/wp\/v2\/pages\/3026"}],"wp:attachment":[{"href":"https:\/\/spssilos.com\/fr\/wp-json\/wp\/v2\/media?parent=3241"}],"curies":[{"name":"wp","href":"https:\/\/api.w.org\/{rel}","templated":true}]}}