{"id":3026,"date":"2015-10-10T10:41:42","date_gmt":"2015-10-10T08:41:42","guid":{"rendered":"http:\/\/www.pradosps.com\/fr\/silos\/"},"modified":"2016-11-04T10:28:45","modified_gmt":"2016-11-04T08:28:45","slug":"silos","status":"publish","type":"page","link":"https:\/\/spssilos.com\/fr\/silos\/","title":{"rendered":"Silos \u00e0 grains"},"content":{"rendered":"<h2><a href=\"https:\/\/spssilos.com\/wp-content\/uploads\/2015\/12\/Silos-SPS.jpg\" rel=\"wp-prettyPhoto[3026]\"><img decoding=\"async\" loading=\"lazy\" class=\"size-full wp-image-1960 alignleft\" src=\"https:\/\/spssilos.com\/wp-content\/uploads\/2015\/12\/Silos-SPS.jpg\" alt=\"Silos SPS\" width=\"500\" height=\"470\" srcset=\"https:\/\/spssilos.com\/wp-content\/uploads\/2015\/12\/Silos-SPS.jpg 500w, https:\/\/spssilos.com\/wp-content\/uploads\/2015\/12\/Silos-SPS-300x282.jpg 300w\" sizes=\"(max-width: 500px) 100vw, 500px\" \/><\/a><\/h2>\n<h2 style=\"color: #C00028;\">Silos m\u00e9talliques pour le stockage de grain.<\/h2>\n<h3>Nous concevons et fabriquons une grande vari\u00e9t\u00e9 de silos \u00e0 grains, en fonction des besoins de chaque projet de stockage.<\/h3>\n<p>&nbsp;<\/p>\n<p>Avec des capacit\u00e9s allant <strong>de 50 m3 \u00e0 35.000 m3<\/strong>, nous pouvons \u00e9galement concevoir des silos plus robustes pour faire face aux conditions les plus extr\u00eames comme le <strong>vent<\/strong>, la <strong>neige<\/strong> ou encore un <strong>s\u00e9isme<\/strong>.<\/p>\n<p>Nous nous adaptons \u00e0 tout type de grain, et sommes en mesure de fournir toutes les informations concernant l&rsquo;\u00e9tude de la ventilation, les hypoth\u00e8ses de chargement, les fondations&#8230;<\/p>\n<p>Chaque type de silo a ses propres caract\u00e9ristiques, la meilleure option est celle qui correspond \u00e0 votre strat\u00e9gie d&rsquo;infrastructure.<\/p>\n<p>Contactez-nous pour un <strong>devis personnalis\u00e9<\/strong>, adapt\u00e9 \u00e0 vos besoins de stockage.<\/p>\n<p style=\"text-align: center;\"><div class=\"align-btn-center\"><a class=\"large custom-button\" href=\"https:\/\/spssilos.com\/fr\/demande-de-devis\/\" title=\"DEMANDEZ UN DEVIS!\"><span style=\"background-color:#C00028; color:#FFFFFF\">DEMANDEZ UN DEVIS!<\/span><\/a><\/div>\n<h3 style=\"color: #C00028;\">Principales caract\u00e9ristiques des silos \u00e0 grains<\/h3>\n<div class=\"simple\" style=\"background-color: #fcfcfc; color: #333333;\">\n<div class=\"inner-padding\">\n<ul>\n<li>Tous nos silos sont fabriqu\u00e9s en <strong>acier <\/strong><strong>haute r\u00e9sistance<\/strong> S350GD (minimum)\u00a0totalement galvanis\u00e9 Z-600 (600 g.\/m2), avec des <strong>armatures verticales<\/strong> boulonn\u00e9es \u00e0 l&rsquo;ext\u00e9rieur.<\/li>\n<li>Mastic butyle pr\u00e9form\u00e9 (BSD) pour sceller les joints des panneaux et relier le cylindre avec le c\u00f4ne.<\/li>\n<li>Plaques de fixation au sol avec tirants d&rsquo;ancrage chimique.<\/li>\n<\/ul>\n<\/div>\n<\/div>\n<h3 style=\"color: #C00028;\"><\/h3>\n<h3 style=\"color: #C00028;\">Voir des informations d\u00e9taill\u00e9es par type de silo<\/h3>\n<div class=\"one_fourth\">\n<p><a href=\"https:\/\/spssilos.com\/fr\/silos\/silos-a-fond-conique\/\"><img decoding=\"async\" loading=\"lazy\" class=\"alignnone wp-image-2409 size-full\" src=\"https:\/\/spssilos.com\/wp-content\/uploads\/2015\/12\/Hopper-silos.jpg\" width=\"150\" height=\"150\" \/><\/a><\/p>\n<p><a href=\"https:\/\/spssilos.com\/fr\/silos\/silos-a-fond-conique\/\"><strong>SILOS \u00c0 FOND CONIQUE<\/strong><\/a><\/p>\n<\/div>\n<div class=\"one_fourth\">\n<p><a href=\"https:\/\/spssilos.com\/fr\/silos\/silos-a-fond-plat\/\"><img decoding=\"async\" loading=\"lazy\" class=\"alignnone wp-image-2413 size-full\" src=\"https:\/\/spssilos.com\/wp-content\/uploads\/2015\/12\/Silos-asentados.jpg\" alt=\"silos asentados\" width=\"150\" height=\"150\" \/><\/a><\/p>\n<p><a href=\"https:\/\/spssilos.com\/fr\/silos\/silos-a-fond-plat\/\"><strong>SILOS \u00c0 FOND PLAT<\/strong><\/a><\/p>\n<\/div>\n<div class=\"one_fourth\">\n<p><a href=\"https:\/\/spssilos.com\/fr\/silos\/silos-de-chargement-de-camion\/\"><img decoding=\"async\" loading=\"lazy\" class=\"alignnone wp-image-2417 size-full\" src=\"https:\/\/spssilos.com\/wp-content\/uploads\/2015\/12\/Silos-carga-camion.jpg\" alt=\"Silos carga camion\" width=\"150\" height=\"150\" \/><\/a><\/p>\n<p><strong><a href=\"https:\/\/spssilos.com\/fr\/silos\/silos-de-chargement-de-camion\/\">SILOS DE CHARG. DE CAMION<\/a><\/strong><\/p>\n<\/div>\n<div class=\"one_fourth last_column\">\n<p><a href=\"https:\/\/spssilos.com\/fr\/silos\/silos-carres\/\"><img decoding=\"async\" loading=\"lazy\" class=\"alignnone wp-image-2421 size-full\" src=\"https:\/\/spssilos.com\/wp-content\/uploads\/2015\/12\/Silos-cuadrados.jpg\" alt=\"silos cuadrados\" width=\"150\" height=\"150\" \/><\/a><\/p>\n<p><a href=\"https:\/\/spssilos.com\/fr\/silos\/silos-carres\/\"><strong>SILOS CARR\u00c9S<\/strong><\/a><\/p>\n<\/div>\n<h2 style=\"color: #C00028; text-align: left;\">Projets cl\u00e9 en main<\/h2>\n<p>SPS vous propose aussi un service complet cl\u00e9 en main pour tous types d\u2019installations.<\/p>\n<p>Notre excellent service apr\u00e8s-vente, notre service client\u00e8le personnalis\u00e9 et la haute qualit\u00e9 des produits SPS sont autant d\u2019atouts qui nous permettent de vous fournir la solution parfaite pour vos projets de stockage.<\/p>\n<p>Apr\u00e8s la r\u00e9ception de votre demande, notre \u00e9quipe d&rsquo;ing\u00e9nieurs \u00e9tudiera la <strong>solution optimale pour votre projet<\/strong> et nous vous contacterons pour vous donner tout le support dont vous avez besoin <strong>afin de tirer le meilleur parti<\/strong> de votre installation.<\/p>\n<p><a href=\"https:\/\/spssilos.com\/fr\/silos\/projets-cle-en-main\/\"><img decoding=\"async\" loading=\"lazy\" class=\"wp-image-2425 size-medium aligncenter\" src=\"https:\/\/spssilos.com\/wp-content\/uploads\/2015\/12\/Proyectos-llave-en-mano-300x150.jpg\" alt=\"Proyectos llave en mano\" width=\"300\" height=\"150\" \/><\/a><\/p>\n<p style=\"text-align: center;\"><a href=\"https:\/\/spssilos.com\/fr\/silos\/projets-cle-en-main\/\"><strong>PROJETS CL\u00c9 EN MAIN<\/strong><\/a><\/p>\n<p>&nbsp;<\/p>\n","protected":false},"excerpt":{"rendered":"<p>Silos m\u00e9talliques pour le stockage de grain. Nous concevons et fabriquons une grande vari\u00e9t\u00e9 de silos \u00e0 grains, en fonction des besoins de chaque projet de stockage. &nbsp; Avec des capacit\u00e9s allant de 50 m3 \u00e0 35.000 m3, nous pouvons \u00e9galement concevoir des silos plus robustes pour faire face aux conditions les plus extr\u00eames comme le vent, la neige ou encore un s\u00e9isme. Nous nous adaptons \u00e0 tout type de grain, et sommes en mesure de fournir toutes les informations concernant l&rsquo;\u00e9tude de la ventilation, les hypoth\u00e8ses de chargement, les fondations&#8230; Chaque type de silo a ses propres caract\u00e9ristiques, la<\/p>\n","protected":false},"author":2,"featured_media":0,"parent":0,"menu_order":0,"comment_status":"closed","ping_status":"closed","template":"page-FullWidth.php","meta":{"_monsterinsights_skip_tracking":false,"_monsterinsights_sitenote_active":false,"_monsterinsights_sitenote_note":"","_monsterinsights_sitenote_category":0},"acf":[],"yoast_head":"<!-- This site is optimized with the Yoast SEO plugin v21.5 - https:\/\/yoast.com\/wordpress\/plugins\/seo\/ -->\n<title>Silos m\u00e9talliques pour le stockage de grain<\/title>\n<meta name=\"description\" content=\"Nous fabriquons une grande vari\u00e9t\u00e9 de silos \u00e0 grains, en fonction des besoins de chaque projet. Demandez un devis de silos sans engagement!\" \/>\n<meta name=\"robots\" content=\"index, follow, max-snippet:-1, max-image-preview:large, max-video-preview:-1\" \/>\n<link rel=\"canonical\" href=\"https:\/\/spssilos.com\/fr\/silos\/\" \/>\n<meta name=\"twitter:label1\" content=\"Dur\u00e9e de lecture estim\u00e9e\" \/>\n\t<meta name=\"twitter:data1\" content=\"2 minutes\" \/>\n<script type=\"application\/ld+json\" class=\"yoast-schema-graph\">{\"@context\":\"https:\/\/schema.org\",\"@graph\":[{\"@type\":\"WebPage\",\"@id\":\"https:\/\/spssilos.com\/fr\/silos\/\",\"url\":\"https:\/\/spssilos.com\/fr\/silos\/\",\"name\":\"Silos m\u00e9talliques pour le stockage de grain\",\"isPartOf\":{\"@id\":\"https:\/\/spssilos.com\/#website\"},\"datePublished\":\"2015-10-10T08:41:42+00:00\",\"dateModified\":\"2016-11-04T08:28:45+00:00\",\"description\":\"Nous fabriquons une grande vari\u00e9t\u00e9 de silos \u00e0 grains, en fonction des besoins de chaque projet. Demandez un devis de silos sans engagement!\",\"inLanguage\":\"fr-FR\",\"potentialAction\":[{\"@type\":\"ReadAction\",\"target\":[\"https:\/\/spssilos.com\/fr\/silos\/\"]}]},{\"@type\":\"WebSite\",\"@id\":\"https:\/\/spssilos.com\/#website\",\"url\":\"https:\/\/spssilos.com\/\",\"name\":\"SPS\",\"description\":\"\",\"potentialAction\":[{\"@type\":\"SearchAction\",\"target\":{\"@type\":\"EntryPoint\",\"urlTemplate\":\"https:\/\/spssilos.com\/?s={search_term_string}\"},\"query-input\":\"required name=search_term_string\"}],\"inLanguage\":\"fr-FR\"}]}<\/script>\n<!-- \/ Yoast SEO plugin. -->","yoast_head_json":{"title":"Silos m\u00e9talliques pour le stockage de grain","description":"Nous fabriquons une grande vari\u00e9t\u00e9 de silos \u00e0 grains, en fonction des besoins de chaque projet. Demandez un devis de silos sans engagement!","robots":{"index":"index","follow":"follow","max-snippet":"max-snippet:-1","max-image-preview":"max-image-preview:large","max-video-preview":"max-video-preview:-1"},"canonical":"https:\/\/spssilos.com\/fr\/silos\/","twitter_misc":{"Dur\u00e9e de lecture estim\u00e9e":"2 minutes"},"schema":{"@context":"https:\/\/schema.org","@graph":[{"@type":"WebPage","@id":"https:\/\/spssilos.com\/fr\/silos\/","url":"https:\/\/spssilos.com\/fr\/silos\/","name":"Silos m\u00e9talliques pour le stockage de grain","isPartOf":{"@id":"https:\/\/spssilos.com\/#website"},"datePublished":"2015-10-10T08:41:42+00:00","dateModified":"2016-11-04T08:28:45+00:00","description":"Nous fabriquons une grande vari\u00e9t\u00e9 de silos \u00e0 grains, en fonction des besoins de chaque projet. Demandez un devis de silos sans engagement!","inLanguage":"fr-FR","potentialAction":[{"@type":"ReadAction","target":["https:\/\/spssilos.com\/fr\/silos\/"]}]},{"@type":"WebSite","@id":"https:\/\/spssilos.com\/#website","url":"https:\/\/spssilos.com\/","name":"SPS","description":"","potentialAction":[{"@type":"SearchAction","target":{"@type":"EntryPoint","urlTemplate":"https:\/\/spssilos.com\/?s={search_term_string}"},"query-input":"required name=search_term_string"}],"inLanguage":"fr-FR"}]}},"_links":{"self":[{"href":"https:\/\/spssilos.com\/fr\/wp-json\/wp\/v2\/pages\/3026"}],"collection":[{"href":"https:\/\/spssilos.com\/fr\/wp-json\/wp\/v2\/pages"}],"about":[{"href":"https:\/\/spssilos.com\/fr\/wp-json\/wp\/v2\/types\/page"}],"author":[{"embeddable":true,"href":"https:\/\/spssilos.com\/fr\/wp-json\/wp\/v2\/users\/2"}],"replies":[{"embeddable":true,"href":"https:\/\/spssilos.com\/fr\/wp-json\/wp\/v2\/comments?post=3026"}],"version-history":[{"count":0,"href":"https:\/\/spssilos.com\/fr\/wp-json\/wp\/v2\/pages\/3026\/revisions"}],"wp:attachment":[{"href":"https:\/\/spssilos.com\/fr\/wp-json\/wp\/v2\/media?parent=3026"}],"curies":[{"name":"wp","href":"https:\/\/api.w.org\/{rel}","templated":true}]}}