{"id":3014,"date":"2016-10-07T10:00:17","date_gmt":"2016-10-07T08:00:17","guid":{"rendered":"http:\/\/www.pradosps.com\/fr\/handling-equipment\/"},"modified":"2017-04-06T10:14:47","modified_gmt":"2017-04-06T08:14:47","slug":"systemes-de-manutention","status":"publish","type":"page","link":"https:\/\/spssilos.com\/fr\/systemes-de-manutention\/","title":{"rendered":"Syst\u00e8mes de manutention"},"content":{"rendered":"<h2 style=\"color: #C00028;\"><a href=\"https:\/\/spssilos.com\/wp-content\/uploads\/2016\/07\/Maquinaria-de-transporte-SPS.jpg\" rel=\"wp-prettyPhoto[3014]\"><img decoding=\"async\" loading=\"lazy\" class=\"size-full wp-image-2812 alignleft\" src=\"https:\/\/spssilos.com\/wp-content\/uploads\/2016\/07\/Maquinaria-de-transporte-SPS.jpg\" alt=\"maquinaria de transporte SPS\" width=\"500\" height=\"470\" srcset=\"https:\/\/spssilos.com\/wp-content\/uploads\/2016\/07\/Maquinaria-de-transporte-SPS.jpg 500w, https:\/\/spssilos.com\/wp-content\/uploads\/2016\/07\/Maquinaria-de-transporte-SPS-300x282.jpg 300w\" sizes=\"(max-width: 500px) 100vw, 500px\" \/><\/a>Machinerie industrielle pour la manutention de produits en vrac.<\/h2>\n<h3>PRADO SPS est sp\u00e9cialis\u00e9e dans la conception, la fabrication et la mise en service de syst\u00e8mes industriels pour la manutention de produits en vrac, principalement des c\u00e9r\u00e9ales.<\/h3>\n<p>Avec plus de 20 ans d&rsquo;exp\u00e9rience, nous sommes en mesure d&rsquo;offrir des syst\u00e8mes de manutention personnalis\u00e9s pour des besoins sp\u00e9ciaux quant \u00e0 la production, la longueur ou les conditions environnementales.<\/p>\n<p>Nous utilisons des mat\u00e9riaux de qualit\u00e9 sup\u00e9rieure pour d\u00e9velopper la solution la plus appropri\u00e9e pour chaque projet de manutention du grain.<\/p>\n<p>Nos services vont de l\u2019\u00e9tude du projet jusque la s\u00e9lection de la meilleure solution pour chaque projet en particulier, en analysant quel syst\u00e8me correspond le mieux \u00e0 vos besoins, tout en optimisant l&rsquo;espace, la puissance et la production n\u00e9cessaires \u00e0 la bonne conservation des grains.<\/p>\n<p style=\"text-align: center;\"><div class=\"align-btn-center\"><a class=\"large custom-button\" href=\"https:\/\/spssilos.com\/fr\/demande-de-devis\/\" title=\"DEMANDEZ UN DEVIS!\"><span style=\"background-color:#C00028; color:#FFFFFF\">DEMANDEZ UN DEVIS!<\/span><\/a><\/div>\n<h3 style=\"color: #C00028;\">Principales caract\u00e9ristiques des syst\u00e8mes de manutention<\/h3>\n<div class=\"simple\" style=\"background-color: #fcfcfc; color: #333333;\">\n<div class=\"inner-padding\">\n<ul>\n<li>Nos produits sont fabriqu\u00e9s selon les normes de qualit\u00e9 les plus \u00e9lev\u00e9es (ATEX, RTN-1).<\/li>\n<li>Nous utilisons des mat\u00e9riaux sp\u00e9cifiques contre la corrosion et l\u2019environment chimique, pr\u00e9par\u00e9s pour faire face aux conditions extr\u00eames telles que s\u00e9isme, neige et vent.<\/li>\n<li>Les syst\u00e8mes de manutention pour le grain vont de 20 m3\/h \u00e0 1500 m3\/h, avec des longueurs et hauteurs sp\u00e9ciales aux exigences de s\u00e9curit\u00e9 \u00e9lev\u00e9es.<\/li>\n<\/ul>\n<\/div>\n<\/div>\n<p>Faites-nous part de vos besoins en terme de capacit\u00e9 et nous vous pr\u00e9parerons un devis adapt\u00e9 aux exigences de votre installation.<\/p>\n<h3 style=\"color: #C00028;\">Voir des informations d\u00e9taill\u00e9es pour chaque produit:<\/h3>\n<div class=\"one_fourth\">\n<p><a href=\"https:\/\/spssilos.com\/fr\/systemes-de-manutention\/elevateurs-a-godets\/\"><img decoding=\"async\" loading=\"lazy\" class=\"alignnone size-full wp-image-2825\" src=\"https:\/\/spssilos.com\/wp-content\/uploads\/2016\/09\/Elevadores-de-cangilones_200.jpg\" alt=\"elevadores de cangilones\" width=\"150\" height=\"150\" srcset=\"https:\/\/spssilos.com\/wp-content\/uploads\/2016\/09\/Elevadores-de-cangilones_200.jpg 200w, https:\/\/spssilos.com\/wp-content\/uploads\/2016\/09\/Elevadores-de-cangilones_200-150x150.jpg 150w\" sizes=\"(max-width: 150px) 100vw, 150px\" \/><\/a><\/p>\n<p><a href=\"https:\/\/spssilos.com\/fr\/systemes-de-manutention\/elevateurs-a-godets\/\"><strong>\u00c9L\u00c9VATEURS \u00c0 GODETS<\/strong><\/a><\/p>\n<\/div>\n<div class=\"one_fourth\">\n<p><a href=\"https:\/\/spssilos.com\/fr\/systemes-de-manutention\/vis-balayeuses\/\"><img decoding=\"async\" loading=\"lazy\" class=\"alignnone size-full wp-image-2831\" src=\"https:\/\/spssilos.com\/wp-content\/uploads\/2016\/07\/Barredoras_200.jpg\" alt=\"barredoras\" width=\"150\" height=\"150\" srcset=\"https:\/\/spssilos.com\/wp-content\/uploads\/2016\/07\/Barredoras_200.jpg 200w, https:\/\/spssilos.com\/wp-content\/uploads\/2016\/07\/Barredoras_200-150x150.jpg 150w\" sizes=\"(max-width: 150px) 100vw, 150px\" \/><\/a><\/p>\n<p><a href=\"https:\/\/spssilos.com\/fr\/systemes-de-manutention\/vis-balayeuses\/\"><strong>VIS BALAYEUSES<\/strong><\/a><\/p>\n<\/div>\n<div class=\"one_fourth\">\n<p><a href=\"https:\/\/spssilos.com\/fr\/systemes-de-manutention\/chargeurs-de-navires\/\"><img decoding=\"async\" loading=\"lazy\" class=\"alignnone size-full wp-image-2835\" src=\"https:\/\/spssilos.com\/wp-content\/uploads\/2016\/07\/Ship-Loaders_200.jpg\" alt=\"ship loaders\" width=\"150\" height=\"150\" srcset=\"https:\/\/spssilos.com\/wp-content\/uploads\/2016\/07\/Ship-Loaders_200.jpg 200w, https:\/\/spssilos.com\/wp-content\/uploads\/2016\/07\/Ship-Loaders_200-150x150.jpg 150w\" sizes=\"(max-width: 150px) 100vw, 150px\" \/><\/a><\/p>\n<p><a href=\"https:\/\/spssilos.com\/fr\/systemes-de-manutention\/chargeurs-de-navires\/\"><strong>CHARGEURS DE NAVIRES<\/strong><\/a><\/p>\n<\/div>\n<div class=\"one_fourth last_column\">\n<p><a href=\"https:\/\/spssilos.com\/fr\/systemes-de-manutention\/convoyeurs-a-bande\/\"><img decoding=\"async\" loading=\"lazy\" class=\"alignnone size-full wp-image-2839\" src=\"https:\/\/spssilos.com\/wp-content\/uploads\/2016\/07\/Transportadores-de-banda_200.jpg\" alt=\"transportadores de banda\" width=\"150\" height=\"150\" srcset=\"https:\/\/spssilos.com\/wp-content\/uploads\/2016\/07\/Transportadores-de-banda_200.jpg 200w, https:\/\/spssilos.com\/wp-content\/uploads\/2016\/07\/Transportadores-de-banda_200-150x150.jpg 150w\" sizes=\"(max-width: 150px) 100vw, 150px\" \/><\/a><\/p>\n<p><a href=\"https:\/\/spssilos.com\/fr\/systemes-de-manutention\/convoyeurs-a-bande\/\"><strong>CONVOYEURS \u00c0 BANDE<\/strong><\/a><\/p>\n<\/div>\n<div class=\"one_fourth\">\n<p><a href=\"https:\/\/spssilos.com\/fr\/systemes-de-manutention\/convoyeurs-a-chaine\/\"><img decoding=\"async\" loading=\"lazy\" class=\"alignnone size-full wp-image-2843\" src=\"https:\/\/spssilos.com\/wp-content\/uploads\/2016\/07\/Transportadores-de-cadena_200.jpg\" alt=\"transportadores de cadena\" width=\"150\" height=\"150\" srcset=\"https:\/\/spssilos.com\/wp-content\/uploads\/2016\/07\/Transportadores-de-cadena_200.jpg 200w, https:\/\/spssilos.com\/wp-content\/uploads\/2016\/07\/Transportadores-de-cadena_200-150x150.jpg 150w\" sizes=\"(max-width: 150px) 100vw, 150px\" \/><\/a><\/p>\n<p><a href=\"https:\/\/spssilos.com\/fr\/systemes-de-manutention\/convoyeurs-a-chaine\/\"><strong>CONVOYEURS \u00c0 CHA\u00ceNE<\/strong><\/a><\/p>\n<\/div>\n<div class=\"one_fourth\">\n<p><a href=\"https:\/\/spssilos.com\/fr\/systemes-de-manutention\/convoyeurs-a-vis-sans-fin\/\"><img decoding=\"async\" loading=\"lazy\" class=\"alignnone size-full wp-image-2847\" src=\"https:\/\/spssilos.com\/wp-content\/uploads\/2016\/07\/Transportadores-sinfin-de-canal_200.jpg\" alt=\"transportadores sinfin de canal\" width=\"150\" height=\"150\" srcset=\"https:\/\/spssilos.com\/wp-content\/uploads\/2016\/07\/Transportadores-sinfin-de-canal_200.jpg 200w, https:\/\/spssilos.com\/wp-content\/uploads\/2016\/07\/Transportadores-sinfin-de-canal_200-150x150.jpg 150w\" sizes=\"(max-width: 150px) 100vw, 150px\" \/><\/a><\/p>\n<p><a href=\"https:\/\/spssilos.com\/fr\/systemes-de-manutention\/convoyeurs-a-vis-sans-fin\/\"><strong>CONVOYEURS \u00c0 VIS SANS FIN<\/strong><\/a><\/p>\n<\/div>\n<div class=\"one_fourth\">\n<p><a href=\"https:\/\/spssilos.com\/fr\/systemes-de-manutention\/equipements-complementaires\/\"><img decoding=\"async\" loading=\"lazy\" class=\"alignnone size-full wp-image-2857\" src=\"https:\/\/spssilos.com\/wp-content\/uploads\/2016\/07\/Equipos-complementarios_200.jpg\" alt=\"equipos complementarios\" width=\"150\" height=\"150\" srcset=\"https:\/\/spssilos.com\/wp-content\/uploads\/2016\/07\/Equipos-complementarios_200.jpg 200w, https:\/\/spssilos.com\/wp-content\/uploads\/2016\/07\/Equipos-complementarios_200-150x150.jpg 150w\" sizes=\"(max-width: 150px) 100vw, 150px\" \/><\/a><\/p>\n<p><a href=\"https:\/\/spssilos.com\/fr\/systemes-de-manutention\/equipements-complementaires\/\"><strong>\u00c9QUIPEMENTS COMPL\u00c9MENTAIRES<\/strong><\/a><\/p>\n<\/div>\n<div class=\"one_fourth last_column\"><\/div>\n","protected":false},"excerpt":{"rendered":"<p>Machinerie industrielle pour la manutention de produits en vrac. PRADO SPS est sp\u00e9cialis\u00e9e dans la conception, la fabrication et la mise en service de syst\u00e8mes industriels pour la manutention de produits en vrac, principalement des c\u00e9r\u00e9ales. Avec plus de 20 ans d&rsquo;exp\u00e9rience, nous sommes en mesure d&rsquo;offrir des syst\u00e8mes de manutention personnalis\u00e9s pour des besoins sp\u00e9ciaux quant \u00e0 la production, la longueur ou les conditions environnementales. Nous utilisons des mat\u00e9riaux de qualit\u00e9 sup\u00e9rieure pour d\u00e9velopper la solution la plus appropri\u00e9e pour chaque projet de manutention du grain. Nos services vont de l\u2019\u00e9tude du projet jusque la s\u00e9lection de la meilleure<\/p>\n","protected":false},"author":2,"featured_media":0,"parent":0,"menu_order":0,"comment_status":"closed","ping_status":"closed","template":"page-FullWidth.php","meta":{"_monsterinsights_skip_tracking":false,"_monsterinsights_sitenote_active":false,"_monsterinsights_sitenote_note":"","_monsterinsights_sitenote_category":0},"acf":[],"yoast_head":"<!-- This site is optimized with the Yoast SEO plugin v21.5 - https:\/\/yoast.com\/wordpress\/plugins\/seo\/ -->\n<title>Syst\u00e8mes de manutention | PRADO Storage Project Solutions<\/title>\n<meta name=\"description\" content=\"Sp\u00e9cialis\u00e9s dans la conception, la fabrication et la mise en service de syst\u00e8mes pour la manutention de produits en vrac, principalement des c\u00e9r\u00e9ales.\" \/>\n<meta name=\"robots\" content=\"index, follow, max-snippet:-1, max-image-preview:large, max-video-preview:-1\" \/>\n<link rel=\"canonical\" href=\"https:\/\/spssilos.com\/fr\/systemes-de-manutention\/\" \/>\n<meta name=\"twitter:label1\" content=\"Dur\u00e9e de lecture estim\u00e9e\" \/>\n\t<meta name=\"twitter:data1\" content=\"2 minutes\" \/>\n<script type=\"application\/ld+json\" class=\"yoast-schema-graph\">{\"@context\":\"https:\/\/schema.org\",\"@graph\":[{\"@type\":\"WebPage\",\"@id\":\"https:\/\/spssilos.com\/fr\/systemes-de-manutention\/\",\"url\":\"https:\/\/spssilos.com\/fr\/systemes-de-manutention\/\",\"name\":\"Syst\u00e8mes de manutention | PRADO Storage Project Solutions\",\"isPartOf\":{\"@id\":\"https:\/\/spssilos.com\/#website\"},\"datePublished\":\"2016-10-07T08:00:17+00:00\",\"dateModified\":\"2017-04-06T08:14:47+00:00\",\"description\":\"Sp\u00e9cialis\u00e9s dans la conception, la fabrication et la mise en service de syst\u00e8mes pour la manutention de produits en vrac, principalement des c\u00e9r\u00e9ales.\",\"inLanguage\":\"fr-FR\",\"potentialAction\":[{\"@type\":\"ReadAction\",\"target\":[\"https:\/\/spssilos.com\/fr\/systemes-de-manutention\/\"]}]},{\"@type\":\"WebSite\",\"@id\":\"https:\/\/spssilos.com\/#website\",\"url\":\"https:\/\/spssilos.com\/\",\"name\":\"SPS\",\"description\":\"\",\"potentialAction\":[{\"@type\":\"SearchAction\",\"target\":{\"@type\":\"EntryPoint\",\"urlTemplate\":\"https:\/\/spssilos.com\/?s={search_term_string}\"},\"query-input\":\"required name=search_term_string\"}],\"inLanguage\":\"fr-FR\"}]}<\/script>\n<!-- \/ Yoast SEO plugin. -->","yoast_head_json":{"title":"Syst\u00e8mes de manutention | PRADO Storage Project Solutions","description":"Sp\u00e9cialis\u00e9s dans la conception, la fabrication et la mise en service de syst\u00e8mes pour la manutention de produits en vrac, principalement des c\u00e9r\u00e9ales.","robots":{"index":"index","follow":"follow","max-snippet":"max-snippet:-1","max-image-preview":"max-image-preview:large","max-video-preview":"max-video-preview:-1"},"canonical":"https:\/\/spssilos.com\/fr\/systemes-de-manutention\/","twitter_misc":{"Dur\u00e9e de lecture estim\u00e9e":"2 minutes"},"schema":{"@context":"https:\/\/schema.org","@graph":[{"@type":"WebPage","@id":"https:\/\/spssilos.com\/fr\/systemes-de-manutention\/","url":"https:\/\/spssilos.com\/fr\/systemes-de-manutention\/","name":"Syst\u00e8mes de manutention | PRADO Storage Project Solutions","isPartOf":{"@id":"https:\/\/spssilos.com\/#website"},"datePublished":"2016-10-07T08:00:17+00:00","dateModified":"2017-04-06T08:14:47+00:00","description":"Sp\u00e9cialis\u00e9s dans la conception, la fabrication et la mise en service de syst\u00e8mes pour la manutention de produits en vrac, principalement des c\u00e9r\u00e9ales.","inLanguage":"fr-FR","potentialAction":[{"@type":"ReadAction","target":["https:\/\/spssilos.com\/fr\/systemes-de-manutention\/"]}]},{"@type":"WebSite","@id":"https:\/\/spssilos.com\/#website","url":"https:\/\/spssilos.com\/","name":"SPS","description":"","potentialAction":[{"@type":"SearchAction","target":{"@type":"EntryPoint","urlTemplate":"https:\/\/spssilos.com\/?s={search_term_string}"},"query-input":"required name=search_term_string"}],"inLanguage":"fr-FR"}]}},"_links":{"self":[{"href":"https:\/\/spssilos.com\/fr\/wp-json\/wp\/v2\/pages\/3014"}],"collection":[{"href":"https:\/\/spssilos.com\/fr\/wp-json\/wp\/v2\/pages"}],"about":[{"href":"https:\/\/spssilos.com\/fr\/wp-json\/wp\/v2\/types\/page"}],"author":[{"embeddable":true,"href":"https:\/\/spssilos.com\/fr\/wp-json\/wp\/v2\/users\/2"}],"replies":[{"embeddable":true,"href":"https:\/\/spssilos.com\/fr\/wp-json\/wp\/v2\/comments?post=3014"}],"version-history":[{"count":1,"href":"https:\/\/spssilos.com\/fr\/wp-json\/wp\/v2\/pages\/3014\/revisions"}],"predecessor-version":[{"id":3532,"href":"https:\/\/spssilos.com\/fr\/wp-json\/wp\/v2\/pages\/3014\/revisions\/3532"}],"wp:attachment":[{"href":"https:\/\/spssilos.com\/fr\/wp-json\/wp\/v2\/media?parent=3014"}],"curies":[{"name":"wp","href":"https:\/\/api.w.org\/{rel}","templated":true}]}}