{"id":2629,"date":"2015-08-01T10:47:58","date_gmt":"2015-08-01T08:47:58","guid":{"rendered":"http:\/\/www.pradosps.com\/fr\/inicio\/"},"modified":"2022-06-24T14:52:43","modified_gmt":"2022-06-24T12:52:43","slug":"sps-grain-handling-storage-solutions","status":"publish","type":"page","link":"https:\/\/spssilos.com\/fr\/","title":{"rendered":"SPS | Solutions pour la Manutention et le Stockage du Grain"},"content":{"rendered":"<div class=\"clear\"><\/div>\n<div class=\"one_fourth\">\n<h1>SOLUTIONS POUR PROJETS DE MANUTENTION, STOCKAGE ET TRAITEMENT DU GRAIN<\/h1>\n<\/div> <div class=\"three_fourth last_column\">SPS fournit une solution compl\u00e8te pour vos besoins de manutention, stockage et traitement du grain. SPS est une entreprise sp\u00e9cialis\u00e9e dans la conception, la fabrication et la mise en \u0153uvre d\u2019\u00e9quipements et de machines-outils industriels pour la manutention, le stockage et le traitement de produits en vrac, et notamment des c\u00e9r\u00e9ales.<\/p>\n<p>Nous r\u00e9alisons \u00e9galement la conception d\u2019usines et l\u2019ing\u00e9nierie en mati\u00e8re d\u2019implantation et d\u2019am\u00e9lioration d\u2019installations industrielles d\u00e9di\u00e9es aux grandes r\u00e9coltes. Nous sommes sp\u00e9cialis\u00e9s dans les chargeurs de navires et autres engins de transport de c\u00e9r\u00e9ales \u00e0 hautes performances.<\/p>\n<p>Chez SPS, nous avons derri\u00e8re nous une bonne vingtaine d\u2019ann\u00e9es d\u2019exp\u00e9rience dans le domaine du d\u00e9veloppement de solutions pour la manutention, le stockage et le traitement des c\u00e9r\u00e9ales. Nous sommes \u00e9galement en mesure de d\u00e9velopper l\u2019option la plus appropri\u00e9e \u00e0 chaque projet. Nos r\u00e9f\u00e9rences sont pr\u00e9sentes dans le monde entier, depuis de simples fermes jusqu\u2019\u00e0 des installations portuaires complexes.<\/p>\n<p>L\u2019un de nos avantages vis-\u00e0-vis du march\u00e9 r\u00e9side dans notre capacit\u00e9 \u00e0 concevoir et \u00e0 fabriquer des solutions compl\u00e8tes pour le stockage, la manutention et le traitement des c\u00e9r\u00e9ales, ce qui se traduit par une r\u00e9duction des d\u00e9lais de production, de montage et de mise en \u0153uvre des projets.<\/p>\n<p><strong>Une solution compl\u00e8te pour vos besoins de manutention, stockage et traitement du grain!<\/strong><\/p>\n<\/div>\n<div class=\"clear\"><\/div>\n            <style type=\"text\/css\">\r\n                #content-block-background-1445 { background-image: url(); background-position: center top; background-repeat: repeat-x; background-color: #C00028; background-attachment: fixed; background-size: auto; }\r\n                #content-block-body-1445 { padding: 20px 0px 20px 0px; color: #ffffff; }\r\n                .content-block-body { margin-left: auto; margin-right: auto; position: relative; }\r\n            <\/style>\r\n                <style type=\"text\/css\">\r\n                    #wrapper-1 { overflow-x: hidden; }\r\n                    #content-block-background-1445 { margin: 0 -10000px; padding: 0 10000px; }\r\n                <\/style>\r\n            \r\n                \r\n            <div class=\"clear\"><\/div>\r\n            <div id=\"content-block-background-1445\" class=\"content-block-background class-name\">\r\n                <div id=\"content-block-body-1445\" class=\"content-block-body\">\r\n                    <div class=\"clear\"><\/div>\r\n                    \n<div class=\"one_fourth\">\n<div class=\"texto-circulos\">\n<i class=\"fa fa-diamond circle-wrap\" style=\"color:#C00028;font-size:1.5em;\"><\/i>\n<h2>QUALIT\u00c9<\/h2>\n<p>Des produits fabriqu\u00e9s conform\u00e9ment aux plus hauts standards de qualit\u00e9.<\/p>\n<\/div>\n<\/div>\n<div class=\"one_fourth\">\n<div class=\"texto-circulos\">\n<i class=\"fa fa-clock-o circle-wrap\" style=\"color:#C00028;font-size:1.5em;\"><\/i>\n<h2>RAPIDIT\u00c9<\/h2>\n<p>Nous assurons le plus court d\u00e9lai de livraison \u00e0 nos clients.<\/p>\n<\/div>\n<\/div>\n<div class=\"one_fourth\">\n<div class=\"texto-circulos\">\n<i class=\"fa fa-headphones circle-wrap\" style=\"color:#C00028;font-size:1.5em;\"><\/i>\n<h2>SUPPORT<\/h2>\n<p>Notre Service apr\u00e8s-vente offre un support exclusif pendant toutes les phases du projet.<\/p>\n<\/div>\n<\/div>\n<div class=\"one_fourth last_column\">\n<div class=\"texto-circulos\">\n<i class=\"fa fa-key circle-wrap\" style=\"color:#C00028;font-size:1.5em;\"><\/i>\n<h2>SOLUTION COMPL\u00c8TE<\/h2>\n<p>Nous fabriquons et int\u00e9grons tous les \u00e9l\u00e9ments n\u00e9cessaires \u00e0 votre projet.<\/p>\n<\/div>\n<\/div>\n<div class=\"clear\"><\/div>\n                    <div class=\"clear\"><\/div>\r\n                <\/div>\r\n            <\/div>\r\n            <div class=\"clear\"><\/div>\r\n\n            <style type=\"text\/css\">\r\n                #content-block-background-1195 { background-image: url(); background-position: center top; background-repeat: repeat-x; background-color: #fff; background-attachment: fixed; background-size: auto; }\r\n                #content-block-body-1195 { padding: 0px 0px 40px 0px; color: #333333; }\r\n                .content-block-body { margin-left: auto; margin-right: auto; position: relative; }\r\n            <\/style>\r\n                <style type=\"text\/css\">\r\n                    #wrapper-1 { overflow-x: hidden; }\r\n                    #content-block-background-1195 { margin: 0 -10000px; padding: 0 10000px; }\r\n                <\/style>\r\n            \r\n                \r\n            <div class=\"clear\"><\/div>\r\n            <div id=\"content-block-background-1195\" class=\"content-block-background class-name\">\r\n                <div id=\"content-block-body-1195\" class=\"content-block-body\">\r\n                    <div class=\"clear\"><\/div>\r\n                    \n<div class=\"sombra2\"><\/div>\n<div class=\"espacioenblanco\"><\/div>\n<div class=\"widget widget_latest_posts\">\t\t    <div class=\"latest_posts\">\r\n\t\t\t<ul class=\"small-thumb\">\r\n\t\t\t\t<li>\r\n<div class=\"small-custom-frame-wrapper alignleft frame-shadow\"><div class=\"custom-frame-inner-wrapper\"><div class=\"custom-frame-padding\"><a href=\"https:\/\/spssilos.com\/fr\/systeme-de-controle-des-installations-de-stockage-des-cereales\/\" title=\"Syst\u00e8me de contr\u00f4le des installations de stockage des c\u00e9r\u00e9ales\"><img src=\"https:\/\/spssilos.com\/wp-content\/uploads\/2015\/12\/Grain-storage-control-system-SPS-475x173_c.jpg\" width=\"475\" height=\"0\" alt=\"Syst\u00e8me de contr\u00f4le des installations de stockage des c\u00e9r\u00e9ales\" \/><\/a><\/div><\/div><\/div>\t\t\t\t    <a class=\"teaser-title\" title=\"Syst\u00e8me de contr\u00f4le des installations de stockage des c\u00e9r\u00e9ales\" href=\"https:\/\/spssilos.com\/fr\/systeme-de-controle-des-installations-de-stockage-des-cereales\/\">Syst\u00e8me de contr\u00f4le des installations de stockage des c\u00e9r\u00e9ales<\/a>\r\n\t\t\t\t    <div class=\"teaser-content\">Contr\u00f4lez les c\u00e9r\u00e9ales stock\u00e9es dans votre usine \u00e0 partir de votre tablette. Chez SPS, nous offrons \u00e0 nos clients un syst\u00e8me avanc\u00e9 de contr\u00f4le des installations de stockage de c\u00e9r\u00e9ales. Au sein de notre offre de solutions cl\u00e9s en main pour la manutention et le stockage des c\u00e9r\u00e9ales, nous incluons une armoire \u00e9lectrique g\u00e9r\u00e9e par PLC (Programmable Logic Controller), connect\u00e9e \u00e0 un PC. Gr\u00e2ce \u00e0 cette am\u00e9lioration, le client peut savoir quels sont les processus en cours d&rsquo;ex\u00e9cution dans son usine de stockage (s\u00e9chage, nettoyage, manutention, etc.) et peut s\u00e9lectionner le mode de fonctionnement (mode manuel, automatique ou de maintenance)....<\/div>\r\n                                            <a title=\"Syst\u00e8me de contr\u00f4le des installations de stockage des c\u00e9r\u00e9ales\" href=\"https:\/\/spssilos.com\/fr\/systeme-de-controle-des-installations-de-stockage-des-cereales\/\" class=\"read-more-align-right\"><span>Lire la suite<\/span> &rarr;<\/a>\r\n\t\t\t\t    <div class=\"clear\"><\/div>\r\n\t\t\t\t<\/li>\r\n\t\t\t<\/ul>\r\n\t\t    <\/div><!-- end widget_recent_posts -->\r\n<\/div>\n                    <div class=\"clear\"><\/div>\r\n                <\/div>\r\n            <\/div>\r\n            <div class=\"clear\"><\/div>\r\n\n<div class=\"clear\"><\/div>\n            <style type=\"text\/css\">\r\n                #content-block-background-1961 { background-image: url(); background-position: center top; background-repeat: repeat-x; background-color: #C00028; background-attachment: fixed; background-size: auto; }\r\n                #content-block-body-1961 { padding: 20px 0px 20px 0px; color: #ffffff; }\r\n                .content-block-body { margin-left: auto; margin-right: auto; position: relative; }\r\n            <\/style>\r\n                <style type=\"text\/css\">\r\n                    #wrapper-1 { overflow-x: hidden; }\r\n                    #content-block-background-1961 { margin: 0 -10000px; padding: 0 10000px; }\r\n                <\/style>\r\n            \r\n                \r\n            <div class=\"clear\"><\/div>\r\n            <div id=\"content-block-background-1961\" class=\"content-block-background class-name\">\r\n                <div id=\"content-block-body-1961\" class=\"content-block-body\">\r\n                    <div class=\"clear\"><\/div>\r\n                    \n<div class=\"two_third\">\n<h2 style=\"text-align: center; color: #fff;\">CHARGEUR DE NAVIRES<\/h2>\n<div class=\"espacioenblanco\"><\/div>\n<div class=\"one_half\"><div style=\"text-align:center;\"><div class=\"custom-frame-wrapper aligncenter frame-shadow\"><div class=\"custom-frame-inner-wrapper\"><div class=\"custom-frame-padding\"><a href=\"https:\/\/spssilos.com\/fr\/systemes-de-manutention\/chargeurs-de-navires\/\"><img decoding=\"async\" loading=\"lazy\" class=\"alignnone size-medium wp-image-783\" src=\"https:\/\/spssilos.com\/wp-content\/uploads\/2015\/05\/SHIPLOADER1-300x225.jpg\" alt=\"shiploader\" width=\"300\" height=\"225\" srcset=\"https:\/\/spssilos.com\/wp-content\/uploads\/2015\/05\/SHIPLOADER1-300x225.jpg 300w, https:\/\/spssilos.com\/wp-content\/uploads\/2015\/05\/SHIPLOADER1.jpg 900w\" sizes=\"(max-width: 300px) 100vw, 300px\" \/><\/a><\/div><\/div><\/div><\/div><\/div>\n<div class=\"one_half last_column\">\n<p>Exp\u00e9rience dans la conception et production de machines pour les installations portuaires de grande capacit\u00e9.<div class=\"align-btn-center\"><a class=\"medium custom-button\" href=\"https:\/\/spssilos.com\/fr\/systemes-de-manutention\/chargeurs-de-navires\/\" title=\"VOIR PLUS\"><span style=\"background-color:#fff; color:#C00028\">VOIR PLUS<\/span><\/a><\/div>\n<\/div>\n<\/div>\n<div class=\"one_third last_column\">\n<div class=\"espacioenblanco\"><\/div>\n<div class=\"clear\"><\/div><div class=\"accordion-wrapper\"><h3 class=\"accordion-toggle\"><a href=\"#\">PROJETS CL\u00c9 EN MAIN<\/a><\/h3><div class=\"accordion-container\">  <div class=\"content-block\"><div class=\"one_half\"><div style=\"text-align:center;\"><div class=\"custom-frame-wrapper aligncenter frame-shadow\"><div class=\"custom-frame-inner-wrapper\"><div class=\"custom-frame-padding\"><a href=\"https:\/\/spssilos.com\/fr\/silos\/projets-cle-en-main\/\"><img decoding=\"async\" loading=\"lazy\" class=\"alignnone size-thumbnail wp-image-780\" src=\"https:\/\/spssilos.com\/wp-content\/uploads\/2015\/05\/SILOS-150x150.jpg\" alt=\"SILOS\" width=\"150\" height=\"150\" \/><\/a><\/div><\/div><\/div><\/div><\/div>\n<div class=\"one_half last_column\">\n<div class=\"texto-circulos2\">Nous offrons un service complet cl\u00e9 en main pour tous types d\u2019installations.<\/div>\n<div class=\"align-btn-center\"><a class=\"medium custom-button\" href=\"https:\/\/spssilos.com\/fr\/silos\/projets-cle-en-main\/\" title=\"VOIR PLUS\"><span style=\"background-color:#C00028; color:#FFFFFF\">VOIR PLUS<\/span><\/a><\/div>\n<\/div><\/div><\/div><!-- end accordion-container --><h3 class=\"accordion-toggle\"><a href=\"#\">VIS BALAYEUSE<\/a><\/h3><div class=\"accordion-container\">  <div class=\"content-block\"><div class=\"one_half\"><div style=\"text-align:center;\"><div class=\"custom-frame-wrapper aligncenter frame-shadow\"><div class=\"custom-frame-inner-wrapper\"><div class=\"custom-frame-padding\"><a href=\"https:\/\/spssilos.com\/fr\/systemes-de-manutention\/vis-balayeuses\/\"><img decoding=\"async\" loading=\"lazy\" class=\"alignnone size-thumbnail wp-image-793\" src=\"https:\/\/spssilos.com\/wp-content\/uploads\/2015\/05\/BARREDOR-150x150.jpg\" alt=\"BARREDOR\" width=\"150\" height=\"150\" \/><\/a><\/div><\/div><\/div><\/div><\/div>\n<div class=\"one_half last_column\">\n<div class=\"texto-circulos2\">Notre propre mod\u00e8le de vis balayeuse adapt\u00e9 aux besoins des clients.<\/div>\n<div class=\"align-btn-center\"><a class=\"medium custom-button\" href=\"https:\/\/spssilos.com\/fr\/systemes-de-manutention\/vis-balayeuses\/\" title=\"VOIR PLUS\"><span style=\"background-color:#C00028; color:#FFFFFF\">VOIR PLUS<\/span><\/a><\/div>\n<\/div><\/div><\/div><!-- end accordion-container --><h3 class=\"accordion-toggle\"><a href=\"#\">MACHINES HAUTES PERFORMANCES<\/a><\/h3><div class=\"accordion-container\">  <div class=\"content-block\"><div class=\"one_half\"><div style=\"text-align:center;\"><div class=\"custom-frame-wrapper aligncenter frame-shadow\"><div class=\"custom-frame-inner-wrapper\"><div class=\"custom-frame-padding\"><a href=\"https:\/\/spssilos.com\/fr\/systemes-de-manutention\/\"><img decoding=\"async\" loading=\"lazy\" class=\"alignnone size-thumbnail wp-image-792\" src=\"https:\/\/spssilos.com\/wp-content\/uploads\/2015\/06\/MAQUINARIA_ALTA_PRODUCCION-150x150.jpg\" alt=\"MAQUINARIA_ALTA_PRODUCCION\" width=\"150\" height=\"150\" \/><\/a><\/div><\/div><\/div><\/div><\/div>\n<div class=\"one_half last_column\">\n<div class=\"texto-circulos2\">Des machines robustes et efficaces permettant une utilisation continue et quotidienne : 24 heures sur 24, 7 jours sur 7.<\/div>\n<div class=\"align-btn-center\"><a class=\"medium custom-button\" href=\"https:\/\/spssilos.com\/fr\/systemes-de-manutention\/\" title=\"VOIR PLUS\"><span style=\"background-color:#C00028; color:#FFFFFF\">VOIR PLUS<\/span><\/a><\/div>\n<\/div><\/div><\/div><!-- end accordion-container --><\/div><!-- end accordion-wrapper --><div class=\"clear\"><\/div> <\/div>\n                    <div class=\"clear\"><\/div>\r\n                <\/div>\r\n            <\/div>\r\n            <div class=\"clear\"><\/div>\r\n\n            <style type=\"text\/css\">\r\n                #content-block-background-1370 { background-image: url(); background-position: top top; background-repeat: no-repeat; background-color: #e5e5e5; background-attachment: fixed; background-size: 9px; }\r\n                #content-block-body-1370 { padding: 0px 0px 20px 0px; color: #333333; }\r\n                .content-block-body { margin-left: auto; margin-right: auto; position: relative; }\r\n            <\/style>\r\n                <style type=\"text\/css\">\r\n                    #wrapper-1 { overflow-x: hidden; }\r\n                    #content-block-background-1370 { margin: 0 -10000px; padding: 0 10000px; }\r\n                <\/style>\r\n            \r\n                \r\n            <div class=\"clear\"><\/div>\r\n            <div id=\"content-block-background-1370\" class=\"content-block-background class-name\">\r\n                <div id=\"content-block-body-1370\" class=\"content-block-body\">\r\n                    <div class=\"clear\"><\/div>\r\n                    \n<div class=\"sombra2\"><\/div>\n<div class=\"espacioenblanco\"><\/div>\n<div class=\"one_fourth\">\n<h2 style=\"text-align: left; font-size: 2em;\">DEMANDEZ UN DEVIS!<\/h2>\n<\/div>\n<div class=\"one_half\">\n<div><\/div>\n<p>Veuillez remplir le formulaire afin de recevoir un devis personnalis\u00e9 adapt\u00e9 \u00e0 vos besoins. Nous \u00e9tudierons votre demande et prendrons contact avec vous.<\/p>\n<\/div>\n<div class=\"one_fourth last_column\"><div class=\"align-btn-center\"><a class=\"medium custom-button\" href=\"https:\/\/spssilos.com\/solicitud-de-presupuesto\/\" title=\"DEMANDEZ UN DEVIS!\"><span style=\"background-color:#C00028; color:#FFFFFF\">DEMANDEZ UN DEVIS!<\/span><\/a><\/div><\/div>\n                    <div class=\"clear\"><\/div>\r\n                <\/div>\r\n            <\/div>\r\n            <div class=\"clear\"><\/div>\r\n\n","protected":false},"excerpt":{"rendered":"Contr\u00f4lez les c\u00e9r\u00e9ales stock\u00e9es dans votre usine \u00e0 partir de votre tablette. Chez SPS, nous offrons \u00e0 nos clients un syst\u00e8me avanc\u00e9 de contr\u00f4le des installations de stockage de c\u00e9r\u00e9ales. Au sein de notre offre de solutions cl\u00e9s en main pour la manutention et le stockage des c\u00e9r\u00e9ales, nous incluons une armoire \u00e9lectrique g\u00e9r\u00e9e par PLC (Programmable Logic Controller), connect\u00e9e \u00e0 un PC. Gr\u00e2ce \u00e0 cette am\u00e9lioration, le client peut savoir quels sont les processus en cours d'ex\u00e9cution dans son usine de stockage (s\u00e9chage, nettoyage, manutention, etc.) et peut s\u00e9lectionner le mode de fonctionnement (mode manuel, automatique ou de maintenance).","protected":false},"author":2,"featured_media":0,"parent":0,"menu_order":0,"comment_status":"open","ping_status":"open","template":"page-FullWidth.php","meta":{"_monsterinsights_skip_tracking":false,"_monsterinsights_sitenote_active":false,"_monsterinsights_sitenote_note":"","_monsterinsights_sitenote_category":0},"acf":[],"yoast_head":"<!-- This site is optimized with the Yoast SEO plugin v21.5 - https:\/\/yoast.com\/wordpress\/plugins\/seo\/ -->\n<title>SPS | Solutions pour la Manutention et le Stockage du Grain<\/title>\n<meta name=\"description\" content=\"SPS offre une solution compl\u00e8te pour vos besoins de transport et de stockage du grain. SPS vous conseille. Contactez nous\" \/>\n<meta name=\"robots\" content=\"index, follow, max-snippet:-1, max-image-preview:large, max-video-preview:-1\" \/>\n<link rel=\"canonical\" href=\"https:\/\/spssilos.com\/fr\/\" \/>\n<meta name=\"twitter:label1\" content=\"Dur\u00e9e de lecture estim\u00e9e\" \/>\n\t<meta name=\"twitter:data1\" content=\"4 minutes\" \/>\n<script type=\"application\/ld+json\" class=\"yoast-schema-graph\">{\"@context\":\"https:\/\/schema.org\",\"@graph\":[{\"@type\":\"WebPage\",\"@id\":\"https:\/\/spssilos.com\/fr\/\",\"url\":\"https:\/\/spssilos.com\/fr\/\",\"name\":\"SPS | Solutions pour la Manutention et le Stockage du Grain\",\"isPartOf\":{\"@id\":\"https:\/\/spssilos.com\/#website\"},\"datePublished\":\"2015-08-01T08:47:58+00:00\",\"dateModified\":\"2022-06-24T12:52:43+00:00\",\"description\":\"SPS offre une solution compl\u00e8te pour vos besoins de transport et de stockage du grain. SPS vous conseille. Contactez nous\",\"inLanguage\":\"fr-FR\",\"potentialAction\":[{\"@type\":\"ReadAction\",\"target\":[\"https:\/\/spssilos.com\/fr\/\"]}]},{\"@type\":\"WebSite\",\"@id\":\"https:\/\/spssilos.com\/#website\",\"url\":\"https:\/\/spssilos.com\/\",\"name\":\"SPS\",\"description\":\"\",\"potentialAction\":[{\"@type\":\"SearchAction\",\"target\":{\"@type\":\"EntryPoint\",\"urlTemplate\":\"https:\/\/spssilos.com\/?s={search_term_string}\"},\"query-input\":\"required name=search_term_string\"}],\"inLanguage\":\"fr-FR\"}]}<\/script>\n<!-- \/ Yoast SEO plugin. -->","yoast_head_json":{"title":"SPS | Solutions pour la Manutention et le Stockage du Grain","description":"SPS offre une solution compl\u00e8te pour vos besoins de transport et de stockage du grain. SPS vous conseille. Contactez nous","robots":{"index":"index","follow":"follow","max-snippet":"max-snippet:-1","max-image-preview":"max-image-preview:large","max-video-preview":"max-video-preview:-1"},"canonical":"https:\/\/spssilos.com\/fr\/","twitter_misc":{"Dur\u00e9e de lecture estim\u00e9e":"4 minutes"},"schema":{"@context":"https:\/\/schema.org","@graph":[{"@type":"WebPage","@id":"https:\/\/spssilos.com\/fr\/","url":"https:\/\/spssilos.com\/fr\/","name":"SPS | Solutions pour la Manutention et le Stockage du Grain","isPartOf":{"@id":"https:\/\/spssilos.com\/#website"},"datePublished":"2015-08-01T08:47:58+00:00","dateModified":"2022-06-24T12:52:43+00:00","description":"SPS offre une solution compl\u00e8te pour vos besoins de transport et de stockage du grain. SPS vous conseille. Contactez nous","inLanguage":"fr-FR","potentialAction":[{"@type":"ReadAction","target":["https:\/\/spssilos.com\/fr\/"]}]},{"@type":"WebSite","@id":"https:\/\/spssilos.com\/#website","url":"https:\/\/spssilos.com\/","name":"SPS","description":"","potentialAction":[{"@type":"SearchAction","target":{"@type":"EntryPoint","urlTemplate":"https:\/\/spssilos.com\/?s={search_term_string}"},"query-input":"required name=search_term_string"}],"inLanguage":"fr-FR"}]}},"_links":{"self":[{"href":"https:\/\/spssilos.com\/fr\/wp-json\/wp\/v2\/pages\/2629"}],"collection":[{"href":"https:\/\/spssilos.com\/fr\/wp-json\/wp\/v2\/pages"}],"about":[{"href":"https:\/\/spssilos.com\/fr\/wp-json\/wp\/v2\/types\/page"}],"author":[{"embeddable":true,"href":"https:\/\/spssilos.com\/fr\/wp-json\/wp\/v2\/users\/2"}],"replies":[{"embeddable":true,"href":"https:\/\/spssilos.com\/fr\/wp-json\/wp\/v2\/comments?post=2629"}],"version-history":[{"count":2,"href":"https:\/\/spssilos.com\/fr\/wp-json\/wp\/v2\/pages\/2629\/revisions"}],"predecessor-version":[{"id":3835,"href":"https:\/\/spssilos.com\/fr\/wp-json\/wp\/v2\/pages\/2629\/revisions\/3835"}],"wp:attachment":[{"href":"https:\/\/spssilos.com\/fr\/wp-json\/wp\/v2\/media?parent=2629"}],"curies":[{"name":"wp","href":"https:\/\/api.w.org\/{rel}","templated":true}]}}