{"id":2625,"date":"2016-08-01T09:30:12","date_gmt":"2016-08-01T07:30:12","guid":{"rendered":"http:\/\/www.pradosps.com\/fr\/faqs\/"},"modified":"2017-04-04T15:57:20","modified_gmt":"2017-04-04T13:57:20","slug":"foire-aux-questions","status":"publish","type":"page","link":"https:\/\/spssilos.com\/fr\/foire-aux-questions\/","title":{"rendered":"Foire aux questions"},"content":{"rendered":"<p>Ces FAQ r\u00e9pondent aux questions les plus courantes sur la manipulation et le stockage de grain. Si vous avez encore des doutes, n\u2019h\u00e9sitez pas \u00e0 nous contacter \u00e0 travers le formulaire.<\/p>\n<h2 style=\"color: #C00028;\">Quels sont les avantages \u00e0 utiliser les silos plut\u00f4t que les autres types de stockage de grain?<\/h2>\n<p>L\u2019utilisation de silos pour le stockage de grain comporte beaucoup d&rsquo;avantages. En particulier, il permet la <strong>r\u00e9duction des co\u00fbts<\/strong>, la <strong>diminution de l&rsquo;espace utilis\u00e9<\/strong> (les silos permettant le stockage du grain \u00e0 la verticale) et le <strong>maintien du grain dans des conditions optimales<\/strong>.<\/p>\n<p>Un autre avantage important pour les clients est la possibilit\u00e9 de <strong>r\u00e9duire les co\u00fbts de montage et transport<\/strong>.<\/p>\n<h2 style=\"color: #C00028;\">Puis-je financer mon projet avec PRADO SPS?<\/h2>\n<p>Oui, vous pouvez. PRADO SPS peut vous offrir diff\u00e9rentes fa\u00e7ons de financer votre projet:<\/p>\n<ul>\n<li>\u00c0 travers des fonds provenant du pays o\u00f9 le projet sera r\u00e9alis\u00e9.<\/li>\n<li>\u00c0 travers un cr\u00e9dit \u00e0 l&rsquo;exportation depuis l&rsquo;Espagne.<\/li>\n<li>\u00c0 travers des fonds propres provenant de notre soci\u00e9t\u00e9.<\/li>\n<\/ul>\n<h2 style=\"color: #C00028;\">Quels documents dois-je pr\u00e9senter pour que PRADO SPS \u00e9tudie le financement de mon projet?<\/h2>\n<p>PRADO SPS doit recevoir au moins les informations suivantes pour lui permettre d&rsquo;\u00e9tudier et d&rsquo;\u00e9valuer le financement de votre projet:<\/p>\n<ul>\n<li>Les trois derniers bilans v\u00e9rifi\u00e9s en format europ\u00e9en.<\/li>\n<li>Le plan d&rsquo;affaires.<\/li>\n<li>La capacit\u00e9 de mettre en place une garantie bancaire.<\/li>\n<\/ul>\n<h2 style=\"color: #C00028;\">PRADO SPS peut-il me proposer des machines avec des dimensions sp\u00e9cifiques et des niveaux de production qui ne sont pas dans son catalogue?<\/h2>\n<p>Oui, nous pouvons. Nous avons une \u00e9quipe d&rsquo;ing\u00e9nieurs qui peuvent concevoir des machines adapt\u00e9es aux besoins des clients.<\/p>\n<h2 style=\"color: #C00028;\">Je n&rsquo;ai aucune exp\u00e9rience dans le transport de ce type de produit. Que devrais-je faire?<\/h2>\n<p>Le d\u00e9partement de logistique de PRADO Storage Project Solutions peut dissiper tous les doutes que vous pourriez avoir.<\/p>\n<p>En outre, notre d\u00e9partement est sp\u00e9cialis\u00e9 dans l&rsquo;organisation du transport partout dans le monde, que ce soit terrestre, a\u00e9rien ou maritime, de sorte que vous pouvez r\u00e9server ce service avec nous en toute confiance.<\/p>\n<h2 style=\"color: #C00028;\">Pourquoi devrais-je installer des capteurs dans les syst\u00e8mes de manutention?<\/h2>\n<ul>\n<li>Pour surveiller, \u00e0 partir du panneau de contr\u00f4le, la mise en \u0153uvre correcte de la machine (ouverture, fermeture, rotation, etc.).<\/li>\n<li>Pour activer l&rsquo;arr\u00eat d&rsquo;urgence en cas de blocage.<\/li>\n<li>Pour v\u00e9rifier le bon fonctionnement du m\u00e9canisme de transport, l&rsquo;alignement de la courroie de temp\u00e9rature, etc.<\/li>\n<\/ul>\n<h2 style=\"color: #C00028;\">Quels sont les avantages d&rsquo;une installation avec des capteurs dans l&rsquo;\u00e9quipement de manutention?<\/h2>\n<ul>\n<li>\u00c9viter des d\u00e9faillances graves de l&rsquo;\u00e9quipement, qui peuvent parfois \u00eatre irr\u00e9parables.<\/li>\n<li>Aider \u00e0 g\u00e9rer le plan de maintenance des installations.<\/li>\n<li>L&rsquo;installation peut \u00eatre contr\u00f4l\u00e9e \u00e0 distance.<\/li>\n<\/ul>\n","protected":false},"excerpt":{"rendered":"<p>Ces FAQ r\u00e9pondent aux questions les plus courantes sur la manipulation et le stockage de grain. Si vous avez encore des doutes, n\u2019h\u00e9sitez pas \u00e0 nous contacter \u00e0 travers le formulaire. Quels sont les avantages \u00e0 utiliser les silos plut\u00f4t que les autres types de stockage de grain? L\u2019utilisation de silos pour le stockage de grain comporte beaucoup d&rsquo;avantages. En particulier, il permet la r\u00e9duction des co\u00fbts, la diminution de l&rsquo;espace utilis\u00e9 (les silos permettant le stockage du grain \u00e0 la verticale) et le maintien du grain dans des conditions optimales. Un autre avantage important pour les clients est la<\/p>\n","protected":false},"author":2,"featured_media":0,"parent":0,"menu_order":0,"comment_status":"open","ping_status":"open","template":"page-FullWidth.php","meta":{"_monsterinsights_skip_tracking":false,"_monsterinsights_sitenote_active":false,"_monsterinsights_sitenote_note":"","_monsterinsights_sitenote_category":0},"acf":[],"yoast_head":"<!-- This site is optimized with the Yoast SEO plugin v21.5 - https:\/\/yoast.com\/wordpress\/plugins\/seo\/ -->\n<title>Foire aux questions sur la manutention et le stockage de grain | PRADO SPS<\/title>\n<meta name=\"description\" content=\"Ces FAQ r\u00e9pondent aux questions les plus courantes sur la manipulation et le stockage de grain. Si vous avez des doutes, n\u2019h\u00e9sitez pas \u00e0 nous contacter.\" \/>\n<meta name=\"robots\" content=\"index, follow, max-snippet:-1, max-image-preview:large, max-video-preview:-1\" \/>\n<link rel=\"canonical\" href=\"https:\/\/spssilos.com\/fr\/foire-aux-questions\/\" \/>\n<meta name=\"twitter:label1\" content=\"Dur\u00e9e de lecture estim\u00e9e\" \/>\n\t<meta name=\"twitter:data1\" content=\"2 minutes\" \/>\n<script type=\"application\/ld+json\" class=\"yoast-schema-graph\">{\"@context\":\"https:\/\/schema.org\",\"@graph\":[{\"@type\":\"WebPage\",\"@id\":\"https:\/\/spssilos.com\/fr\/foire-aux-questions\/\",\"url\":\"https:\/\/spssilos.com\/fr\/foire-aux-questions\/\",\"name\":\"Foire aux questions sur la manutention et le stockage de grain | PRADO SPS\",\"isPartOf\":{\"@id\":\"https:\/\/spssilos.com\/#website\"},\"datePublished\":\"2016-08-01T07:30:12+00:00\",\"dateModified\":\"2017-04-04T13:57:20+00:00\",\"description\":\"Ces FAQ r\u00e9pondent aux questions les plus courantes sur la manipulation et le stockage de grain. Si vous avez des doutes, n\u2019h\u00e9sitez pas \u00e0 nous contacter.\",\"inLanguage\":\"fr-FR\",\"potentialAction\":[{\"@type\":\"ReadAction\",\"target\":[\"https:\/\/spssilos.com\/fr\/foire-aux-questions\/\"]}]},{\"@type\":\"WebSite\",\"@id\":\"https:\/\/spssilos.com\/#website\",\"url\":\"https:\/\/spssilos.com\/\",\"name\":\"SPS\",\"description\":\"\",\"potentialAction\":[{\"@type\":\"SearchAction\",\"target\":{\"@type\":\"EntryPoint\",\"urlTemplate\":\"https:\/\/spssilos.com\/?s={search_term_string}\"},\"query-input\":\"required name=search_term_string\"}],\"inLanguage\":\"fr-FR\"}]}<\/script>\n<!-- \/ Yoast SEO plugin. -->","yoast_head_json":{"title":"Foire aux questions sur la manutention et le stockage de grain | PRADO SPS","description":"Ces FAQ r\u00e9pondent aux questions les plus courantes sur la manipulation et le stockage de grain. Si vous avez des doutes, n\u2019h\u00e9sitez pas \u00e0 nous contacter.","robots":{"index":"index","follow":"follow","max-snippet":"max-snippet:-1","max-image-preview":"max-image-preview:large","max-video-preview":"max-video-preview:-1"},"canonical":"https:\/\/spssilos.com\/fr\/foire-aux-questions\/","twitter_misc":{"Dur\u00e9e de lecture estim\u00e9e":"2 minutes"},"schema":{"@context":"https:\/\/schema.org","@graph":[{"@type":"WebPage","@id":"https:\/\/spssilos.com\/fr\/foire-aux-questions\/","url":"https:\/\/spssilos.com\/fr\/foire-aux-questions\/","name":"Foire aux questions sur la manutention et le stockage de grain | PRADO SPS","isPartOf":{"@id":"https:\/\/spssilos.com\/#website"},"datePublished":"2016-08-01T07:30:12+00:00","dateModified":"2017-04-04T13:57:20+00:00","description":"Ces FAQ r\u00e9pondent aux questions les plus courantes sur la manipulation et le stockage de grain. Si vous avez des doutes, n\u2019h\u00e9sitez pas \u00e0 nous contacter.","inLanguage":"fr-FR","potentialAction":[{"@type":"ReadAction","target":["https:\/\/spssilos.com\/fr\/foire-aux-questions\/"]}]},{"@type":"WebSite","@id":"https:\/\/spssilos.com\/#website","url":"https:\/\/spssilos.com\/","name":"SPS","description":"","potentialAction":[{"@type":"SearchAction","target":{"@type":"EntryPoint","urlTemplate":"https:\/\/spssilos.com\/?s={search_term_string}"},"query-input":"required name=search_term_string"}],"inLanguage":"fr-FR"}]}},"_links":{"self":[{"href":"https:\/\/spssilos.com\/fr\/wp-json\/wp\/v2\/pages\/2625"}],"collection":[{"href":"https:\/\/spssilos.com\/fr\/wp-json\/wp\/v2\/pages"}],"about":[{"href":"https:\/\/spssilos.com\/fr\/wp-json\/wp\/v2\/types\/page"}],"author":[{"embeddable":true,"href":"https:\/\/spssilos.com\/fr\/wp-json\/wp\/v2\/users\/2"}],"replies":[{"embeddable":true,"href":"https:\/\/spssilos.com\/fr\/wp-json\/wp\/v2\/comments?post=2625"}],"version-history":[{"count":1,"href":"https:\/\/spssilos.com\/fr\/wp-json\/wp\/v2\/pages\/2625\/revisions"}],"predecessor-version":[{"id":3518,"href":"https:\/\/spssilos.com\/fr\/wp-json\/wp\/v2\/pages\/2625\/revisions\/3518"}],"wp:attachment":[{"href":"https:\/\/spssilos.com\/fr\/wp-json\/wp\/v2\/media?parent=2625"}],"curies":[{"name":"wp","href":"https:\/\/api.w.org\/{rel}","templated":true}]}}