{"id":2621,"date":"2016-08-01T09:03:38","date_gmt":"2016-08-01T07:03:38","guid":{"rendered":"http:\/\/www.pradosps.com\/fr\/societe\/certifications\/"},"modified":"2016-08-01T17:11:00","modified_gmt":"2016-08-01T15:11:00","slug":"certifications","status":"publish","type":"page","link":"https:\/\/spssilos.com\/fr\/societe\/certifications\/","title":{"rendered":"Certifications"},"content":{"rendered":"<div style=\"text-align:center;\"><div class=\"custom-frame-wrapper aligncenter frame-shadow\"><div class=\"custom-frame-inner-wrapper\"><div class=\"custom-frame-padding\"><img decoding=\"async\" loading=\"lazy\" class=\"alignnone size-full wp-image-676\" src=\"https:\/\/spssilos.com\/wp-content\/uploads\/2015\/03\/certificados.jpg\" alt=\"certificados\" width=\"1280\" height=\"350\" srcset=\"https:\/\/spssilos.com\/wp-content\/uploads\/2015\/03\/certificados.jpg 1280w, https:\/\/spssilos.com\/wp-content\/uploads\/2015\/03\/certificados-300x82.jpg 300w, https:\/\/spssilos.com\/wp-content\/uploads\/2015\/03\/certificados-1024x280.jpg 1024w\" sizes=\"(max-width: 1280px) 100vw, 1280px\" \/><\/div><\/div><\/div><\/div>Ici vous pouvez t\u00e9l\u00e9charger tous les certificats disponibles de notre soci\u00e9t\u00e9, qui garantissent la qualit\u00e9 de notre travail:<\/p>\n\n<ul class=\"list-1\">\n<li>Dans notre \u00e9quipe, nous avons un membre du Project Management Institute (PMI), un institut mondialement reconnu et tr\u00e8s respect\u00e9 en gestion de projets. Cette organisation se consacre \u00e0 la promotion de la pratique, la science et la profession de la gestion de projets et se base sur le code \u00e9thique de conduite professionnelle du PMI.<\/li>\n<\/ul>\n\n<p style=\"text-align: center;\"><a title=\"descargar archivo\" href=\"https:\/\/spssilos.com\/wp-content\/uploads\/2015\/07\/Certificate-Project-Management-Institute.pdf\" target=\"_blank\">T\u00e9l\u00e9charger\u00a0certificat <i class=\"fa fa-download circle-wrap\" style=\"color:#C00028;\"><\/i><\/a><\/p>\n\n<ul class=\"list-1\">\n<li>SPS dispose d&rsquo;un syst\u00e8me de management de la qualit\u00e9 selon la norme <strong>ISO 9001:2008 avec la certification T\u00dcV<\/strong>, qui garantit la conformit\u00e9 de nos produits aux normes pr\u00e9cis\u00e9es dans les r\u00e8glements.<\/li>\n<\/ul>\n\n<p style=\"text-align: center;\"><a title=\"descargar archivo\" href=\"https:\/\/spssilos.com\/wp-content\/uploads\/2016\/02\/TUV-Certificate.-pdf.pdf\" target=\"_blank\">T\u00e9l\u00e9charger certificat <i class=\"fa fa-download circle-wrap\" style=\"color:#C00028;\"><\/i><\/a><\/p>\n\n<ul class=\"list-1\">\n<li>Nous avons le <strong>marquage CE<\/strong> pour toutes nos machines de manutention, ce qui garantit la conformit\u00e9 de nos produits aux r\u00e8glements internationaux.<\/li>\n<\/ul>\n<p>&nbsp;<\/p>\n\n\n<ul class=\"list-1\">\n<li>Chez Storage Solutions Project (SPS), la gestion de la qualit\u00e9 est fondamentale pour la comp\u00e9titivit\u00e9 de l\u2019entreprise. Cette politique fournit un cadre dans lequel nous pouvons effectuer toutes les activit\u00e9s de l&rsquo;Organisation d&rsquo;une mani\u00e8re qui r\u00e9pond aux attentes et aux besoins de nos clients, avec un maximum de garanties de sant\u00e9 et de s\u00e9curit\u00e9.<\/li>\n<\/ul>\n\n<p style=\"text-align: center;\"><a title=\"descargar archivo\" href=\"https:\/\/spssilos.com\/wp-content\/uploads\/2015\/07\/POLITICA-DE-CALIDAD-SPS.pdf\" target=\"_blank\">T\u00e9l\u00e9charger certificat <i class=\"fa fa-download circle-wrap\" style=\"color:#C00028;\"><\/i><\/a><\/p>\n\n<ul class=\"list-1\">\n<li>Nous avons la <strong>certification GOST-R<\/strong>, ce qui nous permet d&rsquo;exporter nos produits vers la Russie.<\/li>\n<\/ul>\n\n<p style=\"text-align: center;\"><a title=\"descargar archivo\" href=\"https:\/\/spssilos.com\/wp-content\/uploads\/2016\/02\/Gospromnadzor-Certificate.pdf\" target=\"_blank\">T\u00e9l\u00e9charger certificat <i class=\"fa fa-download circle-wrap\" style=\"color:#C00028;\"><\/i><\/a><\/p>\n\n<ul class=\"list-1\">\n<li>Nous avons \u00e9galement la <strong>certification Gospromnadzor<\/strong> qui nous permet de vendre nos produits en Bi\u00e9lorussie.<\/li>\n<\/ul>\n\n<p style=\"text-align: center;\"><a title=\"descargar archivo\" href=\"https:\/\/spssilos.com\/wp-content\/uploads\/2015\/07\/certificacio%CC%81n-Gospromnadzor.pdf\" target=\"_blank\">T\u00e9l\u00e9charger certificat <i class=\"fa fa-download circle-wrap\" style=\"color:#C00028;\"><\/i><\/a><\/p>\n","protected":false},"excerpt":{"rendered":"<p>Ici vous pouvez t\u00e9l\u00e9charger tous les certificats disponibles de notre soci\u00e9t\u00e9, qui garantissent la qualit\u00e9 de notre travail: T\u00e9l\u00e9charger\u00a0certificat T\u00e9l\u00e9charger certificat T\u00e9l\u00e9charger certificat T\u00e9l\u00e9charger certificat T\u00e9l\u00e9charger certificat<\/p>\n","protected":false},"author":2,"featured_media":0,"parent":2579,"menu_order":2,"comment_status":"open","ping_status":"open","template":"page-PageTemplate2.php","meta":{"_monsterinsights_skip_tracking":false,"_monsterinsights_sitenote_active":false,"_monsterinsights_sitenote_note":"","_monsterinsights_sitenote_category":0},"acf":[],"yoast_head":"<!-- This site is optimized with the Yoast SEO plugin v21.5 - https:\/\/yoast.com\/wordpress\/plugins\/seo\/ -->\n<title>Certifications | PRADO SPS<\/title>\n<meta name=\"description\" content=\"Ici vous pouvez t\u00e9l\u00e9charger tous les certificats de qualit\u00e9 de SPS: ISO, Marcage CE, Project Management Institute, GOST-R, Gospromnadzor.\" \/>\n<meta name=\"robots\" content=\"index, follow, max-snippet:-1, max-image-preview:large, max-video-preview:-1\" \/>\n<link rel=\"canonical\" href=\"https:\/\/spssilos.com\/fr\/societe\/certifications\/\" \/>\n<meta name=\"twitter:label1\" content=\"Dur\u00e9e de lecture estim\u00e9e\" \/>\n\t<meta name=\"twitter:data1\" content=\"2 minutes\" \/>\n<script type=\"application\/ld+json\" class=\"yoast-schema-graph\">{\"@context\":\"https:\/\/schema.org\",\"@graph\":[{\"@type\":\"WebPage\",\"@id\":\"https:\/\/spssilos.com\/fr\/societe\/certifications\/\",\"url\":\"https:\/\/spssilos.com\/fr\/societe\/certifications\/\",\"name\":\"Certifications | PRADO SPS\",\"isPartOf\":{\"@id\":\"https:\/\/spssilos.com\/#website\"},\"datePublished\":\"2016-08-01T07:03:38+00:00\",\"dateModified\":\"2016-08-01T15:11:00+00:00\",\"description\":\"Ici vous pouvez t\u00e9l\u00e9charger tous les certificats de qualit\u00e9 de SPS: ISO, Marcage CE, Project Management Institute, GOST-R, Gospromnadzor.\",\"breadcrumb\":{\"@id\":\"https:\/\/spssilos.com\/fr\/societe\/certifications\/#breadcrumb\"},\"inLanguage\":\"fr-FR\",\"potentialAction\":[{\"@type\":\"ReadAction\",\"target\":[\"https:\/\/spssilos.com\/fr\/societe\/certifications\/\"]}]},{\"@type\":\"BreadcrumbList\",\"@id\":\"https:\/\/spssilos.com\/fr\/societe\/certifications\/#breadcrumb\",\"itemListElement\":[{\"@type\":\"ListItem\",\"position\":1,\"name\":\"La Soci\u00e9t\u00e9: SPS Grain Handling and Storage Solutions\",\"item\":\"https:\/\/spssilos.com\/fr\/societe\/\"},{\"@type\":\"ListItem\",\"position\":2,\"name\":\"Certifications\"}]},{\"@type\":\"WebSite\",\"@id\":\"https:\/\/spssilos.com\/#website\",\"url\":\"https:\/\/spssilos.com\/\",\"name\":\"SPS\",\"description\":\"\",\"potentialAction\":[{\"@type\":\"SearchAction\",\"target\":{\"@type\":\"EntryPoint\",\"urlTemplate\":\"https:\/\/spssilos.com\/?s={search_term_string}\"},\"query-input\":\"required name=search_term_string\"}],\"inLanguage\":\"fr-FR\"}]}<\/script>\n<!-- \/ Yoast SEO plugin. -->","yoast_head_json":{"title":"Certifications | PRADO SPS","description":"Ici vous pouvez t\u00e9l\u00e9charger tous les certificats de qualit\u00e9 de SPS: ISO, Marcage CE, Project Management Institute, GOST-R, Gospromnadzor.","robots":{"index":"index","follow":"follow","max-snippet":"max-snippet:-1","max-image-preview":"max-image-preview:large","max-video-preview":"max-video-preview:-1"},"canonical":"https:\/\/spssilos.com\/fr\/societe\/certifications\/","twitter_misc":{"Dur\u00e9e de lecture estim\u00e9e":"2 minutes"},"schema":{"@context":"https:\/\/schema.org","@graph":[{"@type":"WebPage","@id":"https:\/\/spssilos.com\/fr\/societe\/certifications\/","url":"https:\/\/spssilos.com\/fr\/societe\/certifications\/","name":"Certifications | PRADO SPS","isPartOf":{"@id":"https:\/\/spssilos.com\/#website"},"datePublished":"2016-08-01T07:03:38+00:00","dateModified":"2016-08-01T15:11:00+00:00","description":"Ici vous pouvez t\u00e9l\u00e9charger tous les certificats de qualit\u00e9 de SPS: ISO, Marcage CE, Project Management Institute, GOST-R, Gospromnadzor.","breadcrumb":{"@id":"https:\/\/spssilos.com\/fr\/societe\/certifications\/#breadcrumb"},"inLanguage":"fr-FR","potentialAction":[{"@type":"ReadAction","target":["https:\/\/spssilos.com\/fr\/societe\/certifications\/"]}]},{"@type":"BreadcrumbList","@id":"https:\/\/spssilos.com\/fr\/societe\/certifications\/#breadcrumb","itemListElement":[{"@type":"ListItem","position":1,"name":"La Soci\u00e9t\u00e9: SPS Grain Handling and Storage Solutions","item":"https:\/\/spssilos.com\/fr\/societe\/"},{"@type":"ListItem","position":2,"name":"Certifications"}]},{"@type":"WebSite","@id":"https:\/\/spssilos.com\/#website","url":"https:\/\/spssilos.com\/","name":"SPS","description":"","potentialAction":[{"@type":"SearchAction","target":{"@type":"EntryPoint","urlTemplate":"https:\/\/spssilos.com\/?s={search_term_string}"},"query-input":"required name=search_term_string"}],"inLanguage":"fr-FR"}]}},"_links":{"self":[{"href":"https:\/\/spssilos.com\/fr\/wp-json\/wp\/v2\/pages\/2621"}],"collection":[{"href":"https:\/\/spssilos.com\/fr\/wp-json\/wp\/v2\/pages"}],"about":[{"href":"https:\/\/spssilos.com\/fr\/wp-json\/wp\/v2\/types\/page"}],"author":[{"embeddable":true,"href":"https:\/\/spssilos.com\/fr\/wp-json\/wp\/v2\/users\/2"}],"replies":[{"embeddable":true,"href":"https:\/\/spssilos.com\/fr\/wp-json\/wp\/v2\/comments?post=2621"}],"version-history":[{"count":0,"href":"https:\/\/spssilos.com\/fr\/wp-json\/wp\/v2\/pages\/2621\/revisions"}],"up":[{"embeddable":true,"href":"https:\/\/spssilos.com\/fr\/wp-json\/wp\/v2\/pages\/2579"}],"wp:attachment":[{"href":"https:\/\/spssilos.com\/fr\/wp-json\/wp\/v2\/media?parent=2621"}],"curies":[{"name":"wp","href":"https:\/\/api.w.org\/{rel}","templated":true}]}}