{"id":2604,"date":"2016-08-01T15:46:49","date_gmt":"2016-08-01T13:46:49","guid":{"rendered":"http:\/\/www.pradosps.com\/fr\/request-for-quotation\/"},"modified":"2016-09-06T16:42:35","modified_gmt":"2016-09-06T14:42:35","slug":"demande-de-devis","status":"publish","type":"page","link":"https:\/\/spssilos.com\/fr\/demande-de-devis\/","title":{"rendered":"Demande de devis"},"content":{"rendered":"<p>Veuillez remplir le formulaire suivant afin que nous puissions pr\u00e9parer une estimation adapt\u00e9e \u00e0 vos besoins. Nous vous contacterons apr\u00e8s \u00e9tude.<\/p>\n<p>Veuillez remplir les champs suivants. Certains d&rsquo;entre eux sont obligatoires pour nous permettre de vous offrir une estimation aussi pr\u00e9cise que possible.<\/p>\n<div class=\"divider\"><\/div> \n<div class=\"wpcf7 no-js\" id=\"wpcf7-f2753-o1\" lang=\"es-ES\" dir=\"ltr\">\n<div class=\"screen-reader-response\"><p role=\"status\" aria-live=\"polite\" aria-atomic=\"true\"><\/p> <ul><\/ul><\/div>\n<form action=\"\/fr\/wp-json\/wp\/v2\/pages\/2604#wpcf7-f2753-o1\" method=\"post\" class=\"wpcf7-form init\" aria-label=\"Formulario de contacto\" novalidate=\"novalidate\" data-status=\"init\">\n<div style=\"display: none;\">\n<input type=\"hidden\" name=\"_wpcf7\" value=\"2753\" \/>\n<input type=\"hidden\" name=\"_wpcf7_version\" value=\"5.7.7\" \/>\n<input type=\"hidden\" name=\"_wpcf7_locale\" value=\"es_ES\" \/>\n<input type=\"hidden\" name=\"_wpcf7_unit_tag\" value=\"wpcf7-f2753-o1\" \/>\n<input type=\"hidden\" name=\"_wpcf7_container_post\" value=\"0\" \/>\n<input type=\"hidden\" name=\"_wpcf7_posted_data_hash\" value=\"\" \/>\n<\/div>\n<p>PR\u00c9NOM (Champ obligatoire) <span class=\"wpcf7-form-control-wrap\" data-name=\"NOMBRE\"><input size=\"40\" class=\"wpcf7-form-control wpcf7-text wpcf7-validates-as-required etiqueta2\" aria-required=\"true\" aria-invalid=\"false\" value=\"\" type=\"text\" name=\"NOMBRE\" \/><\/span>\n<\/p>\n<p>PAYS (Champ obligatoire) <span class=\"wpcf7-form-control-wrap\" data-name=\"PAIS\"><input size=\"40\" class=\"wpcf7-form-control wpcf7-text wpcf7-validates-as-required etiqueta2\" aria-required=\"true\" aria-invalid=\"false\" value=\"\" type=\"text\" name=\"PAIS\" \/><\/span>\n<\/p>\n<p>SOCI\u00c9T\u00c9 <span class=\"wpcf7-form-control-wrap\" data-name=\"EMPRESA\"><input size=\"40\" class=\"wpcf7-form-control wpcf7-text etiqueta2\" aria-invalid=\"false\" value=\"\" type=\"text\" name=\"EMPRESA\" \/><\/span>\n<\/p>\n<p>EMAIL (Champ obligatoire)<span class=\"wpcf7-form-control-wrap\" data-name=\"your-email\"><input size=\"40\" class=\"wpcf7-form-control wpcf7-text wpcf7-email wpcf7-validates-as-required wpcf7-validates-as-email etiqueta2\" aria-required=\"true\" aria-invalid=\"false\" value=\"\" type=\"email\" name=\"your-email\" \/><\/span>\n<\/p>\n<p>T\u00c9L\u00c9PHONE <span class=\"wpcf7-form-control-wrap\" data-name=\"TELEFONO\"><input size=\"40\" class=\"wpcf7-form-control wpcf7-text wpcf7-tel wpcf7-validates-as-tel etiqueta2\" aria-invalid=\"false\" value=\"\" type=\"tel\" name=\"TELEFONO\" \/><\/span>\n<\/p>\n<p>OBJECT (Champ obligatoire) <span class=\"wpcf7-form-control-wrap\" data-name=\"ASUNTO\"><input size=\"40\" class=\"wpcf7-form-control wpcf7-text wpcf7-validates-as-required etiqueta2\" aria-required=\"true\" aria-invalid=\"false\" value=\"\" type=\"text\" name=\"ASUNTO\" \/><\/span>\n<\/p>\n<p>QUEL PRODUIT VOUS INTERESSE? (Champ obligatoire):<br \/>\n<strong><span class=\"wpcf7-form-control-wrap\" data-name=\"PRODUCTO\"><span class=\"wpcf7-form-control wpcf7-checkbox wpcf7-validates-as-required\"><span class=\"wpcf7-list-item first\"><input type=\"checkbox\" name=\"PRODUCTO[]\" value=\"PROJETS CLES EN MAIN\" \/><span class=\"wpcf7-list-item-label\">PROJETS CLES EN MAIN<\/span><\/span><span class=\"wpcf7-list-item\"><input type=\"checkbox\" name=\"PRODUCTO[]\" value=\"SILOS\" \/><span class=\"wpcf7-list-item-label\">SILOS<\/span><\/span><span class=\"wpcf7-list-item\"><input type=\"checkbox\" name=\"PRODUCTO[]\" value=\"CHARGEUR DE NAVIRES\" \/><span class=\"wpcf7-list-item-label\">CHARGEUR DE NAVIRES<\/span><\/span><span class=\"wpcf7-list-item\"><input type=\"checkbox\" name=\"PRODUCTO[]\" value=\"SYST\u00c8MES DE MANUTENTION\" \/><span class=\"wpcf7-list-item-label\">SYST\u00c8MES DE MANUTENTION<\/span><\/span><span class=\"wpcf7-list-item last\"><input type=\"checkbox\" name=\"PRODUCTO[]\" value=\"AUTRES\" \/><span class=\"wpcf7-list-item-label\">AUTRES<\/span><\/span><\/span><\/span><\/strong>\n<\/p>\n<p>Y AT-IL AUTRE CHOSE QUE VOUS VOUDRIEZ AJOUTER \u00c0 VOTRE DEVIS?<br \/>\n<span class=\"wpcf7-form-control-wrap\" data-name=\"DETALLE\"><textarea cols=\"40\" rows=\"10\" class=\"wpcf7-form-control wpcf7-textarea areatexto\" aria-invalid=\"false\" name=\"DETALLE\"><\/textarea><\/span><br \/>\n&nbsp;<br \/>\nENFIN, COMMENT NOUS AVEZ-VOUS CONNU? (Champ obligatoire): <strong><span class=\"wpcf7-form-control-wrap\" data-name=\"COMO\"><span class=\"wpcf7-form-control wpcf7-checkbox wpcf7-validates-as-required\"><span class=\"wpcf7-list-item first\"><input type=\"checkbox\" name=\"COMO[]\" value=\"Recommandation d&#039;un ami\" \/><span class=\"wpcf7-list-item-label\">Recommandation d&#039;un ami<\/span><\/span><span class=\"wpcf7-list-item\"><input type=\"checkbox\" name=\"COMO[]\" value=\"Publicit\u00e9 magazine\" \/><span class=\"wpcf7-list-item-label\">Publicit\u00e9 magazine<\/span><\/span><span class=\"wpcf7-list-item\"><input type=\"checkbox\" name=\"COMO[]\" value=\"Site internet\" \/><span class=\"wpcf7-list-item-label\">Site internet<\/span><\/span><span class=\"wpcf7-list-item\"><input type=\"checkbox\" name=\"COMO[]\" value=\"Salon professionnel\" \/><span class=\"wpcf7-list-item-label\">Salon professionnel<\/span><\/span><span class=\"wpcf7-list-item last\"><input type=\"checkbox\" name=\"COMO[]\" value=\"Autres\" \/><span class=\"wpcf7-list-item-label\">Autres<\/span><\/span><\/span><\/span><\/strong>\n<\/p>\n<p><span class=\"wpcf7-form-control-wrap\" data-name=\"legal\"><span class=\"wpcf7-form-control wpcf7-acceptance\"><span class=\"wpcf7-list-item\"><input type=\"checkbox\" name=\"legal\" value=\"1\" checked=\"checked\" aria-invalid=\"false\" \/><\/span><\/span><\/span> Je confirme que j'ai lu la <strong>read the <a href=\"https:\/\/spssilos.com\/?p=1181\" target=\"_blank\">politique de confidentialit\u00e9 <\/a>et je l'accepte<\/strong><br \/>\n<input class=\"wpcf7-form-control has-spinner wpcf7-submit btn_enviar\" type=\"submit\" value=\"Envoyer\" \/>\n<\/p><div class=\"wpcf7-response-output\" aria-hidden=\"true\"><\/div>\n<\/form>\n<\/div>\n\n<p>&nbsp;<\/p>\n","protected":false},"excerpt":{"rendered":"<p>Veuillez remplir le formulaire suivant afin que nous puissions pr\u00e9parer une estimation adapt\u00e9e \u00e0 vos besoins. Nous vous contacterons apr\u00e8s \u00e9tude. Veuillez remplir les champs suivants. Certains d&rsquo;entre eux sont obligatoires pour nous permettre de vous offrir une estimation aussi pr\u00e9cise que possible. &nbsp;<\/p>\n","protected":false},"author":2,"featured_media":0,"parent":0,"menu_order":0,"comment_status":"open","ping_status":"open","template":"page-FullWidth.php","meta":{"_monsterinsights_skip_tracking":false,"_monsterinsights_sitenote_active":false,"_monsterinsights_sitenote_note":"","_monsterinsights_sitenote_category":0},"acf":[],"yoast_head":"<!-- This site is optimized with the Yoast SEO plugin v21.5 - https:\/\/yoast.com\/wordpress\/plugins\/seo\/ -->\n<title>Demande de devis | PRADO SPS<\/title>\n<meta name=\"description\" content=\"Voulez-vous un devis pour des silos, des syst\u00e8mes de manutention ou des projets cl\u00e9 en main? Veuillez remplir le formulaire en cliquant ici.\" \/>\n<meta name=\"robots\" content=\"index, follow, max-snippet:-1, max-image-preview:large, max-video-preview:-1\" \/>\n<link rel=\"canonical\" href=\"https:\/\/spssilos.com\/fr\/demande-de-devis\/\" \/>\n<script type=\"application\/ld+json\" class=\"yoast-schema-graph\">{\"@context\":\"https:\/\/schema.org\",\"@graph\":[{\"@type\":\"WebPage\",\"@id\":\"https:\/\/spssilos.com\/fr\/demande-de-devis\/\",\"url\":\"https:\/\/spssilos.com\/fr\/demande-de-devis\/\",\"name\":\"Demande de devis | PRADO SPS\",\"isPartOf\":{\"@id\":\"https:\/\/spssilos.com\/#website\"},\"datePublished\":\"2016-08-01T13:46:49+00:00\",\"dateModified\":\"2016-09-06T14:42:35+00:00\",\"description\":\"Voulez-vous un devis pour des silos, des syst\u00e8mes de manutention ou des projets cl\u00e9 en main? Veuillez remplir le formulaire en cliquant ici.\",\"inLanguage\":\"fr-FR\",\"potentialAction\":[{\"@type\":\"ReadAction\",\"target\":[\"https:\/\/spssilos.com\/fr\/demande-de-devis\/\"]}]},{\"@type\":\"WebSite\",\"@id\":\"https:\/\/spssilos.com\/#website\",\"url\":\"https:\/\/spssilos.com\/\",\"name\":\"SPS\",\"description\":\"\",\"potentialAction\":[{\"@type\":\"SearchAction\",\"target\":{\"@type\":\"EntryPoint\",\"urlTemplate\":\"https:\/\/spssilos.com\/?s={search_term_string}\"},\"query-input\":\"required name=search_term_string\"}],\"inLanguage\":\"fr-FR\"}]}<\/script>\n<!-- \/ Yoast SEO plugin. -->","yoast_head_json":{"title":"Demande de devis | PRADO SPS","description":"Voulez-vous un devis pour des silos, des syst\u00e8mes de manutention ou des projets cl\u00e9 en main? Veuillez remplir le formulaire en cliquant ici.","robots":{"index":"index","follow":"follow","max-snippet":"max-snippet:-1","max-image-preview":"max-image-preview:large","max-video-preview":"max-video-preview:-1"},"canonical":"https:\/\/spssilos.com\/fr\/demande-de-devis\/","schema":{"@context":"https:\/\/schema.org","@graph":[{"@type":"WebPage","@id":"https:\/\/spssilos.com\/fr\/demande-de-devis\/","url":"https:\/\/spssilos.com\/fr\/demande-de-devis\/","name":"Demande de devis | PRADO SPS","isPartOf":{"@id":"https:\/\/spssilos.com\/#website"},"datePublished":"2016-08-01T13:46:49+00:00","dateModified":"2016-09-06T14:42:35+00:00","description":"Voulez-vous un devis pour des silos, des syst\u00e8mes de manutention ou des projets cl\u00e9 en main? Veuillez remplir le formulaire en cliquant ici.","inLanguage":"fr-FR","potentialAction":[{"@type":"ReadAction","target":["https:\/\/spssilos.com\/fr\/demande-de-devis\/"]}]},{"@type":"WebSite","@id":"https:\/\/spssilos.com\/#website","url":"https:\/\/spssilos.com\/","name":"SPS","description":"","potentialAction":[{"@type":"SearchAction","target":{"@type":"EntryPoint","urlTemplate":"https:\/\/spssilos.com\/?s={search_term_string}"},"query-input":"required name=search_term_string"}],"inLanguage":"fr-FR"}]}},"_links":{"self":[{"href":"https:\/\/spssilos.com\/fr\/wp-json\/wp\/v2\/pages\/2604"}],"collection":[{"href":"https:\/\/spssilos.com\/fr\/wp-json\/wp\/v2\/pages"}],"about":[{"href":"https:\/\/spssilos.com\/fr\/wp-json\/wp\/v2\/types\/page"}],"author":[{"embeddable":true,"href":"https:\/\/spssilos.com\/fr\/wp-json\/wp\/v2\/users\/2"}],"replies":[{"embeddable":true,"href":"https:\/\/spssilos.com\/fr\/wp-json\/wp\/v2\/comments?post=2604"}],"version-history":[{"count":0,"href":"https:\/\/spssilos.com\/fr\/wp-json\/wp\/v2\/pages\/2604\/revisions"}],"wp:attachment":[{"href":"https:\/\/spssilos.com\/fr\/wp-json\/wp\/v2\/media?parent=2604"}],"curies":[{"name":"wp","href":"https:\/\/api.w.org\/{rel}","templated":true}]}}