{"id":2595,"date":"2016-08-01T09:27:22","date_gmt":"2016-08-01T07:27:22","guid":{"rendered":"http:\/\/www.pradosps.com\/fr\/societe\/documents\/"},"modified":"2016-08-01T17:13:02","modified_gmt":"2016-08-01T15:13:02","slug":"documents","status":"publish","type":"page","link":"https:\/\/spssilos.com\/fr\/societe\/documents\/","title":{"rendered":"Documents"},"content":{"rendered":"<div style=\"text-align:center;\"><div class=\"custom-frame-wrapper aligncenter frame-shadow\"><div class=\"custom-frame-inner-wrapper\"><div class=\"custom-frame-padding\"><a href=\"https:\/\/spssilos.com\/wp-content\/uploads\/2015\/05\/documentos.jpg\" rel=\"wp-prettyPhoto[2595]\"><img decoding=\"async\" loading=\"lazy\" class=\"alignnone wp-image-934 size-full\" src=\"https:\/\/spssilos.com\/wp-content\/uploads\/2015\/05\/documentos.jpg\" alt=\"documentos SPS\" width=\"1280\" height=\"350\" srcset=\"https:\/\/spssilos.com\/wp-content\/uploads\/2015\/05\/documentos.jpg 1280w, https:\/\/spssilos.com\/wp-content\/uploads\/2015\/05\/documentos-300x82.jpg 300w, https:\/\/spssilos.com\/wp-content\/uploads\/2015\/05\/documentos-1024x280.jpg 1024w\" sizes=\"(max-width: 1280px) 100vw, 1280px\" \/><\/a><\/div><\/div><\/div><\/div>\nIci vous pouvez t\u00e9l\u00e9charger tous les documents, brochures, sp\u00e9cifications et pr\u00e9sentations sur SPS et nos produits.<\/p>\n<p>&nbsp;<\/p>\n<div class=\"one_half\">\n<h3>INFORMATION<\/h3>\n<h5>SILOS<\/h5>\n\n<ul class=\"list-1\">\n<li><a title=\"descargar archivo\" href=\"https:\/\/spssilos.com\/wp-content\/uploads\/catalogos\/SILOS.zip\" target=\"_blank\">Brochure silos \u00a0 <i class=\"fa fa-download circle-wrap\" style=\"color:#C00028;\"><\/i><img decoding=\"async\" loading=\"lazy\" src=\"https:\/\/spssilos.com\/wp-content\/uploads\/2015\/05\/icono_espana.png\" alt=\"espa\u00f1ol\" width=\"16\" height=\"16\" \/><img decoding=\"async\" loading=\"lazy\" src=\"https:\/\/spssilos.com\/wp-content\/uploads\/2015\/05\/icono_gb.png\" alt=\"English\" width=\"16\" height=\"16\" \/><\/a><\/li>\n<li><a title=\"descargar archivo\" href=\"https:\/\/spssilos.com\/wp-content\/uploads\/catalogos\/SILOSR.zip\" target=\"_blank\">Brochure silos \u00a0 <i class=\"fa fa-download circle-wrap\" style=\"color:#C00028;\"><\/i><img decoding=\"async\" loading=\"lazy\" src=\"https:\/\/spssilos.com\/wp-content\/uploads\/2015\/05\/icono_rusia.png\" alt=\"icono_rusia\" width=\"16\" height=\"16\" \/><\/a><\/li>\n<\/ul>\n\n<h5>VIS BALAYEUSE<\/h5>\n\n<ul class=\"list-1\">\n<li><a title=\"descargar archivo\" href=\"https:\/\/spssilos.com\/wp-content\/uploads\/catalogos\/SWEEPAUGER.zip\" target=\"_blank\">Brochure Vis balayeuse \u00a0<i class=\"fa fa-download circle-wrap\" style=\"color:#C00028;\"><\/i><img decoding=\"async\" loading=\"lazy\" src=\"https:\/\/spssilos.com\/wp-content\/uploads\/2015\/05\/icono_espana.png\" alt=\"espa\u00f1ol\" width=\"16\" height=\"16\" \/><img decoding=\"async\" loading=\"lazy\" src=\"https:\/\/spssilos.com\/wp-content\/uploads\/2015\/05\/icono_gb.png\" alt=\"English\" width=\"16\" height=\"16\" \/><\/a><\/li>\n<li><a title=\"descargar archivo\" href=\"https:\/\/spssilos.com\/wp-content\/uploads\/catalogos\/SWEEPAUGERR.zip\" target=\"_blank\">Brochure Vis balayeuse <i class=\"fa fa-download circle-wrap\" style=\"color:#C00028;\"><\/i><img decoding=\"async\" loading=\"lazy\" src=\"https:\/\/spssilos.com\/wp-content\/uploads\/2015\/05\/icono_rusia.png\" alt=\"icono_rusia\" width=\"16\" height=\"16\" \/><\/a><\/li>\n<\/ul>\n\n<h5>SPS<\/h5>\n\n<ul class=\"list-1\">\n<li><a title=\"descargar archivo\" href=\"https:\/\/spssilos.com\/wp-content\/uploads\/catalogos\/PRESENTACIONSPS.zip\" target=\"_blank\">Pr\u00e9sentation Soci\u00e9t\u00e9 \u2013SPS \u00a0\u00a0<i class=\"fa fa-download circle-wrap\" style=\"color:#C00028;\"><\/i><img decoding=\"async\" loading=\"lazy\" src=\"https:\/\/spssilos.com\/wp-content\/uploads\/2015\/05\/icono_espana.png\" alt=\"espa\u00f1ol\" width=\"16\" height=\"16\" \/><img decoding=\"async\" loading=\"lazy\" src=\"https:\/\/spssilos.com\/wp-content\/uploads\/2015\/05\/icono_gb.png\" alt=\"English\" width=\"16\" height=\"16\" \/><\/a><\/li>\n<li><a title=\"descargar archivo\" href=\"https:\/\/spssilos.com\/wp-content\/uploads\/catalogos\/INFO.zip\" target=\"_blank\">Information\u00a0\u00a0<i class=\"fa fa-download circle-wrap\" style=\"color:#C00028;\"><\/i><img decoding=\"async\" loading=\"lazy\" src=\"https:\/\/spssilos.com\/wp-content\/uploads\/2015\/05\/icono_espana.png\" alt=\"espa\u00f1ol\" width=\"16\" height=\"16\" \/><img decoding=\"async\" loading=\"lazy\" src=\"https:\/\/spssilos.com\/wp-content\/uploads\/2015\/05\/icono_gb.png\" alt=\"English\" width=\"16\" height=\"16\" \/><\/a><\/li>\n<\/ul>\n\n<\/div>\n<div class=\"one_half last_column\">\n<h3>FICHES TECHNIQUES<\/h3>\n\n<ul class=\"list-1\">\n<li><a title=\"descargar archivo\" href=\"https:\/\/spssilos.com\/wp-content\/uploads\/catalogos\/FICHA-SILO-ASENTADO.pdf\" target=\"_blank\">Fiche technique silo \u00e0 fond plat <i class=\"fa fa-download circle-wrap\" style=\"color:#C00028;\"><\/i><img decoding=\"async\" loading=\"lazy\" src=\"https:\/\/spssilos.com\/wp-content\/uploads\/2015\/05\/icono_espana.png\" alt=\"espa\u00f1ol\" width=\"16\" height=\"16\" \/><img decoding=\"async\" loading=\"lazy\" src=\"https:\/\/spssilos.com\/wp-content\/uploads\/2015\/05\/icono_gb.png\" alt=\"English\" width=\"16\" height=\"16\" \/><\/a><\/li>\n<li><a title=\"descargar archivo\" href=\"https:\/\/spssilos.com\/wp-content\/uploads\/catalogos\/FICHA-SILO-ELEVADO.pdf\" target=\"_blank\">Fiche technique silo \u00e0 fond c\u00f4nique \u00a0<i class=\"fa fa-download circle-wrap\" style=\"color:#C00028;\"><\/i><img decoding=\"async\" loading=\"lazy\" src=\"https:\/\/spssilos.com\/wp-content\/uploads\/2015\/05\/icono_espana.png\" alt=\"espa\u00f1ol\" width=\"16\" height=\"16\" \/><img decoding=\"async\" loading=\"lazy\" src=\"https:\/\/spssilos.com\/wp-content\/uploads\/2015\/05\/icono_gb.png\" alt=\"English\" width=\"16\" height=\"16\" \/><\/a><\/li>\n<li><a title=\"descargar archivo\" href=\"https:\/\/spssilos.com\/wp-content\/uploads\/catalogos\/FICHA-SILO-CELDA.pdf\" target=\"_blank\">Fiche technique silo carr\u00e9 <i class=\"fa fa-download circle-wrap\" style=\"color:#C00028;\"><\/i><img decoding=\"async\" loading=\"lazy\" src=\"https:\/\/spssilos.com\/wp-content\/uploads\/2015\/05\/icono_espana.png\" alt=\"espa\u00f1ol\" width=\"16\" height=\"16\" \/><img decoding=\"async\" loading=\"lazy\" src=\"https:\/\/spssilos.com\/wp-content\/uploads\/2015\/05\/icono_gb.png\" alt=\"English\" width=\"16\" height=\"16\" \/><\/a><\/li>\n<li><a title=\"descargar archivo\" href=\"https:\/\/spssilos.com\/wp-content\/uploads\/catalogos\/FICHA-TRANSPORTADOR-DE-BANDA.pdf\" target=\"_blank\">Fiche technique convoyeur \u00e0 bande \u00a0<i class=\"fa fa-download circle-wrap\" style=\"color:#C00028;\"><\/i><img decoding=\"async\" loading=\"lazy\" src=\"https:\/\/spssilos.com\/wp-content\/uploads\/2015\/05\/icono_espana.png\" alt=\"espa\u00f1ol\" width=\"16\" height=\"16\" \/><img decoding=\"async\" loading=\"lazy\" src=\"https:\/\/spssilos.com\/wp-content\/uploads\/2015\/05\/icono_gb.png\" alt=\"English\" width=\"16\" height=\"16\" \/><\/a><\/li>\n<li><a title=\"descargar archivo\" href=\"https:\/\/spssilos.com\/wp-content\/uploads\/catalogos\/FICHA-TRANSPORTADOR-DE-CADENA.pdf\" target=\"_blank\">Fiche technique convoyeur \u00e0 cha\u00eene \u00a0<i class=\"fa fa-download circle-wrap\" style=\"color:#C00028;\"><\/i><img decoding=\"async\" loading=\"lazy\" src=\"https:\/\/spssilos.com\/wp-content\/uploads\/2015\/05\/icono_espana.png\" alt=\"espa\u00f1ol\" width=\"16\" height=\"16\" \/><img decoding=\"async\" loading=\"lazy\" src=\"https:\/\/spssilos.com\/wp-content\/uploads\/2015\/05\/icono_gb.png\" alt=\"English\" width=\"16\" height=\"16\" \/><\/a><\/li>\n<li><a title=\"descargar archivo\" href=\"https:\/\/spssilos.com\/wp-content\/uploads\/catalogos\/FICHA-TRANSPORTADOR-SINFIN.pdf\" target=\"_blank\">Fiche technique convoyeur \u00e0 vis <i class=\"fa fa-download circle-wrap\" style=\"color:#C00028;\"><\/i><img decoding=\"async\" loading=\"lazy\" src=\"https:\/\/spssilos.com\/wp-content\/uploads\/2015\/05\/icono_espana.png\" alt=\"espa\u00f1ol\" width=\"16\" height=\"16\" \/><img decoding=\"async\" loading=\"lazy\" src=\"https:\/\/spssilos.com\/wp-content\/uploads\/2015\/05\/icono_gb.png\" alt=\"English\" width=\"16\" height=\"16\" \/><\/a><\/li>\n<li><a title=\"descargar archivo\" href=\"https:\/\/spssilos.com\/wp-content\/uploads\/catalogos\/FICHA-BARREDORA.pdf\" target=\"_blank\">Fiche technique vis balayeuse \u00a0<i class=\"fa fa-download circle-wrap\" style=\"color:#C00028;\"><\/i><img decoding=\"async\" loading=\"lazy\" src=\"https:\/\/spssilos.com\/wp-content\/uploads\/2015\/05\/icono_espana.png\" alt=\"espa\u00f1ol\" width=\"16\" height=\"16\" \/><img decoding=\"async\" loading=\"lazy\" src=\"https:\/\/spssilos.com\/wp-content\/uploads\/2015\/05\/icono_gb.png\" alt=\"English\" width=\"16\" height=\"16\" \/><\/a><\/li>\n<\/ul>\n\n<\/div>\n","protected":false},"excerpt":{"rendered":"<p>Ici vous pouvez t\u00e9l\u00e9charger tous les documents, brochures, sp\u00e9cifications et pr\u00e9sentations sur SPS et nos produits. &nbsp;<\/p>\n","protected":false},"author":2,"featured_media":0,"parent":2579,"menu_order":0,"comment_status":"open","ping_status":"open","template":"page-PageTemplate2.php","meta":{"_monsterinsights_skip_tracking":false,"_monsterinsights_sitenote_active":false,"_monsterinsights_sitenote_note":"","_monsterinsights_sitenote_category":0},"acf":[],"yoast_head":"<!-- This site is optimized with the Yoast SEO plugin v21.5 - https:\/\/yoast.com\/wordpress\/plugins\/seo\/ -->\n<title>Documents | PRADO SPS<\/title>\n<meta name=\"description\" content=\"Tous les documents, brochures, sp\u00e9cifications et pr\u00e9sentations sur SPS et nos produits peuvent \u00eatre t\u00e9l\u00e9charg\u00e9s ici: silos, balayeuses, convoyeurs...\" \/>\n<meta name=\"robots\" content=\"index, follow, max-snippet:-1, max-image-preview:large, max-video-preview:-1\" \/>\n<link rel=\"canonical\" href=\"https:\/\/spssilos.com\/fr\/societe\/documents\/\" \/>\n<meta name=\"twitter:label1\" content=\"Dur\u00e9e de lecture estim\u00e9e\" \/>\n\t<meta name=\"twitter:data1\" content=\"1 minute\" \/>\n<script type=\"application\/ld+json\" class=\"yoast-schema-graph\">{\"@context\":\"https:\/\/schema.org\",\"@graph\":[{\"@type\":\"WebPage\",\"@id\":\"https:\/\/spssilos.com\/fr\/societe\/documents\/\",\"url\":\"https:\/\/spssilos.com\/fr\/societe\/documents\/\",\"name\":\"Documents | PRADO SPS\",\"isPartOf\":{\"@id\":\"https:\/\/spssilos.com\/#website\"},\"datePublished\":\"2016-08-01T07:27:22+00:00\",\"dateModified\":\"2016-08-01T15:13:02+00:00\",\"description\":\"Tous les documents, brochures, sp\u00e9cifications et pr\u00e9sentations sur SPS et nos produits peuvent \u00eatre t\u00e9l\u00e9charg\u00e9s ici: silos, balayeuses, convoyeurs...\",\"breadcrumb\":{\"@id\":\"https:\/\/spssilos.com\/fr\/societe\/documents\/#breadcrumb\"},\"inLanguage\":\"fr-FR\",\"potentialAction\":[{\"@type\":\"ReadAction\",\"target\":[\"https:\/\/spssilos.com\/fr\/societe\/documents\/\"]}]},{\"@type\":\"BreadcrumbList\",\"@id\":\"https:\/\/spssilos.com\/fr\/societe\/documents\/#breadcrumb\",\"itemListElement\":[{\"@type\":\"ListItem\",\"position\":1,\"name\":\"La Soci\u00e9t\u00e9: SPS Grain Handling and Storage Solutions\",\"item\":\"https:\/\/spssilos.com\/fr\/societe\/\"},{\"@type\":\"ListItem\",\"position\":2,\"name\":\"Documents\"}]},{\"@type\":\"WebSite\",\"@id\":\"https:\/\/spssilos.com\/#website\",\"url\":\"https:\/\/spssilos.com\/\",\"name\":\"SPS\",\"description\":\"\",\"potentialAction\":[{\"@type\":\"SearchAction\",\"target\":{\"@type\":\"EntryPoint\",\"urlTemplate\":\"https:\/\/spssilos.com\/?s={search_term_string}\"},\"query-input\":\"required name=search_term_string\"}],\"inLanguage\":\"fr-FR\"}]}<\/script>\n<!-- \/ Yoast SEO plugin. -->","yoast_head_json":{"title":"Documents | PRADO SPS","description":"Tous les documents, brochures, sp\u00e9cifications et pr\u00e9sentations sur SPS et nos produits peuvent \u00eatre t\u00e9l\u00e9charg\u00e9s ici: silos, balayeuses, convoyeurs...","robots":{"index":"index","follow":"follow","max-snippet":"max-snippet:-1","max-image-preview":"max-image-preview:large","max-video-preview":"max-video-preview:-1"},"canonical":"https:\/\/spssilos.com\/fr\/societe\/documents\/","twitter_misc":{"Dur\u00e9e de lecture estim\u00e9e":"1 minute"},"schema":{"@context":"https:\/\/schema.org","@graph":[{"@type":"WebPage","@id":"https:\/\/spssilos.com\/fr\/societe\/documents\/","url":"https:\/\/spssilos.com\/fr\/societe\/documents\/","name":"Documents | PRADO SPS","isPartOf":{"@id":"https:\/\/spssilos.com\/#website"},"datePublished":"2016-08-01T07:27:22+00:00","dateModified":"2016-08-01T15:13:02+00:00","description":"Tous les documents, brochures, sp\u00e9cifications et pr\u00e9sentations sur SPS et nos produits peuvent \u00eatre t\u00e9l\u00e9charg\u00e9s ici: silos, balayeuses, convoyeurs...","breadcrumb":{"@id":"https:\/\/spssilos.com\/fr\/societe\/documents\/#breadcrumb"},"inLanguage":"fr-FR","potentialAction":[{"@type":"ReadAction","target":["https:\/\/spssilos.com\/fr\/societe\/documents\/"]}]},{"@type":"BreadcrumbList","@id":"https:\/\/spssilos.com\/fr\/societe\/documents\/#breadcrumb","itemListElement":[{"@type":"ListItem","position":1,"name":"La Soci\u00e9t\u00e9: SPS Grain Handling and Storage Solutions","item":"https:\/\/spssilos.com\/fr\/societe\/"},{"@type":"ListItem","position":2,"name":"Documents"}]},{"@type":"WebSite","@id":"https:\/\/spssilos.com\/#website","url":"https:\/\/spssilos.com\/","name":"SPS","description":"","potentialAction":[{"@type":"SearchAction","target":{"@type":"EntryPoint","urlTemplate":"https:\/\/spssilos.com\/?s={search_term_string}"},"query-input":"required name=search_term_string"}],"inLanguage":"fr-FR"}]}},"_links":{"self":[{"href":"https:\/\/spssilos.com\/fr\/wp-json\/wp\/v2\/pages\/2595"}],"collection":[{"href":"https:\/\/spssilos.com\/fr\/wp-json\/wp\/v2\/pages"}],"about":[{"href":"https:\/\/spssilos.com\/fr\/wp-json\/wp\/v2\/types\/page"}],"author":[{"embeddable":true,"href":"https:\/\/spssilos.com\/fr\/wp-json\/wp\/v2\/users\/2"}],"replies":[{"embeddable":true,"href":"https:\/\/spssilos.com\/fr\/wp-json\/wp\/v2\/comments?post=2595"}],"version-history":[{"count":0,"href":"https:\/\/spssilos.com\/fr\/wp-json\/wp\/v2\/pages\/2595\/revisions"}],"up":[{"embeddable":true,"href":"https:\/\/spssilos.com\/fr\/wp-json\/wp\/v2\/pages\/2579"}],"wp:attachment":[{"href":"https:\/\/spssilos.com\/fr\/wp-json\/wp\/v2\/media?parent=2595"}],"curies":[{"name":"wp","href":"https:\/\/api.w.org\/{rel}","templated":true}]}}