{"id":2592,"date":"2015-08-01T09:03:01","date_gmt":"2015-08-01T07:03:01","guid":{"rendered":"http:\/\/www.pradosps.com\/fr\/societe\/values\/"},"modified":"2016-08-01T17:10:38","modified_gmt":"2016-08-01T15:10:38","slug":"valeurs","status":"publish","type":"page","link":"https:\/\/spssilos.com\/fr\/societe\/valeurs\/","title":{"rendered":"Valeurs"},"content":{"rendered":"<div style=\"text-align:center;\"><div class=\"custom-frame-wrapper aligncenter frame-shadow\"><div class=\"custom-frame-inner-wrapper\"><div class=\"custom-frame-padding\"><a href=\"https:\/\/spssilos.com\/wp-content\/uploads\/2015\/03\/valores.jpg\" rel=\"wp-prettyPhoto[2592]\"><img decoding=\"async\" loading=\"lazy\" class=\"alignnone wp-image-935 size-full\" src=\"https:\/\/spssilos.com\/wp-content\/uploads\/2015\/03\/valores.jpg\" alt=\"SPS values\" width=\"1280\" height=\"350\" srcset=\"https:\/\/spssilos.com\/wp-content\/uploads\/2015\/03\/valores.jpg 1280w, https:\/\/spssilos.com\/wp-content\/uploads\/2015\/03\/valores-300x82.jpg 300w, https:\/\/spssilos.com\/wp-content\/uploads\/2015\/03\/valores-1024x280.jpg 1024w\" sizes=\"(max-width: 1280px) 100vw, 1280px\" \/><\/a><\/div><\/div><\/div><\/div>\n<div class=\"one_half\">\n<h3>Humilit\u00e9<\/h3>\n\n<ul class=\"list-1\">\n<li>Vertu qui consiste \u00e0 conna\u00eetre et reconna\u00eetre ses propres limites, erreurs et faiblesses.<\/li>\n<li>R\u00e9agir de fa\u00e7on positive \u00e0 un d\u00e9saccord pour assurer le bien g\u00e9n\u00e9ral du groupe.<\/li>\n<\/ul>\n\n<\/div>\n<div class=\"one_half last_column\">\n<h3>Engagement.<\/h3>\n\n<ul class=\"list-1\">\n<li>Suivre les engagements, et dans le cas contraire, le communiquer \u00e0 l&rsquo;avance.<\/li>\n<li>Respecter toutes les \u00abengagements\u00bb et \u00eatre fid\u00e8le \u00e0 la \u00abparole donn\u00e9e\u00bb.<\/li>\n<\/ul>\n\n<\/div>\n<div class=\"clear\"><\/div>\n<div class=\"one_third\">\n<h3>Travail en \u00e9quipe.<\/h3>\n\n<ul class=\"list-1\">\n<li>Promouvoir le d\u00e9veloppement du travail par plusieurs individus, o\u00f9 chacun joue un r\u00f4le, mais tous poursuivent et respectent l&rsquo;objectif commun.<\/li>\n<\/ul>\n\n<\/div> <div class=\"one_third\">\n<h3>Honn\u00eatet\u00e9.<\/h3>\n\n<ul class=\"list-1\">\n<li>Dire la v\u00e9rit\u00e9, au moment et \u00e0 la personne indiqu\u00e9s.<\/li>\n<li>Agir comme nous le pensons et le ressentons.<\/li>\n<\/ul>\n<\/div>\n<div class=\"one_third last_column\">\n<h3>Respect.<\/h3>\n\n<ul class=\"list-1\">\n<li>Reconna\u00eetre, accepter, appr\u00e9cier et valoriser les qualit\u00e9s et les besoins des autres.<\/li>\n<li>Accepter les d\u00e9cisions communes, m\u00eame si nous ne sommes pas compl\u00e8tement d&rsquo;accord avec elles.<\/li>\n<\/ul>\n<\/div>\n","protected":false},"excerpt":{"rendered":"Humilit\u00e9 Vertu qui consiste \u00e0 conna\u00eetre et reconna\u00eetre ses propres limites, erreurs et faiblesses. R\u00e9agir de fa\u00e7on positive \u00e0 un d\u00e9saccord pour assurer le bien g\u00e9n\u00e9ral du groupe. Engagement. Suivre les engagements, et dans le cas contraire, le communiquer \u00e0 l'avance. Respecter toutes les \u00abengagements\u00bb et \u00eatre fid\u00e8le \u00e0 la \u00abparole donn\u00e9e\u00bb. Travail en \u00e9quipe. Promouvoir le d\u00e9veloppement du travail par plusieurs individus, o\u00f9 chacun joue un r\u00f4le, mais tous poursuivent et respectent l'objectif commun. Honn\u00eatet\u00e9. Dire la v\u00e9rit\u00e9, au moment et \u00e0 la personne indiqu\u00e9s. Agir comme nous le pensons et le ressentons. Respect. Reconna\u00eetre, accepter, appr\u00e9cier et valoriser","protected":false},"author":2,"featured_media":0,"parent":2579,"menu_order":0,"comment_status":"open","ping_status":"open","template":"page-PageQUIENES.php","meta":{"_monsterinsights_skip_tracking":false,"_monsterinsights_sitenote_active":false,"_monsterinsights_sitenote_note":"","_monsterinsights_sitenote_category":0},"acf":[],"yoast_head":"<!-- This site is optimized with the Yoast SEO plugin v21.5 - https:\/\/yoast.com\/wordpress\/plugins\/seo\/ -->\n<title>Valeurs - PRADO SPS<\/title>\n<meta name=\"description\" content=\"Les valeurs de SPS sont humilit\u00e9, engagement, travail en \u00e9quipe, honn\u00eatet\u00e9 et respect.\" \/>\n<meta name=\"robots\" content=\"index, follow, max-snippet:-1, max-image-preview:large, max-video-preview:-1\" \/>\n<link rel=\"canonical\" href=\"https:\/\/spssilos.com\/fr\/societe\/valeurs\/\" \/>\n<meta name=\"twitter:label1\" content=\"Dur\u00e9e de lecture estim\u00e9e\" \/>\n\t<meta name=\"twitter:data1\" content=\"1 minute\" \/>\n<script type=\"application\/ld+json\" class=\"yoast-schema-graph\">{\"@context\":\"https:\/\/schema.org\",\"@graph\":[{\"@type\":\"WebPage\",\"@id\":\"https:\/\/spssilos.com\/fr\/societe\/valeurs\/\",\"url\":\"https:\/\/spssilos.com\/fr\/societe\/valeurs\/\",\"name\":\"Valeurs - PRADO SPS\",\"isPartOf\":{\"@id\":\"https:\/\/spssilos.com\/#website\"},\"datePublished\":\"2015-08-01T07:03:01+00:00\",\"dateModified\":\"2016-08-01T15:10:38+00:00\",\"description\":\"Les valeurs de SPS sont humilit\u00e9, engagement, travail en \u00e9quipe, honn\u00eatet\u00e9 et respect.\",\"breadcrumb\":{\"@id\":\"https:\/\/spssilos.com\/fr\/societe\/valeurs\/#breadcrumb\"},\"inLanguage\":\"fr-FR\",\"potentialAction\":[{\"@type\":\"ReadAction\",\"target\":[\"https:\/\/spssilos.com\/fr\/societe\/valeurs\/\"]}]},{\"@type\":\"BreadcrumbList\",\"@id\":\"https:\/\/spssilos.com\/fr\/societe\/valeurs\/#breadcrumb\",\"itemListElement\":[{\"@type\":\"ListItem\",\"position\":1,\"name\":\"La Soci\u00e9t\u00e9: SPS Grain Handling and Storage Solutions\",\"item\":\"https:\/\/spssilos.com\/fr\/societe\/\"},{\"@type\":\"ListItem\",\"position\":2,\"name\":\"Valeurs\"}]},{\"@type\":\"WebSite\",\"@id\":\"https:\/\/spssilos.com\/#website\",\"url\":\"https:\/\/spssilos.com\/\",\"name\":\"SPS\",\"description\":\"\",\"potentialAction\":[{\"@type\":\"SearchAction\",\"target\":{\"@type\":\"EntryPoint\",\"urlTemplate\":\"https:\/\/spssilos.com\/?s={search_term_string}\"},\"query-input\":\"required name=search_term_string\"}],\"inLanguage\":\"fr-FR\"}]}<\/script>\n<!-- \/ Yoast SEO plugin. -->","yoast_head_json":{"title":"Valeurs - PRADO SPS","description":"Les valeurs de SPS sont humilit\u00e9, engagement, travail en \u00e9quipe, honn\u00eatet\u00e9 et respect.","robots":{"index":"index","follow":"follow","max-snippet":"max-snippet:-1","max-image-preview":"max-image-preview:large","max-video-preview":"max-video-preview:-1"},"canonical":"https:\/\/spssilos.com\/fr\/societe\/valeurs\/","twitter_misc":{"Dur\u00e9e de lecture estim\u00e9e":"1 minute"},"schema":{"@context":"https:\/\/schema.org","@graph":[{"@type":"WebPage","@id":"https:\/\/spssilos.com\/fr\/societe\/valeurs\/","url":"https:\/\/spssilos.com\/fr\/societe\/valeurs\/","name":"Valeurs - PRADO SPS","isPartOf":{"@id":"https:\/\/spssilos.com\/#website"},"datePublished":"2015-08-01T07:03:01+00:00","dateModified":"2016-08-01T15:10:38+00:00","description":"Les valeurs de SPS sont humilit\u00e9, engagement, travail en \u00e9quipe, honn\u00eatet\u00e9 et respect.","breadcrumb":{"@id":"https:\/\/spssilos.com\/fr\/societe\/valeurs\/#breadcrumb"},"inLanguage":"fr-FR","potentialAction":[{"@type":"ReadAction","target":["https:\/\/spssilos.com\/fr\/societe\/valeurs\/"]}]},{"@type":"BreadcrumbList","@id":"https:\/\/spssilos.com\/fr\/societe\/valeurs\/#breadcrumb","itemListElement":[{"@type":"ListItem","position":1,"name":"La Soci\u00e9t\u00e9: SPS Grain Handling and Storage Solutions","item":"https:\/\/spssilos.com\/fr\/societe\/"},{"@type":"ListItem","position":2,"name":"Valeurs"}]},{"@type":"WebSite","@id":"https:\/\/spssilos.com\/#website","url":"https:\/\/spssilos.com\/","name":"SPS","description":"","potentialAction":[{"@type":"SearchAction","target":{"@type":"EntryPoint","urlTemplate":"https:\/\/spssilos.com\/?s={search_term_string}"},"query-input":"required name=search_term_string"}],"inLanguage":"fr-FR"}]}},"_links":{"self":[{"href":"https:\/\/spssilos.com\/fr\/wp-json\/wp\/v2\/pages\/2592"}],"collection":[{"href":"https:\/\/spssilos.com\/fr\/wp-json\/wp\/v2\/pages"}],"about":[{"href":"https:\/\/spssilos.com\/fr\/wp-json\/wp\/v2\/types\/page"}],"author":[{"embeddable":true,"href":"https:\/\/spssilos.com\/fr\/wp-json\/wp\/v2\/users\/2"}],"replies":[{"embeddable":true,"href":"https:\/\/spssilos.com\/fr\/wp-json\/wp\/v2\/comments?post=2592"}],"version-history":[{"count":0,"href":"https:\/\/spssilos.com\/fr\/wp-json\/wp\/v2\/pages\/2592\/revisions"}],"up":[{"embeddable":true,"href":"https:\/\/spssilos.com\/fr\/wp-json\/wp\/v2\/pages\/2579"}],"wp:attachment":[{"href":"https:\/\/spssilos.com\/fr\/wp-json\/wp\/v2\/media?parent=2592"}],"curies":[{"name":"wp","href":"https:\/\/api.w.org\/{rel}","templated":true}]}}