{"id":2582,"date":"2016-08-01T08:21:23","date_gmt":"2016-08-01T06:21:23","guid":{"rendered":"http:\/\/www.pradosps.com\/fr\/societe\/mission-and-vision\/"},"modified":"2016-08-01T17:10:16","modified_gmt":"2016-08-01T15:10:16","slug":"mission-et-vision","status":"publish","type":"page","link":"https:\/\/spssilos.com\/fr\/societe\/mission-et-vision\/","title":{"rendered":"Mission et vision"},"content":{"rendered":"<div style=\"text-align:center;\"><div class=\"custom-frame-wrapper aligncenter frame-shadow\"><div class=\"custom-frame-inner-wrapper\"><div class=\"custom-frame-padding\"><img decoding=\"async\" loading=\"lazy\" class=\"alignnone size-full wp-image-668\" src=\"https:\/\/spssilos.com\/wp-content\/uploads\/2015\/04\/mision1.jpg\" alt=\"mision\" width=\"1280\" height=\"350\" srcset=\"https:\/\/spssilos.com\/wp-content\/uploads\/2015\/04\/mision1.jpg 1280w, https:\/\/spssilos.com\/wp-content\/uploads\/2015\/04\/mision1-300x82.jpg 300w, https:\/\/spssilos.com\/wp-content\/uploads\/2015\/04\/mision1-1024x280.jpg 1024w\" sizes=\"(max-width: 1280px) 100vw, 1280px\" \/><\/div><\/div><\/div><\/div>\n<div class=\"one_half\">\n<h2>MISSION<\/h2>\n<p>La Mission de SPS est de concevoir des projets pour le stockage et la manutention de solides en vrac dans le monde entier, en maintenant les normes de qualit\u00e9 et l&rsquo;excellence du service au client.<br \/>\n<\/div>\n<div class=\"one_half last_column\">\n<h2>VISION<\/h2>\n<p>La Vision de SPS est d&rsquo;\u00eatre une r\u00e9f\u00e9rence dans le domaine des solutions cl\u00e9 en main pour le stockage et la manutention du grain, assurant \u00e0 nos clients la croissance et la continuit\u00e9 de l&rsquo;exploitation de leurs projets.<br \/>\n<\/div>\n","protected":false},"excerpt":{"rendered":"MISSION La Mission de SPS est de concevoir des projets pour le stockage et la manutention de solides en vrac dans le monde entier, en maintenant les normes de qualit\u00e9 et l'excellence du service au client. VISION La Vision de SPS est d'\u00eatre une r\u00e9f\u00e9rence dans le domaine des solutions cl\u00e9 en main pour le stockage et la manutention du grain, assurant \u00e0 nos clients la croissance et la continuit\u00e9 de l'exploitation de leurs projets.","protected":false},"author":2,"featured_media":0,"parent":2579,"menu_order":0,"comment_status":"open","ping_status":"open","template":"page-PageTemplate2.php","meta":{"_monsterinsights_skip_tracking":false,"_monsterinsights_sitenote_active":false,"_monsterinsights_sitenote_note":"","_monsterinsights_sitenote_category":0},"acf":[],"yoast_head":"<!-- This site is optimized with the Yoast SEO plugin v21.5 - https:\/\/yoast.com\/wordpress\/plugins\/seo\/ -->\n<title>Mission et Vision - PRADO SPS<\/title>\n<meta name=\"description\" content=\"La Mission de SPS est de concevoir des projets de grande qualit\u00e9 pour le stockage et la manutention de solides en vrac dans le monde entier.\" \/>\n<meta name=\"robots\" content=\"index, follow, max-snippet:-1, max-image-preview:large, max-video-preview:-1\" \/>\n<link rel=\"canonical\" href=\"https:\/\/spssilos.com\/fr\/societe\/mission-et-vision\/\" \/>\n<script type=\"application\/ld+json\" class=\"yoast-schema-graph\">{\"@context\":\"https:\/\/schema.org\",\"@graph\":[{\"@type\":\"WebPage\",\"@id\":\"https:\/\/spssilos.com\/fr\/societe\/mission-et-vision\/\",\"url\":\"https:\/\/spssilos.com\/fr\/societe\/mission-et-vision\/\",\"name\":\"Mission et Vision - PRADO SPS\",\"isPartOf\":{\"@id\":\"https:\/\/spssilos.com\/#website\"},\"datePublished\":\"2016-08-01T06:21:23+00:00\",\"dateModified\":\"2016-08-01T15:10:16+00:00\",\"description\":\"La Mission de SPS est de concevoir des projets de grande qualit\u00e9 pour le stockage et la manutention de solides en vrac dans le monde entier.\",\"breadcrumb\":{\"@id\":\"https:\/\/spssilos.com\/fr\/societe\/mission-et-vision\/#breadcrumb\"},\"inLanguage\":\"fr-FR\",\"potentialAction\":[{\"@type\":\"ReadAction\",\"target\":[\"https:\/\/spssilos.com\/fr\/societe\/mission-et-vision\/\"]}]},{\"@type\":\"BreadcrumbList\",\"@id\":\"https:\/\/spssilos.com\/fr\/societe\/mission-et-vision\/#breadcrumb\",\"itemListElement\":[{\"@type\":\"ListItem\",\"position\":1,\"name\":\"La Soci\u00e9t\u00e9: SPS Grain Handling and Storage Solutions\",\"item\":\"https:\/\/spssilos.com\/fr\/societe\/\"},{\"@type\":\"ListItem\",\"position\":2,\"name\":\"Mission et vision\"}]},{\"@type\":\"WebSite\",\"@id\":\"https:\/\/spssilos.com\/#website\",\"url\":\"https:\/\/spssilos.com\/\",\"name\":\"SPS\",\"description\":\"\",\"potentialAction\":[{\"@type\":\"SearchAction\",\"target\":{\"@type\":\"EntryPoint\",\"urlTemplate\":\"https:\/\/spssilos.com\/?s={search_term_string}\"},\"query-input\":\"required name=search_term_string\"}],\"inLanguage\":\"fr-FR\"}]}<\/script>\n<!-- \/ Yoast SEO plugin. -->","yoast_head_json":{"title":"Mission et Vision - PRADO SPS","description":"La Mission de SPS est de concevoir des projets de grande qualit\u00e9 pour le stockage et la manutention de solides en vrac dans le monde entier.","robots":{"index":"index","follow":"follow","max-snippet":"max-snippet:-1","max-image-preview":"max-image-preview:large","max-video-preview":"max-video-preview:-1"},"canonical":"https:\/\/spssilos.com\/fr\/societe\/mission-et-vision\/","schema":{"@context":"https:\/\/schema.org","@graph":[{"@type":"WebPage","@id":"https:\/\/spssilos.com\/fr\/societe\/mission-et-vision\/","url":"https:\/\/spssilos.com\/fr\/societe\/mission-et-vision\/","name":"Mission et Vision - PRADO SPS","isPartOf":{"@id":"https:\/\/spssilos.com\/#website"},"datePublished":"2016-08-01T06:21:23+00:00","dateModified":"2016-08-01T15:10:16+00:00","description":"La Mission de SPS est de concevoir des projets de grande qualit\u00e9 pour le stockage et la manutention de solides en vrac dans le monde entier.","breadcrumb":{"@id":"https:\/\/spssilos.com\/fr\/societe\/mission-et-vision\/#breadcrumb"},"inLanguage":"fr-FR","potentialAction":[{"@type":"ReadAction","target":["https:\/\/spssilos.com\/fr\/societe\/mission-et-vision\/"]}]},{"@type":"BreadcrumbList","@id":"https:\/\/spssilos.com\/fr\/societe\/mission-et-vision\/#breadcrumb","itemListElement":[{"@type":"ListItem","position":1,"name":"La Soci\u00e9t\u00e9: SPS Grain Handling and Storage Solutions","item":"https:\/\/spssilos.com\/fr\/societe\/"},{"@type":"ListItem","position":2,"name":"Mission et vision"}]},{"@type":"WebSite","@id":"https:\/\/spssilos.com\/#website","url":"https:\/\/spssilos.com\/","name":"SPS","description":"","potentialAction":[{"@type":"SearchAction","target":{"@type":"EntryPoint","urlTemplate":"https:\/\/spssilos.com\/?s={search_term_string}"},"query-input":"required name=search_term_string"}],"inLanguage":"fr-FR"}]}},"_links":{"self":[{"href":"https:\/\/spssilos.com\/fr\/wp-json\/wp\/v2\/pages\/2582"}],"collection":[{"href":"https:\/\/spssilos.com\/fr\/wp-json\/wp\/v2\/pages"}],"about":[{"href":"https:\/\/spssilos.com\/fr\/wp-json\/wp\/v2\/types\/page"}],"author":[{"embeddable":true,"href":"https:\/\/spssilos.com\/fr\/wp-json\/wp\/v2\/users\/2"}],"replies":[{"embeddable":true,"href":"https:\/\/spssilos.com\/fr\/wp-json\/wp\/v2\/comments?post=2582"}],"version-history":[{"count":0,"href":"https:\/\/spssilos.com\/fr\/wp-json\/wp\/v2\/pages\/2582\/revisions"}],"up":[{"embeddable":true,"href":"https:\/\/spssilos.com\/fr\/wp-json\/wp\/v2\/pages\/2579"}],"wp:attachment":[{"href":"https:\/\/spssilos.com\/fr\/wp-json\/wp\/v2\/media?parent=2582"}],"curies":[{"name":"wp","href":"https:\/\/api.w.org\/{rel}","templated":true}]}}