{"id":2579,"date":"2016-08-01T13:02:15","date_gmt":"2016-08-01T11:02:15","guid":{"rendered":"http:\/\/www.pradosps.com\/fr\/company\/"},"modified":"2022-08-12T15:18:55","modified_gmt":"2022-08-12T13:18:55","slug":"societe","status":"publish","type":"page","link":"https:\/\/spssilos.com\/fr\/societe\/","title":{"rendered":"La Soci\u00e9t\u00e9: SPS Grain Handling and Storage Solutions"},"content":{"rendered":"<div style=\"text-align:center;\"><div class=\"custom-frame-wrapper aligncenter frame-shadow\"><div class=\"custom-frame-inner-wrapper\"><div class=\"custom-frame-padding\"><img decoding=\"async\" loading=\"lazy\" class=\"alignnone size-full wp-image-674\" src=\"https:\/\/spssilos.com\/wp-content\/uploads\/2015\/03\/quienes.jpg\" alt=\"quienes\" width=\"1280\" height=\"350\" srcset=\"https:\/\/spssilos.com\/wp-content\/uploads\/2015\/03\/quienes.jpg 1280w, https:\/\/spssilos.com\/wp-content\/uploads\/2015\/03\/quienes-300x82.jpg 300w, https:\/\/spssilos.com\/wp-content\/uploads\/2015\/03\/quienes-1024x280.jpg 1024w\" sizes=\"(max-width: 1280px) 100vw, 1280px\" \/><\/div><\/div><\/div><\/div>\n<h2>SPS affiche plus de 20 ans d\u2019exp\u00e9rience en mati\u00e8re de d\u00e9veloppement de solutions de stockage, de manutention et de traitement des c\u00e9r\u00e9ales. Qu\u2019il s\u2019agisse d\u2019une simple ferme ou d\u2019installations portuaires, SPS est en mesure de d\u00e9velopper la meilleure solution, comme le prouvent ses r\u00e9f\u00e9rences partout dans le monde pendant toutes ces ann\u00e9es.<\/h2>\n<p>La philosophie de SPS a consist\u00e9 jusqu\u2019\u00e0 pr\u00e9sent, et consistera toujours, \u00e0 investir dans la technologie de pointe pour ses cha\u00eenes de production, et \u00e0 utiliser des composants europ\u00e9ens de la meilleure qualit\u00e9, ce qui nous permet de proposer les produits les plus comp\u00e9titifs du march\u00e9.<\/p>\n<p>Gr\u00e2ce \u00e0 sa puissante \u00e9quipe technique et \u00e0 d\u2019excellentes ressources humaines, SPS est en mesure de concevoir, de fabriquer et d\u2019installer des produits sp\u00e9cialement con\u00e7us en fonction des exigences de ses clients.<\/p>\n<p>Nous pouvons aussi bien d\u00e9velopper des projets \u00e0 partir d\u2019une id\u00e9e de base que fournir \u00e0 nos clients des projets complexes cl\u00e9 en main. Le principal avantage de SPS sur le march\u00e9, qui nous distingue des autres firmes, est notre capacit\u00e9 \u00e0 concevoir et \u00e0 fabriquer des solutions compl\u00e8tes pour le stockage, la manutention et le traitement des c\u00e9r\u00e9ales, ce qui nous permet de tenir des d\u00e9lais r\u00e9duits tant pour la production que pour le montage ou la mise en service.<\/p>\n            <style type=\"text\/css\">\r\n                #content-block-background-1348 { background-image: url(); background-position: center top; background-repeat: repeat-x; background-color: #FFFFFF; background-attachment: fixed; background-size: auto; }\r\n                #content-block-body-1348 { padding: 40px 0; color: #333333; }\r\n                .content-block-body { margin-left: auto; margin-right: auto; position: relative; }\r\n            <\/style>\r\n            \r\n                \r\n            <div class=\"clear\"><\/div>\r\n            <div id=\"content-block-background-1348\" class=\"content-block-background class-name\">\r\n                <div id=\"content-block-body-1348\" class=\"content-block-body\">\r\n                    <div class=\"clear\"><\/div>\r\n                    \n<div class=\"one_fourth\"><div style=\"text-align:center;\"><div class=\"custom-frame-wrapper aligncenter frame-shadow\"><div class=\"custom-frame-inner-wrapper\"><div class=\"custom-frame-padding\"><a href=\"https:\/\/spssilos.com\/wp-content\/uploads\/2015\/03\/ALMACENAMIENTO.jpg\" rel=\"wp-prettyPhoto&#091;2579&#093;\"><img decoding=\"async\" loading=\"lazy\" class=\"alignnone size-medium wp-image-607\" src=\"https:\/\/spssilos.com\/wp-content\/uploads\/2015\/03\/ALMACENAMIENTO-300x296.jpg\" alt=\"ALMACENAMIENTO\" width=\"300\" height=\"296\" srcset=\"https:\/\/spssilos.com\/wp-content\/uploads\/2015\/03\/ALMACENAMIENTO-300x296.jpg 300w, https:\/\/spssilos.com\/wp-content\/uploads\/2015\/03\/ALMACENAMIENTO.jpg 600w\" sizes=\"(max-width: 300px) 100vw, 300px\" \/><\/a><\/div><\/div><\/div><\/div> <\/div> <div class=\"three_fourth last_column\">\n<h2>STOCKAGE:<\/h2>\n<p>Nous fabriquons des silos d\u2019une capacit\u00e9 de 50m3 \u00e0 35.000m3, et offrons la possibilit\u00e9 d\u2019en am\u00e9liorer les caract\u00e9ristiques gr\u00e2ce \u00e0 des conceptions plus robustes adapt\u00e9es aux s\u00e9ismes ou autres conditions extr\u00eames, comme le vent ou la neige. Nous disposons \u00e9galement de mat\u00e9riels sp\u00e9cifiques pour les environnements fortement corrosifs ou en cas de pollution chimique. Exigences de haute s\u00e9curit\u00e9 (ATEX, RTN-1)<\/p>\n<\/div>\n<div class=\"clear\"><\/div>\n<div class=\"divider\"><\/div>\n<div class=\"one_fourth\"><div style=\"text-align:center;\"><div class=\"custom-frame-wrapper aligncenter frame-shadow\"><div class=\"custom-frame-inner-wrapper\"><div class=\"custom-frame-padding\"><a href=\"https:\/\/spssilos.com\/wp-content\/uploads\/2015\/03\/transporte.jpg\" rel=\"wp-prettyPhoto&#091;2579&#093;\"><img decoding=\"async\" loading=\"lazy\" class=\"alignnone size-medium wp-image-609\" src=\"https:\/\/spssilos.com\/wp-content\/uploads\/2015\/03\/transporte-300x296.jpg\" alt=\"transporte\" width=\"300\" height=\"296\" srcset=\"https:\/\/spssilos.com\/wp-content\/uploads\/2015\/03\/transporte-300x296.jpg 300w, https:\/\/spssilos.com\/wp-content\/uploads\/2015\/03\/transporte.jpg 600w\" sizes=\"(max-width: 300px) 100vw, 300px\" \/><\/a><\/div><\/div><\/div><\/div> <\/div> <div class=\"three_fourth last_column\">\n<h2>MANUTENTION:<\/h2>\n<p>Nos machines peuvent transporter de 20 tonnes\/h. \u00e0 1.000 tonnes\/h., et nous pouvons augmenter les performances gr\u00e2ce \u00e0 des conceptions sp\u00e9ciales en longueur et en hauteur. Nous proposons aussi des dispositifs sp\u00e9cifiques permettant une automatisation totale tout en respectant les exigences de haute s\u00e9curit\u00e9 (ATEX, RTN-1)<\/p>\n<\/div>\n<div class=\"clear\"><\/div>\n<div class=\"divider\"><\/div>\n<div class=\"one_fourth\"><div style=\"text-align:center;\"><div class=\"custom-frame-wrapper aligncenter frame-shadow\"><div class=\"custom-frame-inner-wrapper\"><div class=\"custom-frame-padding\"><a href=\"https:\/\/spssilos.com\/wp-content\/uploads\/2015\/03\/procesamiento.jpg\" rel=\"wp-prettyPhoto&#091;2579&#093;\"><img decoding=\"async\" loading=\"lazy\" class=\"alignnone size-medium wp-image-610\" src=\"https:\/\/spssilos.com\/wp-content\/uploads\/2015\/03\/procesamiento-300x296.jpg\" alt=\"procesamiento\" width=\"300\" height=\"296\" srcset=\"https:\/\/spssilos.com\/wp-content\/uploads\/2015\/03\/procesamiento-300x296.jpg 300w, https:\/\/spssilos.com\/wp-content\/uploads\/2015\/03\/procesamiento.jpg 600w\" sizes=\"(max-width: 300px) 100vw, 300px\" \/><\/a><\/div><\/div><\/div><\/div> <\/div> <div class=\"three_fourth last_column\">\n<h2>TRAITEMENT:<\/h2>\n<p>Nous fournissons aussi bien de simples syst\u00e8mes de contr\u00f4le thermom\u00e9triques que des syst\u00e8mes complexes de nettoyage et s\u00e9chage des c\u00e9r\u00e9ales permettant d\u2019atteindre une puret\u00e9 optimale tout en ma\u00eetrisant le taux d\u2019humidit\u00e9, essentiel pour passer sans encombres les contr\u00f4les de qualit\u00e9 des c\u00e9r\u00e9ales (FDA).<br \/>\n<\/div>\n<div class=\"clear\"><\/div>\n<div class=\"divider\"><\/div>\n                    <div class=\"clear\"><\/div>\r\n                <\/div>\r\n            <\/div>\r\n            <div class=\"clear\"><\/div>\r\n\n","protected":false},"excerpt":{"rendered":"<p>SPS affiche plus de 20 ans d\u2019exp\u00e9rience en mati\u00e8re de d\u00e9veloppement de solutions de stockage, de manutention et de traitement des c\u00e9r\u00e9ales. Qu\u2019il s\u2019agisse d\u2019une simple ferme ou d\u2019installations portuaires, SPS est en mesure de d\u00e9velopper la meilleure solution, comme le prouvent ses r\u00e9f\u00e9rences partout dans le monde pendant toutes ces ann\u00e9es. La philosophie de SPS a consist\u00e9 jusqu\u2019\u00e0 pr\u00e9sent, et consistera toujours, \u00e0 investir dans la technologie de pointe pour ses cha\u00eenes de production, et \u00e0 utiliser des composants europ\u00e9ens de la meilleure qualit\u00e9, ce qui nous permet de proposer les produits les plus comp\u00e9titifs du march\u00e9. Gr\u00e2ce \u00e0<\/p>\n","protected":false},"author":2,"featured_media":0,"parent":0,"menu_order":0,"comment_status":"open","ping_status":"open","template":"page-PageTemplate2.php","meta":{"_monsterinsights_skip_tracking":false,"_monsterinsights_sitenote_active":false,"_monsterinsights_sitenote_note":"","_monsterinsights_sitenote_category":0},"acf":[],"yoast_head":"<!-- This site is optimized with the Yoast SEO plugin v21.5 - https:\/\/yoast.com\/wordpress\/plugins\/seo\/ -->\n<title>Soci\u00e9t\u00e9 | SPS Grain Handling and Storage Solutions<\/title>\n<meta name=\"description\" content=\"Chez SPS, vous trouverez une large gamme de produits pour le stockage et le traitement des grains: d&#039;une ferme aux installations portuaires.\" \/>\n<meta name=\"robots\" content=\"index, follow, max-snippet:-1, max-image-preview:large, max-video-preview:-1\" \/>\n<link rel=\"canonical\" href=\"https:\/\/spssilos.com\/fr\/societe\/\" \/>\n<meta name=\"twitter:label1\" content=\"Dur\u00e9e de lecture estim\u00e9e\" \/>\n\t<meta name=\"twitter:data1\" content=\"3 minutes\" \/>\n<script type=\"application\/ld+json\" class=\"yoast-schema-graph\">{\"@context\":\"https:\/\/schema.org\",\"@graph\":[{\"@type\":\"WebPage\",\"@id\":\"https:\/\/spssilos.com\/fr\/societe\/\",\"url\":\"https:\/\/spssilos.com\/fr\/societe\/\",\"name\":\"Soci\u00e9t\u00e9 | SPS Grain Handling and Storage Solutions\",\"isPartOf\":{\"@id\":\"https:\/\/spssilos.com\/#website\"},\"datePublished\":\"2016-08-01T11:02:15+00:00\",\"dateModified\":\"2022-08-12T13:18:55+00:00\",\"description\":\"Chez SPS, vous trouverez une large gamme de produits pour le stockage et le traitement des grains: d'une ferme aux installations portuaires.\",\"inLanguage\":\"fr-FR\",\"potentialAction\":[{\"@type\":\"ReadAction\",\"target\":[\"https:\/\/spssilos.com\/fr\/societe\/\"]}]},{\"@type\":\"WebSite\",\"@id\":\"https:\/\/spssilos.com\/#website\",\"url\":\"https:\/\/spssilos.com\/\",\"name\":\"SPS\",\"description\":\"\",\"potentialAction\":[{\"@type\":\"SearchAction\",\"target\":{\"@type\":\"EntryPoint\",\"urlTemplate\":\"https:\/\/spssilos.com\/?s={search_term_string}\"},\"query-input\":\"required name=search_term_string\"}],\"inLanguage\":\"fr-FR\"}]}<\/script>\n<!-- \/ Yoast SEO plugin. -->","yoast_head_json":{"title":"Soci\u00e9t\u00e9 | SPS Grain Handling and Storage Solutions","description":"Chez SPS, vous trouverez une large gamme de produits pour le stockage et le traitement des grains: d'une ferme aux installations portuaires.","robots":{"index":"index","follow":"follow","max-snippet":"max-snippet:-1","max-image-preview":"max-image-preview:large","max-video-preview":"max-video-preview:-1"},"canonical":"https:\/\/spssilos.com\/fr\/societe\/","twitter_misc":{"Dur\u00e9e de lecture estim\u00e9e":"3 minutes"},"schema":{"@context":"https:\/\/schema.org","@graph":[{"@type":"WebPage","@id":"https:\/\/spssilos.com\/fr\/societe\/","url":"https:\/\/spssilos.com\/fr\/societe\/","name":"Soci\u00e9t\u00e9 | SPS Grain Handling and Storage Solutions","isPartOf":{"@id":"https:\/\/spssilos.com\/#website"},"datePublished":"2016-08-01T11:02:15+00:00","dateModified":"2022-08-12T13:18:55+00:00","description":"Chez SPS, vous trouverez une large gamme de produits pour le stockage et le traitement des grains: d'une ferme aux installations portuaires.","inLanguage":"fr-FR","potentialAction":[{"@type":"ReadAction","target":["https:\/\/spssilos.com\/fr\/societe\/"]}]},{"@type":"WebSite","@id":"https:\/\/spssilos.com\/#website","url":"https:\/\/spssilos.com\/","name":"SPS","description":"","potentialAction":[{"@type":"SearchAction","target":{"@type":"EntryPoint","urlTemplate":"https:\/\/spssilos.com\/?s={search_term_string}"},"query-input":"required name=search_term_string"}],"inLanguage":"fr-FR"}]}},"_links":{"self":[{"href":"https:\/\/spssilos.com\/fr\/wp-json\/wp\/v2\/pages\/2579"}],"collection":[{"href":"https:\/\/spssilos.com\/fr\/wp-json\/wp\/v2\/pages"}],"about":[{"href":"https:\/\/spssilos.com\/fr\/wp-json\/wp\/v2\/types\/page"}],"author":[{"embeddable":true,"href":"https:\/\/spssilos.com\/fr\/wp-json\/wp\/v2\/users\/2"}],"replies":[{"embeddable":true,"href":"https:\/\/spssilos.com\/fr\/wp-json\/wp\/v2\/comments?post=2579"}],"version-history":[{"count":4,"href":"https:\/\/spssilos.com\/fr\/wp-json\/wp\/v2\/pages\/2579\/revisions"}],"predecessor-version":[{"id":3846,"href":"https:\/\/spssilos.com\/fr\/wp-json\/wp\/v2\/pages\/2579\/revisions\/3846"}],"wp:attachment":[{"href":"https:\/\/spssilos.com\/fr\/wp-json\/wp\/v2\/media?parent=2579"}],"curies":[{"name":"wp","href":"https:\/\/api.w.org\/{rel}","templated":true}]}}