{"id":996,"date":"2015-06-20T17:27:51","date_gmt":"2015-06-20T15:27:51","guid":{"rendered":"http:\/\/www.pradosps.com\/?page_id=996"},"modified":"2016-06-21T12:30:31","modified_gmt":"2016-06-21T10:30:31","slug":"politica-de-privacidad","status":"publish","type":"page","link":"https:\/\/spssilos.com\/es\/politica-de-privacidad\/","title":{"rendered":"Pol\u00edtica de privacidad y aviso legal"},"content":{"rendered":"<h2>POLITICA DE PRIVACIDAD<\/h2>\n<p>En cumplimiento de lo dispuesto en el art\u00edculo 5 de la Ley Org\u00e1nica 15\/1999, de 13 de diciembre, de Protecci\u00f3n de Datos de Car\u00e1cter Personal (en adelante LOPD), STORAGE PROJECT SOLUTIONS, S.L., le informa de que los datos de car\u00e1cter personal que nos ha proporcionado mediante la cumplimentaci\u00f3n de cualquier formulario electr\u00f3nico que aparece en nuestra web ser\u00e1n recogidos en un fichero cuyo responsable es STORAGE PROJECT SOLUTIONS, S.L., con CIF: B-29.733.326 con domicilio en C\/ ASTRONAUTA PEDRO LUQUE S\/N, 29320 &#8211; CAMPILLOS (M\u00c1LAGA). Podr\u00e1 ejercer su derecho de acceso, rectificaci\u00f3n, cancelaci\u00f3n y oposici\u00f3n al tratamiento de sus datos personales, en los t\u00e9rminos y condiciones previstos en la propia LOPD.<br \/>\nCon car\u00e1cter general, los datos de car\u00e1cter personal que nos proporcione ser\u00e1n utilizados para atender sus solicitudes de servicios, as\u00ed como informarle sobre nuevas actividades de STORAGE PROJECT SOLUTIONS, S.L. A efectos de lo previsto en los art\u00edculos 11 y 34.e) LOPD, consiente expresamente que sus datos puedan ser comunicados por STORAGE PROJECT SOLUTIONS, S.L., a cualquiera de las empresas asociadas o colaboradoras, para los fines antes indicados.<br \/>\nEl consentimiento para la comunicaci\u00f3n de datos de car\u00e1cter personal es revocable en cualquier momento, si bien no tendr\u00e1 efectos retroactivos. Si al completar sus datos en el correspondiente formulario ha manifestado su voluntad de recibir informaci\u00f3n a trav\u00e9s de correo electr\u00f3nico, consiente asimismo a que le remitamos comunicaciones comerciales por v\u00eda electr\u00f3nica seg\u00fan lo exigido por la Ley de Servicios de la Sociedad de la Informaci\u00f3n y del Comercio Electr\u00f3nico.<br \/>\nEn el supuesto de que nos facilite datos de car\u00e1cter personal de terceras personas, en cumplimiento de lo dispuesto en el art\u00edculo 5.4. LOPD, declara haber informado con car\u00e1cter previo a dichas personas del contenido de los datos facilitados, de la procedencia de los mismos, de la existencia y finalidad del fichero donde se contienen sus datos, de los destinatarios de dicha informaci\u00f3n, de la posibilidad de ejercitar los derechos de acceso, rectificaci\u00f3n, cancelaci\u00f3n u oposici\u00f3n, as\u00ed como de los datos identificativos de STORAGE PROJECT SOLUTIONS, S.L., en los t\u00e9rminos y condiciones aqu\u00ed, igualmente se compromete a tratar de forma absolutamente confidencial sus datos de car\u00e1cter personal, haciendo uso de los mismos exclusivamente para las finalidades indicadas.<br \/>\nSTORAGE PROJECT SOLUTIONS, S.L., le informa de que tiene implantadas las medidas de seguridad de \u00edndole t\u00e9cnica y organizativas necesarias que garanticen la seguridad de sus datos de car\u00e1cter personal y eviten su alteraci\u00f3n, p\u00e9rdida, tratamiento y\/o acceso no autorizado, habida cuenta del estado de la tecnolog\u00eda, la naturaleza de los datos almacenados y los riesgos a que est\u00e1n expuestos, ya provengan de la acci\u00f3n humana o del medio f\u00edsico o natural. Todo ello de conformidad con lo previsto en el art\u00edculo 9 LOPD y en el Real Decreto 1720\/07, de 11 de junio, por el que se aprueba el Reglamento de medidas de seguridad de los ficheros automatizados que contengan datos de car\u00e1cter personal.<\/p>\n<h2>AVISO DE PROTECCION DE DATOS DE LA WEB<\/h2>\n<p>De acuerdo con lo establecido por la Ley Org\u00e1nica 15\/1999 de 13 de diciembre, de Protecci\u00f3n de Datos de Car\u00e1cter Personal, doy mi consentimiento\/consiento para que los datos de car\u00e1cter personal proporcionados en esta Web sean incluidos un fichero cuyo responsable es la empresa STORAGE PROJECT SOLUTIONS, S.L., con CIF: B-29.733.326, con domicilio en C\/ ASTRONAUTA PEDRO LUQUE S\/N, 29320 \u2013 CAMPILLOS (M\u00c1LAGA). Podr\u00e1 ejercer su derecho de acceso, rectificaci\u00f3n, cancelaci\u00f3n y oposici\u00f3n al tratamiento de sus datos personales, en los t\u00e9rminos y condiciones previstos en la propia LOPD.<\/p>\n<p>Con car\u00e1cter general, los datos de car\u00e1cter personal que nos proporcione ser\u00e1n utilizados para atender sus solicitudes de servicios, as\u00ed como para realizar acciones comerciales y promociones ofreciendo informaci\u00f3n actualizada y ofertas sobre nuestros productos y servicios en el \u00e1mbito de actividad de nuestra empresa. A efectos de lo previsto en los art\u00edculos 11 y 34.e) LOPD, consiente expresamente que sus datos puedan ser comunicados por la empresa STORAGE PROJECT SOLUTIONS, S.L. a cualquiera de las empresas asociadas o colaboradoras, para los fines antes indicados.<\/p>\n<p>Para continuar, el usuario deber\u00e1 marcar una casilla indicando que ha le\u00eddo y aceptado las condiciones de protecci\u00f3n de datos de la empresa. Una vez marcada, podr\u00e1 procederse al env\u00edo de los datos a la empresa.<\/p>\n","protected":false},"excerpt":{"rendered":"<p>POLITICA DE PRIVACIDAD En cumplimiento de lo dispuesto en el art\u00edculo 5 de la Ley Org\u00e1nica 15\/1999, de 13 de diciembre, de Protecci\u00f3n de Datos de Car\u00e1cter Personal (en adelante LOPD), STORAGE PROJECT SOLUTIONS, S.L., le informa de que los datos de car\u00e1cter personal que nos ha proporcionado mediante la cumplimentaci\u00f3n de cualquier formulario electr\u00f3nico que aparece en nuestra web ser\u00e1n recogidos en un fichero cuyo responsable es STORAGE PROJECT SOLUTIONS, S.L., con CIF: B-29.733.326 con domicilio en C\/ ASTRONAUTA PEDRO LUQUE S\/N, 29320 &#8211; CAMPILLOS (M\u00c1LAGA). Podr\u00e1 ejercer su derecho de acceso, rectificaci\u00f3n, cancelaci\u00f3n y oposici\u00f3n al tratamiento de<\/p>\n","protected":false},"author":2,"featured_media":0,"parent":0,"menu_order":0,"comment_status":"open","ping_status":"open","template":"page-FullWidth.php","meta":{"_monsterinsights_skip_tracking":false,"_monsterinsights_sitenote_active":false,"_monsterinsights_sitenote_note":"","_monsterinsights_sitenote_category":0},"acf":[],"yoast_head":"<!-- This site is optimized with the Yoast SEO plugin v21.5 - https:\/\/yoast.com\/wordpress\/plugins\/seo\/ -->\n<title>Pol\u00edtica de privacidad y aviso legal - Storage Project Solutions<\/title>\n<meta name=\"robots\" content=\"index, follow, max-snippet:-1, max-image-preview:large, max-video-preview:-1\" \/>\n<link rel=\"canonical\" href=\"https:\/\/spssilos.com\/es\/politica-de-privacidad\/\" \/>\n<meta name=\"twitter:label1\" content=\"Tiempo de lectura\" \/>\n\t<meta name=\"twitter:data1\" content=\"4 minutos\" \/>\n<script type=\"application\/ld+json\" class=\"yoast-schema-graph\">{\"@context\":\"https:\/\/schema.org\",\"@graph\":[{\"@type\":\"WebPage\",\"@id\":\"https:\/\/spssilos.com\/es\/politica-de-privacidad\/\",\"url\":\"https:\/\/spssilos.com\/es\/politica-de-privacidad\/\",\"name\":\"Pol\u00edtica de privacidad y aviso legal - Storage Project Solutions\",\"isPartOf\":{\"@id\":\"https:\/\/spssilos.com\/#website\"},\"datePublished\":\"2015-06-20T15:27:51+00:00\",\"dateModified\":\"2016-06-21T10:30:31+00:00\",\"inLanguage\":\"es\",\"potentialAction\":[{\"@type\":\"ReadAction\",\"target\":[\"https:\/\/spssilos.com\/es\/politica-de-privacidad\/\"]}]},{\"@type\":\"WebSite\",\"@id\":\"https:\/\/spssilos.com\/#website\",\"url\":\"https:\/\/spssilos.com\/\",\"name\":\"SPS\",\"description\":\"\",\"potentialAction\":[{\"@type\":\"SearchAction\",\"target\":{\"@type\":\"EntryPoint\",\"urlTemplate\":\"https:\/\/spssilos.com\/?s={search_term_string}\"},\"query-input\":\"required name=search_term_string\"}],\"inLanguage\":\"es\"}]}<\/script>\n<!-- \/ Yoast SEO plugin. -->","yoast_head_json":{"title":"Pol\u00edtica de privacidad y aviso legal - Storage Project Solutions","robots":{"index":"index","follow":"follow","max-snippet":"max-snippet:-1","max-image-preview":"max-image-preview:large","max-video-preview":"max-video-preview:-1"},"canonical":"https:\/\/spssilos.com\/es\/politica-de-privacidad\/","twitter_misc":{"Tiempo de lectura":"4 minutos"},"schema":{"@context":"https:\/\/schema.org","@graph":[{"@type":"WebPage","@id":"https:\/\/spssilos.com\/es\/politica-de-privacidad\/","url":"https:\/\/spssilos.com\/es\/politica-de-privacidad\/","name":"Pol\u00edtica de privacidad y aviso legal - Storage Project Solutions","isPartOf":{"@id":"https:\/\/spssilos.com\/#website"},"datePublished":"2015-06-20T15:27:51+00:00","dateModified":"2016-06-21T10:30:31+00:00","inLanguage":"es","potentialAction":[{"@type":"ReadAction","target":["https:\/\/spssilos.com\/es\/politica-de-privacidad\/"]}]},{"@type":"WebSite","@id":"https:\/\/spssilos.com\/#website","url":"https:\/\/spssilos.com\/","name":"SPS","description":"","potentialAction":[{"@type":"SearchAction","target":{"@type":"EntryPoint","urlTemplate":"https:\/\/spssilos.com\/?s={search_term_string}"},"query-input":"required name=search_term_string"}],"inLanguage":"es"}]}},"_links":{"self":[{"href":"https:\/\/spssilos.com\/es\/wp-json\/wp\/v2\/pages\/996"}],"collection":[{"href":"https:\/\/spssilos.com\/es\/wp-json\/wp\/v2\/pages"}],"about":[{"href":"https:\/\/spssilos.com\/es\/wp-json\/wp\/v2\/types\/page"}],"author":[{"embeddable":true,"href":"https:\/\/spssilos.com\/es\/wp-json\/wp\/v2\/users\/2"}],"replies":[{"embeddable":true,"href":"https:\/\/spssilos.com\/es\/wp-json\/wp\/v2\/comments?post=996"}],"version-history":[{"count":0,"href":"https:\/\/spssilos.com\/es\/wp-json\/wp\/v2\/pages\/996\/revisions"}],"wp:attachment":[{"href":"https:\/\/spssilos.com\/es\/wp-json\/wp\/v2\/media?parent=996"}],"curies":[{"name":"wp","href":"https:\/\/api.w.org\/{rel}","templated":true}]}}