{"id":75,"date":"2015-03-04T17:03:38","date_gmt":"2015-03-04T17:03:38","guid":{"rendered":"http:\/\/www.pradosps.com\/?page_id=75"},"modified":"2016-06-21T12:38:58","modified_gmt":"2016-06-21T10:38:58","slug":"certificados","status":"publish","type":"page","link":"https:\/\/spssilos.com\/es\/empresa\/certificados\/","title":{"rendered":"Certificados"},"content":{"rendered":"<div style=\"text-align:center;\"><div class=\"custom-frame-wrapper aligncenter frame-shadow\"><div class=\"custom-frame-inner-wrapper\"><div class=\"custom-frame-padding\"><img decoding=\"async\" loading=\"lazy\" class=\"alignnone size-full wp-image-676\" src=\"https:\/\/spssilos.com\/wp-content\/uploads\/2015\/03\/certificados.jpg\" alt=\"certificados\" width=\"1280\" height=\"350\" srcset=\"https:\/\/spssilos.com\/wp-content\/uploads\/2015\/03\/certificados.jpg 1280w, https:\/\/spssilos.com\/wp-content\/uploads\/2015\/03\/certificados-300x82.jpg 300w, https:\/\/spssilos.com\/wp-content\/uploads\/2015\/03\/certificados-1024x280.jpg 1024w\" sizes=\"(max-width: 1280px) 100vw, 1280px\" \/><\/div><\/div><\/div><\/div> Aqu\u00ed podr\u00e1 descargar todos los certificados\u00a0de los que dispone nuestra empresa, que avalan la calidad de nuestro trabajo:<\/p>\n\n<ul class=\"list-1\">\n<li>En nuestro equipo contamos con un miembro del Project Management Institute (PMI), instituto de reconocido prestigio internacional por la gesti\u00f3n de proyectos. Esta organizaci\u00f3n se dedica a fomentar la pr\u00e1ctica, ciencia y profesi\u00f3n de la gesti\u00f3n de proyectos y sostiene el C\u00f3digo de \u00c9tica y Conducta Profesional del PMI.<\/li>\n<\/ul>\n\n<p style=\"text-align: center;\"><a title=\"descargar archivo\" href=\"https:\/\/spssilos.com\/wp-content\/uploads\/2015\/07\/Certificate-Project-Management-Institute.pdf\" target=\"_blank\">Descargar certificado <i class=\"fa fa-download circle-wrap\" style=\"color:#C00028;\"><\/i><\/a><\/p>\n\n<ul class=\"list-1\">\n<li>PRADO SPS dispone de un Sistema de Gesti\u00f3n de Calidad con base <strong>ISO 9001:2008 con certificaci\u00f3n T\u00dcV<\/strong>, lo que garantiza la conformidad de nuestros productos en base a unos est\u00e1ndares definidos por dicha normativa.<\/li>\n<\/ul>\n\n<p style=\"text-align: center;\"><a title=\"descargar archivo\" href=\"https:\/\/spssilos.com\/wp-content\/uploads\/2016\/02\/TUV-Certificate.-pdf.pdf\" target=\"_blank\">Descargar certificado <i class=\"fa fa-download circle-wrap\" style=\"color:#C00028;\"><\/i><\/a><\/p>\n\n<ul class=\"list-1\">\n<li>Contamos con el <strong>marcado CE<\/strong> para toda nuestra maquinaria de transporte, lo que hace que se garantice el cumplimiento de nuestros componentes con la normativa internacional vigente.<\/li>\n<\/ul>\n\n\n<ul class=\"list-1\">\n<li>En Storage Project Solutions, la Gesti\u00f3n de la Calidad es imprescindible para la competitividad de la empresa. Esta Pol\u00edtica se establece como marco en el que se desarrollan todas las actividades de la Organizaci\u00f3n, de manera que se satisfagan las expectativas y necesidades de nuestros Clientes, con las m\u00e1ximas garant\u00edas en Prevenci\u00f3n de Riesgos Laborales.<\/li>\n<\/ul>\n\n<p style=\"text-align: center;\"><a title=\"descargar archivo\" href=\"https:\/\/spssilos.com\/wp-content\/uploads\/2015\/07\/POLITICA-DE-CALIDAD-SPS.pdf\" target=\"_blank\">Descargar certificado <i class=\"fa fa-download circle-wrap\" style=\"color:#C00028;\"><\/i><\/a><\/p>\n\n<ul class=\"list-1\">\n<li>Contamos con el certificado GOST-R, que permite la exportaci\u00f3n de nuestros productos al mercado a Rusia.<\/li>\n<\/ul>\n\n<p style=\"text-align: center;\"><a title=\"descargar archivo\" href=\"https:\/\/spssilos.com\/wp-content\/uploads\/2015\/07\/Gost-R.pdf\" target=\"_blank\">Descargar certificado <i class=\"fa fa-download circle-wrap\" style=\"color:#C00028;\"><\/i><\/a><\/p>\n\n<ul class=\"list-1\">\n<li>Disponemos igualmente de certificaci\u00f3n Gospromnadzor, que permite la comercializaci\u00f3n de nuestros productos en Bielorrusia.<\/li>\n<\/ul>\n\n<p style=\"text-align: center;\"><a title=\"descargar archivo\" href=\"https:\/\/spssilos.com\/wp-content\/uploads\/2016\/02\/Gospromnadzor-Certificate.pdf\" target=\"_blank\">Descargar certificado <i class=\"fa fa-download circle-wrap\" style=\"color:#C00028;\"><\/i><\/a><\/p>\n","protected":false},"excerpt":{"rendered":"<p>Aqu\u00ed podr\u00e1 descargar todos los certificados\u00a0de los que dispone nuestra empresa, que avalan la calidad de nuestro trabajo: Descargar certificado Descargar certificado Descargar certificado Descargar certificado Descargar certificado<\/p>\n","protected":false},"author":2,"featured_media":0,"parent":71,"menu_order":2,"comment_status":"open","ping_status":"open","template":"page-PageTemplate2.php","meta":{"_monsterinsights_skip_tracking":false,"_monsterinsights_sitenote_active":false,"_monsterinsights_sitenote_note":"","_monsterinsights_sitenote_category":0},"acf":[],"yoast_head":"<!-- This site is optimized with the Yoast SEO plugin v21.5 - https:\/\/yoast.com\/wordpress\/plugins\/seo\/ -->\n<title>Certificados - PRADO SPS<\/title>\n<meta name=\"description\" content=\"Aqu\u00ed podr\u00e1 descargar todos los certificados de calidad de SPS, que avalan nuestro trabajo: ISO, Marcado CE, PMI, GOST-R, Gospromnadzor.\" \/>\n<meta name=\"robots\" content=\"index, follow, max-snippet:-1, max-image-preview:large, max-video-preview:-1\" \/>\n<link rel=\"canonical\" href=\"https:\/\/spssilos.com\/es\/empresa\/certificados\/\" \/>\n<meta name=\"twitter:label1\" content=\"Tiempo de lectura\" \/>\n\t<meta name=\"twitter:data1\" content=\"2 minutos\" \/>\n<script type=\"application\/ld+json\" class=\"yoast-schema-graph\">{\"@context\":\"https:\/\/schema.org\",\"@graph\":[{\"@type\":\"WebPage\",\"@id\":\"https:\/\/spssilos.com\/es\/empresa\/certificados\/\",\"url\":\"https:\/\/spssilos.com\/es\/empresa\/certificados\/\",\"name\":\"Certificados - PRADO SPS\",\"isPartOf\":{\"@id\":\"https:\/\/spssilos.com\/#website\"},\"datePublished\":\"2015-03-04T17:03:38+00:00\",\"dateModified\":\"2016-06-21T10:38:58+00:00\",\"description\":\"Aqu\u00ed podr\u00e1 descargar todos los certificados de calidad de SPS, que avalan nuestro trabajo: ISO, Marcado CE, PMI, GOST-R, Gospromnadzor.\",\"breadcrumb\":{\"@id\":\"https:\/\/spssilos.com\/es\/empresa\/certificados\/#breadcrumb\"},\"inLanguage\":\"es\",\"potentialAction\":[{\"@type\":\"ReadAction\",\"target\":[\"https:\/\/spssilos.com\/es\/empresa\/certificados\/\"]}]},{\"@type\":\"BreadcrumbList\",\"@id\":\"https:\/\/spssilos.com\/es\/empresa\/certificados\/#breadcrumb\",\"itemListElement\":[{\"@type\":\"ListItem\",\"position\":1,\"name\":\"La Empresa: SPS Grain Handling and Storage Solutions\",\"item\":\"https:\/\/spssilos.com\/es\/empresa\/\"},{\"@type\":\"ListItem\",\"position\":2,\"name\":\"Certificados\"}]},{\"@type\":\"WebSite\",\"@id\":\"https:\/\/spssilos.com\/#website\",\"url\":\"https:\/\/spssilos.com\/\",\"name\":\"SPS\",\"description\":\"\",\"potentialAction\":[{\"@type\":\"SearchAction\",\"target\":{\"@type\":\"EntryPoint\",\"urlTemplate\":\"https:\/\/spssilos.com\/?s={search_term_string}\"},\"query-input\":\"required name=search_term_string\"}],\"inLanguage\":\"es\"}]}<\/script>\n<!-- \/ Yoast SEO plugin. -->","yoast_head_json":{"title":"Certificados - PRADO SPS","description":"Aqu\u00ed podr\u00e1 descargar todos los certificados de calidad de SPS, que avalan nuestro trabajo: ISO, Marcado CE, PMI, GOST-R, Gospromnadzor.","robots":{"index":"index","follow":"follow","max-snippet":"max-snippet:-1","max-image-preview":"max-image-preview:large","max-video-preview":"max-video-preview:-1"},"canonical":"https:\/\/spssilos.com\/es\/empresa\/certificados\/","twitter_misc":{"Tiempo de lectura":"2 minutos"},"schema":{"@context":"https:\/\/schema.org","@graph":[{"@type":"WebPage","@id":"https:\/\/spssilos.com\/es\/empresa\/certificados\/","url":"https:\/\/spssilos.com\/es\/empresa\/certificados\/","name":"Certificados - PRADO SPS","isPartOf":{"@id":"https:\/\/spssilos.com\/#website"},"datePublished":"2015-03-04T17:03:38+00:00","dateModified":"2016-06-21T10:38:58+00:00","description":"Aqu\u00ed podr\u00e1 descargar todos los certificados de calidad de SPS, que avalan nuestro trabajo: ISO, Marcado CE, PMI, GOST-R, Gospromnadzor.","breadcrumb":{"@id":"https:\/\/spssilos.com\/es\/empresa\/certificados\/#breadcrumb"},"inLanguage":"es","potentialAction":[{"@type":"ReadAction","target":["https:\/\/spssilos.com\/es\/empresa\/certificados\/"]}]},{"@type":"BreadcrumbList","@id":"https:\/\/spssilos.com\/es\/empresa\/certificados\/#breadcrumb","itemListElement":[{"@type":"ListItem","position":1,"name":"La Empresa: SPS Grain Handling and Storage Solutions","item":"https:\/\/spssilos.com\/es\/empresa\/"},{"@type":"ListItem","position":2,"name":"Certificados"}]},{"@type":"WebSite","@id":"https:\/\/spssilos.com\/#website","url":"https:\/\/spssilos.com\/","name":"SPS","description":"","potentialAction":[{"@type":"SearchAction","target":{"@type":"EntryPoint","urlTemplate":"https:\/\/spssilos.com\/?s={search_term_string}"},"query-input":"required name=search_term_string"}],"inLanguage":"es"}]}},"_links":{"self":[{"href":"https:\/\/spssilos.com\/es\/wp-json\/wp\/v2\/pages\/75"}],"collection":[{"href":"https:\/\/spssilos.com\/es\/wp-json\/wp\/v2\/pages"}],"about":[{"href":"https:\/\/spssilos.com\/es\/wp-json\/wp\/v2\/types\/page"}],"author":[{"embeddable":true,"href":"https:\/\/spssilos.com\/es\/wp-json\/wp\/v2\/users\/2"}],"replies":[{"embeddable":true,"href":"https:\/\/spssilos.com\/es\/wp-json\/wp\/v2\/comments?post=75"}],"version-history":[{"count":0,"href":"https:\/\/spssilos.com\/es\/wp-json\/wp\/v2\/pages\/75\/revisions"}],"up":[{"embeddable":true,"href":"https:\/\/spssilos.com\/es\/wp-json\/wp\/v2\/pages\/71"}],"wp:attachment":[{"href":"https:\/\/spssilos.com\/es\/wp-json\/wp\/v2\/media?parent=75"}],"curies":[{"name":"wp","href":"https:\/\/api.w.org\/{rel}","templated":true}]}}