{"id":71,"date":"2015-03-04T17:02:15","date_gmt":"2015-03-04T17:02:15","guid":{"rendered":"http:\/\/www.pradosps.com\/?page_id=71"},"modified":"2022-08-12T15:21:50","modified_gmt":"2022-08-12T13:21:50","slug":"empresa","status":"publish","type":"page","link":"https:\/\/spssilos.com\/es\/empresa\/","title":{"rendered":"La Empresa: SPS Grain Handling and Storage Solutions"},"content":{"rendered":"<div style=\"text-align:center;\"><div class=\"custom-frame-wrapper aligncenter frame-shadow\"><div class=\"custom-frame-inner-wrapper\"><div class=\"custom-frame-padding\"><img decoding=\"async\" loading=\"lazy\" class=\"alignnone size-full wp-image-674\" src=\"https:\/\/spssilos.com\/wp-content\/uploads\/2015\/03\/quienes.jpg\" alt=\"quienes\" width=\"1280\" height=\"350\" srcset=\"https:\/\/spssilos.com\/wp-content\/uploads\/2015\/03\/quienes.jpg 1280w, https:\/\/spssilos.com\/wp-content\/uploads\/2015\/03\/quienes-300x82.jpg 300w, https:\/\/spssilos.com\/wp-content\/uploads\/2015\/03\/quienes-1024x280.jpg 1024w\" sizes=\"(max-width: 1280px) 100vw, 1280px\" \/><\/div><\/div><\/div><\/div>\n<h2>SPS lleva m\u00e1s de 20 a\u00f1os de experiencia en el desarrollo de soluciones para el almacenamiento, manipulaci\u00f3n y procesamiento de grano. Desde una simple granja hasta instalaciones portuarias, SPS es capaz de desarrollar la soluci\u00f3n m\u00e1s id\u00f3nea, teniendo referencias en todo el mundo durante estos a\u00f1os.<\/h2>\n<p>La filosof\u00eda de SPS era, es y seguir\u00e1 siendo, invertir en la \u00faltima tecnolog\u00eda en l\u00edneas de producci\u00f3n, combinado con los mejores componentes Europeos de calidad, lo que lleva a los productos m\u00e1s competitivos del mercado.<\/p>\n<p>Gracias al potente equipo t\u00e9cnico y mejores recursos humanos, SPS tiene la posibilidad de dise\u00f1ar, fabricar e instalar productos especialmente desarrollados acorde con los requisitos de los clientes.<\/p>\n<p>Somos capaces de desarrollar proyector a partir de una simple idea, hasta ofrecer la posibilidad de dar un proyecto complejo llave en mano. La principal ventaja de SPS en el Mercado, como diferencia clave con el resto de empresas, es la posibilidad de dise\u00f1ar y fabricar una soluci\u00f3n completa para el almacenamiento, transporte y proceso del grano, lo que hace que tengamos un menor tiempo de producci\u00f3n, montaje y puesta en marcha.<\/p>\n            <style type=\"text\/css\">\r\n                #content-block-background-1308 { background-image: url(); background-position: center top; background-repeat: repeat-x; background-color: #FFFFFF; background-attachment: fixed; background-size: auto; }\r\n                #content-block-body-1308 { padding: 40px 0; color: #333333; }\r\n                .content-block-body { margin-left: auto; margin-right: auto; position: relative; }\r\n            <\/style>\r\n            \r\n                \r\n            <div class=\"clear\"><\/div>\r\n            <div id=\"content-block-background-1308\" class=\"content-block-background class-name\">\r\n                <div id=\"content-block-body-1308\" class=\"content-block-body\">\r\n                    <div class=\"clear\"><\/div>\r\n                    \n<div class=\"one_fourth\"><div style=\"text-align:center;\"><div class=\"custom-frame-wrapper aligncenter frame-shadow\"><div class=\"custom-frame-inner-wrapper\"><div class=\"custom-frame-padding\"><a href=\"https:\/\/spssilos.com\/wp-content\/uploads\/2015\/03\/ALMACENAMIENTO.jpg\" rel=\"wp-prettyPhoto&#091;71&#093;\"><img decoding=\"async\" loading=\"lazy\" class=\"alignnone size-medium wp-image-607\" src=\"https:\/\/spssilos.com\/wp-content\/uploads\/2015\/03\/ALMACENAMIENTO-300x296.jpg\" alt=\"ALMACENAMIENTO\" width=\"300\" height=\"296\" srcset=\"https:\/\/spssilos.com\/wp-content\/uploads\/2015\/03\/ALMACENAMIENTO-300x296.jpg 300w, https:\/\/spssilos.com\/wp-content\/uploads\/2015\/03\/ALMACENAMIENTO.jpg 600w\" sizes=\"(max-width: 300px) 100vw, 300px\" \/><\/a><\/div><\/div><\/div><\/div>\u00a0<\/div> <div class=\"three_fourth last_column\">\n<h2>ALMACENAMIENTO:<\/h2>\n<p>Desde 50 m3 hasta 35.000 m3 de capacidad, pudiendo mejorar las posibilidades con dise\u00f1os m\u00e1s robustos para condiciones de sismo, viento o nieve. Materiales espec\u00edficos para alta corrosi\u00f3n y entornos de contaminaci\u00f3n qu\u00edmica. Requisitos de alta seguridad (ATEX, RTN-1)<\/p>\n<\/div>\n<div class=\"clear\"><\/div>\n<div class=\"divider\"><\/div>\n<div class=\"one_fourth\"><div style=\"text-align:center;\"><div class=\"custom-frame-wrapper aligncenter frame-shadow\"><div class=\"custom-frame-inner-wrapper\"><div class=\"custom-frame-padding\"><a href=\"https:\/\/spssilos.com\/wp-content\/uploads\/2015\/03\/transporte.jpg\" rel=\"wp-prettyPhoto&#091;71&#093;\"><img decoding=\"async\" loading=\"lazy\" class=\"alignnone size-medium wp-image-609\" src=\"https:\/\/spssilos.com\/wp-content\/uploads\/2015\/03\/transporte-300x296.jpg\" alt=\"transporte\" width=\"300\" height=\"296\" srcset=\"https:\/\/spssilos.com\/wp-content\/uploads\/2015\/03\/transporte-300x296.jpg 300w, https:\/\/spssilos.com\/wp-content\/uploads\/2015\/03\/transporte.jpg 600w\" sizes=\"(max-width: 300px) 100vw, 300px\" \/><\/a><\/div><\/div><\/div><\/div> <\/div> <div class=\"three_fourth last_column\">\n<h2>TRANSPORTE:<\/h2>\n<p>Desde 20 ton\/h hasta 1.000 ton\/h en producciones, pudiendo mejorar las posibilidades con dise\u00f1os especiales de longitud y altura. Dispositivos espec\u00edficos para una automatizaci\u00f3n completa y requisitos de seguridad alta (ATEX, RTN-1)<\/p>\n<\/div>\n<div class=\"clear\"><\/div>\n<div class=\"divider\"><\/div>\n<div class=\"one_fourth\"><div style=\"text-align:center;\"><div class=\"custom-frame-wrapper aligncenter frame-shadow\"><div class=\"custom-frame-inner-wrapper\"><div class=\"custom-frame-padding\"><a href=\"https:\/\/spssilos.com\/wp-content\/uploads\/2015\/03\/procesamiento.jpg\" rel=\"wp-prettyPhoto&#091;71&#093;\"><img decoding=\"async\" loading=\"lazy\" class=\"alignnone size-medium wp-image-610\" src=\"https:\/\/spssilos.com\/wp-content\/uploads\/2015\/03\/procesamiento-300x296.jpg\" alt=\"procesamiento\" width=\"300\" height=\"296\" srcset=\"https:\/\/spssilos.com\/wp-content\/uploads\/2015\/03\/procesamiento-300x296.jpg 300w, https:\/\/spssilos.com\/wp-content\/uploads\/2015\/03\/procesamiento.jpg 600w\" sizes=\"(max-width: 300px) 100vw, 300px\" \/><\/a><\/div><\/div><\/div><\/div> <\/div> <div class=\"three_fourth last_column\">\n<h2>PROCESAMIENTO:<\/h2>\n<p>Desde un sistema de control de termometr\u00eda a un sistema complejo de limpieza y secado del grano para conseguir una pureza m\u00e1s \u00f3ptima y una humedad necesaria para superar controles de calidad del grano (FDA)<\/p>\n<\/div>\n<div class=\"clear\"><\/div>\n<div class=\"divider\"><\/div>\n                    <div class=\"clear\"><\/div>\r\n                <\/div>\r\n            <\/div>\r\n            <div class=\"clear\"><\/div>\r\n\n","protected":false},"excerpt":{"rendered":"<p>SPS lleva m\u00e1s de 20 a\u00f1os de experiencia en el desarrollo de soluciones para el almacenamiento, manipulaci\u00f3n y procesamiento de grano. Desde una simple granja hasta instalaciones portuarias, SPS es capaz de desarrollar la soluci\u00f3n m\u00e1s id\u00f3nea, teniendo referencias en todo el mundo durante estos a\u00f1os. La filosof\u00eda de SPS era, es y seguir\u00e1 siendo, invertir en la \u00faltima tecnolog\u00eda en l\u00edneas de producci\u00f3n, combinado con los mejores componentes Europeos de calidad, lo que lleva a los productos m\u00e1s competitivos del mercado. Gracias al potente equipo t\u00e9cnico y mejores recursos humanos, SPS tiene la posibilidad de dise\u00f1ar, fabricar e instalar<\/p>\n","protected":false},"author":2,"featured_media":0,"parent":0,"menu_order":0,"comment_status":"open","ping_status":"open","template":"page-PageTemplate2.php","meta":{"_monsterinsights_skip_tracking":false,"_monsterinsights_sitenote_active":false,"_monsterinsights_sitenote_note":"","_monsterinsights_sitenote_category":0},"acf":[],"yoast_head":"<!-- This site is optimized with the Yoast SEO plugin v21.5 - https:\/\/yoast.com\/wordpress\/plugins\/seo\/ -->\n<title>La Empresa: SPS Grain Handling and Storage Solutions<\/title>\n<meta name=\"description\" content=\"En SPS encontrar\u00e1s productos relacionados con el almacenamiento y procesamiento de grano: desde una granja hasta instalaciones portuarias.\" \/>\n<meta name=\"robots\" content=\"index, follow, max-snippet:-1, max-image-preview:large, max-video-preview:-1\" \/>\n<link rel=\"canonical\" href=\"https:\/\/spssilos.com\/es\/empresa\/\" \/>\n<meta name=\"twitter:label1\" content=\"Tiempo de lectura\" \/>\n\t<meta name=\"twitter:data1\" content=\"3 minutos\" \/>\n<script type=\"application\/ld+json\" class=\"yoast-schema-graph\">{\"@context\":\"https:\/\/schema.org\",\"@graph\":[{\"@type\":\"WebPage\",\"@id\":\"https:\/\/spssilos.com\/es\/empresa\/\",\"url\":\"https:\/\/spssilos.com\/es\/empresa\/\",\"name\":\"La Empresa: SPS Grain Handling and Storage Solutions\",\"isPartOf\":{\"@id\":\"https:\/\/spssilos.com\/#website\"},\"datePublished\":\"2015-03-04T17:02:15+00:00\",\"dateModified\":\"2022-08-12T13:21:50+00:00\",\"description\":\"En SPS encontrar\u00e1s productos relacionados con el almacenamiento y procesamiento de grano: desde una granja hasta instalaciones portuarias.\",\"inLanguage\":\"es\",\"potentialAction\":[{\"@type\":\"ReadAction\",\"target\":[\"https:\/\/spssilos.com\/es\/empresa\/\"]}]},{\"@type\":\"WebSite\",\"@id\":\"https:\/\/spssilos.com\/#website\",\"url\":\"https:\/\/spssilos.com\/\",\"name\":\"SPS\",\"description\":\"\",\"potentialAction\":[{\"@type\":\"SearchAction\",\"target\":{\"@type\":\"EntryPoint\",\"urlTemplate\":\"https:\/\/spssilos.com\/?s={search_term_string}\"},\"query-input\":\"required name=search_term_string\"}],\"inLanguage\":\"es\"}]}<\/script>\n<!-- \/ Yoast SEO plugin. -->","yoast_head_json":{"title":"La Empresa: SPS Grain Handling and Storage Solutions","description":"En SPS encontrar\u00e1s productos relacionados con el almacenamiento y procesamiento de grano: desde una granja hasta instalaciones portuarias.","robots":{"index":"index","follow":"follow","max-snippet":"max-snippet:-1","max-image-preview":"max-image-preview:large","max-video-preview":"max-video-preview:-1"},"canonical":"https:\/\/spssilos.com\/es\/empresa\/","twitter_misc":{"Tiempo de lectura":"3 minutos"},"schema":{"@context":"https:\/\/schema.org","@graph":[{"@type":"WebPage","@id":"https:\/\/spssilos.com\/es\/empresa\/","url":"https:\/\/spssilos.com\/es\/empresa\/","name":"La Empresa: SPS Grain Handling and Storage Solutions","isPartOf":{"@id":"https:\/\/spssilos.com\/#website"},"datePublished":"2015-03-04T17:02:15+00:00","dateModified":"2022-08-12T13:21:50+00:00","description":"En SPS encontrar\u00e1s productos relacionados con el almacenamiento y procesamiento de grano: desde una granja hasta instalaciones portuarias.","inLanguage":"es","potentialAction":[{"@type":"ReadAction","target":["https:\/\/spssilos.com\/es\/empresa\/"]}]},{"@type":"WebSite","@id":"https:\/\/spssilos.com\/#website","url":"https:\/\/spssilos.com\/","name":"SPS","description":"","potentialAction":[{"@type":"SearchAction","target":{"@type":"EntryPoint","urlTemplate":"https:\/\/spssilos.com\/?s={search_term_string}"},"query-input":"required name=search_term_string"}],"inLanguage":"es"}]}},"_links":{"self":[{"href":"https:\/\/spssilos.com\/es\/wp-json\/wp\/v2\/pages\/71"}],"collection":[{"href":"https:\/\/spssilos.com\/es\/wp-json\/wp\/v2\/pages"}],"about":[{"href":"https:\/\/spssilos.com\/es\/wp-json\/wp\/v2\/types\/page"}],"author":[{"embeddable":true,"href":"https:\/\/spssilos.com\/es\/wp-json\/wp\/v2\/users\/2"}],"replies":[{"embeddable":true,"href":"https:\/\/spssilos.com\/es\/wp-json\/wp\/v2\/comments?post=71"}],"version-history":[{"count":4,"href":"https:\/\/spssilos.com\/es\/wp-json\/wp\/v2\/pages\/71\/revisions"}],"predecessor-version":[{"id":3847,"href":"https:\/\/spssilos.com\/es\/wp-json\/wp\/v2\/pages\/71\/revisions\/3847"}],"wp:attachment":[{"href":"https:\/\/spssilos.com\/es\/wp-json\/wp\/v2\/media?parent=71"}],"curies":[{"name":"wp","href":"https:\/\/api.w.org\/{rel}","templated":true}]}}