{"id":7,"date":"2015-02-27T10:47:58","date_gmt":"2015-02-27T10:47:58","guid":{"rendered":"http:\/\/www.pradosps.com\/?page_id=7"},"modified":"2022-08-18T11:40:10","modified_gmt":"2022-08-18T09:40:10","slug":"inicio","status":"publish","type":"page","link":"https:\/\/spssilos.com\/es\/","title":{"rendered":"Storage Project Solutions"},"content":{"rendered":"<div class=\"clear\"><\/div>\n<div class=\"one_fourth\">\n<h1>SOLUCIONES PARA PROYECTOS DE TRANSPORTE, ALMACENAMIENTO Y TRATAMIENTO DE GRANOS<\/h1>\n<\/div> <div class=\"three_fourth last_column\">SPS es una empresa especializada en el dise\u00f1o, fabricaci\u00f3n y puesta en funcionamiento de equipos y maquinaria industrial para el transporte, almacenamiento y proceso de productos a granel, principalmente cereales.<\/p>\n<p>As\u00ed mismo realizamos dise\u00f1o de plantas e ingenier\u00eda para la implantaci\u00f3n y mejora de plantas industriales destinadas a grandes cosechas y estamos especializados en sistemas de carga de buques o \u00abship loader\u00bb y maquinaria de transporte de grano de alta producci\u00f3n.<\/p>\n<p>Con m\u00e1s de 20 a\u00f1os de experiencia desarrollando soluciones para transporte, almacenaje y procesamiento de grano, en SPS, estamos capacitados para desarrollar la opci\u00f3n m\u00e1s adecuada en cualquier proyecto, disponiendo de referencias por todo el mundo ya sea desde una simple granja hasta una compleja instalaci\u00f3n portuaria.<\/p>\n<p>Una de nuestras principales ventajas en el mercado es la posibilidad de dise\u00f1ar y fabricar la soluci\u00f3n completa para el almacenamiento, transporte y procesamiento de granos, lo que conduce a un menor tiempo para la producci\u00f3n, montaje y puesta en marcha.<\/p>\n<p><strong>\u00a1Una soluci\u00f3n completa para sus necesidades de transporte, almacenamiento y tratamiento de granos!<\/strong><\/p>\n<\/div>\n<div class=\"clear\"><\/div>\n            <style type=\"text\/css\">\r\n                #content-block-background-1451 { background-image: url(); background-position: center top; background-repeat: repeat-x; background-color: #C00028; background-attachment: fixed; background-size: auto; }\r\n                #content-block-body-1451 { padding: 20px 0px 20px 0px; color: #ffffff; }\r\n                .content-block-body { margin-left: auto; margin-right: auto; position: relative; }\r\n            <\/style>\r\n                <style type=\"text\/css\">\r\n                    #wrapper-1 { overflow-x: hidden; }\r\n                    #content-block-background-1451 { margin: 0 -10000px; padding: 0 10000px; }\r\n                <\/style>\r\n            \r\n                \r\n            <div class=\"clear\"><\/div>\r\n            <div id=\"content-block-background-1451\" class=\"content-block-background class-name\">\r\n                <div id=\"content-block-body-1451\" class=\"content-block-body\">\r\n                    <div class=\"clear\"><\/div>\r\n                    \n<div class=\"one_fourth\">\n<div class=\"texto-circulos\">\n<i class=\"fa fa-diamond circle-wrap\" style=\"color:#C00028;font-size:1.5em;\"><\/i>\n<h2>CALIDAD<\/h2>\n<p>Productos fabricados con los m\u00e1s altos est\u00e1ndares de calidad.<\/p>\n<\/div>\n<\/div>\n<div class=\"one_fourth\">\n<div class=\"texto-circulos\">\n<i class=\"fa fa-clock-o circle-wrap\" style=\"color:#C00028;font-size:1.5em;\"><\/i>\n<h2>RAPIDEZ<\/h2>\n<p>Aseguramos el plazo de entrega m\u00e1s corto a nuestros clientes<\/p>\n<\/div>\n<\/div>\n<div class=\"one_fourth\">\n<div class=\"texto-circulos\">\n<i class=\"fa fa-headphones circle-wrap\" style=\"color:#C00028;font-size:1.5em;\"><\/i>\n<h2>SOPORTE<\/h2>\n<p>Nuestro Departamento Postventa ofrece soporte exclusivo durante todas las fases del proyecto.<\/p>\n<\/div>\n<\/div>\n<div class=\"one_fourth last_column\">\n<div class=\"texto-circulos\">\n<i class=\"fa fa-key circle-wrap\" style=\"color:#C00028;font-size:1.5em;\"><\/i>\n<h2>SOLUCI\u00d3N COMPLETA<\/h2>\n<p>Fabricamos e integramos todos los elementos necesarios para su proyecto.<\/p>\n<\/div>\n<\/div>\n<div class=\"clear\"><\/div>\n                    <div class=\"clear\"><\/div>\r\n                <\/div>\r\n            <\/div>\r\n            <div class=\"clear\"><\/div>\r\n\n            <style type=\"text\/css\">\r\n                #content-block-background-1688 { background-image: url(); background-position: center top; background-repeat: repeat-x; background-color: #fff; background-attachment: fixed; background-size: auto; }\r\n                #content-block-body-1688 { padding: 0px 0px 40px 0px; color: #333333; }\r\n                .content-block-body { margin-left: auto; margin-right: auto; position: relative; }\r\n            <\/style>\r\n                <style type=\"text\/css\">\r\n                    #wrapper-1 { overflow-x: hidden; }\r\n                    #content-block-background-1688 { margin: 0 -10000px; padding: 0 10000px; }\r\n                <\/style>\r\n            \r\n                \r\n            <div class=\"clear\"><\/div>\r\n            <div id=\"content-block-background-1688\" class=\"content-block-background class-name\">\r\n                <div id=\"content-block-body-1688\" class=\"content-block-body\">\r\n                    <div class=\"clear\"><\/div>\r\n                    \n<div class=\"sombra2\"><\/div>\n<div class=\"espacioenblanco\"><\/div>\n<div class=\"widget widget_latest_posts\">\t\t    <div class=\"latest_posts\">\r\n\t\t\t<ul class=\"small-thumb\">\r\n\t\t\t\t<li>\r\n<div class=\"small-custom-frame-wrapper alignleft frame-shadow\"><div class=\"custom-frame-inner-wrapper\"><div class=\"custom-frame-padding\"><a href=\"https:\/\/spssilos.com\/es\/almacenamiento-grano-sistema-control-instalaciones-almacenamiento\/\" title=\"Almacenamiento de grano: Sistema de control en instalaciones de almacenamiento\"><img src=\"https:\/\/spssilos.com\/wp-content\/uploads\/2015\/12\/Grain-storage-control-system-SPS-475x173_c.jpg\" width=\"475\" height=\"0\" alt=\"Almacenamiento de grano: Sistema de control en instalaciones de almacenamiento\" \/><\/a><\/div><\/div><\/div>\t\t\t\t    <a class=\"teaser-title\" title=\"Almacenamiento de grano: Sistema de control en instalaciones de almacenamiento\" href=\"https:\/\/spssilos.com\/es\/almacenamiento-grano-sistema-control-instalaciones-almacenamiento\/\">Almacenamiento de grano: Sistema de control en instalaciones de almacenamiento<\/a>\r\n\t\t\t\t    <div class=\"teaser-content\">Sistema de control en instalaciones de almacenamiento.\u00a0Controla el grano almacenado en tu planta desde tu Tablet. En SPS ofrecemos a nuestros clientes un avanzado sistema de control de sus instalaciones de almacenamiento de grano. Dentro de nuestra oferta de soluciones llave en mano para el almacenamiento y transporte del grano, incluimos un armario el\u00e9ctrico gestionado por PLC, comunicado con PC. \u00a0 Gracias a esta mejora, el cliente puede saber qu\u00e9 procesos hay actualmente en marcha en su planta de silos (secado, limpieza, transporte, etc.) y puede seleccionar el modo de funcionamiento (manual, autom\u00e1tico o modo mantenimiento). Tambi\u00e9n ofrece la posibilidad...<\/div>\r\n                                            <a title=\"Almacenamiento de grano: Sistema de control en instalaciones de almacenamiento\" href=\"https:\/\/spssilos.com\/es\/almacenamiento-grano-sistema-control-instalaciones-almacenamiento\/\" class=\"read-more-align-right\"><span>Leer m\u00e1s<\/span> &rarr;<\/a>\r\n\t\t\t\t    <div class=\"clear\"><\/div>\r\n\t\t\t\t<\/li>\r\n\t\t\t<\/ul>\r\n\t\t    <\/div><!-- end widget_recent_posts -->\r\n<\/div>\n                    <div class=\"clear\"><\/div>\r\n                <\/div>\r\n            <\/div>\r\n            <div class=\"clear\"><\/div>\r\n\n<div class=\"clear\"><\/div>\n            <style type=\"text\/css\">\r\n                #content-block-background-1877 { background-image: url(); background-position: center top; background-repeat: repeat-x; background-color: #C00028; background-attachment: fixed; background-size: auto; }\r\n                #content-block-body-1877 { padding: 20px 0px 20px 0px; color: #ffffff; }\r\n                .content-block-body { margin-left: auto; margin-right: auto; position: relative; }\r\n            <\/style>\r\n                <style type=\"text\/css\">\r\n                    #wrapper-1 { overflow-x: hidden; }\r\n                    #content-block-background-1877 { margin: 0 -10000px; padding: 0 10000px; }\r\n                <\/style>\r\n            \r\n                \r\n            <div class=\"clear\"><\/div>\r\n            <div id=\"content-block-background-1877\" class=\"content-block-background class-name\">\r\n                <div id=\"content-block-body-1877\" class=\"content-block-body\">\r\n                    <div class=\"clear\"><\/div>\r\n                    \n<div class=\"two_third\">\n<h2 style=\"text-align: center; color: #fff;\">CARGADOR DE BARCOS<\/h2>\n<div class=\"espacioenblanco\"><\/div>\n<div class=\"one_half\"><div style=\"text-align:center;\"><div class=\"custom-frame-wrapper aligncenter frame-shadow\"><div class=\"custom-frame-inner-wrapper\"><div class=\"custom-frame-padding\"><a href=\"https:\/\/spssilos.com\/wp-content\/uploads\/2015\/05\/SHIPLOADER1.jpg\" rel=\"wp-prettyPhoto&#091;7&#093;\"><img decoding=\"async\" loading=\"lazy\" class=\"alignnone size-medium wp-image-783\" src=\"https:\/\/spssilos.com\/wp-content\/uploads\/2015\/05\/SHIPLOADER1-300x225.jpg\" alt=\"shiploader\" width=\"300\" height=\"225\" srcset=\"https:\/\/spssilos.com\/wp-content\/uploads\/2015\/05\/SHIPLOADER1-300x225.jpg 300w, https:\/\/spssilos.com\/wp-content\/uploads\/2015\/05\/SHIPLOADER1.jpg 900w\" sizes=\"(max-width: 300px) 100vw, 300px\" \/><\/a><\/div><\/div><\/div><\/div><\/div>\n<div class=\"one_half last_column\">Experiencia en el dise\u00f1o y fabricaci\u00f3n de maquinar\u00eda para instalaciones portuarias de alta producci\u00f3n.<div class=\"align-btn-center\"><a class=\"medium custom-button\" href=\"https:\/\/spssilos.com\/es\/maquinaria-de-transporte\/cargadores-de-barcos\/\" title=\"VER M\u00c1S\"><span style=\"background-color:#fff; color:#C00028\">VER M\u00c1S<\/span><\/a><\/div><\/div>\n<\/div>\n<div class=\"one_third last_column\">\n<div class=\"espacioenblanco\"><\/div>\n<div class=\"clear\"><\/div><div class=\"accordion-wrapper\"><h3 class=\"accordion-toggle\"><a href=\"#\">PROYECTO LLAVE EN MANO<\/a><\/h3><div class=\"accordion-container\">  <div class=\"content-block\"><div class=\"one_half\"><div style=\"text-align:center;\"><div class=\"custom-frame-wrapper aligncenter frame-shadow\"><div class=\"custom-frame-inner-wrapper\"><div class=\"custom-frame-padding\"><a href=\"https:\/\/spssilos.com\/wp-content\/uploads\/2015\/05\/SILOS.jpg\" rel=\"wp-prettyPhoto&#091;7&#093;\"><img decoding=\"async\" loading=\"lazy\" class=\"alignnone size-thumbnail wp-image-780\" src=\"https:\/\/spssilos.com\/wp-content\/uploads\/2015\/05\/SILOS-150x150.jpg\" alt=\"SILOS\" width=\"150\" height=\"150\" \/><\/a><\/div><\/div><\/div><\/div><\/div>\n<div class=\"one_half last_column\">\n<div class=\"texto-circulos2\">Ofrecemos soluciones completas llave en mano.<\/div>\n<div class=\"align-btn-center\"><a class=\"medium custom-button\" href=\"https:\/\/spssilos.com\/es\/silos\/proyectos-llave-en-mano\/\" title=\"VER M\u00c1S\"><span style=\"background-color:#C00028; color:#FFFFFF\">VER M\u00c1S<\/span><\/a><\/div>\n<\/div><\/div><\/div><!-- end accordion-container --><h3 class=\"accordion-toggle\"><a href=\"#\">BARREDORA<\/a><\/h3><div class=\"accordion-container\">  <div class=\"content-block\"><div class=\"one_half\"><div style=\"text-align:center;\"><div class=\"custom-frame-wrapper aligncenter frame-shadow\"><div class=\"custom-frame-inner-wrapper\"><div class=\"custom-frame-padding\"><a href=\"https:\/\/spssilos.com\/wp-content\/uploads\/2015\/05\/BARREDOR.jpg\" rel=\"wp-prettyPhoto&#091;7&#093;\"><img decoding=\"async\" loading=\"lazy\" class=\"alignnone size-thumbnail wp-image-793\" src=\"https:\/\/spssilos.com\/wp-content\/uploads\/2015\/05\/BARREDOR-150x150.jpg\" alt=\"BARREDOR\" width=\"150\" height=\"150\" \/><\/a><\/div><\/div><\/div><\/div><\/div>\n<div class=\"one_half last_column\">\n<div class=\"texto-circulos2\">Modelo propio de barredora adaptada a las necesidades del cliente<\/div>\n<div class=\"align-btn-center\"><a class=\"medium custom-button\" href=\"https:\/\/spssilos.com\/es\/maquinaria-de-transporte\/barredores\/\" title=\"VER M\u00c1S\"><span style=\"background-color:#C00028; color:#FFFFFF\">VER M\u00c1S<\/span><\/a><\/div>\n<\/div><\/div><\/div><!-- end accordion-container --><h3 class=\"accordion-toggle\"><a href=\"#\">MAQUINARIA ALTA PRODUCCI\u00d3N<\/a><\/h3><div class=\"accordion-container\">  <div class=\"content-block\"><div class=\"one_half\"><div style=\"text-align:center;\"><div class=\"custom-frame-wrapper aligncenter frame-shadow\"><div class=\"custom-frame-inner-wrapper\"><div class=\"custom-frame-padding\"><a href=\"https:\/\/spssilos.com\/wp-content\/uploads\/2015\/06\/MAQUINARIA_ALTA_PRODUCCION.jpg\" rel=\"wp-prettyPhoto&#091;7&#093;\"><img decoding=\"async\" loading=\"lazy\" class=\"alignnone size-thumbnail wp-image-792\" src=\"https:\/\/spssilos.com\/wp-content\/uploads\/2015\/06\/MAQUINARIA_ALTA_PRODUCCION-150x150.jpg\" alt=\"MAQUINARIA_ALTA_PRODUCCION\" width=\"150\" height=\"150\" \/><\/a><\/div><\/div><\/div><\/div><\/div>\n<div class=\"one_half last_column\">\n<div class=\"texto-circulos2\">Maquinaria para trabajar 24 horas al d\u00eda los 7 d\u00edas de la semana, durante todo el a\u00f1o.<\/div>\n<div class=\"align-btn-center\"><a class=\"medium custom-button\" href=\"https:\/\/spssilos.com\/es\/maquinaria-de-transporte\/\" title=\"VER M\u00c1S\"><span style=\"background-color:#C00028; color:#FFFFFF\">VER M\u00c1S<\/span><\/a><\/div>\n<\/div><\/div><\/div><!-- end accordion-container --><\/div><!-- end accordion-wrapper --><div class=\"clear\"><\/div> <\/div>\n                    <div class=\"clear\"><\/div>\r\n                <\/div>\r\n            <\/div>\r\n            <div class=\"clear\"><\/div>\r\n\n            <style type=\"text\/css\">\r\n                #content-block-background-1688 { background-image: url(); background-position: top top; background-repeat: no-repeat; background-color: #e5e5e5; background-attachment: fixed; background-size: 9px; }\r\n                #content-block-body-1688 { padding: 0px 0px 20px 0px; color: #333333; }\r\n                .content-block-body { margin-left: auto; margin-right: auto; position: relative; }\r\n            <\/style>\r\n                <style type=\"text\/css\">\r\n                    #wrapper-1 { overflow-x: hidden; }\r\n                    #content-block-background-1688 { margin: 0 -10000px; padding: 0 10000px; }\r\n                <\/style>\r\n            \r\n                \r\n            <div class=\"clear\"><\/div>\r\n            <div id=\"content-block-background-1688\" class=\"content-block-background class-name\">\r\n                <div id=\"content-block-body-1688\" class=\"content-block-body\">\r\n                    <div class=\"clear\"><\/div>\r\n                    \n<div class=\"sombra2\"><\/div>\n<div class=\"espacioenblanco\"><\/div>\n<div class=\"one_fourth\">\n<h2 style=\"text-align: left; font-size: 2em;\">SOLICITE<br \/>\nPRESUPUESTO<\/h2>\n<\/div>\n<div class=\"one_half\">\n<p style=\"text-align: center;\">Para poder responderle con un presupuesto personalizado a la medida de sus necesidades, por favor, complete el formulario que encontrar\u00e1 a continuaci\u00f3n. Lo estudiaremos y nos pondremos en contacto con usted.<\/p>\n<\/div>\n<div class=\"one_fourth last_column\">\n<div class=\"espacioenblanco\"><\/div>\n<div class=\"align-btn-center\"><a class=\"medium custom-button\" href=\"https:\/\/spssilos.com\/solicitud-de-presupuesto\/\" title=\"PRESUPUESTOS\"><span style=\"background-color:#C00028; color:#FFFFFF\">PRESUPUESTO<\/span><\/a><\/div><\/div>\n                    <div class=\"clear\"><\/div>\r\n                <\/div>\r\n            <\/div>\r\n            <div class=\"clear\"><\/div>\r\n\n","protected":false},"excerpt":{"rendered":"Sistema de control en instalaciones de almacenamiento.\u00a0Controla el grano almacenado en tu planta desde tu Tablet. En SPS ofrecemos a nuestros clientes un avanzado sistema de control de sus instalaciones de almacenamiento de grano. Dentro de nuestra oferta de soluciones llave en mano para el almacenamiento y transporte del grano, incluimos un armario el\u00e9ctrico gestionado por PLC, comunicado con PC. \u00a0 Gracias a esta mejora, el cliente puede saber qu\u00e9 procesos hay actualmente en marcha en su planta de silos (secado, limpieza, transporte, etc.) y puede seleccionar el modo de funcionamiento (manual, autom\u00e1tico o modo mantenimiento). Tambi\u00e9n ofrece la posibilidad","protected":false},"author":2,"featured_media":0,"parent":0,"menu_order":0,"comment_status":"open","ping_status":"open","template":"page-FullWidth.php","meta":{"_monsterinsights_skip_tracking":false,"_monsterinsights_sitenote_active":false,"_monsterinsights_sitenote_note":"","_monsterinsights_sitenote_category":0},"acf":[],"yoast_head":"<!-- This site is optimized with the Yoast SEO plugin v21.5 - https:\/\/yoast.com\/wordpress\/plugins\/seo\/ -->\n<title>SPS | Soluciones de Transporte y Almacenamiento de Granos<\/title>\n<meta name=\"description\" content=\"SPS, una soluci\u00f3n completa para sus necesidades de transporte y almacenamiento de granos. En SPS le asesoramos \u00a1Cont\u00e1ctenos!\" \/>\n<meta name=\"robots\" content=\"index, follow, max-snippet:-1, max-image-preview:large, max-video-preview:-1\" \/>\n<link rel=\"canonical\" href=\"https:\/\/spssilos.com\/es\/\" \/>\n<meta name=\"twitter:label1\" content=\"Tiempo de lectura\" \/>\n\t<meta name=\"twitter:data1\" content=\"4 minutos\" \/>\n<script type=\"application\/ld+json\" class=\"yoast-schema-graph\">{\"@context\":\"https:\/\/schema.org\",\"@graph\":[{\"@type\":\"WebPage\",\"@id\":\"https:\/\/spssilos.com\/es\/\",\"url\":\"https:\/\/spssilos.com\/es\/\",\"name\":\"SPS | Soluciones de Transporte y Almacenamiento de Granos\",\"isPartOf\":{\"@id\":\"https:\/\/spssilos.com\/#website\"},\"datePublished\":\"2015-02-27T10:47:58+00:00\",\"dateModified\":\"2022-08-18T09:40:10+00:00\",\"description\":\"SPS, una soluci\u00f3n completa para sus necesidades de transporte y almacenamiento de granos. En SPS le asesoramos \u00a1Cont\u00e1ctenos!\",\"inLanguage\":\"es\",\"potentialAction\":[{\"@type\":\"ReadAction\",\"target\":[\"https:\/\/spssilos.com\/es\/\"]}]},{\"@type\":\"WebSite\",\"@id\":\"https:\/\/spssilos.com\/#website\",\"url\":\"https:\/\/spssilos.com\/\",\"name\":\"SPS\",\"description\":\"\",\"potentialAction\":[{\"@type\":\"SearchAction\",\"target\":{\"@type\":\"EntryPoint\",\"urlTemplate\":\"https:\/\/spssilos.com\/?s={search_term_string}\"},\"query-input\":\"required name=search_term_string\"}],\"inLanguage\":\"es\"}]}<\/script>\n<!-- \/ Yoast SEO plugin. -->","yoast_head_json":{"title":"SPS | Soluciones de Transporte y Almacenamiento de Granos","description":"SPS, una soluci\u00f3n completa para sus necesidades de transporte y almacenamiento de granos. En SPS le asesoramos \u00a1Cont\u00e1ctenos!","robots":{"index":"index","follow":"follow","max-snippet":"max-snippet:-1","max-image-preview":"max-image-preview:large","max-video-preview":"max-video-preview:-1"},"canonical":"https:\/\/spssilos.com\/es\/","twitter_misc":{"Tiempo de lectura":"4 minutos"},"schema":{"@context":"https:\/\/schema.org","@graph":[{"@type":"WebPage","@id":"https:\/\/spssilos.com\/es\/","url":"https:\/\/spssilos.com\/es\/","name":"SPS | Soluciones de Transporte y Almacenamiento de Granos","isPartOf":{"@id":"https:\/\/spssilos.com\/#website"},"datePublished":"2015-02-27T10:47:58+00:00","dateModified":"2022-08-18T09:40:10+00:00","description":"SPS, una soluci\u00f3n completa para sus necesidades de transporte y almacenamiento de granos. En SPS le asesoramos \u00a1Cont\u00e1ctenos!","inLanguage":"es","potentialAction":[{"@type":"ReadAction","target":["https:\/\/spssilos.com\/es\/"]}]},{"@type":"WebSite","@id":"https:\/\/spssilos.com\/#website","url":"https:\/\/spssilos.com\/","name":"SPS","description":"","potentialAction":[{"@type":"SearchAction","target":{"@type":"EntryPoint","urlTemplate":"https:\/\/spssilos.com\/?s={search_term_string}"},"query-input":"required name=search_term_string"}],"inLanguage":"es"}]}},"_links":{"self":[{"href":"https:\/\/spssilos.com\/es\/wp-json\/wp\/v2\/pages\/7"}],"collection":[{"href":"https:\/\/spssilos.com\/es\/wp-json\/wp\/v2\/pages"}],"about":[{"href":"https:\/\/spssilos.com\/es\/wp-json\/wp\/v2\/types\/page"}],"author":[{"embeddable":true,"href":"https:\/\/spssilos.com\/es\/wp-json\/wp\/v2\/users\/2"}],"replies":[{"embeddable":true,"href":"https:\/\/spssilos.com\/es\/wp-json\/wp\/v2\/comments?post=7"}],"version-history":[{"count":2,"href":"https:\/\/spssilos.com\/es\/wp-json\/wp\/v2\/pages\/7\/revisions"}],"predecessor-version":[{"id":3853,"href":"https:\/\/spssilos.com\/es\/wp-json\/wp\/v2\/pages\/7\/revisions\/3853"}],"wp:attachment":[{"href":"https:\/\/spssilos.com\/es\/wp-json\/wp\/v2\/media?parent=7"}],"curies":[{"name":"wp","href":"https:\/\/api.w.org\/{rel}","templated":true}]}}