{"id":600,"date":"2015-05-22T16:27:22","date_gmt":"2015-05-22T14:27:22","guid":{"rendered":"http:\/\/www.pradosps.com\/?page_id=600"},"modified":"2016-06-23T12:47:06","modified_gmt":"2016-06-23T10:47:06","slug":"documentos","status":"publish","type":"page","link":"https:\/\/spssilos.com\/es\/empresa\/documentos\/","title":{"rendered":"Documentos"},"content":{"rendered":"<div style=\"text-align:center;\"><div class=\"custom-frame-wrapper aligncenter frame-shadow\"><div class=\"custom-frame-inner-wrapper\"><div class=\"custom-frame-padding\"><a href=\"https:\/\/spssilos.com\/wp-content\/uploads\/2015\/05\/documentos.jpg\" rel=\"wp-prettyPhoto[600]\"><img decoding=\"async\" loading=\"lazy\" class=\"alignnone wp-image-659 size-full\" src=\"https:\/\/spssilos.com\/wp-content\/uploads\/2015\/05\/documentos.jpg\" alt=\"documentos SPS\" width=\"1280\" height=\"350\" srcset=\"https:\/\/spssilos.com\/wp-content\/uploads\/2015\/05\/documentos.jpg 1280w, https:\/\/spssilos.com\/wp-content\/uploads\/2015\/05\/documentos-300x82.jpg 300w, https:\/\/spssilos.com\/wp-content\/uploads\/2015\/05\/documentos-1024x280.jpg 1024w\" sizes=\"(max-width: 1280px) 100vw, 1280px\" \/><\/a><\/div><\/div><\/div><\/div>\nAqu\u00ed podr\u00e1 descargar todos los documentos, cat\u00e1logos, fichas y presentaciones sobre SPS y nuestros productos.<\/p>\n<p>&nbsp;<\/p>\n<div class=\"one_half\">\n<h3>INFORMACI\u00d3N<\/h3>\n<h5>SILOS<\/h5>\n\n<ul class=\"list-1\">\n<li><a title=\"descargar archivo\" href=\"https:\/\/spssilos.com\/wp-content\/uploads\/catalogos\/SILOS.zip\" target=\"_blank\">Cat\u00e1logo Silos \u00a0\u00a0<i class=\"fa fa-download circle-wrap\" style=\"color:#C00028;\"><\/i><img decoding=\"async\" loading=\"lazy\" src=\"https:\/\/spssilos.com\/wp-content\/uploads\/2015\/05\/icono_espana.png\" alt=\"espa\u00f1ol\" width=\"16\" height=\"16\" \/><img decoding=\"async\" loading=\"lazy\" src=\"https:\/\/spssilos.com\/wp-content\/uploads\/2015\/05\/icono_gb.png\" alt=\"English\" width=\"16\" height=\"16\" \/><\/a><\/li>\n<li><a title=\"descargar archivo\" href=\"https:\/\/spssilos.com\/wp-content\/uploads\/catalogos\/SILOSR.zip\" target=\"_blank\">Cat\u00e1logo Silos \u00a0\u00a0<i class=\"fa fa-download circle-wrap\" style=\"color:#C00028;\"><\/i><img decoding=\"async\" loading=\"lazy\" src=\"https:\/\/spssilos.com\/wp-content\/uploads\/2015\/05\/icono_rusia.png\" alt=\"icono_rusia\" width=\"16\" height=\"16\" \/><\/a><\/li>\n<\/ul>\n\n<h5>BARREDORA<\/h5>\n\n<ul class=\"list-1\">\n<li><a title=\"descargar archivo\" href=\"https:\/\/spssilos.com\/wp-content\/uploads\/catalogos\/SWEEPAUGER.zip\" target=\"_blank\">Cat\u00e1logo barredora \u00a0\u00a0<i class=\"fa fa-download circle-wrap\" style=\"color:#C00028;\"><\/i><img decoding=\"async\" loading=\"lazy\" src=\"https:\/\/spssilos.com\/wp-content\/uploads\/2015\/05\/icono_espana.png\" alt=\"espa\u00f1ol\" width=\"16\" height=\"16\" \/><img decoding=\"async\" loading=\"lazy\" src=\"https:\/\/spssilos.com\/wp-content\/uploads\/2015\/05\/icono_gb.png\" alt=\"English\" width=\"16\" height=\"16\" \/><\/a><\/li>\n<li><a title=\"descargar archivo\" href=\"https:\/\/spssilos.com\/wp-content\/uploads\/catalogos\/SWEEPAUGERR.zip\" target=\"_blank\">Cat\u00e1logo barredora \u00a0\u00a0<i class=\"fa fa-download circle-wrap\" style=\"color:#C00028;\"><\/i><img decoding=\"async\" loading=\"lazy\" src=\"https:\/\/spssilos.com\/wp-content\/uploads\/2015\/05\/icono_rusia.png\" alt=\"icono_rusia\" width=\"16\" height=\"16\" \/><\/a><\/li>\n<\/ul>\n\n<h5>SPS<\/h5>\n\n<ul class=\"list-1\">\n<li><a title=\"descargar archivo\" href=\"https:\/\/spssilos.com\/wp-content\/uploads\/catalogos\/PRESENTACIONSPS.zip\" target=\"_blank\">Presentaci\u00f3n Empresa &#8211; SPS \u00a0\u00a0<i class=\"fa fa-download circle-wrap\" style=\"color:#C00028;\"><\/i><img decoding=\"async\" loading=\"lazy\" src=\"https:\/\/spssilos.com\/wp-content\/uploads\/2015\/05\/icono_espana.png\" alt=\"espa\u00f1ol\" width=\"16\" height=\"16\" \/><img decoding=\"async\" loading=\"lazy\" src=\"https:\/\/spssilos.com\/wp-content\/uploads\/2015\/05\/icono_gb.png\" alt=\"English\" width=\"16\" height=\"16\" \/><\/a><\/li>\n<li><a title=\"descargar archivo\" href=\"https:\/\/spssilos.com\/wp-content\/uploads\/catalogos\/INFO.zip\" target=\"_blank\">Info \u00a0\u00a0<i class=\"fa fa-download circle-wrap\" style=\"color:#C00028;\"><\/i><img decoding=\"async\" loading=\"lazy\" src=\"https:\/\/spssilos.com\/wp-content\/uploads\/2015\/05\/icono_espana.png\" alt=\"espa\u00f1ol\" width=\"16\" height=\"16\" \/><img decoding=\"async\" loading=\"lazy\" src=\"https:\/\/spssilos.com\/wp-content\/uploads\/2015\/05\/icono_gb.png\" alt=\"English\" width=\"16\" height=\"16\" \/><\/a><\/li>\n<\/ul>\n\n<\/div>\n<div class=\"one_half last_column\">\n<h3>FICHAS T\u00c9CNICAS<\/h3>\n\n<ul class=\"list-1\">\n<li><a title=\"descargar archivo\" href=\"https:\/\/spssilos.com\/wp-content\/uploads\/catalogos\/FICHA-SILO-ASENTADO.pdf\" target=\"_blank\">Ficha de silo asentado \u00a0\u00a0<i class=\"fa fa-download circle-wrap\" style=\"color:#C00028;\"><\/i><img decoding=\"async\" loading=\"lazy\" src=\"https:\/\/spssilos.com\/wp-content\/uploads\/2015\/05\/icono_espana.png\" alt=\"espa\u00f1ol\" width=\"16\" height=\"16\" \/><img decoding=\"async\" loading=\"lazy\" src=\"https:\/\/spssilos.com\/wp-content\/uploads\/2015\/05\/icono_gb.png\" alt=\"English\" width=\"16\" height=\"16\" \/><\/a><\/li>\n<li><a title=\"descargar archivo\" href=\"https:\/\/spssilos.com\/wp-content\/uploads\/catalogos\/FICHA-SILO-ELEVADO.pdf\" target=\"_blank\">Ficha de silo elevado \u00a0\u00a0<i class=\"fa fa-download circle-wrap\" style=\"color:#C00028;\"><\/i><img decoding=\"async\" loading=\"lazy\" src=\"https:\/\/spssilos.com\/wp-content\/uploads\/2015\/05\/icono_espana.png\" alt=\"espa\u00f1ol\" width=\"16\" height=\"16\" \/><img decoding=\"async\" loading=\"lazy\" src=\"https:\/\/spssilos.com\/wp-content\/uploads\/2015\/05\/icono_gb.png\" alt=\"English\" width=\"16\" height=\"16\" \/><\/a><\/li>\n<li><a title=\"descargar archivo\" href=\"https:\/\/spssilos.com\/wp-content\/uploads\/catalogos\/FICHA-SILO-CELDA.pdf\" target=\"_blank\">Ficha de silo celda \u00a0\u00a0<i class=\"fa fa-download circle-wrap\" style=\"color:#C00028;\"><\/i><img decoding=\"async\" loading=\"lazy\" src=\"https:\/\/spssilos.com\/wp-content\/uploads\/2015\/05\/icono_espana.png\" alt=\"espa\u00f1ol\" width=\"16\" height=\"16\" \/><img decoding=\"async\" loading=\"lazy\" src=\"https:\/\/spssilos.com\/wp-content\/uploads\/2015\/05\/icono_gb.png\" alt=\"English\" width=\"16\" height=\"16\" \/><\/a><\/li>\n<li><a title=\"descargar archivo\" href=\"https:\/\/spssilos.com\/wp-content\/uploads\/catalogos\/FICHA-TRANSPORTADOR-DE-BANDA.pdf\" target=\"_blank\">Ficha de transportador de banda \u00a0\u00a0<i class=\"fa fa-download circle-wrap\" style=\"color:#C00028;\"><\/i><img decoding=\"async\" loading=\"lazy\" src=\"https:\/\/spssilos.com\/wp-content\/uploads\/2015\/05\/icono_espana.png\" alt=\"espa\u00f1ol\" width=\"16\" height=\"16\" \/><img decoding=\"async\" loading=\"lazy\" src=\"https:\/\/spssilos.com\/wp-content\/uploads\/2015\/05\/icono_gb.png\" alt=\"English\" width=\"16\" height=\"16\" \/><\/a><\/li>\n<li><a title=\"descargar archivo\" href=\"https:\/\/spssilos.com\/wp-content\/uploads\/catalogos\/FICHA-TRANSPORTADOR-DE-CADENA.pdf\" target=\"_blank\">Ficha de transportador de cadena \u00a0\u00a0<i class=\"fa fa-download circle-wrap\" style=\"color:#C00028;\"><\/i><img decoding=\"async\" loading=\"lazy\" src=\"https:\/\/spssilos.com\/wp-content\/uploads\/2015\/05\/icono_espana.png\" alt=\"espa\u00f1ol\" width=\"16\" height=\"16\" \/><img decoding=\"async\" loading=\"lazy\" src=\"https:\/\/spssilos.com\/wp-content\/uploads\/2015\/05\/icono_gb.png\" alt=\"English\" width=\"16\" height=\"16\" \/><\/a><\/li>\n<li><a title=\"descargar archivo\" href=\"https:\/\/spssilos.com\/wp-content\/uploads\/catalogos\/FICHA-TRANSPORTADOR-SINFIN.pdf\" target=\"_blank\">Ficha de transportador sinf\u00edn \u00a0\u00a0<i class=\"fa fa-download circle-wrap\" style=\"color:#C00028;\"><\/i><img decoding=\"async\" loading=\"lazy\" src=\"https:\/\/spssilos.com\/wp-content\/uploads\/2015\/05\/icono_espana.png\" alt=\"espa\u00f1ol\" width=\"16\" height=\"16\" \/><img decoding=\"async\" loading=\"lazy\" src=\"https:\/\/spssilos.com\/wp-content\/uploads\/2015\/05\/icono_gb.png\" alt=\"English\" width=\"16\" height=\"16\" \/><\/a><\/li>\n<li><a title=\"descargar archivo\" href=\"https:\/\/spssilos.com\/wp-content\/uploads\/catalogos\/FICHA-BARREDORA.pdf\" target=\"_blank\">Ficha de barredora \u00a0\u00a0<i class=\"fa fa-download circle-wrap\" style=\"color:#C00028;\"><\/i><img decoding=\"async\" loading=\"lazy\" src=\"https:\/\/spssilos.com\/wp-content\/uploads\/2015\/05\/icono_espana.png\" alt=\"espa\u00f1ol\" width=\"16\" height=\"16\" \/><img decoding=\"async\" loading=\"lazy\" src=\"https:\/\/spssilos.com\/wp-content\/uploads\/2015\/05\/icono_gb.png\" alt=\"English\" width=\"16\" height=\"16\" \/><\/a><\/li>\n<\/ul>\n\n<\/div>\n","protected":false},"excerpt":{"rendered":"<p>Aqu\u00ed podr\u00e1 descargar todos los documentos, cat\u00e1logos, fichas y presentaciones sobre SPS y nuestros productos. &nbsp;<\/p>\n","protected":false},"author":2,"featured_media":0,"parent":71,"menu_order":0,"comment_status":"open","ping_status":"open","template":"page-PageTemplate2.php","meta":{"_monsterinsights_skip_tracking":false,"_monsterinsights_sitenote_active":false,"_monsterinsights_sitenote_note":"","_monsterinsights_sitenote_category":0},"acf":[],"yoast_head":"<!-- This site is optimized with the Yoast SEO plugin v21.5 - https:\/\/yoast.com\/wordpress\/plugins\/seo\/ -->\n<title>Documentos - PRADO SPS<\/title>\n<meta name=\"description\" content=\"Todos los documentos, cat\u00e1logos, fichas y presentaciones sobre SPS y nuestros productos se pueden descargar aqu\u00ed: silos, barredoras, transportadores...\" \/>\n<meta name=\"robots\" content=\"index, follow, max-snippet:-1, max-image-preview:large, max-video-preview:-1\" \/>\n<link rel=\"canonical\" href=\"https:\/\/spssilos.com\/es\/empresa\/documentos\/\" \/>\n<meta name=\"twitter:label1\" content=\"Tiempo de lectura\" \/>\n\t<meta name=\"twitter:data1\" content=\"1 minuto\" \/>\n<script type=\"application\/ld+json\" class=\"yoast-schema-graph\">{\"@context\":\"https:\/\/schema.org\",\"@graph\":[{\"@type\":\"WebPage\",\"@id\":\"https:\/\/spssilos.com\/es\/empresa\/documentos\/\",\"url\":\"https:\/\/spssilos.com\/es\/empresa\/documentos\/\",\"name\":\"Documentos - PRADO SPS\",\"isPartOf\":{\"@id\":\"https:\/\/spssilos.com\/#website\"},\"datePublished\":\"2015-05-22T14:27:22+00:00\",\"dateModified\":\"2016-06-23T10:47:06+00:00\",\"description\":\"Todos los documentos, cat\u00e1logos, fichas y presentaciones sobre SPS y nuestros productos se pueden descargar aqu\u00ed: silos, barredoras, transportadores...\",\"breadcrumb\":{\"@id\":\"https:\/\/spssilos.com\/es\/empresa\/documentos\/#breadcrumb\"},\"inLanguage\":\"es\",\"potentialAction\":[{\"@type\":\"ReadAction\",\"target\":[\"https:\/\/spssilos.com\/es\/empresa\/documentos\/\"]}]},{\"@type\":\"BreadcrumbList\",\"@id\":\"https:\/\/spssilos.com\/es\/empresa\/documentos\/#breadcrumb\",\"itemListElement\":[{\"@type\":\"ListItem\",\"position\":1,\"name\":\"La Empresa: SPS Grain Handling and Storage Solutions\",\"item\":\"https:\/\/spssilos.com\/es\/empresa\/\"},{\"@type\":\"ListItem\",\"position\":2,\"name\":\"Documentos\"}]},{\"@type\":\"WebSite\",\"@id\":\"https:\/\/spssilos.com\/#website\",\"url\":\"https:\/\/spssilos.com\/\",\"name\":\"SPS\",\"description\":\"\",\"potentialAction\":[{\"@type\":\"SearchAction\",\"target\":{\"@type\":\"EntryPoint\",\"urlTemplate\":\"https:\/\/spssilos.com\/?s={search_term_string}\"},\"query-input\":\"required name=search_term_string\"}],\"inLanguage\":\"es\"}]}<\/script>\n<!-- \/ Yoast SEO plugin. -->","yoast_head_json":{"title":"Documentos - PRADO SPS","description":"Todos los documentos, cat\u00e1logos, fichas y presentaciones sobre SPS y nuestros productos se pueden descargar aqu\u00ed: silos, barredoras, transportadores...","robots":{"index":"index","follow":"follow","max-snippet":"max-snippet:-1","max-image-preview":"max-image-preview:large","max-video-preview":"max-video-preview:-1"},"canonical":"https:\/\/spssilos.com\/es\/empresa\/documentos\/","twitter_misc":{"Tiempo de lectura":"1 minuto"},"schema":{"@context":"https:\/\/schema.org","@graph":[{"@type":"WebPage","@id":"https:\/\/spssilos.com\/es\/empresa\/documentos\/","url":"https:\/\/spssilos.com\/es\/empresa\/documentos\/","name":"Documentos - PRADO SPS","isPartOf":{"@id":"https:\/\/spssilos.com\/#website"},"datePublished":"2015-05-22T14:27:22+00:00","dateModified":"2016-06-23T10:47:06+00:00","description":"Todos los documentos, cat\u00e1logos, fichas y presentaciones sobre SPS y nuestros productos se pueden descargar aqu\u00ed: silos, barredoras, transportadores...","breadcrumb":{"@id":"https:\/\/spssilos.com\/es\/empresa\/documentos\/#breadcrumb"},"inLanguage":"es","potentialAction":[{"@type":"ReadAction","target":["https:\/\/spssilos.com\/es\/empresa\/documentos\/"]}]},{"@type":"BreadcrumbList","@id":"https:\/\/spssilos.com\/es\/empresa\/documentos\/#breadcrumb","itemListElement":[{"@type":"ListItem","position":1,"name":"La Empresa: SPS Grain Handling and Storage Solutions","item":"https:\/\/spssilos.com\/es\/empresa\/"},{"@type":"ListItem","position":2,"name":"Documentos"}]},{"@type":"WebSite","@id":"https:\/\/spssilos.com\/#website","url":"https:\/\/spssilos.com\/","name":"SPS","description":"","potentialAction":[{"@type":"SearchAction","target":{"@type":"EntryPoint","urlTemplate":"https:\/\/spssilos.com\/?s={search_term_string}"},"query-input":"required name=search_term_string"}],"inLanguage":"es"}]}},"_links":{"self":[{"href":"https:\/\/spssilos.com\/es\/wp-json\/wp\/v2\/pages\/600"}],"collection":[{"href":"https:\/\/spssilos.com\/es\/wp-json\/wp\/v2\/pages"}],"about":[{"href":"https:\/\/spssilos.com\/es\/wp-json\/wp\/v2\/types\/page"}],"author":[{"embeddable":true,"href":"https:\/\/spssilos.com\/es\/wp-json\/wp\/v2\/users\/2"}],"replies":[{"embeddable":true,"href":"https:\/\/spssilos.com\/es\/wp-json\/wp\/v2\/comments?post=600"}],"version-history":[{"count":0,"href":"https:\/\/spssilos.com\/es\/wp-json\/wp\/v2\/pages\/600\/revisions"}],"up":[{"embeddable":true,"href":"https:\/\/spssilos.com\/es\/wp-json\/wp\/v2\/pages\/71"}],"wp:attachment":[{"href":"https:\/\/spssilos.com\/es\/wp-json\/wp\/v2\/media?parent=600"}],"curies":[{"name":"wp","href":"https:\/\/api.w.org\/{rel}","templated":true}]}}