{"id":563,"date":"2015-05-22T09:25:17","date_gmt":"2015-05-22T09:25:17","guid":{"rendered":"http:\/\/www.pradosps.com\/?page_id=563"},"modified":"2025-02-05T18:21:44","modified_gmt":"2025-02-05T17:21:44","slug":"contacto","status":"publish","type":"page","link":"https:\/\/spssilos.com\/es\/contacto\/","title":{"rendered":"Contacto"},"content":{"rendered":"<div class=\"one_half\">\n<h6>STORAGE PROJECT SOLUTIONS S.L.<\/h6>\n<p>C\/ Astronauta Pedro Duque<br \/>\n29320 Campillos, M\u00e1laga \u2013 Espa\u00f1a<br \/>\nPhone: +34 952 726 204<br \/>\nEmail adress: <a href=\"mailto:spssilos@spssilos.com\">spssilos@spssilos.com<\/a><\/p>\n<p>&nbsp;<\/p>\n<\/div>\n<div class=\"one_half last_column\">\n<div class=\"wpcf7 no-js\" id=\"wpcf7-f584-o1\" lang=\"es-ES\" dir=\"ltr\">\n<div class=\"screen-reader-response\"><p role=\"status\" aria-live=\"polite\" aria-atomic=\"true\"><\/p> <ul><\/ul><\/div>\n<form action=\"\/es\/wp-json\/wp\/v2\/pages\/563#wpcf7-f584-o1\" method=\"post\" class=\"wpcf7-form init\" aria-label=\"Formulario de contacto\" novalidate=\"novalidate\" data-status=\"init\">\n<div style=\"display: none;\">\n<input type=\"hidden\" name=\"_wpcf7\" value=\"584\" \/>\n<input type=\"hidden\" name=\"_wpcf7_version\" value=\"5.7.7\" \/>\n<input type=\"hidden\" name=\"_wpcf7_locale\" value=\"es_ES\" \/>\n<input type=\"hidden\" name=\"_wpcf7_unit_tag\" value=\"wpcf7-f584-o1\" \/>\n<input type=\"hidden\" name=\"_wpcf7_container_post\" value=\"0\" \/>\n<input type=\"hidden\" name=\"_wpcf7_posted_data_hash\" value=\"\" \/>\n<\/div>\n<p>NOMBRE (Requerido) <span class=\"wpcf7-form-control-wrap\" data-name=\"your-name\"><input size=\"40\" class=\"wpcf7-form-control wpcf7-text wpcf7-validates-as-required etiqueta1\" aria-required=\"true\" aria-invalid=\"false\" value=\"\" type=\"text\" name=\"your-name\" \/><\/span>\n<\/p>\n<p>EMAIL (requerido) <span class=\"wpcf7-form-control-wrap\" data-name=\"your-email\"><input size=\"40\" class=\"wpcf7-form-control wpcf7-text wpcf7-email wpcf7-validates-as-required wpcf7-validates-as-email etiqueta1\" aria-required=\"true\" aria-invalid=\"false\" value=\"\" type=\"email\" name=\"your-email\" \/><\/span>\n<\/p>\n<p>ASUNTO (requerido) <span class=\"wpcf7-form-control-wrap\" data-name=\"your-subject\"><input size=\"40\" class=\"wpcf7-form-control wpcf7-text wpcf7-validates-as-required etiqueta1\" aria-required=\"true\" aria-invalid=\"false\" value=\"\" type=\"text\" name=\"your-subject\" \/><\/span>\n<\/p>\n<p>MENSAJE <span class=\"wpcf7-form-control-wrap\" data-name=\"your-message\"><textarea cols=\"40\" rows=\"10\" class=\"wpcf7-form-control wpcf7-textarea\" aria-invalid=\"false\" name=\"your-message\"><\/textarea><\/span>\n<\/p>\n<p>Por favor, introduzca el siguiente c\u00f3digo <input type=\"hidden\" name=\"_wpcf7_captcha_challenge_captcha-517\" value=\"1414647205\" \/><img class=\"wpcf7-form-control wpcf7-captchac wpcf7-captcha-captcha-517\" width=\"72\" height=\"24\" alt=\"captcha\" src=\"https:\/\/spssilos.com\/wp-content\/uploads\/wpcf7_captcha\/1414647205.png\" \/><span class=\"wpcf7-form-control-wrap\" data-name=\"captcha-517\"><input size=\"4\" class=\"wpcf7-form-control wpcf7-captchar\" autocomplete=\"off\" aria-invalid=\"false\" value=\"\" type=\"text\" name=\"captcha-517\" \/><\/span>\n<\/p>\n<p><span class=\"wpcf7-form-control-wrap\" data-name=\"legal\"><span class=\"wpcf7-form-control wpcf7-acceptance\"><span class=\"wpcf7-list-item\"><input type=\"checkbox\" name=\"legal\" value=\"1\" checked=\"checked\" aria-invalid=\"false\" \/><\/span><\/span><\/span> Confirmo que <strong>he le\u00eddo y acepto<\/strong> la <a href=\"https:\/\/spssilos.com\/politica-de-privacidad\/\" target=\"_blank\">pol\u00edtica de privacidad<\/a><br \/>\n<input class=\"wpcf7-form-control has-spinner wpcf7-submit btn_enviar\" type=\"submit\" value=\"Enviar\" \/>\n<\/p><div class=\"wpcf7-response-output\" aria-hidden=\"true\"><\/div>\n<\/form>\n<\/div>\n<\/div>\n","protected":false},"excerpt":{"rendered":"STORAGE PROJECT SOLUTIONS S.L. C\/ Astronauta Pedro Duque 29320 Campillos, M\u00e1laga \u2013 Espa\u00f1a Phone: +34 952 726 204 Email adress: spssilos@spssilos.com &nbsp; NOMBRE (Requerido) EMAIL (requerido) ASUNTO (requerido) MENSAJE Por favor, introduzca el siguiente c\u00f3digo Confirmo que he le\u00eddo y acepto la pol\u00edtica de privacidad","protected":false},"author":2,"featured_media":0,"parent":0,"menu_order":0,"comment_status":"open","ping_status":"open","template":"page-FullWidth.php","meta":{"_monsterinsights_skip_tracking":false,"_monsterinsights_sitenote_active":false,"_monsterinsights_sitenote_note":"","_monsterinsights_sitenote_category":0},"acf":[],"yoast_head":"<!-- This site is optimized with the Yoast SEO plugin v21.5 - https:\/\/yoast.com\/wordpress\/plugins\/seo\/ -->\n<title>Contacto \u2013 SPS<\/title>\n<meta name=\"description\" content=\"\u00bfTiene dudas sobre la mejor alternativa para su proyecto de almacenamiento de cereal? Contacte con nosotros y le asesoraremos\" \/>\n<meta name=\"robots\" content=\"index, follow, max-snippet:-1, max-image-preview:large, max-video-preview:-1\" \/>\n<link rel=\"canonical\" href=\"https:\/\/spssilos.com\/es\/contacto\/\" \/>\n<meta name=\"twitter:label1\" content=\"Tiempo de lectura\" \/>\n\t<meta name=\"twitter:data1\" content=\"1 minuto\" \/>\n<script type=\"application\/ld+json\" class=\"yoast-schema-graph\">{\"@context\":\"https:\/\/schema.org\",\"@graph\":[{\"@type\":\"WebPage\",\"@id\":\"https:\/\/spssilos.com\/es\/contacto\/\",\"url\":\"https:\/\/spssilos.com\/es\/contacto\/\",\"name\":\"Contacto \u2013 SPS\",\"isPartOf\":{\"@id\":\"https:\/\/spssilos.com\/#website\"},\"datePublished\":\"2015-05-22T09:25:17+00:00\",\"dateModified\":\"2025-02-05T17:21:44+00:00\",\"description\":\"\u00bfTiene dudas sobre la mejor alternativa para su proyecto de almacenamiento de cereal? Contacte con nosotros y le asesoraremos\",\"inLanguage\":\"es\",\"potentialAction\":[{\"@type\":\"ReadAction\",\"target\":[\"https:\/\/spssilos.com\/es\/contacto\/\"]}]},{\"@type\":\"WebSite\",\"@id\":\"https:\/\/spssilos.com\/#website\",\"url\":\"https:\/\/spssilos.com\/\",\"name\":\"SPS\",\"description\":\"\",\"potentialAction\":[{\"@type\":\"SearchAction\",\"target\":{\"@type\":\"EntryPoint\",\"urlTemplate\":\"https:\/\/spssilos.com\/?s={search_term_string}\"},\"query-input\":\"required name=search_term_string\"}],\"inLanguage\":\"es\"}]}<\/script>\n<!-- \/ Yoast SEO plugin. -->","yoast_head_json":{"title":"Contacto \u2013 SPS","description":"\u00bfTiene dudas sobre la mejor alternativa para su proyecto de almacenamiento de cereal? Contacte con nosotros y le asesoraremos","robots":{"index":"index","follow":"follow","max-snippet":"max-snippet:-1","max-image-preview":"max-image-preview:large","max-video-preview":"max-video-preview:-1"},"canonical":"https:\/\/spssilos.com\/es\/contacto\/","twitter_misc":{"Tiempo de lectura":"1 minuto"},"schema":{"@context":"https:\/\/schema.org","@graph":[{"@type":"WebPage","@id":"https:\/\/spssilos.com\/es\/contacto\/","url":"https:\/\/spssilos.com\/es\/contacto\/","name":"Contacto \u2013 SPS","isPartOf":{"@id":"https:\/\/spssilos.com\/#website"},"datePublished":"2015-05-22T09:25:17+00:00","dateModified":"2025-02-05T17:21:44+00:00","description":"\u00bfTiene dudas sobre la mejor alternativa para su proyecto de almacenamiento de cereal? Contacte con nosotros y le asesoraremos","inLanguage":"es","potentialAction":[{"@type":"ReadAction","target":["https:\/\/spssilos.com\/es\/contacto\/"]}]},{"@type":"WebSite","@id":"https:\/\/spssilos.com\/#website","url":"https:\/\/spssilos.com\/","name":"SPS","description":"","potentialAction":[{"@type":"SearchAction","target":{"@type":"EntryPoint","urlTemplate":"https:\/\/spssilos.com\/?s={search_term_string}"},"query-input":"required name=search_term_string"}],"inLanguage":"es"}]}},"_links":{"self":[{"href":"https:\/\/spssilos.com\/es\/wp-json\/wp\/v2\/pages\/563"}],"collection":[{"href":"https:\/\/spssilos.com\/es\/wp-json\/wp\/v2\/pages"}],"about":[{"href":"https:\/\/spssilos.com\/es\/wp-json\/wp\/v2\/types\/page"}],"author":[{"embeddable":true,"href":"https:\/\/spssilos.com\/es\/wp-json\/wp\/v2\/users\/2"}],"replies":[{"embeddable":true,"href":"https:\/\/spssilos.com\/es\/wp-json\/wp\/v2\/comments?post=563"}],"version-history":[{"count":6,"href":"https:\/\/spssilos.com\/es\/wp-json\/wp\/v2\/pages\/563\/revisions"}],"predecessor-version":[{"id":3879,"href":"https:\/\/spssilos.com\/es\/wp-json\/wp\/v2\/pages\/563\/revisions\/3879"}],"wp:attachment":[{"href":"https:\/\/spssilos.com\/es\/wp-json\/wp\/v2\/media?parent=563"}],"curies":[{"name":"wp","href":"https:\/\/api.w.org\/{rel}","templated":true}]}}