{"id":44,"date":"2015-03-04T14:53:57","date_gmt":"2015-03-04T14:53:57","guid":{"rendered":"http:\/\/www.pradosps.com\/?page_id=44"},"modified":"2015-04-26T16:58:10","modified_gmt":"2015-04-26T16:58:10","slug":"productos","status":"publish","type":"page","link":"https:\/\/spssilos.com\/es\/productos\/","title":{"rendered":"PRODUCTOS"},"content":{"rendered":"<p><strong>MAS DE 18 A\u00d1OS AFRONTANDO NUEVOS RETOS<\/strong><\/p>\n<p>STORAGE PROJECT SOLUTIONS S.L. es una empresa especializada en el dise\u00f1o, fabricaci\u00f3n y puesta en funcionamiento de equipos y maquinaria industrial para el almacenaje, transporte y proceso de productos a granel, principalmente cereales. As\u00ed mismo realizamos dise\u00f1o de plantas e ingenier\u00eda para la implantaci\u00f3n y mejora de plantas industriales destinadas a grandes cosechas.<\/p>\n<p>Con m\u00e1s de 18 a\u00f1os de experiencia desarrollando soluciones para almacenaje, transporte y proceso de grano, en SPS, estamos capacitados para desarrollar la soluci\u00f3n m\u00e1s adecuada en cualquier proyecto, disponiendo de referencias por todo el mundo ya sea desde una simple granja hasta una compleja instalaci\u00f3n portuaria.<\/p>\n<p>Para SPS la principal ideolog\u00eda ha sido, es y ser\u00e1, invertir en \u00faltima tecnolog\u00eda en la l\u00ednea de producci\u00f3n, lo que, \u00fanicamente combinado con los componentes Europeos de m\u00e1xima calidad nos permite tener, tanto en calidad como en precio, unos productos altamente competitivos en el mercado.<\/p>\n<p>Gracias al potente equipo T\u00e9cnico de SPS y a sus recursos humanos, SPS ofrece la posibilidad de dise\u00f1ar, fabricar e instalar productos especialmente desarrollados de acuerdo con los requisitos del cliente. Esto permite que SPS est\u00e9 cualificado para desarrollar proyectos desde una simple idea hasta sofisticadas soluciones como proyectos llave en mano. La principal ventaja de SPS en el mercado, como diferencia clave con el resto de compa\u00f1\u00edas, es la posibilidad de dise\u00f1ar y fabricar la soluci\u00f3n completa para el almacenaje, manejo y proceso de grano, lo que permite alcanzar el m\u00e1s reducido tiempo de producci\u00f3n y puesta en marcha, es decir, la clave del \u00e9xito.<\/p>\n","protected":false},"excerpt":{"rendered":"<p>MAS DE 18 A\u00d1OS AFRONTANDO NUEVOS RETOS STORAGE PROJECT SOLUTIONS S.L. es una empresa especializada en el dise\u00f1o, fabricaci\u00f3n y puesta en funcionamiento de equipos y maquinaria industrial para el almacenaje, transporte y proceso de productos a granel, principalmente cereales. As\u00ed mismo realizamos dise\u00f1o de plantas e ingenier\u00eda para la implantaci\u00f3n y mejora de plantas industriales destinadas a grandes cosechas. Con m\u00e1s de 18 a\u00f1os de experiencia desarrollando soluciones para almacenaje, transporte y proceso de grano, en SPS, estamos capacitados para desarrollar la soluci\u00f3n m\u00e1s adecuada en cualquier proyecto, disponiendo de referencias por todo el mundo ya sea desde una<\/p>\n","protected":false},"author":2,"featured_media":0,"parent":0,"menu_order":0,"comment_status":"open","ping_status":"open","template":"page-PagePRODUCTOS.php","meta":{"_monsterinsights_skip_tracking":false,"_monsterinsights_sitenote_active":false,"_monsterinsights_sitenote_note":"","_monsterinsights_sitenote_category":0},"acf":[],"yoast_head":"<!-- This site is optimized with the Yoast SEO plugin v21.5 - https:\/\/yoast.com\/wordpress\/plugins\/seo\/ -->\n<title>PRODUCTOS - SPS<\/title>\n<meta name=\"robots\" content=\"index, follow, max-snippet:-1, max-image-preview:large, max-video-preview:-1\" \/>\n<link rel=\"canonical\" href=\"https:\/\/spssilos.com\/es\/productos\/\" \/>\n<meta name=\"twitter:label1\" content=\"Tiempo de lectura\" \/>\n\t<meta name=\"twitter:data1\" content=\"1 minuto\" \/>\n<script type=\"application\/ld+json\" class=\"yoast-schema-graph\">{\"@context\":\"https:\/\/schema.org\",\"@graph\":[{\"@type\":\"WebPage\",\"@id\":\"https:\/\/spssilos.com\/es\/productos\/\",\"url\":\"https:\/\/spssilos.com\/es\/productos\/\",\"name\":\"PRODUCTOS - SPS\",\"isPartOf\":{\"@id\":\"https:\/\/spssilos.com\/#website\"},\"datePublished\":\"2015-03-04T14:53:57+00:00\",\"dateModified\":\"2015-04-26T16:58:10+00:00\",\"inLanguage\":\"es\",\"potentialAction\":[{\"@type\":\"ReadAction\",\"target\":[\"https:\/\/spssilos.com\/es\/productos\/\"]}]},{\"@type\":\"WebSite\",\"@id\":\"https:\/\/spssilos.com\/#website\",\"url\":\"https:\/\/spssilos.com\/\",\"name\":\"SPS\",\"description\":\"\",\"potentialAction\":[{\"@type\":\"SearchAction\",\"target\":{\"@type\":\"EntryPoint\",\"urlTemplate\":\"https:\/\/spssilos.com\/?s={search_term_string}\"},\"query-input\":\"required name=search_term_string\"}],\"inLanguage\":\"es\"}]}<\/script>\n<!-- \/ Yoast SEO plugin. -->","yoast_head_json":{"title":"PRODUCTOS - SPS","robots":{"index":"index","follow":"follow","max-snippet":"max-snippet:-1","max-image-preview":"max-image-preview:large","max-video-preview":"max-video-preview:-1"},"canonical":"https:\/\/spssilos.com\/es\/productos\/","twitter_misc":{"Tiempo de lectura":"1 minuto"},"schema":{"@context":"https:\/\/schema.org","@graph":[{"@type":"WebPage","@id":"https:\/\/spssilos.com\/es\/productos\/","url":"https:\/\/spssilos.com\/es\/productos\/","name":"PRODUCTOS - SPS","isPartOf":{"@id":"https:\/\/spssilos.com\/#website"},"datePublished":"2015-03-04T14:53:57+00:00","dateModified":"2015-04-26T16:58:10+00:00","inLanguage":"es","potentialAction":[{"@type":"ReadAction","target":["https:\/\/spssilos.com\/es\/productos\/"]}]},{"@type":"WebSite","@id":"https:\/\/spssilos.com\/#website","url":"https:\/\/spssilos.com\/","name":"SPS","description":"","potentialAction":[{"@type":"SearchAction","target":{"@type":"EntryPoint","urlTemplate":"https:\/\/spssilos.com\/?s={search_term_string}"},"query-input":"required name=search_term_string"}],"inLanguage":"es"}]}},"_links":{"self":[{"href":"https:\/\/spssilos.com\/es\/wp-json\/wp\/v2\/pages\/44"}],"collection":[{"href":"https:\/\/spssilos.com\/es\/wp-json\/wp\/v2\/pages"}],"about":[{"href":"https:\/\/spssilos.com\/es\/wp-json\/wp\/v2\/types\/page"}],"author":[{"embeddable":true,"href":"https:\/\/spssilos.com\/es\/wp-json\/wp\/v2\/users\/2"}],"replies":[{"embeddable":true,"href":"https:\/\/spssilos.com\/es\/wp-json\/wp\/v2\/comments?post=44"}],"version-history":[{"count":0,"href":"https:\/\/spssilos.com\/es\/wp-json\/wp\/v2\/pages\/44\/revisions"}],"wp:attachment":[{"href":"https:\/\/spssilos.com\/es\/wp-json\/wp\/v2\/media?parent=44"}],"curies":[{"name":"wp","href":"https:\/\/api.w.org\/{rel}","templated":true}]}}