{"id":3640,"date":"2018-02-14T16:32:46","date_gmt":"2018-02-14T15:32:46","guid":{"rendered":"https:\/\/spssilos.com\/?page_id=3640"},"modified":"2018-02-14T16:38:06","modified_gmt":"2018-02-14T15:38:06","slug":"politica-de-calidad","status":"publish","type":"page","link":"https:\/\/spssilos.com\/es\/politica-de-calidad\/","title":{"rendered":"Pol\u00edtica de Calidad"},"content":{"rendered":"<h3>En PRADO SPS S.L, la Gesti\u00f3n de la Calidad es imprescindible para la competitividad de la empresa. Esta Pol\u00edtica se establece como marco en el que se desarrollan todas las actividades de la Organizaci\u00f3n, de manera que se satisfagan las expectativas y necesidades de nuestros Clientes, con las m\u00e1ximas garant\u00edas en Prevenci\u00f3n de Riesgos Laborales.<\/h3>\n<p>Los pilares b\u00e1sicos sobre los que se asienta el compromiso de PRADO SPS S.L, son los siguientes:<\/p>\n<ul>\n<li>La Calidad como medio de satisfacer las necesidades y expectativas de los Clientes, cumpliendo con todos los requisitos acordados.<\/li>\n<li>Garantizar el cumplimiento de toda la legislaci\u00f3n aplicable a nuestros procesos productivos.<\/li>\n<li>La formaci\u00f3n y participaci\u00f3n del equipo de PRADO SPS S.L. es de extrema importancia, tanto en la consecuci\u00f3n de los Objetivos y Metas previstos, como en la mejora del Sistema. Cada integrante de PRADO SPS S.L. debe actuar en su cometido como gestor de los recursos por \u00e9l gestionados y orientarlo al fin propuesto.<\/li>\n<li>Mejora continua de nuestros procesos, para satisfacer cada vez mejor a nuestros Clientes, con la confianza de todos los implicados, para que nuestros productos tengan la m\u00e1xima Calidad.<\/li>\n<li>El conocimiento y cumplimiento de los protocolos de funcionamiento de la Organizaci\u00f3n; HUMILDAD, TRABAJO, ESFUERZO, HONESTIDAD, TRABAJO EN EQUIPO y SIMPLICIDAD son valores esenciales e irrenunciables para PRADO SPS S.L., y constituyen nuestras pautas b\u00e1sicas de actuaci\u00f3n.<\/li>\n<\/ul>\n<p>Todo el equipo que trabajamos en PRADO SPS S.L., debemos actuar seg\u00fan estas premisas, que har\u00e1n que nuestra Organizaci\u00f3n sea reconocida por la alta Calidad de los productos que suministra.<\/p>\n<p>&nbsp;<\/p>\n<p>Campillos, 22 Octubre de 2012<\/p>\n<p>&nbsp;<\/p>\n<p>Francisco Jos\u00e9 Ruiz Rodr\u00edguez<\/p>\n","protected":false},"excerpt":{"rendered":"<p>En PRADO SPS S.L, la Gesti\u00f3n de la Calidad es imprescindible para la competitividad de la empresa. Esta Pol\u00edtica se establece como marco en el que se desarrollan todas las actividades de la Organizaci\u00f3n, de manera que se satisfagan las expectativas y necesidades de nuestros Clientes, con las m\u00e1ximas garant\u00edas en Prevenci\u00f3n de Riesgos Laborales. Los pilares b\u00e1sicos sobre los que se asienta el compromiso de PRADO SPS S.L, son los siguientes: La Calidad como medio de satisfacer las necesidades y expectativas de los Clientes, cumpliendo con todos los requisitos acordados. Garantizar el cumplimiento de toda la legislaci\u00f3n aplicable a<\/p>\n","protected":false},"author":2,"featured_media":0,"parent":0,"menu_order":0,"comment_status":"closed","ping_status":"closed","template":"page-FullWidth.php","meta":{"_monsterinsights_skip_tracking":false,"_monsterinsights_sitenote_active":false,"_monsterinsights_sitenote_note":"","_monsterinsights_sitenote_category":0},"acf":[],"yoast_head":"<!-- This site is optimized with the Yoast SEO plugin v21.5 - https:\/\/yoast.com\/wordpress\/plugins\/seo\/ -->\n<title>Pol\u00edtica de Calidad - SPS<\/title>\n<meta name=\"robots\" content=\"index, follow, max-snippet:-1, max-image-preview:large, max-video-preview:-1\" \/>\n<link rel=\"canonical\" href=\"https:\/\/spssilos.com\/es\/politica-de-calidad\/\" \/>\n<meta name=\"twitter:label1\" content=\"Tiempo de lectura\" \/>\n\t<meta name=\"twitter:data1\" content=\"1 minuto\" \/>\n<script type=\"application\/ld+json\" class=\"yoast-schema-graph\">{\"@context\":\"https:\/\/schema.org\",\"@graph\":[{\"@type\":\"WebPage\",\"@id\":\"https:\/\/spssilos.com\/es\/politica-de-calidad\/\",\"url\":\"https:\/\/spssilos.com\/es\/politica-de-calidad\/\",\"name\":\"Pol\u00edtica de Calidad - SPS\",\"isPartOf\":{\"@id\":\"https:\/\/spssilos.com\/#website\"},\"datePublished\":\"2018-02-14T15:32:46+00:00\",\"dateModified\":\"2018-02-14T15:38:06+00:00\",\"inLanguage\":\"es\",\"potentialAction\":[{\"@type\":\"ReadAction\",\"target\":[\"https:\/\/spssilos.com\/es\/politica-de-calidad\/\"]}]},{\"@type\":\"WebSite\",\"@id\":\"https:\/\/spssilos.com\/#website\",\"url\":\"https:\/\/spssilos.com\/\",\"name\":\"SPS\",\"description\":\"\",\"potentialAction\":[{\"@type\":\"SearchAction\",\"target\":{\"@type\":\"EntryPoint\",\"urlTemplate\":\"https:\/\/spssilos.com\/?s={search_term_string}\"},\"query-input\":\"required name=search_term_string\"}],\"inLanguage\":\"es\"}]}<\/script>\n<!-- \/ Yoast SEO plugin. -->","yoast_head_json":{"title":"Pol\u00edtica de Calidad - SPS","robots":{"index":"index","follow":"follow","max-snippet":"max-snippet:-1","max-image-preview":"max-image-preview:large","max-video-preview":"max-video-preview:-1"},"canonical":"https:\/\/spssilos.com\/es\/politica-de-calidad\/","twitter_misc":{"Tiempo de lectura":"1 minuto"},"schema":{"@context":"https:\/\/schema.org","@graph":[{"@type":"WebPage","@id":"https:\/\/spssilos.com\/es\/politica-de-calidad\/","url":"https:\/\/spssilos.com\/es\/politica-de-calidad\/","name":"Pol\u00edtica de Calidad - SPS","isPartOf":{"@id":"https:\/\/spssilos.com\/#website"},"datePublished":"2018-02-14T15:32:46+00:00","dateModified":"2018-02-14T15:38:06+00:00","inLanguage":"es","potentialAction":[{"@type":"ReadAction","target":["https:\/\/spssilos.com\/es\/politica-de-calidad\/"]}]},{"@type":"WebSite","@id":"https:\/\/spssilos.com\/#website","url":"https:\/\/spssilos.com\/","name":"SPS","description":"","potentialAction":[{"@type":"SearchAction","target":{"@type":"EntryPoint","urlTemplate":"https:\/\/spssilos.com\/?s={search_term_string}"},"query-input":"required name=search_term_string"}],"inLanguage":"es"}]}},"_links":{"self":[{"href":"https:\/\/spssilos.com\/es\/wp-json\/wp\/v2\/pages\/3640"}],"collection":[{"href":"https:\/\/spssilos.com\/es\/wp-json\/wp\/v2\/pages"}],"about":[{"href":"https:\/\/spssilos.com\/es\/wp-json\/wp\/v2\/types\/page"}],"author":[{"embeddable":true,"href":"https:\/\/spssilos.com\/es\/wp-json\/wp\/v2\/users\/2"}],"replies":[{"embeddable":true,"href":"https:\/\/spssilos.com\/es\/wp-json\/wp\/v2\/comments?post=3640"}],"version-history":[{"count":3,"href":"https:\/\/spssilos.com\/es\/wp-json\/wp\/v2\/pages\/3640\/revisions"}],"predecessor-version":[{"id":3643,"href":"https:\/\/spssilos.com\/es\/wp-json\/wp\/v2\/pages\/3640\/revisions\/3643"}],"wp:attachment":[{"href":"https:\/\/spssilos.com\/es\/wp-json\/wp\/v2\/media?parent=3640"}],"curies":[{"name":"wp","href":"https:\/\/api.w.org\/{rel}","templated":true}]}}