{"id":2999,"date":"2016-10-10T09:59:35","date_gmt":"2016-10-10T07:59:35","guid":{"rendered":"http:\/\/www.pradosps.com\/es\/?page_id=2999"},"modified":"2017-04-06T13:34:22","modified_gmt":"2017-04-06T11:34:22","slug":"equipos-complementarios","status":"publish","type":"page","link":"https:\/\/spssilos.com\/es\/maquinaria-de-transporte\/equipos-complementarios\/","title":{"rendered":"Equipos complementarios"},"content":{"rendered":"<div class=\"one_fourth\">\n<div class=\"custom-frame-wrapper alignleft\">\n<div class=\"custom-frame-inner-wrapper\">\n<div class=\"custom-frame-padding\"><a href=\"https:\/\/spssilos.com\/wp-content\/uploads\/2016\/10\/Complementary-equipment.jpg\" rel=\"\" rel=\"wp-prettyPhoto[2999]\"><img decoding=\"async\" title=\"photo\" src=\"https:\/\/spssilos.com\/wp-content\/uploads\/2016\/10\/Complementary-equipment.jpg\" alt=\"complementary equipment\" \/><br \/>\n<\/a><\/div>\n<\/div>\n<\/div>\n<\/div>\n<div class=\"three_fourth last_column\">\n<div id=\"botonera\"><a class=\"medium custom-button align-btn-left\" title=\"Caracter\u00edsticas\" href=\"#caracteristicas\"><span style=\"background-color: #C00028; color: #ffffff;\">Productos\u00a0<\/span><\/a><a class=\"medium custom-button align-btn-left\" title=\"video\" href=\"#video\"><span style=\"background-color: #C00028; color: #ffffff;\">V\u00eddeo <\/span><\/a><a class=\"medium custom-button align-btn-left\" title=\"presupuesto\" href=\"https:\/\/spssilos.com\/request-for-quotation\/\"><span style=\"background-color: #C00028; color: #ffffff;\">Presupuesto<\/span><\/a><\/div>\n<div class=\"clear\"><\/div>\n<h2 style=\"color: #C00028;\">Equipos complementarios para optimizar la planta de almacenaje.<\/h2>\n<p>PRADO SPS ofrece una serie de equipos complementarios para optimizar la planta de almacenaje y poder dar la mejor soluci\u00f3n completa a su instalaci\u00f3n.<\/p>\n<p>De esta forma obtenemos las mejores condiciones de secado, limpieza, transporte, almacenaje y tratamiento del grano.<\/p>\n<\/div>\n<div class=\"clear\"><\/div>\n<div class=\"divider top-of-page\"><a title=\"Top of Page\" href=\"#botonera\">Subir<\/a><\/div>\n<div id=\"caracteristicas\" class=\"two_third\">\n<h2 style=\"color: #C00028;\">Productos<\/h2>\n<div class=\"simple\" style=\"background-color: #fcfcfc; color: #333333;\">\n<div class=\"inner-padding\">\n<p><strong>LIMPIADORA<\/strong><\/p>\n<ul>\n<li>Limpiadora rotativa para pre-limpieza y limpieza.<\/li>\n<li>Cribas intercambiables seg\u00fan el grano a tratar.<\/li>\n<li>Dise\u00f1o robusto.<\/li>\n<li>Conjunto robusto totalmente atornillado formado a base de paneles met\u00e1licos imprimados y pintados.<\/li>\n<li>Permite la regulaci\u00f3n de caudal y de aire.<\/li>\n<\/ul>\n<p>&nbsp;<\/p>\n<p><strong>SECADERO<\/strong><\/p>\n<ul>\n<li>Somos expertos en sistemas de secado para amplio rango de capacidades, as\u00ed como para necesidades espec\u00edficas (alta humedad o impureza de grano, productos oleaginosos&#8230;)<\/li>\n<li>Dise\u00f1o modular<\/li>\n<li>Dise\u00f1o Robusto<\/li>\n<li>Acero especial inoxidable para el calor AISI 310.<\/li>\n<\/ul>\n<p>&nbsp;<\/p>\n<p><strong>TERMOMETR\u00cdA<\/strong><\/p>\n<ul>\n<li>Sistema digital para monitorizar la temperatura y sistema modular est\u00e1ndar con seguridad ATEX.<\/li>\n<li>Lanza de temperatura con caracter\u00edsticas de gran alcance. \u00f88.0 mm l = 6-12m, flexible con sensores digitales.<\/li>\n<li>Especialmente dise\u00f1ado para nuestras instalaciones de silos. Situado en el techo, cubriendo todo el volumen del silo.<\/li>\n<li>Gran versatilidad.<\/li>\n<\/ul>\n<p>&nbsp;<\/p>\n<p><strong>VENTILACI\u00d3N<\/strong><\/p>\n<ul>\n<li><strong>Ventilador:<\/strong>\n<ul>\n<li>Envolvente en chapa de acero.<\/li>\n<li>Turbina con \u00e1labes a reacci\u00f3n, en chapa de acero de gran robustez.<\/li>\n<\/ul>\n<\/li>\n<li><strong>Acabado:<\/strong>\n<ul>\n<li>Anticorrosivo en resina de poliester, polimerizada a 190\u00baC, previo desengrase alcalino y pre-tratamiento libre de fosfatos.<\/li>\n<\/ul>\n<\/li>\n<li><strong>Motor:<\/strong>\n<ul>\n<li>Motores eficiencia IE-3, excepto potencias inferiores a 0,75 kw monof\u00e1sico y 2 velocidades.<\/li>\n<li>Motores clase F, con rodamientos a bolas, protecci\u00f3n IP55.<\/li>\n<li>Trif\u00e1sicos 230\/400V-50Hz (hasta 5,5CV) y 400\/690V-50Hz (potencias superiores a 5,5CV).<\/li>\n<li>Temperatura m\u00e1xima del aire durante el transporte de grano:-20\u00baC + 120\u00baC.<\/li>\n<\/ul>\n<\/li>\n<\/ul>\n<\/div>\n<\/div>\n<\/div>\n<div id=\"productos\" class=\"one_third last_column\"><\/div>\n<div class=\"divider top-of-page\"><a title=\"Top of Page\" href=\"#botonera\">Subir<\/a><\/div>\n<div id=\"video\" class=\"two_third\">\n<h2 style=\"color: #C00028;\">V\u00eddeo<\/h2>\n<p><iframe loading=\"lazy\" src=\"https:\/\/www.youtube.com\/embed\/uN4tmA3KPhE\" width=\"640\" height=\"480\" frameborder=\"0\" allowfullscreen=\"allowfullscreen\"><\/iframe><\/p>\n<\/div>\n<div id=\"descarga\" class=\"one_third last_column\">\n<p>&nbsp;<\/p>\n<\/div>\n<div class=\"divider top-of-page\"><a title=\"Top of Page\" href=\"#botonera\">Subir<\/a><\/div>\n","protected":false},"excerpt":{"rendered":"<p>Productos\u00a0V\u00eddeo Presupuesto Equipos complementarios para optimizar la planta de almacenaje. PRADO SPS ofrece una serie de equipos complementarios para optimizar la planta de almacenaje y poder dar la mejor soluci\u00f3n completa a su instalaci\u00f3n. De esta forma obtenemos las mejores condiciones de secado, limpieza, transporte, almacenaje y tratamiento del grano. Subir Productos LIMPIADORA Limpiadora rotativa para pre-limpieza y limpieza. Cribas intercambiables seg\u00fan el grano a tratar. Dise\u00f1o robusto. Conjunto robusto totalmente atornillado formado a base de paneles met\u00e1licos imprimados y pintados. Permite la regulaci\u00f3n de caudal y de aire. &nbsp; SECADERO Somos expertos en sistemas de secado para amplio rango<\/p>\n","protected":false},"author":2,"featured_media":0,"parent":2546,"menu_order":0,"comment_status":"closed","ping_status":"closed","template":"page-FullWidth.php","meta":{"_monsterinsights_skip_tracking":false,"_monsterinsights_sitenote_active":false,"_monsterinsights_sitenote_note":"","_monsterinsights_sitenote_category":0},"acf":[],"yoast_head":"<!-- This site is optimized with the Yoast SEO plugin v21.5 - https:\/\/yoast.com\/wordpress\/plugins\/seo\/ -->\n<title>Equipos complementarios | PRADO Storage Project Solutions<\/title>\n<meta name=\"description\" content=\"Equipos complementarios para optimizar la planta de almacenaje: secadoras, limpiadores, termometr\u00eda y ventilaci\u00f3n.\" \/>\n<meta name=\"robots\" content=\"index, follow, max-snippet:-1, max-image-preview:large, max-video-preview:-1\" \/>\n<link rel=\"canonical\" href=\"https:\/\/spssilos.com\/es\/maquinaria-de-transporte\/equipos-complementarios\/\" \/>\n<meta name=\"twitter:label1\" content=\"Tiempo de lectura\" \/>\n\t<meta name=\"twitter:data1\" content=\"1 minuto\" \/>\n<script type=\"application\/ld+json\" class=\"yoast-schema-graph\">{\"@context\":\"https:\/\/schema.org\",\"@graph\":[{\"@type\":\"WebPage\",\"@id\":\"https:\/\/spssilos.com\/es\/maquinaria-de-transporte\/equipos-complementarios\/\",\"url\":\"https:\/\/spssilos.com\/es\/maquinaria-de-transporte\/equipos-complementarios\/\",\"name\":\"Equipos complementarios | PRADO Storage Project Solutions\",\"isPartOf\":{\"@id\":\"https:\/\/spssilos.com\/#website\"},\"datePublished\":\"2016-10-10T07:59:35+00:00\",\"dateModified\":\"2017-04-06T11:34:22+00:00\",\"description\":\"Equipos complementarios para optimizar la planta de almacenaje: secadoras, limpiadores, termometr\u00eda y ventilaci\u00f3n.\",\"breadcrumb\":{\"@id\":\"https:\/\/spssilos.com\/es\/maquinaria-de-transporte\/equipos-complementarios\/#breadcrumb\"},\"inLanguage\":\"es\",\"potentialAction\":[{\"@type\":\"ReadAction\",\"target\":[\"https:\/\/spssilos.com\/es\/maquinaria-de-transporte\/equipos-complementarios\/\"]}]},{\"@type\":\"BreadcrumbList\",\"@id\":\"https:\/\/spssilos.com\/es\/maquinaria-de-transporte\/equipos-complementarios\/#breadcrumb\",\"itemListElement\":[{\"@type\":\"ListItem\",\"position\":1,\"name\":\"Maquinaria de transporte\",\"item\":\"https:\/\/spssilos.com\/es\/maquinaria-de-transporte\/\"},{\"@type\":\"ListItem\",\"position\":2,\"name\":\"Equipos complementarios\"}]},{\"@type\":\"WebSite\",\"@id\":\"https:\/\/spssilos.com\/#website\",\"url\":\"https:\/\/spssilos.com\/\",\"name\":\"SPS\",\"description\":\"\",\"potentialAction\":[{\"@type\":\"SearchAction\",\"target\":{\"@type\":\"EntryPoint\",\"urlTemplate\":\"https:\/\/spssilos.com\/?s={search_term_string}\"},\"query-input\":\"required name=search_term_string\"}],\"inLanguage\":\"es\"}]}<\/script>\n<!-- \/ Yoast SEO plugin. -->","yoast_head_json":{"title":"Equipos complementarios | PRADO Storage Project Solutions","description":"Equipos complementarios para optimizar la planta de almacenaje: secadoras, limpiadores, termometr\u00eda y ventilaci\u00f3n.","robots":{"index":"index","follow":"follow","max-snippet":"max-snippet:-1","max-image-preview":"max-image-preview:large","max-video-preview":"max-video-preview:-1"},"canonical":"https:\/\/spssilos.com\/es\/maquinaria-de-transporte\/equipos-complementarios\/","twitter_misc":{"Tiempo de lectura":"1 minuto"},"schema":{"@context":"https:\/\/schema.org","@graph":[{"@type":"WebPage","@id":"https:\/\/spssilos.com\/es\/maquinaria-de-transporte\/equipos-complementarios\/","url":"https:\/\/spssilos.com\/es\/maquinaria-de-transporte\/equipos-complementarios\/","name":"Equipos complementarios | PRADO Storage Project Solutions","isPartOf":{"@id":"https:\/\/spssilos.com\/#website"},"datePublished":"2016-10-10T07:59:35+00:00","dateModified":"2017-04-06T11:34:22+00:00","description":"Equipos complementarios para optimizar la planta de almacenaje: secadoras, limpiadores, termometr\u00eda y ventilaci\u00f3n.","breadcrumb":{"@id":"https:\/\/spssilos.com\/es\/maquinaria-de-transporte\/equipos-complementarios\/#breadcrumb"},"inLanguage":"es","potentialAction":[{"@type":"ReadAction","target":["https:\/\/spssilos.com\/es\/maquinaria-de-transporte\/equipos-complementarios\/"]}]},{"@type":"BreadcrumbList","@id":"https:\/\/spssilos.com\/es\/maquinaria-de-transporte\/equipos-complementarios\/#breadcrumb","itemListElement":[{"@type":"ListItem","position":1,"name":"Maquinaria de transporte","item":"https:\/\/spssilos.com\/es\/maquinaria-de-transporte\/"},{"@type":"ListItem","position":2,"name":"Equipos complementarios"}]},{"@type":"WebSite","@id":"https:\/\/spssilos.com\/#website","url":"https:\/\/spssilos.com\/","name":"SPS","description":"","potentialAction":[{"@type":"SearchAction","target":{"@type":"EntryPoint","urlTemplate":"https:\/\/spssilos.com\/?s={search_term_string}"},"query-input":"required name=search_term_string"}],"inLanguage":"es"}]}},"_links":{"self":[{"href":"https:\/\/spssilos.com\/es\/wp-json\/wp\/v2\/pages\/2999"}],"collection":[{"href":"https:\/\/spssilos.com\/es\/wp-json\/wp\/v2\/pages"}],"about":[{"href":"https:\/\/spssilos.com\/es\/wp-json\/wp\/v2\/types\/page"}],"author":[{"embeddable":true,"href":"https:\/\/spssilos.com\/es\/wp-json\/wp\/v2\/users\/2"}],"replies":[{"embeddable":true,"href":"https:\/\/spssilos.com\/es\/wp-json\/wp\/v2\/comments?post=2999"}],"version-history":[{"count":1,"href":"https:\/\/spssilos.com\/es\/wp-json\/wp\/v2\/pages\/2999\/revisions"}],"predecessor-version":[{"id":3571,"href":"https:\/\/spssilos.com\/es\/wp-json\/wp\/v2\/pages\/2999\/revisions\/3571"}],"up":[{"embeddable":true,"href":"https:\/\/spssilos.com\/es\/wp-json\/wp\/v2\/pages\/2546"}],"wp:attachment":[{"href":"https:\/\/spssilos.com\/es\/wp-json\/wp\/v2\/media?parent=2999"}],"curies":[{"name":"wp","href":"https:\/\/api.w.org\/{rel}","templated":true}]}}