{"id":2971,"date":"2016-10-10T10:28:09","date_gmt":"2016-10-10T08:28:09","guid":{"rendered":"http:\/\/www.pradosps.com\/es\/?page_id=2971"},"modified":"2017-04-06T13:28:03","modified_gmt":"2017-04-06T11:28:03","slug":"transportadores-de-cadena","status":"publish","type":"page","link":"https:\/\/spssilos.com\/es\/maquinaria-de-transporte\/transportadores-de-cadena\/","title":{"rendered":"Transportadores de cadena"},"content":{"rendered":"<div class=\"one_fourth\">\n<div class=\"custom-frame-wrapper alignleft\">\n<div class=\"custom-frame-inner-wrapper\">\n<div class=\"custom-frame-padding\"><a href=\"https:\/\/spssilos.com\/wp-content\/uploads\/2016\/10\/Chain-conveyors.jpg\" rel=\"\" rel=\"wp-prettyPhoto[2971]\"><br \/>\n<img decoding=\"async\" title=\"photo\" src=\"https:\/\/spssilos.com\/wp-content\/uploads\/2016\/10\/Chain-conveyors.jpg\" alt=\"chain conveyors\" \/><br \/>\n<\/a><\/div>\n<\/div>\n<\/div>\n<\/div>\n<div class=\"three_fourth last_column\">\n<div id=\"botonera\"><a class=\"medium custom-button align-btn-left\" title=\"Caracter\u00edsticas\" href=\"#caracteristicas\"><span style=\"background-color: #C00028; color: #ffffff;\">Caracter\u00edsticas\u00a0<\/span><\/a><a class=\"medium custom-button align-btn-left\" title=\"Productos\" href=\"#productos\"><span style=\"background-color: #C00028; color: #ffffff;\">Accesorios\u00a0<\/span><\/a><a class=\"medium custom-button align-btn-left\" title=\"video\" href=\"#video\"><span style=\"background-color: #C00028; color: #ffffff;\">V\u00eddeo <\/span><\/a><a class=\"medium custom-button align-btn-left\" title=\"Descargar ficha t\u00e9cnica\" href=\"#descarga\"><span style=\"background-color: #C00028; color: #ffffff;\">Ficha t\u00e9cnica\u00a0<\/span><\/a><a class=\"medium custom-button align-btn-left\" title=\"presupuesto\" href=\"https:\/\/spssilos.com\/request-for-quotation\/\"><span style=\"background-color: #C00028; color: #ffffff;\">Presupuesto<\/span><\/a><\/div>\n<div class=\"clear\"><\/div>\n<h2 style=\"color: #C00028;\">Transportadores de cadena para el transporte r\u00e1pido y eficaz del grano.<\/h2>\n<h3 style=\"color: #C00028;\">Dise\u00f1o propio.<\/h3>\n<p>Los transportadores de cadena de PRADO SPS est\u00e1n dise\u00f1ados para un \u00f3ptimo transporte del grano, de forma r\u00e1pida y eficaz.<\/p>\n<p>Disponemos de varias capacidades (desde 40m3\/h hasta 1500 m3\/h) y longitudes, as\u00ed como de dise\u00f1os personalizados para todo tipo de grano.<\/p>\n<p>Dise\u00f1o propio con materiales de primera calidad.<\/p>\n<\/div>\n<div class=\"clear\"><\/div>\n<div class=\"divider top-of-page\"><a title=\"Top of Page\" href=\"#botonera\">Subir<\/a><\/div>\n<div id=\"caracteristicas\" class=\"two_third\">\n<h2 style=\"color: #C00028;\">Principales caracter\u00edsticas del transportador de cadena<\/h2>\n<div class=\"simple\" style=\"background-color: #fcfcfc; color: #333333;\">\n<div class=\"inner-padding\">\n<ul>\n<li>Transportador de cadena construido en acero de alta resistencia S350GD, totalmente galvanizado Z-600 (600 gr\/m2). Dise\u00f1o modular y uniones totalmente atornilladas con torniller\u00eda 8.8.<\/li>\n<li>Sistema antibloqueo en cabeza mediante sensor inductivo o final de carrera seg\u00fan producci\u00f3n.<\/li>\n<li>Placas de fijaci\u00f3n con anclaje mec\u00e1nico de fijaci\u00f3n al suelo.<\/li>\n<li>Polietileno de Alta Densidad como protecci\u00f3n en fondo.<\/li>\n<li>Soportes galvanizados para posici\u00f3n horizontal cada 3 metros (puede variar en funci\u00f3n del modelo)..<\/li>\n<\/ul>\n<\/div>\n<\/div>\n<\/div>\n<div id=\"productos\" class=\"one_third last_column\">\n<h2 style=\"color: #C00028;\">Accesorios<\/h2>\n<div class=\"simple\" style=\"background-color: #fcfcfc; color: #333333;\">\n<div class=\"inner-padding\">\n<ul>\n<li>Tolva de carga y descarga.<\/li>\n<li>Raseras para descargas intermedias<\/li>\n<li>Sensor detector de giro.<\/li>\n<li>Sensores de temperatura en rodamientos.<\/li>\n<\/ul>\n<\/div>\n<\/div>\n<\/div>\n<div class=\"divider top-of-page\"><a title=\"Top of Page\" href=\"#botonera\">Subir<\/a><\/div>\n<div id=\"video\" class=\"two_third\">\n<h2 style=\"color: #C00028;\">V\u00eddeo<\/h2>\n<p><iframe loading=\"lazy\" src=\"https:\/\/www.youtube.com\/embed\/aSnwP4D7hSQ\" width=\"640\" height=\"480\" frameborder=\"0\" allowfullscreen=\"allowfullscreen\"><\/iframe><\/p>\n<\/div>\n<div id=\"descarga\" class=\"one_third last_column\">\n<h2 style=\"color: #C00028;\">Ficha t\u00e9cnica<\/h2>\n<p><a href=\"https:\/\/spssilos.com\/wp-content\/uploads\/2015\/05\/FICHA-TRANSPORTADOR-DE-CADENA.pdf\" target=\"_blank\"><i class=\"fa fa-arrow-circle-down circle-wrap\"><\/i>\u00a0Transportador de cadena<\/a><\/p>\n<\/div>\n<div class=\"divider top-of-page\"><a title=\"Top of Page\" href=\"#botonera\">Subir<\/a><\/div>\n","protected":false},"excerpt":{"rendered":"<p>Caracter\u00edsticas\u00a0Accesorios\u00a0V\u00eddeo Ficha t\u00e9cnica\u00a0Presupuesto Transportadores de cadena para el transporte r\u00e1pido y eficaz del grano. Dise\u00f1o propio. Los transportadores de cadena de PRADO SPS est\u00e1n dise\u00f1ados para un \u00f3ptimo transporte del grano, de forma r\u00e1pida y eficaz. Disponemos de varias capacidades (desde 40m3\/h hasta 1500 m3\/h) y longitudes, as\u00ed como de dise\u00f1os personalizados para todo tipo de grano. Dise\u00f1o propio con materiales de primera calidad. Subir Principales caracter\u00edsticas del transportador de cadena Transportador de cadena construido en acero de alta resistencia S350GD, totalmente galvanizado Z-600 (600 gr\/m2). Dise\u00f1o modular y uniones totalmente atornilladas con torniller\u00eda 8.8. Sistema antibloqueo en cabeza mediante<\/p>\n","protected":false},"author":2,"featured_media":0,"parent":2546,"menu_order":0,"comment_status":"closed","ping_status":"closed","template":"page-FullWidth.php","meta":{"_monsterinsights_skip_tracking":false,"_monsterinsights_sitenote_active":false,"_monsterinsights_sitenote_note":"","_monsterinsights_sitenote_category":0},"acf":[],"yoast_head":"<!-- This site is optimized with the Yoast SEO plugin v21.5 - https:\/\/yoast.com\/wordpress\/plugins\/seo\/ -->\n<title>Transportadores de cadena | PRADO Storage Project Solutions<\/title>\n<meta name=\"description\" content=\"Nuestros transportadores de cadena est\u00e1n dise\u00f1ados para un \u00f3ptimo transporte del grano, de forma r\u00e1pida y eficaz. Disponemos de varias capacidades.\" \/>\n<meta name=\"robots\" content=\"index, follow, max-snippet:-1, max-image-preview:large, max-video-preview:-1\" \/>\n<link rel=\"canonical\" href=\"https:\/\/spssilos.com\/es\/maquinaria-de-transporte\/transportadores-de-cadena\/\" \/>\n<meta name=\"twitter:label1\" content=\"Tiempo de lectura\" \/>\n\t<meta name=\"twitter:data1\" content=\"1 minuto\" \/>\n<script type=\"application\/ld+json\" class=\"yoast-schema-graph\">{\"@context\":\"https:\/\/schema.org\",\"@graph\":[{\"@type\":\"WebPage\",\"@id\":\"https:\/\/spssilos.com\/es\/maquinaria-de-transporte\/transportadores-de-cadena\/\",\"url\":\"https:\/\/spssilos.com\/es\/maquinaria-de-transporte\/transportadores-de-cadena\/\",\"name\":\"Transportadores de cadena | PRADO Storage Project Solutions\",\"isPartOf\":{\"@id\":\"https:\/\/spssilos.com\/#website\"},\"datePublished\":\"2016-10-10T08:28:09+00:00\",\"dateModified\":\"2017-04-06T11:28:03+00:00\",\"description\":\"Nuestros transportadores de cadena est\u00e1n dise\u00f1ados para un \u00f3ptimo transporte del grano, de forma r\u00e1pida y eficaz. Disponemos de varias capacidades.\",\"breadcrumb\":{\"@id\":\"https:\/\/spssilos.com\/es\/maquinaria-de-transporte\/transportadores-de-cadena\/#breadcrumb\"},\"inLanguage\":\"es\",\"potentialAction\":[{\"@type\":\"ReadAction\",\"target\":[\"https:\/\/spssilos.com\/es\/maquinaria-de-transporte\/transportadores-de-cadena\/\"]}]},{\"@type\":\"BreadcrumbList\",\"@id\":\"https:\/\/spssilos.com\/es\/maquinaria-de-transporte\/transportadores-de-cadena\/#breadcrumb\",\"itemListElement\":[{\"@type\":\"ListItem\",\"position\":1,\"name\":\"Maquinaria de transporte\",\"item\":\"https:\/\/spssilos.com\/es\/maquinaria-de-transporte\/\"},{\"@type\":\"ListItem\",\"position\":2,\"name\":\"Transportadores de cadena\"}]},{\"@type\":\"WebSite\",\"@id\":\"https:\/\/spssilos.com\/#website\",\"url\":\"https:\/\/spssilos.com\/\",\"name\":\"SPS\",\"description\":\"\",\"potentialAction\":[{\"@type\":\"SearchAction\",\"target\":{\"@type\":\"EntryPoint\",\"urlTemplate\":\"https:\/\/spssilos.com\/?s={search_term_string}\"},\"query-input\":\"required name=search_term_string\"}],\"inLanguage\":\"es\"}]}<\/script>\n<!-- \/ Yoast SEO plugin. -->","yoast_head_json":{"title":"Transportadores de cadena | PRADO Storage Project Solutions","description":"Nuestros transportadores de cadena est\u00e1n dise\u00f1ados para un \u00f3ptimo transporte del grano, de forma r\u00e1pida y eficaz. Disponemos de varias capacidades.","robots":{"index":"index","follow":"follow","max-snippet":"max-snippet:-1","max-image-preview":"max-image-preview:large","max-video-preview":"max-video-preview:-1"},"canonical":"https:\/\/spssilos.com\/es\/maquinaria-de-transporte\/transportadores-de-cadena\/","twitter_misc":{"Tiempo de lectura":"1 minuto"},"schema":{"@context":"https:\/\/schema.org","@graph":[{"@type":"WebPage","@id":"https:\/\/spssilos.com\/es\/maquinaria-de-transporte\/transportadores-de-cadena\/","url":"https:\/\/spssilos.com\/es\/maquinaria-de-transporte\/transportadores-de-cadena\/","name":"Transportadores de cadena | PRADO Storage Project Solutions","isPartOf":{"@id":"https:\/\/spssilos.com\/#website"},"datePublished":"2016-10-10T08:28:09+00:00","dateModified":"2017-04-06T11:28:03+00:00","description":"Nuestros transportadores de cadena est\u00e1n dise\u00f1ados para un \u00f3ptimo transporte del grano, de forma r\u00e1pida y eficaz. Disponemos de varias capacidades.","breadcrumb":{"@id":"https:\/\/spssilos.com\/es\/maquinaria-de-transporte\/transportadores-de-cadena\/#breadcrumb"},"inLanguage":"es","potentialAction":[{"@type":"ReadAction","target":["https:\/\/spssilos.com\/es\/maquinaria-de-transporte\/transportadores-de-cadena\/"]}]},{"@type":"BreadcrumbList","@id":"https:\/\/spssilos.com\/es\/maquinaria-de-transporte\/transportadores-de-cadena\/#breadcrumb","itemListElement":[{"@type":"ListItem","position":1,"name":"Maquinaria de transporte","item":"https:\/\/spssilos.com\/es\/maquinaria-de-transporte\/"},{"@type":"ListItem","position":2,"name":"Transportadores de cadena"}]},{"@type":"WebSite","@id":"https:\/\/spssilos.com\/#website","url":"https:\/\/spssilos.com\/","name":"SPS","description":"","potentialAction":[{"@type":"SearchAction","target":{"@type":"EntryPoint","urlTemplate":"https:\/\/spssilos.com\/?s={search_term_string}"},"query-input":"required name=search_term_string"}],"inLanguage":"es"}]}},"_links":{"self":[{"href":"https:\/\/spssilos.com\/es\/wp-json\/wp\/v2\/pages\/2971"}],"collection":[{"href":"https:\/\/spssilos.com\/es\/wp-json\/wp\/v2\/pages"}],"about":[{"href":"https:\/\/spssilos.com\/es\/wp-json\/wp\/v2\/types\/page"}],"author":[{"embeddable":true,"href":"https:\/\/spssilos.com\/es\/wp-json\/wp\/v2\/users\/2"}],"replies":[{"embeddable":true,"href":"https:\/\/spssilos.com\/es\/wp-json\/wp\/v2\/comments?post=2971"}],"version-history":[{"count":1,"href":"https:\/\/spssilos.com\/es\/wp-json\/wp\/v2\/pages\/2971\/revisions"}],"predecessor-version":[{"id":3563,"href":"https:\/\/spssilos.com\/es\/wp-json\/wp\/v2\/pages\/2971\/revisions\/3563"}],"up":[{"embeddable":true,"href":"https:\/\/spssilos.com\/es\/wp-json\/wp\/v2\/pages\/2546"}],"wp:attachment":[{"href":"https:\/\/spssilos.com\/es\/wp-json\/wp\/v2\/media?parent=2971"}],"curies":[{"name":"wp","href":"https:\/\/api.w.org\/{rel}","templated":true}]}}