{"id":2961,"date":"2016-10-10T10:01:33","date_gmt":"2016-10-10T08:01:33","guid":{"rendered":"http:\/\/www.pradosps.com\/es\/?page_id=2961"},"modified":"2017-04-06T13:25:41","modified_gmt":"2017-04-06T11:25:41","slug":"cargadores-de-barcos","status":"publish","type":"page","link":"https:\/\/spssilos.com\/es\/maquinaria-de-transporte\/cargadores-de-barcos\/","title":{"rendered":"Cargadores de barcos"},"content":{"rendered":"<div class=\"one_fourth\">\n<div class=\"custom-frame-wrapper alignleft\">\n<div class=\"custom-frame-inner-wrapper\">\n<div class=\"custom-frame-padding\"><a href=\"https:\/\/spssilos.com\/wp-content\/uploads\/2016\/10\/Ship-Loaders.jpg\" rel=\"\" rel=\"wp-prettyPhoto[2961]\"><br \/>\n<img decoding=\"async\" title=\"photo\" src=\"https:\/\/spssilos.com\/wp-content\/uploads\/2016\/10\/Ship-Loaders.jpg\" alt=\"ship loaders\" \/><br \/>\n<\/a><\/div>\n<\/div>\n<\/div>\n<\/div>\n<div class=\"three_fourth last_column\">\n<div id=\"botonera\"><a class=\"medium custom-button align-btn-left\" title=\"Caracter\u00edsticas\" href=\"#caracteristicas\"><span style=\"background-color: #C00028; color: #ffffff;\">Caracter\u00edsticas\u00a0<\/span><\/a><a class=\"medium custom-button align-btn-left\" title=\"Productos\" href=\"#productos\"><span style=\"background-color: #C00028; color: #ffffff;\">Opcional\u00a0<\/span><\/a><a class=\"medium custom-button align-btn-left\" title=\"video\" href=\"#video\"><span style=\"background-color: #C00028; color: #ffffff;\">V\u00eddeo <\/span><\/a><a class=\"medium custom-button align-btn-left\" title=\"Descargar ficha t\u00e9cnica\" href=\"#descarga\"><span style=\"background-color: #C00028; color: #ffffff;\">Ficha t\u00e9cnica\u00a0<\/span><\/a><a class=\"medium custom-button align-btn-left\" title=\"presupuesto\" href=\"https:\/\/spssilos.com\/request-for-quotation\/\"><span style=\"background-color: #C00028; color: #ffffff;\">Presupuesto<\/span><\/a><\/div>\n<div class=\"clear\"><\/div>\n<h2 style=\"color: #C00028;\">Los cargadores de barcos o ship loaders est\u00e1n especialmente dise\u00f1ados para la carga de grandes buques en instalaciones portuarias.<\/h2>\n<h3 style=\"color: #C00028;\">Ofrecen un alto rendimiento y una gran fiabilidad, con capacidades de hasta 1500 m3\/h<\/h3>\n<p>Nuestros cargadores de barco o ship loaders est\u00e1n dise\u00f1ados para cargar diferentes tama\u00f1os de buques que atracan en el puerto, pudiendo ofrecer una soluci\u00f3n personalizada al cliente.<\/p>\n<p>Trabajamos con los mejores materiales y calidades para hacer frente a los factores medioambientales adversos a los que se exponen las instalaciones portuarias.<\/p>\n<\/div>\n<div class=\"clear\"><\/div>\n<div class=\"divider top-of-page\"><a title=\"Top of Page\" href=\"#botonera\">Subir<\/a><\/div>\n<div id=\"caracteristicas\" class=\"two_third\">\n<h2 style=\"color: #C00028;\">Principales caracter\u00edsticas del cargador de barcos<\/h2>\n<div class=\"simple\" style=\"background-color: #fcfcfc; color: #333333;\">\n<div class=\"inner-padding\">\n<ul>\n<li><strong>TUBO DE DESCARGA.<\/strong>\u00a0Su sistema telesc\u00f3pico permite una recogida r\u00e1pida y sencilla del mismo.<\/li>\n<li><strong>PASARELA ELEVACI\u00d3N.<\/strong>\u00a0Dispone de un sistema robusto de fijaci\u00f3n.<\/li>\n<li><strong>VERSATILIDAD DE MOVIMIENTOS.<\/strong>\u00a0Posibilidad de giro del conjunto sobre su eje y traslaci\u00f3n del mismo sobre ra\u00edles a trav\u00e9s de la d\u00e1rsena.<\/li>\n<\/ul>\n<\/div>\n<\/div>\n<\/div>\n<div id=\"productos\" class=\"one_third last_column\">\n<h2 style=\"color: #C00028;\">Opcional<\/h2>\n<div class=\"simple\" style=\"background-color: #fcfcfc; color: #333333;\">\n<div class=\"inner-padding\">\n<ul>\n<li>Pintura para evitar la corrosi\u00f3n en ambiente mar\u00edtimo (ambiente salino).<\/li>\n<\/ul>\n<\/div>\n<\/div>\n<\/div>\n<div class=\"divider top-of-page\"><a title=\"Top of Page\" href=\"#botonera\">Subir<\/a><\/div>\n<div id=\"video\" class=\"two_third\">\n<h2 style=\"color: #C00028;\">V\u00eddeo<\/h2>\n<p><iframe loading=\"lazy\" src=\"https:\/\/www.youtube.com\/embed\/gg0OoqfbDUQ\" width=\"640\" height=\"480\" frameborder=\"0\" allowfullscreen=\"allowfullscreen\"><\/iframe><\/p>\n<\/div>\n<div id=\"descarga\" class=\"one_third last_column\">\n<h2 style=\"color: #C00028;\">Ficha t\u00e9cnica<\/h2>\n<p><a href=\"https:\/\/spssilos.com\/wp-content\/uploads\/2015\/05\/Ficha-SHIP-LOADER.pdf\" target=\"_blank\"><i class=\"fa fa-arrow-circle-down circle-wrap\"><\/i>\u00a0Cargador de barcos<\/a><\/p>\n<\/div>\n<div class=\"divider top-of-page\"><a title=\"Top of Page\" href=\"#botonera\">Subir<\/a><\/div>\n","protected":false},"excerpt":{"rendered":"<p>Caracter\u00edsticas\u00a0Opcional\u00a0V\u00eddeo Ficha t\u00e9cnica\u00a0Presupuesto Los cargadores de barcos o ship loaders est\u00e1n especialmente dise\u00f1ados para la carga de grandes buques en instalaciones portuarias. Ofrecen un alto rendimiento y una gran fiabilidad, con capacidades de hasta 1500 m3\/h Nuestros cargadores de barco o ship loaders est\u00e1n dise\u00f1ados para cargar diferentes tama\u00f1os de buques que atracan en el puerto, pudiendo ofrecer una soluci\u00f3n personalizada al cliente. Trabajamos con los mejores materiales y calidades para hacer frente a los factores medioambientales adversos a los que se exponen las instalaciones portuarias. Subir Principales caracter\u00edsticas del cargador de barcos TUBO DE DESCARGA.\u00a0Su sistema telesc\u00f3pico permite una<\/p>\n","protected":false},"author":2,"featured_media":0,"parent":2546,"menu_order":0,"comment_status":"closed","ping_status":"closed","template":"page-FullWidth.php","meta":{"_monsterinsights_skip_tracking":false,"_monsterinsights_sitenote_active":false,"_monsterinsights_sitenote_note":"","_monsterinsights_sitenote_category":0},"acf":[],"yoast_head":"<!-- This site is optimized with the Yoast SEO plugin v21.5 - https:\/\/yoast.com\/wordpress\/plugins\/seo\/ -->\n<title>Cargadores de barcos (ship loaders) | PRADO Storage Project Solutions<\/title>\n<meta name=\"description\" content=\"Cargadores de barcos o ship loaders especialmente dise\u00f1ados para la carga de grandes buques en instalaciones portuarias. \u00a1Solicita presupuesto!\" \/>\n<meta name=\"robots\" content=\"index, follow, max-snippet:-1, max-image-preview:large, max-video-preview:-1\" \/>\n<link rel=\"canonical\" href=\"https:\/\/spssilos.com\/es\/maquinaria-de-transporte\/cargadores-de-barcos\/\" \/>\n<meta name=\"twitter:label1\" content=\"Tiempo de lectura\" \/>\n\t<meta name=\"twitter:data1\" content=\"1 minuto\" \/>\n<script type=\"application\/ld+json\" class=\"yoast-schema-graph\">{\"@context\":\"https:\/\/schema.org\",\"@graph\":[{\"@type\":\"WebPage\",\"@id\":\"https:\/\/spssilos.com\/es\/maquinaria-de-transporte\/cargadores-de-barcos\/\",\"url\":\"https:\/\/spssilos.com\/es\/maquinaria-de-transporte\/cargadores-de-barcos\/\",\"name\":\"Cargadores de barcos (ship loaders) | PRADO Storage Project Solutions\",\"isPartOf\":{\"@id\":\"https:\/\/spssilos.com\/#website\"},\"datePublished\":\"2016-10-10T08:01:33+00:00\",\"dateModified\":\"2017-04-06T11:25:41+00:00\",\"description\":\"Cargadores de barcos o ship loaders especialmente dise\u00f1ados para la carga de grandes buques en instalaciones portuarias. \u00a1Solicita presupuesto!\",\"breadcrumb\":{\"@id\":\"https:\/\/spssilos.com\/es\/maquinaria-de-transporte\/cargadores-de-barcos\/#breadcrumb\"},\"inLanguage\":\"es\",\"potentialAction\":[{\"@type\":\"ReadAction\",\"target\":[\"https:\/\/spssilos.com\/es\/maquinaria-de-transporte\/cargadores-de-barcos\/\"]}]},{\"@type\":\"BreadcrumbList\",\"@id\":\"https:\/\/spssilos.com\/es\/maquinaria-de-transporte\/cargadores-de-barcos\/#breadcrumb\",\"itemListElement\":[{\"@type\":\"ListItem\",\"position\":1,\"name\":\"Maquinaria de transporte\",\"item\":\"https:\/\/spssilos.com\/es\/maquinaria-de-transporte\/\"},{\"@type\":\"ListItem\",\"position\":2,\"name\":\"Cargadores de barcos\"}]},{\"@type\":\"WebSite\",\"@id\":\"https:\/\/spssilos.com\/#website\",\"url\":\"https:\/\/spssilos.com\/\",\"name\":\"SPS\",\"description\":\"\",\"potentialAction\":[{\"@type\":\"SearchAction\",\"target\":{\"@type\":\"EntryPoint\",\"urlTemplate\":\"https:\/\/spssilos.com\/?s={search_term_string}\"},\"query-input\":\"required name=search_term_string\"}],\"inLanguage\":\"es\"}]}<\/script>\n<!-- \/ Yoast SEO plugin. -->","yoast_head_json":{"title":"Cargadores de barcos (ship loaders) | PRADO Storage Project Solutions","description":"Cargadores de barcos o ship loaders especialmente dise\u00f1ados para la carga de grandes buques en instalaciones portuarias. \u00a1Solicita presupuesto!","robots":{"index":"index","follow":"follow","max-snippet":"max-snippet:-1","max-image-preview":"max-image-preview:large","max-video-preview":"max-video-preview:-1"},"canonical":"https:\/\/spssilos.com\/es\/maquinaria-de-transporte\/cargadores-de-barcos\/","twitter_misc":{"Tiempo de lectura":"1 minuto"},"schema":{"@context":"https:\/\/schema.org","@graph":[{"@type":"WebPage","@id":"https:\/\/spssilos.com\/es\/maquinaria-de-transporte\/cargadores-de-barcos\/","url":"https:\/\/spssilos.com\/es\/maquinaria-de-transporte\/cargadores-de-barcos\/","name":"Cargadores de barcos (ship loaders) | PRADO Storage Project Solutions","isPartOf":{"@id":"https:\/\/spssilos.com\/#website"},"datePublished":"2016-10-10T08:01:33+00:00","dateModified":"2017-04-06T11:25:41+00:00","description":"Cargadores de barcos o ship loaders especialmente dise\u00f1ados para la carga de grandes buques en instalaciones portuarias. \u00a1Solicita presupuesto!","breadcrumb":{"@id":"https:\/\/spssilos.com\/es\/maquinaria-de-transporte\/cargadores-de-barcos\/#breadcrumb"},"inLanguage":"es","potentialAction":[{"@type":"ReadAction","target":["https:\/\/spssilos.com\/es\/maquinaria-de-transporte\/cargadores-de-barcos\/"]}]},{"@type":"BreadcrumbList","@id":"https:\/\/spssilos.com\/es\/maquinaria-de-transporte\/cargadores-de-barcos\/#breadcrumb","itemListElement":[{"@type":"ListItem","position":1,"name":"Maquinaria de transporte","item":"https:\/\/spssilos.com\/es\/maquinaria-de-transporte\/"},{"@type":"ListItem","position":2,"name":"Cargadores de barcos"}]},{"@type":"WebSite","@id":"https:\/\/spssilos.com\/#website","url":"https:\/\/spssilos.com\/","name":"SPS","description":"","potentialAction":[{"@type":"SearchAction","target":{"@type":"EntryPoint","urlTemplate":"https:\/\/spssilos.com\/?s={search_term_string}"},"query-input":"required name=search_term_string"}],"inLanguage":"es"}]}},"_links":{"self":[{"href":"https:\/\/spssilos.com\/es\/wp-json\/wp\/v2\/pages\/2961"}],"collection":[{"href":"https:\/\/spssilos.com\/es\/wp-json\/wp\/v2\/pages"}],"about":[{"href":"https:\/\/spssilos.com\/es\/wp-json\/wp\/v2\/types\/page"}],"author":[{"embeddable":true,"href":"https:\/\/spssilos.com\/es\/wp-json\/wp\/v2\/users\/2"}],"replies":[{"embeddable":true,"href":"https:\/\/spssilos.com\/es\/wp-json\/wp\/v2\/comments?post=2961"}],"version-history":[{"count":1,"href":"https:\/\/spssilos.com\/es\/wp-json\/wp\/v2\/pages\/2961\/revisions"}],"predecessor-version":[{"id":3559,"href":"https:\/\/spssilos.com\/es\/wp-json\/wp\/v2\/pages\/2961\/revisions\/3559"}],"up":[{"embeddable":true,"href":"https:\/\/spssilos.com\/es\/wp-json\/wp\/v2\/pages\/2546"}],"wp:attachment":[{"href":"https:\/\/spssilos.com\/es\/wp-json\/wp\/v2\/media?parent=2961"}],"curies":[{"name":"wp","href":"https:\/\/api.w.org\/{rel}","templated":true}]}}