{"id":2940,"date":"2016-10-11T09:30:36","date_gmt":"2016-10-11T07:30:36","guid":{"rendered":"http:\/\/www.pradosps.com\/es\/?page_id=2940"},"modified":"2017-04-06T13:22:59","modified_gmt":"2017-04-06T11:22:59","slug":"elevadores-de-cangilones","status":"publish","type":"page","link":"https:\/\/spssilos.com\/es\/maquinaria-de-transporte\/elevadores-de-cangilones\/","title":{"rendered":"Elevadores de cangilones"},"content":{"rendered":"<div class=\"one_fourth\">\n<div class=\"custom-frame-wrapper alignleft\">\n<div class=\"custom-frame-inner-wrapper\">\n<div class=\"custom-frame-padding\"><a href=\"https:\/\/spssilos.com\/wp-content\/uploads\/2016\/10\/Bucket-elevators.jpg\" rel=\"\" rel=\"wp-prettyPhoto[2940]\"><br \/>\n<img decoding=\"async\" title=\"photo\" src=\"https:\/\/spssilos.com\/wp-content\/uploads\/2016\/10\/Bucket-elevators.jpg\" alt=\"bucket elevators\" \/><br \/>\n<\/a><\/div>\n<\/div>\n<\/div>\n<\/div>\n<div class=\"three_fourth last_column\">\n<div id=\"botonera\"><a class=\"medium custom-button align-btn-left\" title=\"Caracter\u00edsticas\" href=\"#caracteristicas\"><span style=\"background-color: #C00028; color: #ffffff;\">Caracter\u00edsticas\u00a0<\/span><\/a><a class=\"medium custom-button align-btn-left\" title=\"Productos\" href=\"#productos\"><span style=\"background-color: #C00028; color: #ffffff;\">Accesorios\u00a0<\/span><\/a><a class=\"medium custom-button align-btn-left\" title=\"video\" href=\"#video\"><span style=\"background-color: #C00028; color: #ffffff;\">V\u00eddeo <\/span><\/a><a class=\"medium custom-button align-btn-left\" title=\"Descargar ficha t\u00e9cnica\" href=\"#descarga\"><span style=\"background-color: #C00028; color: #ffffff;\">Ficha t\u00e9cnica\u00a0<\/span><\/a><a class=\"medium custom-button align-btn-left\" title=\"presupuesto\" href=\"https:\/\/spssilos.com\/request-for-quotation\/\"><span style=\"background-color: #C00028; color: #ffffff;\">Presupuesto<\/span><\/a><\/div>\n<div class=\"clear\"><\/div>\n<h2 style=\"color: #C00028;\">Elevadores de cangilones para la carga del grano a grandes alturas.<\/h2>\n<h3 style=\"color: #C00028;\">Varias producciones y longitudes disponibles.<\/h3>\n<p>Los elevadores de cangilones de PRADO SPS est\u00e1n dise\u00f1ados para una \u00f3ptima carga y descarga del grano.<\/p>\n<p>Disponemos de varias capacidades y longitudes, as\u00ed como dise\u00f1os personalizados para todo tipo de grano.<\/p>\n<p>Dise\u00f1o propio con materiales de primera calidad.<\/p>\n<\/div>\n<div class=\"clear\"><\/div>\n<div class=\"divider top-of-page\"><a title=\"Top of Page\" href=\"#botonera\">Subir<\/a><\/div>\n<div id=\"caracteristicas\" class=\"two_third\">\n<h2 style=\"color: #C00028;\">Principales caracter\u00edsticas del elevador de cangilones<\/h2>\n<div class=\"simple\" style=\"background-color: #fcfcfc; color: #333333;\">\n<div class=\"inner-padding\">\n<ul>\n<li>El elevador de cangilones est\u00e1 construido en acero de alta resistencia S350GD, totalmente galvanizado Z-600 (600 gr\/m2). Dise\u00f1o modular y uniones totalmente atornilladas con torniller\u00eda 8.8.<\/li>\n<li>Cuerpo de registro de 2 metros con puertas practicables.<\/li>\n<li>Tolva de descarga en cabeza y 2 tolvas de carga en pie.<\/li>\n<li>Polietileno de Alta Densidad como protecci\u00f3n en cabeza y pie.<\/li>\n<li>Bancada soporte con patas nivelables (en funci\u00f3n del modelo y la producci\u00f3n).<\/li>\n<li>Placas de fijaci\u00f3n con tornillo\/taco de fijaci\u00f3n al suelo.<\/li>\n<\/ul>\n<\/div>\n<\/div>\n<\/div>\n<div id=\"productos\" class=\"one_third last_column\">\n<h2 style=\"color: #C00028;\">Accesorios<\/h2>\n<div class=\"simple\" style=\"background-color: #fcfcfc; color: #333333;\">\n<div class=\"inner-padding\">\n<ul>\n<li><strong>Accesorios de serie:<\/strong><\/li>\n<li>Escalera de acceso a cabeza con protecci\u00f3n de acuerdo a UNE-EN-ISO 14122 y plataforma de descanso cada 6 metros.<\/li>\n<li>Plataforma en cabeza para mantenimiento y servicio.<\/li>\n<li>Sensores de alineamiento, rotaci\u00f3n y temperatura en rodamientos.<\/li>\n<li><strong>Accesorio opcional:\u00a0<\/strong>Paneles antiexplosi\u00f3n y filtros de aspiraci\u00f3n de polvo.<\/li>\n<\/ul>\n<\/div>\n<\/div>\n<\/div>\n<div class=\"divider top-of-page\"><a title=\"Top of Page\" href=\"#botonera\">Subir<\/a><\/div>\n<div id=\"video\" class=\"two_third\">\n<h2 style=\"color: #C00028;\">V\u00eddeo<\/h2>\n<p>&nbsp;<\/p>\n<\/div>\n<div id=\"descarga\" class=\"one_third last_column\">\n<h2 style=\"color: #C00028;\">Ficha t\u00e9cnica<\/h2>\n<p><a href=\"https:\/\/spssilos.com\/wp-content\/uploads\/2015\/05\/FICHA-ELEVADOR.pdf\" target=\"_blank\"><i class=\"fa fa-arrow-circle-down circle-wrap\"><\/i>\u00a0Elevador de cangilones<\/a><\/p>\n<\/div>\n<div class=\"divider top-of-page\"><a title=\"Top of Page\" href=\"#botonera\">Subir<\/a><\/div>\n<div class=\"divider top-of-page\"><\/div>\n","protected":false},"excerpt":{"rendered":"<p>Caracter\u00edsticas\u00a0Accesorios\u00a0V\u00eddeo Ficha t\u00e9cnica\u00a0Presupuesto Elevadores de cangilones para la carga del grano a grandes alturas. Varias producciones y longitudes disponibles. Los elevadores de cangilones de PRADO SPS est\u00e1n dise\u00f1ados para una \u00f3ptima carga y descarga del grano. Disponemos de varias capacidades y longitudes, as\u00ed como dise\u00f1os personalizados para todo tipo de grano. Dise\u00f1o propio con materiales de primera calidad. Subir Principales caracter\u00edsticas del elevador de cangilones El elevador de cangilones est\u00e1 construido en acero de alta resistencia S350GD, totalmente galvanizado Z-600 (600 gr\/m2). Dise\u00f1o modular y uniones totalmente atornilladas con torniller\u00eda 8.8. Cuerpo de registro de 2 metros con puertas practicables.<\/p>\n","protected":false},"author":2,"featured_media":0,"parent":2546,"menu_order":0,"comment_status":"closed","ping_status":"closed","template":"page-FullWidth.php","meta":{"_monsterinsights_skip_tracking":false,"_monsterinsights_sitenote_active":false,"_monsterinsights_sitenote_note":"","_monsterinsights_sitenote_category":0},"acf":[],"yoast_head":"<!-- This site is optimized with the Yoast SEO plugin v21.5 - https:\/\/yoast.com\/wordpress\/plugins\/seo\/ -->\n<title>Elevadores de cangilones | PRADO Storage Project Solutions<\/title>\n<meta name=\"description\" content=\"Los elevadores de cangilones est\u00e1n dise\u00f1ados para una \u00f3ptima carga y descarga del grano. Tambi\u00e9n realizamos dise\u00f1os personalizados.\" \/>\n<meta name=\"robots\" content=\"index, follow, max-snippet:-1, max-image-preview:large, max-video-preview:-1\" \/>\n<link rel=\"canonical\" href=\"https:\/\/spssilos.com\/es\/maquinaria-de-transporte\/elevadores-de-cangilones\/\" \/>\n<meta name=\"twitter:label1\" content=\"Tiempo de lectura\" \/>\n\t<meta name=\"twitter:data1\" content=\"1 minuto\" \/>\n<script type=\"application\/ld+json\" class=\"yoast-schema-graph\">{\"@context\":\"https:\/\/schema.org\",\"@graph\":[{\"@type\":\"WebPage\",\"@id\":\"https:\/\/spssilos.com\/es\/maquinaria-de-transporte\/elevadores-de-cangilones\/\",\"url\":\"https:\/\/spssilos.com\/es\/maquinaria-de-transporte\/elevadores-de-cangilones\/\",\"name\":\"Elevadores de cangilones | PRADO Storage Project Solutions\",\"isPartOf\":{\"@id\":\"https:\/\/spssilos.com\/#website\"},\"datePublished\":\"2016-10-11T07:30:36+00:00\",\"dateModified\":\"2017-04-06T11:22:59+00:00\",\"description\":\"Los elevadores de cangilones est\u00e1n dise\u00f1ados para una \u00f3ptima carga y descarga del grano. Tambi\u00e9n realizamos dise\u00f1os personalizados.\",\"breadcrumb\":{\"@id\":\"https:\/\/spssilos.com\/es\/maquinaria-de-transporte\/elevadores-de-cangilones\/#breadcrumb\"},\"inLanguage\":\"es\",\"potentialAction\":[{\"@type\":\"ReadAction\",\"target\":[\"https:\/\/spssilos.com\/es\/maquinaria-de-transporte\/elevadores-de-cangilones\/\"]}]},{\"@type\":\"BreadcrumbList\",\"@id\":\"https:\/\/spssilos.com\/es\/maquinaria-de-transporte\/elevadores-de-cangilones\/#breadcrumb\",\"itemListElement\":[{\"@type\":\"ListItem\",\"position\":1,\"name\":\"Maquinaria de transporte\",\"item\":\"https:\/\/spssilos.com\/es\/maquinaria-de-transporte\/\"},{\"@type\":\"ListItem\",\"position\":2,\"name\":\"Elevadores de cangilones\"}]},{\"@type\":\"WebSite\",\"@id\":\"https:\/\/spssilos.com\/#website\",\"url\":\"https:\/\/spssilos.com\/\",\"name\":\"SPS\",\"description\":\"\",\"potentialAction\":[{\"@type\":\"SearchAction\",\"target\":{\"@type\":\"EntryPoint\",\"urlTemplate\":\"https:\/\/spssilos.com\/?s={search_term_string}\"},\"query-input\":\"required name=search_term_string\"}],\"inLanguage\":\"es\"}]}<\/script>\n<!-- \/ Yoast SEO plugin. -->","yoast_head_json":{"title":"Elevadores de cangilones | PRADO Storage Project Solutions","description":"Los elevadores de cangilones est\u00e1n dise\u00f1ados para una \u00f3ptima carga y descarga del grano. Tambi\u00e9n realizamos dise\u00f1os personalizados.","robots":{"index":"index","follow":"follow","max-snippet":"max-snippet:-1","max-image-preview":"max-image-preview:large","max-video-preview":"max-video-preview:-1"},"canonical":"https:\/\/spssilos.com\/es\/maquinaria-de-transporte\/elevadores-de-cangilones\/","twitter_misc":{"Tiempo de lectura":"1 minuto"},"schema":{"@context":"https:\/\/schema.org","@graph":[{"@type":"WebPage","@id":"https:\/\/spssilos.com\/es\/maquinaria-de-transporte\/elevadores-de-cangilones\/","url":"https:\/\/spssilos.com\/es\/maquinaria-de-transporte\/elevadores-de-cangilones\/","name":"Elevadores de cangilones | PRADO Storage Project Solutions","isPartOf":{"@id":"https:\/\/spssilos.com\/#website"},"datePublished":"2016-10-11T07:30:36+00:00","dateModified":"2017-04-06T11:22:59+00:00","description":"Los elevadores de cangilones est\u00e1n dise\u00f1ados para una \u00f3ptima carga y descarga del grano. Tambi\u00e9n realizamos dise\u00f1os personalizados.","breadcrumb":{"@id":"https:\/\/spssilos.com\/es\/maquinaria-de-transporte\/elevadores-de-cangilones\/#breadcrumb"},"inLanguage":"es","potentialAction":[{"@type":"ReadAction","target":["https:\/\/spssilos.com\/es\/maquinaria-de-transporte\/elevadores-de-cangilones\/"]}]},{"@type":"BreadcrumbList","@id":"https:\/\/spssilos.com\/es\/maquinaria-de-transporte\/elevadores-de-cangilones\/#breadcrumb","itemListElement":[{"@type":"ListItem","position":1,"name":"Maquinaria de transporte","item":"https:\/\/spssilos.com\/es\/maquinaria-de-transporte\/"},{"@type":"ListItem","position":2,"name":"Elevadores de cangilones"}]},{"@type":"WebSite","@id":"https:\/\/spssilos.com\/#website","url":"https:\/\/spssilos.com\/","name":"SPS","description":"","potentialAction":[{"@type":"SearchAction","target":{"@type":"EntryPoint","urlTemplate":"https:\/\/spssilos.com\/?s={search_term_string}"},"query-input":"required name=search_term_string"}],"inLanguage":"es"}]}},"_links":{"self":[{"href":"https:\/\/spssilos.com\/es\/wp-json\/wp\/v2\/pages\/2940"}],"collection":[{"href":"https:\/\/spssilos.com\/es\/wp-json\/wp\/v2\/pages"}],"about":[{"href":"https:\/\/spssilos.com\/es\/wp-json\/wp\/v2\/types\/page"}],"author":[{"embeddable":true,"href":"https:\/\/spssilos.com\/es\/wp-json\/wp\/v2\/users\/2"}],"replies":[{"embeddable":true,"href":"https:\/\/spssilos.com\/es\/wp-json\/wp\/v2\/comments?post=2940"}],"version-history":[{"count":1,"href":"https:\/\/spssilos.com\/es\/wp-json\/wp\/v2\/pages\/2940\/revisions"}],"predecessor-version":[{"id":3555,"href":"https:\/\/spssilos.com\/es\/wp-json\/wp\/v2\/pages\/2940\/revisions\/3555"}],"up":[{"embeddable":true,"href":"https:\/\/spssilos.com\/es\/wp-json\/wp\/v2\/pages\/2546"}],"wp:attachment":[{"href":"https:\/\/spssilos.com\/es\/wp-json\/wp\/v2\/media?parent=2940"}],"curies":[{"name":"wp","href":"https:\/\/api.w.org\/{rel}","templated":true}]}}