{"id":2927,"date":"2016-10-10T16:17:22","date_gmt":"2016-10-10T14:17:22","guid":{"rendered":"http:\/\/www.pradosps.com\/es\/?page_id=2927"},"modified":"2017-04-06T10:20:51","modified_gmt":"2017-04-06T08:20:51","slug":"barredores","status":"publish","type":"page","link":"https:\/\/spssilos.com\/es\/maquinaria-de-transporte\/barredores\/","title":{"rendered":"Barredores"},"content":{"rendered":"<div class=\"one_fourth\">\n<div class=\"custom-frame-wrapper alignleft\">\n<div class=\"custom-frame-inner-wrapper\">\n<div class=\"custom-frame-padding\"><a href=\"https:\/\/spssilos.com\/wp-content\/uploads\/2016\/10\/Sweep-augers.jpg\" rel=\"\" rel=\"wp-prettyPhoto[2927]\"><br \/>\n<img decoding=\"async\" title=\"photo\" src=\"https:\/\/spssilos.com\/wp-content\/uploads\/2016\/10\/Sweep-augers.jpg\" alt=\"sweep augers\" \/><br \/>\n<\/a><\/div>\n<\/div>\n<\/div>\n<\/div>\n<div class=\"three_fourth last_column\">\n<div id=\"botonera\"><a class=\"medium custom-button align-btn-left\" title=\"Caracter\u00edsticas\" href=\"#caracteristicas\"><span style=\"background-color: #C00028; color: #ffffff;\">Caracter\u00edsticas\u00a0<\/span><\/a><a class=\"medium custom-button align-btn-left\" title=\"Productos\" href=\"#productos\"><span style=\"background-color: #C00028; color: #ffffff;\">Accesorios\u00a0<\/span><\/a><a class=\"medium custom-button align-btn-left\" title=\"video\" href=\"#video\"><span style=\"background-color: #C00028; color: #ffffff;\">V\u00eddeo <\/span><\/a><a class=\"medium custom-button align-btn-left\" title=\"Descargar ficha t\u00e9cnica\" href=\"#descarga\"><span style=\"background-color: #C00028; color: #ffffff;\">Ficha t\u00e9cnica\u00a0<\/span><\/a><a class=\"medium custom-button align-btn-left\" title=\"presupuesto\" href=\"https:\/\/spssilos.com\/request-for-quotation\/\"><span style=\"background-color: #C00028; color: #ffffff;\">Presupuesto<\/span><\/a><\/div>\n<div class=\"clear\"><\/div>\n<h2 style=\"color: #C00028;\">Barredores para la descarga del grano de los silos.<\/h2>\n<h3 style=\"color: #C00028;\">Dise\u00f1o propio.<\/h3>\n<p>Los barredores de PRADO SPS est\u00e1n dise\u00f1ados para la \u00f3ptima descarga del silo asentado sin da\u00f1ar el grano.<\/p>\n<p>Disponemos de varias capacidades y longitudes, as\u00ed como de dise\u00f1os personalizados para todo tipo de grano. Dise\u00f1o propio con materiales de primera calidad.<\/p>\n<\/div>\n<div class=\"divider top-of-page\"><a title=\"Top of Page\" href=\"#botonera\">Subir<\/a><\/div>\n<div id=\"caracteristicas\" class=\"two_third\">\n<h2 style=\"color: #C00028;\">Principales caracter\u00edsticas del barredor<\/h2>\n<div class=\"simple\" style=\"background-color: #fcfcfc; color: #333333;\">\n<div class=\"inner-padding\">\n<ul>\n<li>Barredor construido en acero de alta resistencia S350GD, totalmente galvanizado Z-600 (600 gr\/m2). Dise\u00f1o modular y uniones totalmente atornilladas con torniller\u00eda 8.8.<\/li>\n<li>Compuertas regulables en cuerpo del barredor para ajuste del flujo.<\/li>\n<li>Rueda de avance vulcanizada en caliente.<\/li>\n<li>Sistema de embrague para amortiguaci\u00f3n de avance de rueda.<\/li>\n<li>Motor carenado con reenv\u00edo angular y colector.<\/li>\n<li>Soportes intermedios con rodamientos cada 3 metros.<\/li>\n<\/ul>\n<\/div>\n<\/div>\n<\/div>\n<div id=\"productos\" class=\"one_third last_column\">\n<h2 style=\"color: #C00028;\">Accesorios<\/h2>\n<div class=\"simple\" style=\"background-color: #fcfcfc; color: #333333;\">\n<div class=\"inner-padding\">\n<ul>\n<li>Cepillo de arrastre en parte inferior de cola.<\/li>\n<\/ul>\n<\/div>\n<\/div>\n<\/div>\n<div class=\"divider top-of-page\"><a title=\"Top of Page\" href=\"#botonera\">Subir<\/a><\/div>\n<div id=\"video\" class=\"two_third\">\n<h2 style=\"color: #C00028;\">V\u00eddeo<\/h2>\n<p><iframe loading=\"lazy\" src=\"https:\/\/www.youtube.com\/embed\/VWEq7_enk7w\" width=\"640\" height=\"480\" frameborder=\"0\" allowfullscreen=\"allowfullscreen\"><\/iframe><\/p>\n<\/div>\n<div id=\"descarga\" class=\"one_third last_column\">\n<h2 style=\"color: #C00028;\">Ficha t\u00e9cnica<\/h2>\n<p><a href=\"https:\/\/spssilos.com\/wp-content\/uploads\/2015\/05\/FICHA-BARREDORA.pdf\" target=\"_blank\"><i class=\"fa fa-arrow-circle-down circle-wrap\"><\/i>\u00a0Barredor<\/a><\/p>\n<\/div>\n<div class=\"divider top-of-page\"><a title=\"Top of Page\" href=\"#botonera\">Subir<\/a><\/div>\n<div class=\"divider top-of-page\"><\/div>\n","protected":false},"excerpt":{"rendered":"<p>Caracter\u00edsticas\u00a0Accesorios\u00a0V\u00eddeo Ficha t\u00e9cnica\u00a0Presupuesto Barredores para la descarga del grano de los silos. Dise\u00f1o propio. Los barredores de PRADO SPS est\u00e1n dise\u00f1ados para la \u00f3ptima descarga del silo asentado sin da\u00f1ar el grano. Disponemos de varias capacidades y longitudes, as\u00ed como de dise\u00f1os personalizados para todo tipo de grano. Dise\u00f1o propio con materiales de primera calidad. Subir Principales caracter\u00edsticas del barredor Barredor construido en acero de alta resistencia S350GD, totalmente galvanizado Z-600 (600 gr\/m2). Dise\u00f1o modular y uniones totalmente atornilladas con torniller\u00eda 8.8. Compuertas regulables en cuerpo del barredor para ajuste del flujo. Rueda de avance vulcanizada en caliente. Sistema de<\/p>\n","protected":false},"author":2,"featured_media":0,"parent":2546,"menu_order":0,"comment_status":"closed","ping_status":"closed","template":"page-FullWidth.php","meta":{"_monsterinsights_skip_tracking":false,"_monsterinsights_sitenote_active":false,"_monsterinsights_sitenote_note":"","_monsterinsights_sitenote_category":0},"acf":[],"yoast_head":"<!-- This site is optimized with the Yoast SEO plugin v21.5 - https:\/\/yoast.com\/wordpress\/plugins\/seo\/ -->\n<title>Barredores | PRADO Storage Project Solutions<\/title>\n<meta name=\"description\" content=\"Nuestros barredores est\u00e1n dise\u00f1ados para la \u00f3ptima descarga del silo asentado sin da\u00f1ar el grano. \u00a1Solicite presupuesto!\" \/>\n<meta name=\"robots\" content=\"index, follow, max-snippet:-1, max-image-preview:large, max-video-preview:-1\" \/>\n<link rel=\"canonical\" href=\"https:\/\/spssilos.com\/es\/maquinaria-de-transporte\/barredores\/\" \/>\n<meta name=\"twitter:label1\" content=\"Tiempo de lectura\" \/>\n\t<meta name=\"twitter:data1\" content=\"1 minuto\" \/>\n<script type=\"application\/ld+json\" class=\"yoast-schema-graph\">{\"@context\":\"https:\/\/schema.org\",\"@graph\":[{\"@type\":\"WebPage\",\"@id\":\"https:\/\/spssilos.com\/es\/maquinaria-de-transporte\/barredores\/\",\"url\":\"https:\/\/spssilos.com\/es\/maquinaria-de-transporte\/barredores\/\",\"name\":\"Barredores | PRADO Storage Project Solutions\",\"isPartOf\":{\"@id\":\"https:\/\/spssilos.com\/#website\"},\"datePublished\":\"2016-10-10T14:17:22+00:00\",\"dateModified\":\"2017-04-06T08:20:51+00:00\",\"description\":\"Nuestros barredores est\u00e1n dise\u00f1ados para la \u00f3ptima descarga del silo asentado sin da\u00f1ar el grano. \u00a1Solicite presupuesto!\",\"breadcrumb\":{\"@id\":\"https:\/\/spssilos.com\/es\/maquinaria-de-transporte\/barredores\/#breadcrumb\"},\"inLanguage\":\"es\",\"potentialAction\":[{\"@type\":\"ReadAction\",\"target\":[\"https:\/\/spssilos.com\/es\/maquinaria-de-transporte\/barredores\/\"]}]},{\"@type\":\"BreadcrumbList\",\"@id\":\"https:\/\/spssilos.com\/es\/maquinaria-de-transporte\/barredores\/#breadcrumb\",\"itemListElement\":[{\"@type\":\"ListItem\",\"position\":1,\"name\":\"Maquinaria de transporte\",\"item\":\"https:\/\/spssilos.com\/es\/maquinaria-de-transporte\/\"},{\"@type\":\"ListItem\",\"position\":2,\"name\":\"Barredores\"}]},{\"@type\":\"WebSite\",\"@id\":\"https:\/\/spssilos.com\/#website\",\"url\":\"https:\/\/spssilos.com\/\",\"name\":\"SPS\",\"description\":\"\",\"potentialAction\":[{\"@type\":\"SearchAction\",\"target\":{\"@type\":\"EntryPoint\",\"urlTemplate\":\"https:\/\/spssilos.com\/?s={search_term_string}\"},\"query-input\":\"required name=search_term_string\"}],\"inLanguage\":\"es\"}]}<\/script>\n<!-- \/ Yoast SEO plugin. -->","yoast_head_json":{"title":"Barredores | PRADO Storage Project Solutions","description":"Nuestros barredores est\u00e1n dise\u00f1ados para la \u00f3ptima descarga del silo asentado sin da\u00f1ar el grano. \u00a1Solicite presupuesto!","robots":{"index":"index","follow":"follow","max-snippet":"max-snippet:-1","max-image-preview":"max-image-preview:large","max-video-preview":"max-video-preview:-1"},"canonical":"https:\/\/spssilos.com\/es\/maquinaria-de-transporte\/barredores\/","twitter_misc":{"Tiempo de lectura":"1 minuto"},"schema":{"@context":"https:\/\/schema.org","@graph":[{"@type":"WebPage","@id":"https:\/\/spssilos.com\/es\/maquinaria-de-transporte\/barredores\/","url":"https:\/\/spssilos.com\/es\/maquinaria-de-transporte\/barredores\/","name":"Barredores | PRADO Storage Project Solutions","isPartOf":{"@id":"https:\/\/spssilos.com\/#website"},"datePublished":"2016-10-10T14:17:22+00:00","dateModified":"2017-04-06T08:20:51+00:00","description":"Nuestros barredores est\u00e1n dise\u00f1ados para la \u00f3ptima descarga del silo asentado sin da\u00f1ar el grano. \u00a1Solicite presupuesto!","breadcrumb":{"@id":"https:\/\/spssilos.com\/es\/maquinaria-de-transporte\/barredores\/#breadcrumb"},"inLanguage":"es","potentialAction":[{"@type":"ReadAction","target":["https:\/\/spssilos.com\/es\/maquinaria-de-transporte\/barredores\/"]}]},{"@type":"BreadcrumbList","@id":"https:\/\/spssilos.com\/es\/maquinaria-de-transporte\/barredores\/#breadcrumb","itemListElement":[{"@type":"ListItem","position":1,"name":"Maquinaria de transporte","item":"https:\/\/spssilos.com\/es\/maquinaria-de-transporte\/"},{"@type":"ListItem","position":2,"name":"Barredores"}]},{"@type":"WebSite","@id":"https:\/\/spssilos.com\/#website","url":"https:\/\/spssilos.com\/","name":"SPS","description":"","potentialAction":[{"@type":"SearchAction","target":{"@type":"EntryPoint","urlTemplate":"https:\/\/spssilos.com\/?s={search_term_string}"},"query-input":"required name=search_term_string"}],"inLanguage":"es"}]}},"_links":{"self":[{"href":"https:\/\/spssilos.com\/es\/wp-json\/wp\/v2\/pages\/2927"}],"collection":[{"href":"https:\/\/spssilos.com\/es\/wp-json\/wp\/v2\/pages"}],"about":[{"href":"https:\/\/spssilos.com\/es\/wp-json\/wp\/v2\/types\/page"}],"author":[{"embeddable":true,"href":"https:\/\/spssilos.com\/es\/wp-json\/wp\/v2\/users\/2"}],"replies":[{"embeddable":true,"href":"https:\/\/spssilos.com\/es\/wp-json\/wp\/v2\/comments?post=2927"}],"version-history":[{"count":1,"href":"https:\/\/spssilos.com\/es\/wp-json\/wp\/v2\/pages\/2927\/revisions"}],"predecessor-version":[{"id":3539,"href":"https:\/\/spssilos.com\/es\/wp-json\/wp\/v2\/pages\/2927\/revisions\/3539"}],"up":[{"embeddable":true,"href":"https:\/\/spssilos.com\/es\/wp-json\/wp\/v2\/pages\/2546"}],"wp:attachment":[{"href":"https:\/\/spssilos.com\/es\/wp-json\/wp\/v2\/media?parent=2927"}],"curies":[{"name":"wp","href":"https:\/\/api.w.org\/{rel}","templated":true}]}}