{"id":2881,"date":"2016-10-10T09:55:20","date_gmt":"2016-10-10T07:55:20","guid":{"rendered":"http:\/\/www.pradosps.com\/es\/?page_id=2881"},"modified":"2017-04-06T13:11:34","modified_gmt":"2017-04-06T11:11:34","slug":"silos-elevados","status":"publish","type":"page","link":"https:\/\/spssilos.com\/es\/silos\/silos-elevados\/","title":{"rendered":"Silos elevados"},"content":{"rendered":"<div class=\"one_fourth\">\n<div class=\"custom-frame-wrapper alignleft\">\n<div class=\"custom-frame-inner-wrapper\">\n<div class=\"custom-frame-padding\"><a href=\"https:\/\/spssilos.com\/wp-content\/uploads\/2016\/07\/Silo-Elevado.jpg\" rel=\"\" rel=\"wp-prettyPhoto[2881]\"><img decoding=\"async\" title=\"photo\" src=\"https:\/\/spssilos.com\/wp-content\/uploads\/2016\/07\/Silo-Elevado.jpg\" alt=\"Hopper bottom silos\" \/><br \/>\n<\/a><\/div>\n<\/div>\n<\/div>\n<\/div>\n<div class=\"three_fourth last_column\">\n<div id=\"botonera\"><a class=\"medium custom-button align-btn-left\" title=\"Caracter\u00edsticas\" href=\"#caracteristicas\"><span style=\"background-color: #C00028; color: #ffffff;\">Caracter\u00edsticas\u00a0<\/span><\/a><a class=\"medium custom-button align-btn-left\" title=\"Productos\" href=\"#productos\"><span style=\"background-color: #C00028; color: #ffffff;\">Accesorios\u00a0<\/span><\/a><a class=\"medium custom-button align-btn-left\" title=\"video\" href=\"#video\"><span style=\"background-color: #C00028; color: #ffffff;\">V\u00eddeo <\/span><\/a><a class=\"medium custom-button align-btn-left\" title=\"Descargar ficha t\u00e9cnica\" href=\"#descarga\"><span style=\"background-color: #C00028; color: #ffffff;\">Ficha t\u00e9cnica\u00a0<\/span><\/a><a class=\"medium custom-button align-btn-left\" title=\"presupuesto\" href=\"https:\/\/spssilos.com\/request-for-quotation\/\"><span style=\"background-color: #C00028; color: #ffffff;\">Presupuesto<\/span><\/a><\/div>\n<div class=\"clear\"><\/div>\n<h2 style=\"color: #C00028;\">Los silos elevados son m\u00e1s adecuados para almacenamiento a corto plazo.<\/h2>\n<h3 style=\"color: #C00028;\">Se usan principalmente para granos tipo arroz o pellets.<\/h3>\n<p>Los silos elevados se utilizan principalmente para almacenamientos m\u00e1s a corto plazo, en zonas con dificultades para hacer una cimentaci\u00f3n \u00f3ptima.<\/p>\n<p>Tambi\u00e9n destaca su uso para granos tipo arroz o pellets (m\u00e1s conflictivos), en los que el producto se rompe f\u00e1cilmente, evitando as\u00ed el uso de barredoras para su descarga, y usando en su lugar la descarga por gravedad mediante cono a 45 o 60\u00ba.<\/p>\n<p>&nbsp;<\/p>\n<\/div>\n<div class=\"clear\"><\/div>\n<div class=\"divider top-of-page\"><a title=\"Top of Page\" href=\"#botonera\">Subir<\/a><\/div>\n<div id=\"caracteristicas\" class=\"two_third\">\n<h2 style=\"color: #C00028;\">Principales caracter\u00edsticas del silo elevado<\/h2>\n<div class=\"simple\" style=\"background-color: #fcfcfc; color: #333333;\">\n<div class=\"inner-padding\">\n<ul>\n<li>Silo c\u00f3nico elevado fabricado en acero de alta resistencia S350GD con galvanizado Z-600 (600 gr\/m2) y refuerzos verticales atornillados de manera exterior.<\/li>\n<li>Uniones totalmente atornilladas con torniller\u00eda bicromatada 8.8 y arandelas de goma.<\/li>\n<li>Soporte de estructura met\u00e1lica y refuerzos galvanizados en caliente Z-600 (600 gr\/m2).<\/li>\n<li>Masilla BSD compuesta para el sellado de las uniones de los paneles y para la uni\u00f3n del cilindro con el cono.<\/li>\n<li>Placas de fijaci\u00f3n con anclaje qu\u00edmico.<\/li>\n<li>Chimeneas de ventilaci\u00f3n y escalera en techo.<\/li>\n<li>Puerta de inspecci\u00f3n en techo y en segundo anillo con plataforma acceso y escalera.<\/li>\n<\/ul>\n<\/div>\n<\/div>\n<\/div>\n<div id=\"productos\" class=\"one_third last_column\">\n<h2 style=\"color: #C00028;\">Accesorios<\/h2>\n<div class=\"simple\" style=\"background-color: #fcfcfc; color: #333333;\">\n<div class=\"inner-padding\">\n<ul>\n<li>Detector de m\u00e1ximos \u2013 pendular.<\/li>\n<li>Detector de m\u00ednimos \u2013 membrana.<\/li>\n<li>Soporte superior para pasarela.<\/li>\n<li>Soporte lateral para pasarela: (T2 \u2013 Dos cuerpos).<\/li>\n<li>Sistema de termometr\u00eda. \u2022 Escalera de acceso a techo con protecci\u00f3n de acuerdo a UNE-EN-ISO 14122 y plataforma de descanso cada 6 metros.<\/li>\n<li>Tolva de descarga.<\/li>\n<li>Rasera manual y motorizada.<\/li>\n<li>Pasarela simple y doble.<\/li>\n<li>Kit de ventilaci\u00f3n para el interior del silo con conexi\u00f3n.<\/li>\n<li>Dise\u00f1os especiales con refuerzos para sismo, nieve y viento.<\/li>\n<li>Ventilaci\u00f3n.<\/li>\n<\/ul>\n<\/div>\n<\/div>\n<\/div>\n<div class=\"divider top-of-page\"><a title=\"Top of Page\" href=\"#botonera\">Subir<\/a><\/div>\n<div id=\"video\" class=\"two_third\">\n<h2 style=\"color: #C00028;\">V\u00eddeo<\/h2>\n<p><iframe loading=\"lazy\" src=\"https:\/\/www.youtube.com\/embed\/SkRaSw5hR8I\" width=\"640\" height=\"480\" frameborder=\"0\" allowfullscreen=\"allowfullscreen\"><\/iframe><\/p>\n<\/div>\n<div id=\"descarga\" class=\"one_third last_column\">\n<h2 style=\"color: #C00028;\">Ficha t\u00e9cnica<\/h2>\n<p><a href=\"https:\/\/spssilos.com\/wp-content\/uploads\/2015\/05\/FICHA-SILO-ELEVADO.pdf\" target=\"_blank\"><i class=\"fa fa-arrow-circle-down circle-wrap\"><\/i>\u00a0Silos elevados<\/a><\/p>\n<\/div>\n<div class=\"divider top-of-page\"><a title=\"Top of Page\" href=\"#botonera\">Subir<\/a><\/div>\n","protected":false},"excerpt":{"rendered":"<p>Caracter\u00edsticas\u00a0Accesorios\u00a0V\u00eddeo Ficha t\u00e9cnica\u00a0Presupuesto Los silos elevados son m\u00e1s adecuados para almacenamiento a corto plazo. Se usan principalmente para granos tipo arroz o pellets. Los silos elevados se utilizan principalmente para almacenamientos m\u00e1s a corto plazo, en zonas con dificultades para hacer una cimentaci\u00f3n \u00f3ptima. Tambi\u00e9n destaca su uso para granos tipo arroz o pellets (m\u00e1s conflictivos), en los que el producto se rompe f\u00e1cilmente, evitando as\u00ed el uso de barredoras para su descarga, y usando en su lugar la descarga por gravedad mediante cono a 45 o 60\u00ba. &nbsp; Subir Principales caracter\u00edsticas del silo elevado Silo c\u00f3nico elevado fabricado en<\/p>\n","protected":false},"author":2,"featured_media":0,"parent":1966,"menu_order":0,"comment_status":"closed","ping_status":"closed","template":"page-FullWidth.php","meta":{"_monsterinsights_skip_tracking":false,"_monsterinsights_sitenote_active":false,"_monsterinsights_sitenote_note":"","_monsterinsights_sitenote_category":0},"acf":[],"yoast_head":"<!-- This site is optimized with the Yoast SEO plugin v21.5 - https:\/\/yoast.com\/wordpress\/plugins\/seo\/ -->\n<title>Silos elevados | PRADO Storage Project Solutions<\/title>\n<meta name=\"description\" content=\"Los silos elevados son m\u00e1s adecuados para almacenamiento a corto plazo y se usan principalmente para granos tipo arroz o pellets.\" \/>\n<meta name=\"robots\" content=\"index, follow, max-snippet:-1, max-image-preview:large, max-video-preview:-1\" \/>\n<link rel=\"canonical\" href=\"https:\/\/spssilos.com\/es\/silos\/silos-elevados\/\" \/>\n<meta name=\"twitter:label1\" content=\"Tiempo de lectura\" \/>\n\t<meta name=\"twitter:data1\" content=\"1 minuto\" \/>\n<script type=\"application\/ld+json\" class=\"yoast-schema-graph\">{\"@context\":\"https:\/\/schema.org\",\"@graph\":[{\"@type\":\"WebPage\",\"@id\":\"https:\/\/spssilos.com\/es\/silos\/silos-elevados\/\",\"url\":\"https:\/\/spssilos.com\/es\/silos\/silos-elevados\/\",\"name\":\"Silos elevados | PRADO Storage Project Solutions\",\"isPartOf\":{\"@id\":\"https:\/\/spssilos.com\/#website\"},\"datePublished\":\"2016-10-10T07:55:20+00:00\",\"dateModified\":\"2017-04-06T11:11:34+00:00\",\"description\":\"Los silos elevados son m\u00e1s adecuados para almacenamiento a corto plazo y se usan principalmente para granos tipo arroz o pellets.\",\"breadcrumb\":{\"@id\":\"https:\/\/spssilos.com\/es\/silos\/silos-elevados\/#breadcrumb\"},\"inLanguage\":\"es\",\"potentialAction\":[{\"@type\":\"ReadAction\",\"target\":[\"https:\/\/spssilos.com\/es\/silos\/silos-elevados\/\"]}]},{\"@type\":\"BreadcrumbList\",\"@id\":\"https:\/\/spssilos.com\/es\/silos\/silos-elevados\/#breadcrumb\",\"itemListElement\":[{\"@type\":\"ListItem\",\"position\":1,\"name\":\"Silos met\u00e1licos\",\"item\":\"https:\/\/spssilos.com\/es\/silos\/\"},{\"@type\":\"ListItem\",\"position\":2,\"name\":\"Silos elevados\"}]},{\"@type\":\"WebSite\",\"@id\":\"https:\/\/spssilos.com\/#website\",\"url\":\"https:\/\/spssilos.com\/\",\"name\":\"SPS\",\"description\":\"\",\"potentialAction\":[{\"@type\":\"SearchAction\",\"target\":{\"@type\":\"EntryPoint\",\"urlTemplate\":\"https:\/\/spssilos.com\/?s={search_term_string}\"},\"query-input\":\"required name=search_term_string\"}],\"inLanguage\":\"es\"}]}<\/script>\n<!-- \/ Yoast SEO plugin. -->","yoast_head_json":{"title":"Silos elevados | PRADO Storage Project Solutions","description":"Los silos elevados son m\u00e1s adecuados para almacenamiento a corto plazo y se usan principalmente para granos tipo arroz o pellets.","robots":{"index":"index","follow":"follow","max-snippet":"max-snippet:-1","max-image-preview":"max-image-preview:large","max-video-preview":"max-video-preview:-1"},"canonical":"https:\/\/spssilos.com\/es\/silos\/silos-elevados\/","twitter_misc":{"Tiempo de lectura":"1 minuto"},"schema":{"@context":"https:\/\/schema.org","@graph":[{"@type":"WebPage","@id":"https:\/\/spssilos.com\/es\/silos\/silos-elevados\/","url":"https:\/\/spssilos.com\/es\/silos\/silos-elevados\/","name":"Silos elevados | PRADO Storage Project Solutions","isPartOf":{"@id":"https:\/\/spssilos.com\/#website"},"datePublished":"2016-10-10T07:55:20+00:00","dateModified":"2017-04-06T11:11:34+00:00","description":"Los silos elevados son m\u00e1s adecuados para almacenamiento a corto plazo y se usan principalmente para granos tipo arroz o pellets.","breadcrumb":{"@id":"https:\/\/spssilos.com\/es\/silos\/silos-elevados\/#breadcrumb"},"inLanguage":"es","potentialAction":[{"@type":"ReadAction","target":["https:\/\/spssilos.com\/es\/silos\/silos-elevados\/"]}]},{"@type":"BreadcrumbList","@id":"https:\/\/spssilos.com\/es\/silos\/silos-elevados\/#breadcrumb","itemListElement":[{"@type":"ListItem","position":1,"name":"Silos met\u00e1licos","item":"https:\/\/spssilos.com\/es\/silos\/"},{"@type":"ListItem","position":2,"name":"Silos elevados"}]},{"@type":"WebSite","@id":"https:\/\/spssilos.com\/#website","url":"https:\/\/spssilos.com\/","name":"SPS","description":"","potentialAction":[{"@type":"SearchAction","target":{"@type":"EntryPoint","urlTemplate":"https:\/\/spssilos.com\/?s={search_term_string}"},"query-input":"required name=search_term_string"}],"inLanguage":"es"}]}},"_links":{"self":[{"href":"https:\/\/spssilos.com\/es\/wp-json\/wp\/v2\/pages\/2881"}],"collection":[{"href":"https:\/\/spssilos.com\/es\/wp-json\/wp\/v2\/pages"}],"about":[{"href":"https:\/\/spssilos.com\/es\/wp-json\/wp\/v2\/types\/page"}],"author":[{"embeddable":true,"href":"https:\/\/spssilos.com\/es\/wp-json\/wp\/v2\/users\/2"}],"replies":[{"embeddable":true,"href":"https:\/\/spssilos.com\/es\/wp-json\/wp\/v2\/comments?post=2881"}],"version-history":[{"count":1,"href":"https:\/\/spssilos.com\/es\/wp-json\/wp\/v2\/pages\/2881\/revisions"}],"predecessor-version":[{"id":3542,"href":"https:\/\/spssilos.com\/es\/wp-json\/wp\/v2\/pages\/2881\/revisions\/3542"}],"up":[{"embeddable":true,"href":"https:\/\/spssilos.com\/es\/wp-json\/wp\/v2\/pages\/1966"}],"wp:attachment":[{"href":"https:\/\/spssilos.com\/es\/wp-json\/wp\/v2\/media?parent=2881"}],"curies":[{"name":"wp","href":"https:\/\/api.w.org\/{rel}","templated":true}]}}