{"id":2727,"date":"2016-10-10T12:49:05","date_gmt":"2016-10-10T10:49:05","guid":{"rendered":"http:\/\/www.pradosps.com\/es\/?page_id=2727"},"modified":"2017-04-06T13:16:54","modified_gmt":"2017-04-06T11:16:54","slug":"silos-carga-camion","status":"publish","type":"page","link":"https:\/\/spssilos.com\/es\/silos\/silos-carga-camion\/","title":{"rendered":"Silos carga cami\u00f3n"},"content":{"rendered":"<div class=\"one_fourth\">\n<div class=\"custom-frame-wrapper alignleft\">\n<div class=\"custom-frame-inner-wrapper\">\n<div class=\"custom-frame-padding\"><a href=\"https:\/\/spssilos.com\/wp-content\/uploads\/2016\/08\/Silo-Carga-Camion.jpg\" rel=\"\" rel=\"wp-prettyPhoto[2727]\"><img decoding=\"async\" title=\"photo\" src=\"https:\/\/spssilos.com\/wp-content\/uploads\/2016\/08\/Silo-Carga-Camion.jpg\" alt=\"Truck load silos\" \/><br \/>\n<\/a><\/div>\n<\/div>\n<\/div>\n<\/div>\n<div class=\"three_fourth last_column\">\n<div id=\"botonera\"><\/div>\n<div><a class=\"medium custom-button align-btn-left\" title=\"Caracter\u00edsticas\" href=\"#caracteristicas\"><span style=\"background-color: #C00028; color: #ffffff;\">Caracter\u00edsticas\u00a0<\/span><\/a><a class=\"medium custom-button align-btn-left\" title=\"Productos\" href=\"#productos\"><span style=\"background-color: #C00028; color: #ffffff;\">Accessorios\u00a0<\/span><\/a><a class=\"medium custom-button align-btn-left\" title=\"video\" href=\"#video\"><span style=\"background-color: #C00028; color: #ffffff;\">V\u00eddeo <\/span><\/a><a class=\"medium custom-button align-btn-left\" title=\"Descargar ficha t\u00e9cnica\" href=\"#descarga\"><span style=\"background-color: #C00028; color: #ffffff;\">Ficha t\u00e9cnica\u00a0<\/span><\/a><a class=\"medium custom-button align-btn-left\" title=\"presupuesto\" href=\"https:\/\/spssilos.com\/es\/solicitud-de-presupuesto\/\"><span style=\"background-color: #C00028; color: #ffffff;\">Presupuesto<\/span><\/a><\/div>\n<div class=\"clear\"><\/div>\n<h2 style=\"color: #C00028;\">Nuestros silos carga cami\u00f3n son un perfecto complemento para la carga y descarga de grano de su instalaci\u00f3n.<\/h2>\n<h3 style=\"color: #C00028;\">Tenemos una amplia gama y podemos adaptarnos a las necesidades del cliente.<\/h3>\n<p>Los silos carga cami\u00f3n se usan principalmente para cargas a granel (trenes, camiones u otros) y se puede optimizar perfectamente su dise\u00f1o para adaptarse al terreno y cumplir las necesidades del cliente.<\/p>\n<p>&nbsp;<\/p>\n<\/div>\n<div class=\"clear\"><\/div>\n<div class=\"divider top-of-page\"><a title=\"Top of Page\" href=\"#botonera\">Subir<\/a><\/div>\n<div id=\"caracteristicas\" class=\"two_third\">\n<h2 style=\"color: #C00028;\">Principales caracter\u00edsticas del silo carga cami\u00f3n<\/h2>\n<div class=\"simple\" style=\"background-color: #fcfcfc; color: #333333;\">\n<div class=\"inner-padding\">\n<ul>\n<li><span style=\"line-height: 1.5;\">Silo de carga a granel fabricado en acero de alta resistencia S350GD con galvanizado Z-600 (600 gr\/m2) y refuerzos verticales atornillados de manera exterior. <\/span><\/li>\n<li><span style=\"line-height: 1.5;\">Uniones totalmente atornilladas con torniller\u00eda bicromatada 8.8 y arandelas de goma. <\/span><\/li>\n<li><span style=\"line-height: 1.5;\">Soporte de estructura met\u00e1lica y refuerzos galvanizados en caliente Z-600 (600 gr\/m2). <\/span><\/li>\n<li><span style=\"line-height: 1.5;\">Masilla BSD compuesta para el sellado de las uniones de los paneles y para la uni\u00f3n del cilindro con el cono. <\/span><\/li>\n<li>Placas de fijaci\u00f3n con anclaje qu\u00edmico.<\/li>\n<\/ul>\n<\/div>\n<\/div>\n<\/div>\n<div id=\"productos\" class=\"one_third last_column\">\n<h2 style=\"color: #C00028;\">Accesorios<\/h2>\n<div class=\"simple\" style=\"background-color: #fcfcfc; color: #333333;\">\n<div class=\"inner-padding\">\n<ul>\n<li><span style=\"line-height: 1.5;\">Detector de m\u00e1ximos \u2013 pendular. <\/span><\/li>\n<li><span style=\"line-height: 1.5;\">Detector de m\u00ednimos \u2013 membrana. <\/span><\/li>\n<li><span style=\"line-height: 1.5;\">Tolva de descarga. <\/span><\/li>\n<li><span style=\"line-height: 1.5;\">Rasera manual y motorizada. <\/span><\/li>\n<li><span style=\"line-height: 1.5;\">Pasarela simple y doble. <\/span><\/li>\n<li><span style=\"line-height: 1.5;\">Dise\u00f1os especiales con refuerzos para sismo, nieve y viento.<\/span><\/li>\n<\/ul>\n<\/div>\n<\/div>\n<\/div>\n<div class=\"divider top-of-page\"><a title=\"Top of Page\" href=\"#botonera\">Subir<\/a><\/div>\n<div id=\"video\" class=\"two_third\">\n<h2 style=\"color: #C00028;\">V\u00eddeo<\/h2>\n<p><iframe loading=\"lazy\" src=\"https:\/\/www.youtube.com\/embed\/O4bp4SfJhX4\" width=\"640\" height=\"480\" frameborder=\"0\" allowfullscreen=\"allowfullscreen\"><\/iframe><\/p>\n<\/div>\n<div id=\"descarga\" class=\"one_third last_column\">\n<h2 style=\"color: #C00028;\">Ficha t\u00e9cnica<\/h2>\n<p><a href=\"https:\/\/spssilos.com\/wp-content\/uploads\/2015\/05\/Ficha-SILO-CARGA-CAMION.pdf\" target=\"_blank\"><i class=\"fa fa-arrow-circle-down circle-wrap\"><\/i>\u00a0Silos carga cami\u00f3n<\/a><\/p>\n<\/div>\n<div class=\"divider top-of-page\"><a title=\"Top of Page\" href=\"#botonera\">Subir<\/a><\/div>\n","protected":false},"excerpt":{"rendered":"<p>Caracter\u00edsticas\u00a0Accessorios\u00a0V\u00eddeo Ficha t\u00e9cnica\u00a0Presupuesto Nuestros silos carga cami\u00f3n son un perfecto complemento para la carga y descarga de grano de su instalaci\u00f3n. Tenemos una amplia gama y podemos adaptarnos a las necesidades del cliente. Los silos carga cami\u00f3n se usan principalmente para cargas a granel (trenes, camiones u otros) y se puede optimizar perfectamente su dise\u00f1o para adaptarse al terreno y cumplir las necesidades del cliente. &nbsp; Subir Principales caracter\u00edsticas del silo carga cami\u00f3n Silo de carga a granel fabricado en acero de alta resistencia S350GD con galvanizado Z-600 (600 gr\/m2) y refuerzos verticales atornillados de manera exterior. Uniones totalmente atornilladas<\/p>\n","protected":false},"author":2,"featured_media":0,"parent":1966,"menu_order":0,"comment_status":"closed","ping_status":"closed","template":"page-FullWidth.php","meta":{"_monsterinsights_skip_tracking":false,"_monsterinsights_sitenote_active":false,"_monsterinsights_sitenote_note":"","_monsterinsights_sitenote_category":0},"acf":[],"yoast_head":"<!-- This site is optimized with the Yoast SEO plugin v21.5 - https:\/\/yoast.com\/wordpress\/plugins\/seo\/ -->\n<title>Silos carga cami\u00f3n | PRADO Storage Project Solutions<\/title>\n<meta name=\"description\" content=\"Los silos carga cami\u00f3n se usan principalmente para cargas a granel y se puede optimizar su dise\u00f1o para adaptarse al terreno seg\u00fan las necesidades.\" \/>\n<meta name=\"robots\" content=\"index, follow, max-snippet:-1, max-image-preview:large, max-video-preview:-1\" \/>\n<link rel=\"canonical\" href=\"https:\/\/spssilos.com\/es\/silos\/silos-carga-camion\/\" \/>\n<meta name=\"twitter:label1\" content=\"Tiempo de lectura\" \/>\n\t<meta name=\"twitter:data1\" content=\"1 minuto\" \/>\n<script type=\"application\/ld+json\" class=\"yoast-schema-graph\">{\"@context\":\"https:\/\/schema.org\",\"@graph\":[{\"@type\":\"WebPage\",\"@id\":\"https:\/\/spssilos.com\/es\/silos\/silos-carga-camion\/\",\"url\":\"https:\/\/spssilos.com\/es\/silos\/silos-carga-camion\/\",\"name\":\"Silos carga cami\u00f3n | PRADO Storage Project Solutions\",\"isPartOf\":{\"@id\":\"https:\/\/spssilos.com\/#website\"},\"datePublished\":\"2016-10-10T10:49:05+00:00\",\"dateModified\":\"2017-04-06T11:16:54+00:00\",\"description\":\"Los silos carga cami\u00f3n se usan principalmente para cargas a granel y se puede optimizar su dise\u00f1o para adaptarse al terreno seg\u00fan las necesidades.\",\"breadcrumb\":{\"@id\":\"https:\/\/spssilos.com\/es\/silos\/silos-carga-camion\/#breadcrumb\"},\"inLanguage\":\"es\",\"potentialAction\":[{\"@type\":\"ReadAction\",\"target\":[\"https:\/\/spssilos.com\/es\/silos\/silos-carga-camion\/\"]}]},{\"@type\":\"BreadcrumbList\",\"@id\":\"https:\/\/spssilos.com\/es\/silos\/silos-carga-camion\/#breadcrumb\",\"itemListElement\":[{\"@type\":\"ListItem\",\"position\":1,\"name\":\"Silos met\u00e1licos\",\"item\":\"https:\/\/spssilos.com\/es\/silos\/\"},{\"@type\":\"ListItem\",\"position\":2,\"name\":\"Silos carga cami\u00f3n\"}]},{\"@type\":\"WebSite\",\"@id\":\"https:\/\/spssilos.com\/#website\",\"url\":\"https:\/\/spssilos.com\/\",\"name\":\"SPS\",\"description\":\"\",\"potentialAction\":[{\"@type\":\"SearchAction\",\"target\":{\"@type\":\"EntryPoint\",\"urlTemplate\":\"https:\/\/spssilos.com\/?s={search_term_string}\"},\"query-input\":\"required name=search_term_string\"}],\"inLanguage\":\"es\"}]}<\/script>\n<!-- \/ Yoast SEO plugin. -->","yoast_head_json":{"title":"Silos carga cami\u00f3n | PRADO Storage Project Solutions","description":"Los silos carga cami\u00f3n se usan principalmente para cargas a granel y se puede optimizar su dise\u00f1o para adaptarse al terreno seg\u00fan las necesidades.","robots":{"index":"index","follow":"follow","max-snippet":"max-snippet:-1","max-image-preview":"max-image-preview:large","max-video-preview":"max-video-preview:-1"},"canonical":"https:\/\/spssilos.com\/es\/silos\/silos-carga-camion\/","twitter_misc":{"Tiempo de lectura":"1 minuto"},"schema":{"@context":"https:\/\/schema.org","@graph":[{"@type":"WebPage","@id":"https:\/\/spssilos.com\/es\/silos\/silos-carga-camion\/","url":"https:\/\/spssilos.com\/es\/silos\/silos-carga-camion\/","name":"Silos carga cami\u00f3n | PRADO Storage Project Solutions","isPartOf":{"@id":"https:\/\/spssilos.com\/#website"},"datePublished":"2016-10-10T10:49:05+00:00","dateModified":"2017-04-06T11:16:54+00:00","description":"Los silos carga cami\u00f3n se usan principalmente para cargas a granel y se puede optimizar su dise\u00f1o para adaptarse al terreno seg\u00fan las necesidades.","breadcrumb":{"@id":"https:\/\/spssilos.com\/es\/silos\/silos-carga-camion\/#breadcrumb"},"inLanguage":"es","potentialAction":[{"@type":"ReadAction","target":["https:\/\/spssilos.com\/es\/silos\/silos-carga-camion\/"]}]},{"@type":"BreadcrumbList","@id":"https:\/\/spssilos.com\/es\/silos\/silos-carga-camion\/#breadcrumb","itemListElement":[{"@type":"ListItem","position":1,"name":"Silos met\u00e1licos","item":"https:\/\/spssilos.com\/es\/silos\/"},{"@type":"ListItem","position":2,"name":"Silos carga cami\u00f3n"}]},{"@type":"WebSite","@id":"https:\/\/spssilos.com\/#website","url":"https:\/\/spssilos.com\/","name":"SPS","description":"","potentialAction":[{"@type":"SearchAction","target":{"@type":"EntryPoint","urlTemplate":"https:\/\/spssilos.com\/?s={search_term_string}"},"query-input":"required name=search_term_string"}],"inLanguage":"es"}]}},"_links":{"self":[{"href":"https:\/\/spssilos.com\/es\/wp-json\/wp\/v2\/pages\/2727"}],"collection":[{"href":"https:\/\/spssilos.com\/es\/wp-json\/wp\/v2\/pages"}],"about":[{"href":"https:\/\/spssilos.com\/es\/wp-json\/wp\/v2\/types\/page"}],"author":[{"embeddable":true,"href":"https:\/\/spssilos.com\/es\/wp-json\/wp\/v2\/users\/2"}],"replies":[{"embeddable":true,"href":"https:\/\/spssilos.com\/es\/wp-json\/wp\/v2\/comments?post=2727"}],"version-history":[{"count":1,"href":"https:\/\/spssilos.com\/es\/wp-json\/wp\/v2\/pages\/2727\/revisions"}],"predecessor-version":[{"id":3551,"href":"https:\/\/spssilos.com\/es\/wp-json\/wp\/v2\/pages\/2727\/revisions\/3551"}],"up":[{"embeddable":true,"href":"https:\/\/spssilos.com\/es\/wp-json\/wp\/v2\/pages\/1966"}],"wp:attachment":[{"href":"https:\/\/spssilos.com\/es\/wp-json\/wp\/v2\/media?parent=2727"}],"curies":[{"name":"wp","href":"https:\/\/api.w.org\/{rel}","templated":true}]}}