{"id":2565,"date":"2016-10-10T11:14:45","date_gmt":"2016-10-10T09:14:45","guid":{"rendered":"http:\/\/www.pradosps.com\/es\/?page_id=2565"},"modified":"2017-04-06T10:17:10","modified_gmt":"2017-04-06T08:17:10","slug":"transportadores-de-banda","status":"publish","type":"page","link":"https:\/\/spssilos.com\/es\/maquinaria-de-transporte\/transportadores-de-banda\/","title":{"rendered":"Transportadores de banda"},"content":{"rendered":"<div class=\"one_fourth\">\n<div class=\"custom-frame-wrapper alignleft\">\n<div class=\"custom-frame-inner-wrapper\">\n<div class=\"custom-frame-padding\"><a href=\"https:\/\/spssilos.com\/wp-content\/uploads\/2016\/07\/Transportadores-de-bandaG.jpg\" rel=\"\" rel=\"wp-prettyPhoto[2565]\"><br \/>\n<img decoding=\"async\" title=\"photo\" src=\"https:\/\/spssilos.com\/wp-content\/uploads\/2016\/07\/Transportadores-de-bandaG.jpg\" alt=\"Transportadores de banda\" \/><br \/>\n<\/a><\/div>\n<\/div>\n<\/div>\n<\/div>\n<div class=\"three_fourth last_column\">\n<div id=\"botonera\"><a class=\"medium custom-button align-btn-left\" title=\"Caracter\u00edsticas\" href=\"#caracteristicas\"><span style=\"background-color: #C00028; color: #ffffff;\"> Caracter\u00edsticas\u00a0<\/span><\/a><a class=\"medium custom-button align-btn-left\" title=\"Productos\" href=\"#productos\"><span style=\"background-color: #C00028; color: #ffffff;\">Accesorios\u00a0<\/span><\/a><a class=\"medium custom-button align-btn-left\" title=\"video\" href=\"#video\"><span style=\"background-color: #C00028; color: #ffffff;\">V\u00eddeo <\/span><\/a><a class=\"medium custom-button align-btn-left\" title=\"Descargar ficha t\u00e9cnica\" href=\"#descarga\"><span style=\"background-color: #C00028; color: #ffffff;\">Ficha t\u00e9cnica\u00a0<\/span><\/a><a class=\"medium custom-button align-btn-left\" title=\"presupuesto\" href=\"https:\/\/spssilos.com\/request-for-quotation\/\"><span style=\"background-color: #C00028; color: #ffffff;\">Presupuesto<\/span><\/a><\/div>\n<div class=\"clear\"><\/div>\n<h2 style=\"color: #C00028;\">Transportadores de banda para todo tipo de grano.<\/h2>\n<h3 style=\"color: #C00028;\">Materiales de primera calidad.<\/h3>\n<p>Los transportadores de banda de PRADO SPS est\u00e1n dise\u00f1ados para un \u00f3ptimo transporte de grano en condiciones adversas, protegiendo el grano de posibles roturas.<\/p>\n<p>Abarcamos un amplio rango de capacidades (40m3\/h hasta 1500 m3\/h) y longitudes disponibles, as\u00ed como dise\u00f1os personalizados para todo tipo de grano.<\/p>\n<p>Dise\u00f1o propio con materiales de primera calidad.<\/p>\n<\/div>\n<div class=\"clear\"><\/div>\n<div class=\"divider top-of-page\"><a title=\"Top of Page\" href=\"#botonera\">Subir<\/a><\/div>\n<div id=\"caracteristicas\" class=\"two_third\">\n<h2 style=\"color: #C00028;\">Principales caracter\u00edsticas del transportador de banda<\/h2>\n<div class=\"simple\" style=\"background-color: #fcfcfc; color: #333333;\">\n<div class=\"inner-padding\">\n<ul>\n<li>Transportador de banda construido en acero de alta resistencia S350GD, totalmente galvanizado Z-600 (600 gr\/m2).<\/li>\n<li>Dise\u00f1o modular y uniones totalmente atornilladas con torniller\u00eda 8.8.<\/li>\n<li>Placas de fijaci\u00f3n con tornillo como fijaci\u00f3n a pasarela o anclaje mec\u00e1nico de fijaci\u00f3n al suelo.<\/li>\n<li>Soportes galvanizados para posici\u00f3n horizontal o inclinaci\u00f3n cada 2 metros (seg\u00fan modelo).<\/li>\n<li>Cubierta f\u00e1cilmente extra\u00edble.<\/li>\n<\/ul>\n<\/div>\n<\/div>\n<\/div>\n<div id=\"productos\" class=\"one_third last_column\">\n<h2 style=\"color: #C00028;\">Accesorios opcionales<\/h2>\n<div class=\"simple\" style=\"background-color: #fcfcfc; color: #333333;\">\n<div class=\"inner-padding\">\n<ul>\n<li>Tolva de carga y descarga con compuerta.<\/li>\n<li>Sensor detector de giro, antiatasco, alineamiento de banda y sensor de temperatura en rodamientos.<\/li>\n<li>Filtros de aspiraci\u00f3n de polvo.<\/li>\n<\/ul>\n<\/div>\n<\/div>\n<\/div>\n<div class=\"divider top-of-page\"><a title=\"Top of Page\" href=\"#botonera\">Subir<\/a><\/div>\n<div id=\"video\" class=\"two_third\">\n<h2 style=\"color: #C00028;\">V\u00eddeo<\/h2>\n<p><iframe loading=\"lazy\" src=\"https:\/\/www.youtube.com\/embed\/DZD5apHTjKA\" width=\"640\" height=\"480\" frameborder=\"0\" allowfullscreen=\"allowfullscreen\"><\/iframe><\/p>\n<\/div>\n<div id=\"descarga\" class=\"one_third last_column\">\n<h2 style=\"color: #C00028;\">Ficha t\u00e9cnica<\/h2>\n<p><a href=\"https:\/\/spssilos.com\/wp-content\/uploads\/2015\/05\/FICHA-TRANSPORTADOR-DE-BANDA.pdf\" target=\"_blank\"><i class=\"fa fa-arrow-circle-down circle-wrap\"><\/i>\u00a0Transportador de banda<\/a><\/p>\n<\/div>\n<div class=\"divider top-of-page\"><a title=\"Top of Page\" href=\"#botonera\">Subir<\/a><\/div>\n","protected":false},"excerpt":{"rendered":"<p>Caracter\u00edsticas\u00a0Accesorios\u00a0V\u00eddeo Ficha t\u00e9cnica\u00a0Presupuesto Transportadores de banda para todo tipo de grano. Materiales de primera calidad. Los transportadores de banda de PRADO SPS est\u00e1n dise\u00f1ados para un \u00f3ptimo transporte de grano en condiciones adversas, protegiendo el grano de posibles roturas. Abarcamos un amplio rango de capacidades (40m3\/h hasta 1500 m3\/h) y longitudes disponibles, as\u00ed como dise\u00f1os personalizados para todo tipo de grano. Dise\u00f1o propio con materiales de primera calidad. Subir Principales caracter\u00edsticas del transportador de banda Transportador de banda construido en acero de alta resistencia S350GD, totalmente galvanizado Z-600 (600 gr\/m2). Dise\u00f1o modular y uniones totalmente atornilladas con torniller\u00eda 8.8. Placas<\/p>\n","protected":false},"author":2,"featured_media":0,"parent":2546,"menu_order":0,"comment_status":"closed","ping_status":"closed","template":"page-FullWidth.php","meta":{"_monsterinsights_skip_tracking":false,"_monsterinsights_sitenote_active":false,"_monsterinsights_sitenote_note":"","_monsterinsights_sitenote_category":0},"acf":[],"yoast_head":"<!-- This site is optimized with the Yoast SEO plugin v21.5 - https:\/\/yoast.com\/wordpress\/plugins\/seo\/ -->\n<title>Transportadores de banda | PRADO Storage Project Solutions<\/title>\n<meta name=\"description\" content=\"Transportadores de banda dise\u00f1ados para un \u00f3ptimo transporte de grano, protegi\u00e9ndolo de posibles roturas \u00a1Solicite presupuesto!\" \/>\n<meta name=\"robots\" content=\"index, follow, max-snippet:-1, max-image-preview:large, max-video-preview:-1\" \/>\n<link rel=\"canonical\" href=\"https:\/\/spssilos.com\/es\/maquinaria-de-transporte\/transportadores-de-banda\/\" \/>\n<meta name=\"twitter:label1\" content=\"Tiempo de lectura\" \/>\n\t<meta name=\"twitter:data1\" content=\"1 minuto\" \/>\n<script type=\"application\/ld+json\" class=\"yoast-schema-graph\">{\"@context\":\"https:\/\/schema.org\",\"@graph\":[{\"@type\":\"WebPage\",\"@id\":\"https:\/\/spssilos.com\/es\/maquinaria-de-transporte\/transportadores-de-banda\/\",\"url\":\"https:\/\/spssilos.com\/es\/maquinaria-de-transporte\/transportadores-de-banda\/\",\"name\":\"Transportadores de banda | PRADO Storage Project Solutions\",\"isPartOf\":{\"@id\":\"https:\/\/spssilos.com\/#website\"},\"datePublished\":\"2016-10-10T09:14:45+00:00\",\"dateModified\":\"2017-04-06T08:17:10+00:00\",\"description\":\"Transportadores de banda dise\u00f1ados para un \u00f3ptimo transporte de grano, protegi\u00e9ndolo de posibles roturas \u00a1Solicite presupuesto!\",\"breadcrumb\":{\"@id\":\"https:\/\/spssilos.com\/es\/maquinaria-de-transporte\/transportadores-de-banda\/#breadcrumb\"},\"inLanguage\":\"es\",\"potentialAction\":[{\"@type\":\"ReadAction\",\"target\":[\"https:\/\/spssilos.com\/es\/maquinaria-de-transporte\/transportadores-de-banda\/\"]}]},{\"@type\":\"BreadcrumbList\",\"@id\":\"https:\/\/spssilos.com\/es\/maquinaria-de-transporte\/transportadores-de-banda\/#breadcrumb\",\"itemListElement\":[{\"@type\":\"ListItem\",\"position\":1,\"name\":\"Maquinaria de transporte\",\"item\":\"https:\/\/spssilos.com\/es\/maquinaria-de-transporte\/\"},{\"@type\":\"ListItem\",\"position\":2,\"name\":\"Transportadores de banda\"}]},{\"@type\":\"WebSite\",\"@id\":\"https:\/\/spssilos.com\/#website\",\"url\":\"https:\/\/spssilos.com\/\",\"name\":\"SPS\",\"description\":\"\",\"potentialAction\":[{\"@type\":\"SearchAction\",\"target\":{\"@type\":\"EntryPoint\",\"urlTemplate\":\"https:\/\/spssilos.com\/?s={search_term_string}\"},\"query-input\":\"required name=search_term_string\"}],\"inLanguage\":\"es\"}]}<\/script>\n<!-- \/ Yoast SEO plugin. -->","yoast_head_json":{"title":"Transportadores de banda | PRADO Storage Project Solutions","description":"Transportadores de banda dise\u00f1ados para un \u00f3ptimo transporte de grano, protegi\u00e9ndolo de posibles roturas \u00a1Solicite presupuesto!","robots":{"index":"index","follow":"follow","max-snippet":"max-snippet:-1","max-image-preview":"max-image-preview:large","max-video-preview":"max-video-preview:-1"},"canonical":"https:\/\/spssilos.com\/es\/maquinaria-de-transporte\/transportadores-de-banda\/","twitter_misc":{"Tiempo de lectura":"1 minuto"},"schema":{"@context":"https:\/\/schema.org","@graph":[{"@type":"WebPage","@id":"https:\/\/spssilos.com\/es\/maquinaria-de-transporte\/transportadores-de-banda\/","url":"https:\/\/spssilos.com\/es\/maquinaria-de-transporte\/transportadores-de-banda\/","name":"Transportadores de banda | PRADO Storage Project Solutions","isPartOf":{"@id":"https:\/\/spssilos.com\/#website"},"datePublished":"2016-10-10T09:14:45+00:00","dateModified":"2017-04-06T08:17:10+00:00","description":"Transportadores de banda dise\u00f1ados para un \u00f3ptimo transporte de grano, protegi\u00e9ndolo de posibles roturas \u00a1Solicite presupuesto!","breadcrumb":{"@id":"https:\/\/spssilos.com\/es\/maquinaria-de-transporte\/transportadores-de-banda\/#breadcrumb"},"inLanguage":"es","potentialAction":[{"@type":"ReadAction","target":["https:\/\/spssilos.com\/es\/maquinaria-de-transporte\/transportadores-de-banda\/"]}]},{"@type":"BreadcrumbList","@id":"https:\/\/spssilos.com\/es\/maquinaria-de-transporte\/transportadores-de-banda\/#breadcrumb","itemListElement":[{"@type":"ListItem","position":1,"name":"Maquinaria de transporte","item":"https:\/\/spssilos.com\/es\/maquinaria-de-transporte\/"},{"@type":"ListItem","position":2,"name":"Transportadores de banda"}]},{"@type":"WebSite","@id":"https:\/\/spssilos.com\/#website","url":"https:\/\/spssilos.com\/","name":"SPS","description":"","potentialAction":[{"@type":"SearchAction","target":{"@type":"EntryPoint","urlTemplate":"https:\/\/spssilos.com\/?s={search_term_string}"},"query-input":"required name=search_term_string"}],"inLanguage":"es"}]}},"_links":{"self":[{"href":"https:\/\/spssilos.com\/es\/wp-json\/wp\/v2\/pages\/2565"}],"collection":[{"href":"https:\/\/spssilos.com\/es\/wp-json\/wp\/v2\/pages"}],"about":[{"href":"https:\/\/spssilos.com\/es\/wp-json\/wp\/v2\/types\/page"}],"author":[{"embeddable":true,"href":"https:\/\/spssilos.com\/es\/wp-json\/wp\/v2\/users\/2"}],"replies":[{"embeddable":true,"href":"https:\/\/spssilos.com\/es\/wp-json\/wp\/v2\/comments?post=2565"}],"version-history":[{"count":1,"href":"https:\/\/spssilos.com\/es\/wp-json\/wp\/v2\/pages\/2565\/revisions"}],"predecessor-version":[{"id":3534,"href":"https:\/\/spssilos.com\/es\/wp-json\/wp\/v2\/pages\/2565\/revisions\/3534"}],"up":[{"embeddable":true,"href":"https:\/\/spssilos.com\/es\/wp-json\/wp\/v2\/pages\/2546"}],"wp:attachment":[{"href":"https:\/\/spssilos.com\/es\/wp-json\/wp\/v2\/media?parent=2565"}],"curies":[{"name":"wp","href":"https:\/\/api.w.org\/{rel}","templated":true}]}}