{"id":2546,"date":"2016-10-07T10:00:17","date_gmt":"2016-10-07T08:00:17","guid":{"rendered":"http:\/\/www.pradosps.com\/es\/?page_id=2546"},"modified":"2017-04-06T10:14:03","modified_gmt":"2017-04-06T08:14:03","slug":"maquinaria-de-transporte","status":"publish","type":"page","link":"https:\/\/spssilos.com\/es\/maquinaria-de-transporte\/","title":{"rendered":"Maquinaria de transporte"},"content":{"rendered":"<h2 style=\"color: #C00028;\"><a href=\"https:\/\/spssilos.com\/wp-content\/uploads\/2016\/07\/Maquinaria-de-transporte-SPS.jpg\" rel=\"wp-prettyPhoto[2546]\"><img decoding=\"async\" loading=\"lazy\" class=\"size-full wp-image-2812 alignleft\" src=\"https:\/\/spssilos.com\/wp-content\/uploads\/2016\/07\/Maquinaria-de-transporte-SPS.jpg\" alt=\"maquinaria de transporte SPS\" width=\"500\" height=\"470\" srcset=\"https:\/\/spssilos.com\/wp-content\/uploads\/2016\/07\/Maquinaria-de-transporte-SPS.jpg 500w, https:\/\/spssilos.com\/wp-content\/uploads\/2016\/07\/Maquinaria-de-transporte-SPS-300x282.jpg 300w\" sizes=\"(max-width: 500px) 100vw, 500px\" \/><\/a>Maquinaria industrial para el transporte de productos a granel.<\/h2>\n<h3>PRADO SPS est\u00e1 especializada en el dise\u00f1o, fabricaci\u00f3n y puesta en funcionamiento de maquinaria industrial para el transporte de productos a granel, principalmente cereales.<\/h3>\n<p>Con m\u00e1s de 20 a\u00f1os de experiencia, estamos capacitados para ofrecer dise\u00f1os personalizados de maquinaria de transporte para necesidades especiales de producci\u00f3n, longitud o condiciones medioambientales.<\/p>\n<p>Utilizamos materiales de primera calidad para desarrollar las soluci\u00f3n m\u00e1s adecuada para su proyecto de transporte de grano.<\/p>\n<p>Ofrecemos desde el estudio de ingenier\u00eda hasta una soluci\u00f3n \u00f3ptima completa de transporte de grano, analizando qu\u00e9 m\u00e1quina cumple mejor sus necesidades y optimizando en todo momento el espacio, potencias y producciones necesarias para la correcta conservaci\u00f3n del cereal.<\/p>\n<p style=\"text-align: center;\"><div class=\"align-btn-center\"><a class=\"large custom-button\" href=\"https:\/\/spssilos.com\/es\/solicitud-de-presupuesto\/\" title=\"PIDA PRESUPUESTO\"><span style=\"background-color:#C00028; color:#FFFFFF\">\u00a1SOLICITE PRESUPUESTO!<\/span><\/a><\/div>\n<h3 style=\"color: #C00028;\"><\/h3>\n<h3 style=\"color: #C00028;\">Principales caracter\u00edsticas de la maquinaria de transporte<\/h3>\n<div class=\"simple\" style=\"background-color: #fcfcfc; color: #333333;\">\n<div class=\"inner-padding\">\n<ul>\n<li>Nuestros productos est\u00e1n fabricados con los m\u00e1s altos est\u00e1ndares de calidad (ATEX, RTN-1).<\/li>\n<li>Utilizamos materiales espec\u00edficos contra la corrosi\u00f3n y ambientes de contaminaci\u00f3n qu\u00edmica y preparados para las condiciones m\u00e1s exigentes de sismo, viento y nieve.<\/li>\n<li>Nuestra maquinaria para el transporte de grano abarca desde 40m3\/h hasta 1500 m3\/h con longitudes y alturas especiales y requisitos de alta seguridad.<\/li>\n<\/ul>\n<\/div>\n<\/div>\n<p>Pida oferta sin compromiso de las capacidades que necesite y elaboraremos una oferta econ\u00f3mica adaptada a los requerimientos de su instalaci\u00f3n.<\/p>\n<h3 style=\"color: #C00028;\">Ver informaci\u00f3n detallada de cada\u00a0producto:<\/h3>\n<div class=\"one_fourth\">\n<p><a href=\"https:\/\/spssilos.com\/es\/maquinaria-de-transporte\/elevadores-de-cangilones\/\"><img decoding=\"async\" loading=\"lazy\" class=\"alignnone size-full wp-image-2825\" src=\"https:\/\/spssilos.com\/wp-content\/uploads\/2016\/09\/Elevadores-de-cangilones_200.jpg\" alt=\"elevadores de cangilones\" width=\"150\" height=\"150\" srcset=\"https:\/\/spssilos.com\/wp-content\/uploads\/2016\/09\/Elevadores-de-cangilones_200.jpg 200w, https:\/\/spssilos.com\/wp-content\/uploads\/2016\/09\/Elevadores-de-cangilones_200-150x150.jpg 150w\" sizes=\"(max-width: 150px) 100vw, 150px\" \/><\/a><\/p>\n<p><a href=\"https:\/\/spssilos.com\/es\/maquinaria-de-transporte\/elevadores-de-cangilones\/\"><strong>ELEVADORES DE CANGILONES<\/strong><\/a><\/p>\n<\/div>\n<div class=\"one_fourth\">\n<p><a href=\"https:\/\/spssilos.com\/es\/maquinaria-de-transporte\/barredores\/\"><img decoding=\"async\" loading=\"lazy\" class=\"alignnone size-full wp-image-2831\" src=\"https:\/\/spssilos.com\/wp-content\/uploads\/2016\/07\/Barredoras_200.jpg\" alt=\"barredoras\" width=\"150\" height=\"150\" srcset=\"https:\/\/spssilos.com\/wp-content\/uploads\/2016\/07\/Barredoras_200.jpg 200w, https:\/\/spssilos.com\/wp-content\/uploads\/2016\/07\/Barredoras_200-150x150.jpg 150w\" sizes=\"(max-width: 150px) 100vw, 150px\" \/><\/a><\/p>\n<p><a href=\"https:\/\/spssilos.com\/es\/maquinaria-de-transporte\/barredores\/\"><strong>BARREDORES<\/strong><\/a><\/p>\n<\/div>\n<div class=\"one_fourth\">\n<p><a href=\"https:\/\/spssilos.com\/es\/maquinaria-de-transporte\/cargadores-de-barcos\/\"><img decoding=\"async\" loading=\"lazy\" class=\"alignnone size-full wp-image-2835\" src=\"https:\/\/spssilos.com\/wp-content\/uploads\/2016\/07\/Ship-Loaders_200.jpg\" alt=\"ship loaders\" width=\"150\" height=\"150\" srcset=\"https:\/\/spssilos.com\/wp-content\/uploads\/2016\/07\/Ship-Loaders_200.jpg 200w, https:\/\/spssilos.com\/wp-content\/uploads\/2016\/07\/Ship-Loaders_200-150x150.jpg 150w\" sizes=\"(max-width: 150px) 100vw, 150px\" \/><\/a><\/p>\n<p><a href=\"https:\/\/spssilos.com\/es\/maquinaria-de-transporte\/cargadores-de-barcos\/\"><strong>SHIPLOADERS<\/strong><\/a><\/p>\n<\/div>\n<div class=\"one_fourth last_column\">\n<p><a href=\"https:\/\/spssilos.com\/es\/maquinaria-de-transporte\/transportadores-de-banda\/\"><img decoding=\"async\" loading=\"lazy\" class=\"alignnone size-full wp-image-2839\" src=\"https:\/\/spssilos.com\/wp-content\/uploads\/2016\/07\/Transportadores-de-banda_200.jpg\" alt=\"transportadores de banda\" width=\"150\" height=\"150\" srcset=\"https:\/\/spssilos.com\/wp-content\/uploads\/2016\/07\/Transportadores-de-banda_200.jpg 200w, https:\/\/spssilos.com\/wp-content\/uploads\/2016\/07\/Transportadores-de-banda_200-150x150.jpg 150w\" sizes=\"(max-width: 150px) 100vw, 150px\" \/><\/a><\/p>\n<p><a href=\"https:\/\/spssilos.com\/es\/maquinaria-de-transporte\/transportadores-de-banda\/\"><strong>TRANSPORTADORES DE BANDA<\/strong><\/a><\/p>\n<\/div>\n<div class=\"one_fourth\">\n<p><a href=\"https:\/\/spssilos.com\/es\/maquinaria-de-transporte\/transportadores-de-cadena\/\"><img decoding=\"async\" loading=\"lazy\" class=\"alignnone size-full wp-image-2843\" src=\"https:\/\/spssilos.com\/wp-content\/uploads\/2016\/07\/Transportadores-de-cadena_200.jpg\" alt=\"transportadores de cadena\" width=\"150\" height=\"150\" srcset=\"https:\/\/spssilos.com\/wp-content\/uploads\/2016\/07\/Transportadores-de-cadena_200.jpg 200w, https:\/\/spssilos.com\/wp-content\/uploads\/2016\/07\/Transportadores-de-cadena_200-150x150.jpg 150w\" sizes=\"(max-width: 150px) 100vw, 150px\" \/><\/a><\/p>\n<p><a href=\"https:\/\/spssilos.com\/es\/maquinaria-de-transporte\/transportadores-de-cadena\/\"><strong>TRANSPORTADORES DE CADENA<\/strong><\/a><\/p>\n<\/div>\n<div class=\"one_fourth\">\n<p><a href=\"https:\/\/spssilos.com\/es\/maquinaria-de-transporte\/transportadores-sinfin-de-canal\/\"><img decoding=\"async\" loading=\"lazy\" class=\"alignnone size-full wp-image-2847\" src=\"https:\/\/spssilos.com\/wp-content\/uploads\/2016\/07\/Transportadores-sinfin-de-canal_200.jpg\" alt=\"transportadores sinfin de canal\" width=\"150\" height=\"150\" srcset=\"https:\/\/spssilos.com\/wp-content\/uploads\/2016\/07\/Transportadores-sinfin-de-canal_200.jpg 200w, https:\/\/spssilos.com\/wp-content\/uploads\/2016\/07\/Transportadores-sinfin-de-canal_200-150x150.jpg 150w\" sizes=\"(max-width: 150px) 100vw, 150px\" \/><\/a><\/p>\n<p><a href=\"https:\/\/spssilos.com\/es\/maquinaria-de-transporte\/transportadores-sinfin-de-canal\/\"><strong>TRANSPORTADORES SINF\u00cdN DE CANAL<\/strong><\/a><\/p>\n<\/div>\n<div class=\"one_fourth\">\n<p><a href=\"https:\/\/spssilos.com\/es\/maquinaria-de-transporte\/equipos-complementarios\/\"><img decoding=\"async\" loading=\"lazy\" class=\"alignnone size-full wp-image-2857\" src=\"https:\/\/spssilos.com\/wp-content\/uploads\/2016\/07\/Equipos-complementarios_200.jpg\" alt=\"equipos complementarios\" width=\"150\" height=\"150\" srcset=\"https:\/\/spssilos.com\/wp-content\/uploads\/2016\/07\/Equipos-complementarios_200.jpg 200w, https:\/\/spssilos.com\/wp-content\/uploads\/2016\/07\/Equipos-complementarios_200-150x150.jpg 150w\" sizes=\"(max-width: 150px) 100vw, 150px\" \/><\/a><\/p>\n<p><a href=\"https:\/\/spssilos.com\/es\/maquinaria-de-transporte\/equipos-complementarios\/\"><strong>EQUIPOS COMPLEMENTARIOS<\/strong><\/a><\/p>\n<\/div>\n<div class=\"one_fourth last_column\"><\/div>\n","protected":false},"excerpt":{"rendered":"<p>Maquinaria industrial para el transporte de productos a granel. PRADO SPS est\u00e1 especializada en el dise\u00f1o, fabricaci\u00f3n y puesta en funcionamiento de maquinaria industrial para el transporte de productos a granel, principalmente cereales. Con m\u00e1s de 20 a\u00f1os de experiencia, estamos capacitados para ofrecer dise\u00f1os personalizados de maquinaria de transporte para necesidades especiales de producci\u00f3n, longitud o condiciones medioambientales. Utilizamos materiales de primera calidad para desarrollar las soluci\u00f3n m\u00e1s adecuada para su proyecto de transporte de grano. Ofrecemos desde el estudio de ingenier\u00eda hasta una soluci\u00f3n \u00f3ptima completa de transporte de grano, analizando qu\u00e9 m\u00e1quina cumple mejor sus necesidades y<\/p>\n","protected":false},"author":2,"featured_media":0,"parent":0,"menu_order":0,"comment_status":"closed","ping_status":"closed","template":"page-FullWidth.php","meta":{"_monsterinsights_skip_tracking":false,"_monsterinsights_sitenote_active":false,"_monsterinsights_sitenote_note":"","_monsterinsights_sitenote_category":0},"acf":[],"yoast_head":"<!-- This site is optimized with the Yoast SEO plugin v21.5 - https:\/\/yoast.com\/wordpress\/plugins\/seo\/ -->\n<title>Maquinaria de Transporte | PRADO Storage Project Solutions<\/title>\n<meta name=\"description\" content=\"Especializados en el dise\u00f1o, fabricaci\u00f3n y puesta en marcha de maquinaria industrial para el transporte de productos a granel, principalmente cereales.\" \/>\n<meta name=\"robots\" content=\"index, follow, max-snippet:-1, max-image-preview:large, max-video-preview:-1\" \/>\n<link rel=\"canonical\" href=\"https:\/\/spssilos.com\/es\/maquinaria-de-transporte\/\" \/>\n<meta name=\"twitter:label1\" content=\"Tiempo de lectura\" \/>\n\t<meta name=\"twitter:data1\" content=\"1 minuto\" \/>\n<script type=\"application\/ld+json\" class=\"yoast-schema-graph\">{\"@context\":\"https:\/\/schema.org\",\"@graph\":[{\"@type\":\"WebPage\",\"@id\":\"https:\/\/spssilos.com\/es\/maquinaria-de-transporte\/\",\"url\":\"https:\/\/spssilos.com\/es\/maquinaria-de-transporte\/\",\"name\":\"Maquinaria de Transporte | PRADO Storage Project Solutions\",\"isPartOf\":{\"@id\":\"https:\/\/spssilos.com\/#website\"},\"datePublished\":\"2016-10-07T08:00:17+00:00\",\"dateModified\":\"2017-04-06T08:14:03+00:00\",\"description\":\"Especializados en el dise\u00f1o, fabricaci\u00f3n y puesta en marcha de maquinaria industrial para el transporte de productos a granel, principalmente cereales.\",\"inLanguage\":\"es\",\"potentialAction\":[{\"@type\":\"ReadAction\",\"target\":[\"https:\/\/spssilos.com\/es\/maquinaria-de-transporte\/\"]}]},{\"@type\":\"WebSite\",\"@id\":\"https:\/\/spssilos.com\/#website\",\"url\":\"https:\/\/spssilos.com\/\",\"name\":\"SPS\",\"description\":\"\",\"potentialAction\":[{\"@type\":\"SearchAction\",\"target\":{\"@type\":\"EntryPoint\",\"urlTemplate\":\"https:\/\/spssilos.com\/?s={search_term_string}\"},\"query-input\":\"required name=search_term_string\"}],\"inLanguage\":\"es\"}]}<\/script>\n<!-- \/ Yoast SEO plugin. -->","yoast_head_json":{"title":"Maquinaria de Transporte | PRADO Storage Project Solutions","description":"Especializados en el dise\u00f1o, fabricaci\u00f3n y puesta en marcha de maquinaria industrial para el transporte de productos a granel, principalmente cereales.","robots":{"index":"index","follow":"follow","max-snippet":"max-snippet:-1","max-image-preview":"max-image-preview:large","max-video-preview":"max-video-preview:-1"},"canonical":"https:\/\/spssilos.com\/es\/maquinaria-de-transporte\/","twitter_misc":{"Tiempo de lectura":"1 minuto"},"schema":{"@context":"https:\/\/schema.org","@graph":[{"@type":"WebPage","@id":"https:\/\/spssilos.com\/es\/maquinaria-de-transporte\/","url":"https:\/\/spssilos.com\/es\/maquinaria-de-transporte\/","name":"Maquinaria de Transporte | PRADO Storage Project Solutions","isPartOf":{"@id":"https:\/\/spssilos.com\/#website"},"datePublished":"2016-10-07T08:00:17+00:00","dateModified":"2017-04-06T08:14:03+00:00","description":"Especializados en el dise\u00f1o, fabricaci\u00f3n y puesta en marcha de maquinaria industrial para el transporte de productos a granel, principalmente cereales.","inLanguage":"es","potentialAction":[{"@type":"ReadAction","target":["https:\/\/spssilos.com\/es\/maquinaria-de-transporte\/"]}]},{"@type":"WebSite","@id":"https:\/\/spssilos.com\/#website","url":"https:\/\/spssilos.com\/","name":"SPS","description":"","potentialAction":[{"@type":"SearchAction","target":{"@type":"EntryPoint","urlTemplate":"https:\/\/spssilos.com\/?s={search_term_string}"},"query-input":"required name=search_term_string"}],"inLanguage":"es"}]}},"_links":{"self":[{"href":"https:\/\/spssilos.com\/es\/wp-json\/wp\/v2\/pages\/2546"}],"collection":[{"href":"https:\/\/spssilos.com\/es\/wp-json\/wp\/v2\/pages"}],"about":[{"href":"https:\/\/spssilos.com\/es\/wp-json\/wp\/v2\/types\/page"}],"author":[{"embeddable":true,"href":"https:\/\/spssilos.com\/es\/wp-json\/wp\/v2\/users\/2"}],"replies":[{"embeddable":true,"href":"https:\/\/spssilos.com\/es\/wp-json\/wp\/v2\/comments?post=2546"}],"version-history":[{"count":1,"href":"https:\/\/spssilos.com\/es\/wp-json\/wp\/v2\/pages\/2546\/revisions"}],"predecessor-version":[{"id":3531,"href":"https:\/\/spssilos.com\/es\/wp-json\/wp\/v2\/pages\/2546\/revisions\/3531"}],"wp:attachment":[{"href":"https:\/\/spssilos.com\/es\/wp-json\/wp\/v2\/media?parent=2546"}],"curies":[{"name":"wp","href":"https:\/\/api.w.org\/{rel}","templated":true}]}}