{"id":2377,"date":"2016-10-10T10:34:19","date_gmt":"2016-10-10T08:34:19","guid":{"rendered":"http:\/\/www.pradosps.com\/es\/?page_id=2377"},"modified":"2017-04-06T10:08:52","modified_gmt":"2017-04-06T08:08:52","slug":"proyectos-llave-en-mano","status":"publish","type":"page","link":"https:\/\/spssilos.com\/es\/silos\/proyectos-llave-en-mano\/","title":{"rendered":"Proyectos llave en mano"},"content":{"rendered":"<div class=\"one_fourth\">\n<div class=\"custom-frame-wrapper alignleft\">\n<div class=\"custom-frame-inner-wrapper\">\n<div class=\"custom-frame-padding\"><a href=\"https:\/\/spssilos.com\/wp-content\/uploads\/2016\/06\/turn-key-projects.jpg\" rel=\"\" rel=\"wp-prettyPhoto[2377]\"><br \/>\n<img decoding=\"async\" title=\"photo\" src=\"https:\/\/spssilos.com\/wp-content\/uploads\/2016\/06\/turn-key-projects.jpg\" alt=\"proyectos llave en mano\" \/><br \/>\n<\/a><\/div>\n<\/div>\n<\/div>\n<\/div>\n<div class=\"three_fourth last_column\">\n<div id=\"botonera\"><a class=\"medium custom-button align-btn-left\" title=\"Ventajas\" href=\"#ventajas\"><span style=\"background-color: #C00028; color: #ffffff;\">Ventajas\u00a0<\/span><\/a><a class=\"medium custom-button align-btn-left\" title=\"Productos\" href=\"#productos\"><span style=\"background-color: #C00028; color: #ffffff;\">Servicios <\/span><\/a><a class=\"medium custom-button align-btn-left\" title=\"presupuesto\" href=\" https:\/\/spssilos.com\/es\/solicitud-de-presupuesto\/\"><span style=\"background-color: #C00028; color: #ffffff;\">Presupuesto <\/span><\/a><\/div>\n<div class=\"clear\"><\/div>\n<h2 style=\"color: #C00028;\">Ofrecemos un servicio llave en mano desde la ingenier\u00eda hasta la puesta en marcha para todo tipo de instalaciones de almacenamiento de grano.<\/h2>\n<h3 style=\"color: #C00028;\">Excelente servicio post-venta y atenci\u00f3n al cliente personalizada.<\/h3>\n<p>Nos encargamos de todos los aspectos necesarios para que su proyecto se lleve a cabo de forma \u00f3ptima, desde el dise\u00f1o de la instalaci\u00f3n, cimentaciones y obra civil hasta la puesta en marcha de todas las m\u00e1quinas y el funcionamiento completo de la planta.<\/p>\n<p>Es la mejor opci\u00f3n para poder controlar y gestionar su planta, ya que desde PRADO SPS nos hacemos responsables de todos los elementos, trabajando siempre con los mejores componentes, el mejor soporte y los ingenieros m\u00e1s cualificados, que har\u00e1n que todos ellos se conecten a la perfecci\u00f3n y la planta funcione de la mejor forma.<\/p>\n<p>&nbsp;<\/p>\n<\/div>\n<div class=\"clear\"><\/div>\n<div class=\"divider top-of-page\"><a title=\"Top of Page\" href=\"#botonera\">Subir<\/a><\/div>\n<div id=\"ventajas\" class=\"two_third\">\n<h2 style=\"color: #C00028;\">Ventajas de un proyecto llave en mano<\/h2>\n<div class=\"simple\" style=\"background-color: #fcfcfc; color: #333333;\">\n<div class=\"inner-padding\">\n<ul>\n<li>Una de las principales ventajas de contratar un proyecto de almacenamiento de grano llave en mano es que el cliente recibe una <strong>soluci\u00f3n completa desde la fase de dise\u00f1o hasta la puesta en marcha<\/strong>. Estudiamos sus necesidades y le ofrecemos la mayor versatilidad posible.<\/li>\n<li>Con este servicio, el cliente podr\u00e1 beneficiarse de nuestros conocimientos de ingenier\u00eda, nuestra experiencia en fabricaci\u00f3n y montaje de obras, la gran calidad de nuestros productos y la alta cualificaci\u00f3n de nuestro personal. De esta forma, se tendr\u00e1 una<strong> visi\u00f3n completa del proyecto desde el comienzo y se podr\u00e1 controlar en todo momento la optimizaci\u00f3n de la planta<\/strong> en cuanto a almacenamiento, transporte y tratamiento del grano.<\/li>\n<li>Aporta al cliente, no solo <strong>tranquilidad<\/strong> y <strong>comodidad<\/strong>, sino tambi\u00e9n <strong>seguridad<\/strong> y <strong>rentabilidad<\/strong> en la gesti\u00f3n de sus proyectos.<\/li>\n<\/ul>\n<\/div>\n<\/div>\n<\/div>\n<div id=\"productos\" class=\"one_third last_column\">\n<h2 style=\"color: #C00028;\">Servicios<\/h2>\n<div class=\"simple\" style=\"background-color: #fcfcfc; color: #333333;\">\n<div class=\"inner-padding\">\n<ul>\n<li>Estudio de ingenier\u00eda y an\u00e1lisis completo de la soluci\u00f3n.<\/li>\n<li>Obra civil.<\/li>\n<li>Dise\u00f1o y c\u00e1lculos<\/li>\n<li>Fabricaci\u00f3n.<\/li>\n<li>Supervisi\u00f3n.<\/li>\n<li>Puesta en marcha.<\/li>\n<li>Suministro de equipos complementarios como pesadoras, secaderos y limpiadoras.<\/li>\n<li>Estudio, dise\u00f1o y fabricaci\u00f3n de Shiploaders integrados en instalaciones portuarias.<\/li>\n<li>Sistema avanzado de control de plantas de almacenamiento y tratado de grano.<\/li>\n<li>Un app de informaci\u00f3n en tiempo real para la monitorizaci\u00f3n de nuestras plantas de almacenaje (CENTINELA).<\/li>\n<\/ul>\n<\/div>\n<\/div>\n<\/div>\n<div class=\"divider top-of-page\"><a title=\"Top of Page\" href=\"#botonera\">Subir<\/a><\/div>\n<div class=\"divider top-of-page\"><\/div>\n","protected":false},"excerpt":{"rendered":"<p>Ventajas\u00a0Servicios Presupuesto Ofrecemos un servicio llave en mano desde la ingenier\u00eda hasta la puesta en marcha para todo tipo de instalaciones de almacenamiento de grano. Excelente servicio post-venta y atenci\u00f3n al cliente personalizada. Nos encargamos de todos los aspectos necesarios para que su proyecto se lleve a cabo de forma \u00f3ptima, desde el dise\u00f1o de la instalaci\u00f3n, cimentaciones y obra civil hasta la puesta en marcha de todas las m\u00e1quinas y el funcionamiento completo de la planta. Es la mejor opci\u00f3n para poder controlar y gestionar su planta, ya que desde PRADO SPS nos hacemos responsables de todos los elementos,<\/p>\n","protected":false},"author":2,"featured_media":0,"parent":1966,"menu_order":0,"comment_status":"closed","ping_status":"closed","template":"page-FullWidth.php","meta":{"_monsterinsights_skip_tracking":false,"_monsterinsights_sitenote_active":false,"_monsterinsights_sitenote_note":"","_monsterinsights_sitenote_category":0},"acf":[],"yoast_head":"<!-- This site is optimized with the Yoast SEO plugin v21.5 - https:\/\/yoast.com\/wordpress\/plugins\/seo\/ -->\n<title>Proyectos llave en mano | PRADO Storage Project Solutions<\/title>\n<meta name=\"description\" content=\"Servicio de ingenier\u00eda llave en mano para todo tipo de instalaciones. Excelente servicio post-venta y atenci\u00f3n al cliente personalizada. \u00a1Pida presupuesto!\" \/>\n<meta name=\"robots\" content=\"index, follow, max-snippet:-1, max-image-preview:large, max-video-preview:-1\" \/>\n<link rel=\"canonical\" href=\"https:\/\/spssilos.com\/es\/silos\/proyectos-llave-en-mano\/\" \/>\n<meta name=\"twitter:label1\" content=\"Tiempo de lectura\" \/>\n\t<meta name=\"twitter:data1\" content=\"2 minutos\" \/>\n<script type=\"application\/ld+json\" class=\"yoast-schema-graph\">{\"@context\":\"https:\/\/schema.org\",\"@graph\":[{\"@type\":\"WebPage\",\"@id\":\"https:\/\/spssilos.com\/es\/silos\/proyectos-llave-en-mano\/\",\"url\":\"https:\/\/spssilos.com\/es\/silos\/proyectos-llave-en-mano\/\",\"name\":\"Proyectos llave en mano | PRADO Storage Project Solutions\",\"isPartOf\":{\"@id\":\"https:\/\/spssilos.com\/#website\"},\"datePublished\":\"2016-10-10T08:34:19+00:00\",\"dateModified\":\"2017-04-06T08:08:52+00:00\",\"description\":\"Servicio de ingenier\u00eda llave en mano para todo tipo de instalaciones. Excelente servicio post-venta y atenci\u00f3n al cliente personalizada. \u00a1Pida presupuesto!\",\"breadcrumb\":{\"@id\":\"https:\/\/spssilos.com\/es\/silos\/proyectos-llave-en-mano\/#breadcrumb\"},\"inLanguage\":\"es\",\"potentialAction\":[{\"@type\":\"ReadAction\",\"target\":[\"https:\/\/spssilos.com\/es\/silos\/proyectos-llave-en-mano\/\"]}]},{\"@type\":\"BreadcrumbList\",\"@id\":\"https:\/\/spssilos.com\/es\/silos\/proyectos-llave-en-mano\/#breadcrumb\",\"itemListElement\":[{\"@type\":\"ListItem\",\"position\":1,\"name\":\"Silos met\u00e1licos\",\"item\":\"https:\/\/spssilos.com\/es\/silos\/\"},{\"@type\":\"ListItem\",\"position\":2,\"name\":\"Proyectos llave en mano\"}]},{\"@type\":\"WebSite\",\"@id\":\"https:\/\/spssilos.com\/#website\",\"url\":\"https:\/\/spssilos.com\/\",\"name\":\"SPS\",\"description\":\"\",\"potentialAction\":[{\"@type\":\"SearchAction\",\"target\":{\"@type\":\"EntryPoint\",\"urlTemplate\":\"https:\/\/spssilos.com\/?s={search_term_string}\"},\"query-input\":\"required name=search_term_string\"}],\"inLanguage\":\"es\"}]}<\/script>\n<!-- \/ Yoast SEO plugin. -->","yoast_head_json":{"title":"Proyectos llave en mano | PRADO Storage Project Solutions","description":"Servicio de ingenier\u00eda llave en mano para todo tipo de instalaciones. Excelente servicio post-venta y atenci\u00f3n al cliente personalizada. \u00a1Pida presupuesto!","robots":{"index":"index","follow":"follow","max-snippet":"max-snippet:-1","max-image-preview":"max-image-preview:large","max-video-preview":"max-video-preview:-1"},"canonical":"https:\/\/spssilos.com\/es\/silos\/proyectos-llave-en-mano\/","twitter_misc":{"Tiempo de lectura":"2 minutos"},"schema":{"@context":"https:\/\/schema.org","@graph":[{"@type":"WebPage","@id":"https:\/\/spssilos.com\/es\/silos\/proyectos-llave-en-mano\/","url":"https:\/\/spssilos.com\/es\/silos\/proyectos-llave-en-mano\/","name":"Proyectos llave en mano | PRADO Storage Project Solutions","isPartOf":{"@id":"https:\/\/spssilos.com\/#website"},"datePublished":"2016-10-10T08:34:19+00:00","dateModified":"2017-04-06T08:08:52+00:00","description":"Servicio de ingenier\u00eda llave en mano para todo tipo de instalaciones. Excelente servicio post-venta y atenci\u00f3n al cliente personalizada. \u00a1Pida presupuesto!","breadcrumb":{"@id":"https:\/\/spssilos.com\/es\/silos\/proyectos-llave-en-mano\/#breadcrumb"},"inLanguage":"es","potentialAction":[{"@type":"ReadAction","target":["https:\/\/spssilos.com\/es\/silos\/proyectos-llave-en-mano\/"]}]},{"@type":"BreadcrumbList","@id":"https:\/\/spssilos.com\/es\/silos\/proyectos-llave-en-mano\/#breadcrumb","itemListElement":[{"@type":"ListItem","position":1,"name":"Silos met\u00e1licos","item":"https:\/\/spssilos.com\/es\/silos\/"},{"@type":"ListItem","position":2,"name":"Proyectos llave en mano"}]},{"@type":"WebSite","@id":"https:\/\/spssilos.com\/#website","url":"https:\/\/spssilos.com\/","name":"SPS","description":"","potentialAction":[{"@type":"SearchAction","target":{"@type":"EntryPoint","urlTemplate":"https:\/\/spssilos.com\/?s={search_term_string}"},"query-input":"required name=search_term_string"}],"inLanguage":"es"}]}},"_links":{"self":[{"href":"https:\/\/spssilos.com\/es\/wp-json\/wp\/v2\/pages\/2377"}],"collection":[{"href":"https:\/\/spssilos.com\/es\/wp-json\/wp\/v2\/pages"}],"about":[{"href":"https:\/\/spssilos.com\/es\/wp-json\/wp\/v2\/types\/page"}],"author":[{"embeddable":true,"href":"https:\/\/spssilos.com\/es\/wp-json\/wp\/v2\/users\/2"}],"replies":[{"embeddable":true,"href":"https:\/\/spssilos.com\/es\/wp-json\/wp\/v2\/comments?post=2377"}],"version-history":[{"count":1,"href":"https:\/\/spssilos.com\/es\/wp-json\/wp\/v2\/pages\/2377\/revisions"}],"predecessor-version":[{"id":3527,"href":"https:\/\/spssilos.com\/es\/wp-json\/wp\/v2\/pages\/2377\/revisions\/3527"}],"up":[{"embeddable":true,"href":"https:\/\/spssilos.com\/es\/wp-json\/wp\/v2\/pages\/1966"}],"wp:attachment":[{"href":"https:\/\/spssilos.com\/es\/wp-json\/wp\/v2\/media?parent=2377"}],"curies":[{"name":"wp","href":"https:\/\/api.w.org\/{rel}","templated":true}]}}