{"id":1966,"date":"2015-12-17T17:51:48","date_gmt":"2015-12-17T15:51:48","guid":{"rendered":"http:\/\/www.pradosps.com\/es\/?page_id=1966"},"modified":"2016-10-24T09:23:42","modified_gmt":"2016-10-24T07:23:42","slug":"silos","status":"publish","type":"page","link":"https:\/\/spssilos.com\/es\/silos\/","title":{"rendered":"Silos met\u00e1licos"},"content":{"rendered":"<h2 style=\"color: #C00028;\"><a href=\"https:\/\/spssilos.com\/wp-content\/uploads\/2015\/12\/Silos-SPS.jpg\" rel=\"wp-prettyPhoto[1966]\"><img decoding=\"async\" loading=\"lazy\" class=\"size-full wp-image-1960 alignleft\" src=\"https:\/\/spssilos.com\/wp-content\/uploads\/2015\/12\/Silos-SPS.jpg\" alt=\"Silos SPS\" width=\"500\" height=\"470\" srcset=\"https:\/\/spssilos.com\/wp-content\/uploads\/2015\/12\/Silos-SPS.jpg 500w, https:\/\/spssilos.com\/wp-content\/uploads\/2015\/12\/Silos-SPS-300x282.jpg 300w\" sizes=\"(max-width: 500px) 100vw, 500px\" \/><\/a>Silos met\u00e1licos para el almacenamiento de granos.<\/h2>\n<h3>Dise\u00f1amos y fabricamos una amplia variedad de silos met\u00e1licos,\u00a0dependiendo de las necesidades de cada proyecto de almacenamiento.<\/h3>\n<p>Con capacidades que oscilan <strong>entre los 50 m3 y 35.000 m3<\/strong>, pudiendo mejorar las posibilidades con dise\u00f1os m\u00e1s robustos para condiciones de <strong>sismo<\/strong>, <strong>viento<\/strong> o <strong>nieve<\/strong>.<\/p>\n<p>Nos adaptamos a <strong>cualquier tipo de grano<\/strong> y podemos facilitar toda la informaci\u00f3n referente al estudio de <strong>ventilaci\u00f3n<\/strong>, <strong>hip\u00f3tesis de carga<\/strong>, <strong>cimentaciones<\/strong>,\u2026<\/p>\n<p>Cada tipo de silo tiene sus particularidades, por lo que la opci\u00f3n m\u00e1s adecuada es la que se ajusta a su estrategia de infraestructura. Contacte con nosotros y podremos hacerle un <strong>presupuesto personalizado<\/strong> a la medida de sus necesidades de almacenamiento.<\/p>\n<p style=\"text-align: center;\"><div class=\"align-btn-center\"><a class=\"large custom-button\" href=\"https:\/\/spssilos.com\/es\/solicitud-de-presupuesto\/\" title=\"PIDA PRESUPUESTO\"><span style=\"background-color:#C00028; color:#FFFFFF\">\u00a1SOLICITE PRESUPUESTO!<\/span><\/a><\/div>\n<p>&nbsp;<\/p>\n<h3 style=\"color: #C00028;\">Principales caracter\u00edsticas de los silos met\u00e1licos<\/h3>\n<div class=\"simple\" style=\"background-color: #fcfcfc; color: #333333;\">\n<div class=\"inner-padding\">\n<ul>\n<li>Todos nuestros silos est\u00e1n fabricados en\u00a0<strong>acero de alta resistencia<\/strong>\u00a0S350GD (resistencia m\u00ednima) con galvanizado Z-600 (600 gr\/m2) y refuerzos verticales atornillados de manera exterior<\/li>\n<li><strong>Masilla BSD<\/strong> compuesta para el sellado de las uniones de los paneles y para la uni\u00f3n del cilindro con el cono.<\/li>\n<li>Placas de <strong>fijaci\u00f3n<\/strong> con\u00a0anclaje qu\u00edmico de fijaci\u00f3n al suelo.<\/li>\n<\/ul>\n<\/div>\n<\/div>\n<h3 style=\"color: #C00028;\"><\/h3>\n<h3 style=\"color: #C00028;\">Ver informaci\u00f3n detallada por\u00a0tipo de silo:<\/h3>\n<div class=\"one_fourth\">\n<p><a href=\"https:\/\/spssilos.com\/es\/silos\/silos-elevados\/\"><img decoding=\"async\" loading=\"lazy\" class=\"alignnone wp-image-2409 size-full\" src=\"https:\/\/spssilos.com\/wp-content\/uploads\/2015\/12\/Hopper-silos.jpg\" width=\"150\" height=\"150\" \/><\/a><\/p>\n<p><strong><a href=\"https:\/\/spssilos.com\/es\/silos\/silos-elevados\/\">SILOS ELEVADOS<\/a><\/strong><\/p>\n<\/div>\n<div class=\"one_fourth\">\n<p><a href=\"https:\/\/spssilos.com\/es\/silos\/silos-asentados\/\"><img decoding=\"async\" loading=\"lazy\" class=\"alignnone wp-image-2413 size-full\" src=\"https:\/\/spssilos.com\/wp-content\/uploads\/2015\/12\/Silos-asentados.jpg\" alt=\"silos asentados\" width=\"150\" height=\"150\" \/><\/a><\/p>\n<p><strong><a href=\"https:\/\/spssilos.com\/es\/silos\/silos-asentados\/\">SILOS ASENTADOS<\/a><\/strong><\/p>\n<\/div>\n<div class=\"one_fourth\">\n<p><a href=\"https:\/\/spssilos.com\/es\/silos\/silos-carga-camion\/\"><img decoding=\"async\" loading=\"lazy\" class=\"alignnone wp-image-2417 size-full\" src=\"https:\/\/spssilos.com\/wp-content\/uploads\/2015\/12\/Silos-carga-camion.jpg\" alt=\"Silos carga camion\" width=\"150\" height=\"150\" \/><\/a><\/p>\n<p><strong><a href=\"https:\/\/spssilos.com\/es\/silos\/silos-carga-camion\/\">SILOS CARGA A CAMI\u00d3N<\/a><\/strong><\/p>\n<\/div>\n<div class=\"one_fourth last_column\">\n<p><a href=\"https:\/\/spssilos.com\/es\/?page_id=2870\"><img decoding=\"async\" loading=\"lazy\" class=\"alignnone wp-image-2421 size-full\" src=\"https:\/\/spssilos.com\/wp-content\/uploads\/2015\/12\/Silos-cuadrados.jpg\" alt=\"silos cuadrados\" width=\"150\" height=\"150\" \/><\/a><\/p>\n<p><strong><a href=\"https:\/\/spssilos.com\/es\/?page_id=2870\">SILOS CUADRADOS<\/a><\/strong><\/p>\n<\/div>\n<p>&nbsp;<\/p>\n<h2 style=\"color: #C00028;\">Proyectos llave en mano<\/h2>\n<p>Tambi\u00e9n ofrecemos un completo servicio llave en mano para todo tipo de instalaciones. Nuestro excelente servicio post-venta y una atenci\u00f3n al cliente personalizada son nuestro principal objetivo que, junto a la alta calidad de nuestro producto, hace que SPS sea la soluci\u00f3n perfecta para sus proyectos de almacenamiento.<\/p>\n<p>Una vez recibida su solicitud, nuestro equipo de ingenier\u00eda estudiar\u00e1 la <strong>soluci\u00f3n \u00f3ptima para su<\/strong> <strong>proyecto<\/strong> y nos pondremos en contacto para darle todo el soporte necesario para sacar el <strong>m\u00e1ximo rendimiento<\/strong> a su instalaci\u00f3n.<\/p>\n<p><a href=\"https:\/\/spssilos.com\/es\/silos\/proyectos-llave-en-mano\/\"><img decoding=\"async\" loading=\"lazy\" class=\"wp-image-2425 size-medium aligncenter\" src=\"https:\/\/spssilos.com\/wp-content\/uploads\/2015\/12\/Proyectos-llave-en-mano-300x150.jpg\" alt=\"Proyectos llave en mano\" width=\"300\" height=\"150\" \/><\/a><\/p>\n<p style=\"text-align: center;\"><a href=\"https:\/\/spssilos.com\/es\/silos\/proyectos-llave-en-mano\/\"><strong>PROYECTOS LLAVE EN MANO<\/strong><\/a><\/p>\n","protected":false},"excerpt":{"rendered":"<p>Silos met\u00e1licos para el almacenamiento de granos. Dise\u00f1amos y fabricamos una amplia variedad de silos met\u00e1licos,\u00a0dependiendo de las necesidades de cada proyecto de almacenamiento. Con capacidades que oscilan entre los 50 m3 y 35.000 m3, pudiendo mejorar las posibilidades con dise\u00f1os m\u00e1s robustos para condiciones de sismo, viento o nieve. Nos adaptamos a cualquier tipo de grano y podemos facilitar toda la informaci\u00f3n referente al estudio de ventilaci\u00f3n, hip\u00f3tesis de carga, cimentaciones,\u2026 Cada tipo de silo tiene sus particularidades, por lo que la opci\u00f3n m\u00e1s adecuada es la que se ajusta a su estrategia de infraestructura. Contacte con nosotros y<\/p>\n","protected":false},"author":2,"featured_media":0,"parent":0,"menu_order":0,"comment_status":"closed","ping_status":"closed","template":"page-FullWidth.php","meta":{"_monsterinsights_skip_tracking":false,"_monsterinsights_sitenote_active":false,"_monsterinsights_sitenote_note":"","_monsterinsights_sitenote_category":0},"acf":[],"yoast_head":"<!-- This site is optimized with the Yoast SEO plugin v21.5 - https:\/\/yoast.com\/wordpress\/plugins\/seo\/ -->\n<title>Silos met\u00e1licos para el almacenamiento de granos<\/title>\n<meta name=\"description\" content=\"Fabricamos una amplia variedad de silos met\u00e1licos, dependiendo de las necesidades de cada proyecto \u00a1Solicite cotizaci\u00f3n de silos sin compromiso!\" \/>\n<meta name=\"robots\" content=\"index, follow, max-snippet:-1, max-image-preview:large, max-video-preview:-1\" \/>\n<link rel=\"canonical\" href=\"https:\/\/spssilos.com\/es\/silos\/\" \/>\n<meta name=\"twitter:label1\" content=\"Tiempo de lectura\" \/>\n\t<meta name=\"twitter:data1\" content=\"2 minutos\" \/>\n<script type=\"application\/ld+json\" class=\"yoast-schema-graph\">{\"@context\":\"https:\/\/schema.org\",\"@graph\":[{\"@type\":\"WebPage\",\"@id\":\"https:\/\/spssilos.com\/es\/silos\/\",\"url\":\"https:\/\/spssilos.com\/es\/silos\/\",\"name\":\"Silos met\u00e1licos para el almacenamiento de granos\",\"isPartOf\":{\"@id\":\"https:\/\/spssilos.com\/#website\"},\"datePublished\":\"2015-12-17T15:51:48+00:00\",\"dateModified\":\"2016-10-24T07:23:42+00:00\",\"description\":\"Fabricamos una amplia variedad de silos met\u00e1licos, dependiendo de las necesidades de cada proyecto \u00a1Solicite cotizaci\u00f3n de silos sin compromiso!\",\"inLanguage\":\"es\",\"potentialAction\":[{\"@type\":\"ReadAction\",\"target\":[\"https:\/\/spssilos.com\/es\/silos\/\"]}]},{\"@type\":\"WebSite\",\"@id\":\"https:\/\/spssilos.com\/#website\",\"url\":\"https:\/\/spssilos.com\/\",\"name\":\"SPS\",\"description\":\"\",\"potentialAction\":[{\"@type\":\"SearchAction\",\"target\":{\"@type\":\"EntryPoint\",\"urlTemplate\":\"https:\/\/spssilos.com\/?s={search_term_string}\"},\"query-input\":\"required name=search_term_string\"}],\"inLanguage\":\"es\"}]}<\/script>\n<!-- \/ Yoast SEO plugin. -->","yoast_head_json":{"title":"Silos met\u00e1licos para el almacenamiento de granos","description":"Fabricamos una amplia variedad de silos met\u00e1licos, dependiendo de las necesidades de cada proyecto \u00a1Solicite cotizaci\u00f3n de silos sin compromiso!","robots":{"index":"index","follow":"follow","max-snippet":"max-snippet:-1","max-image-preview":"max-image-preview:large","max-video-preview":"max-video-preview:-1"},"canonical":"https:\/\/spssilos.com\/es\/silos\/","twitter_misc":{"Tiempo de lectura":"2 minutos"},"schema":{"@context":"https:\/\/schema.org","@graph":[{"@type":"WebPage","@id":"https:\/\/spssilos.com\/es\/silos\/","url":"https:\/\/spssilos.com\/es\/silos\/","name":"Silos met\u00e1licos para el almacenamiento de granos","isPartOf":{"@id":"https:\/\/spssilos.com\/#website"},"datePublished":"2015-12-17T15:51:48+00:00","dateModified":"2016-10-24T07:23:42+00:00","description":"Fabricamos una amplia variedad de silos met\u00e1licos, dependiendo de las necesidades de cada proyecto \u00a1Solicite cotizaci\u00f3n de silos sin compromiso!","inLanguage":"es","potentialAction":[{"@type":"ReadAction","target":["https:\/\/spssilos.com\/es\/silos\/"]}]},{"@type":"WebSite","@id":"https:\/\/spssilos.com\/#website","url":"https:\/\/spssilos.com\/","name":"SPS","description":"","potentialAction":[{"@type":"SearchAction","target":{"@type":"EntryPoint","urlTemplate":"https:\/\/spssilos.com\/?s={search_term_string}"},"query-input":"required name=search_term_string"}],"inLanguage":"es"}]}},"_links":{"self":[{"href":"https:\/\/spssilos.com\/es\/wp-json\/wp\/v2\/pages\/1966"}],"collection":[{"href":"https:\/\/spssilos.com\/es\/wp-json\/wp\/v2\/pages"}],"about":[{"href":"https:\/\/spssilos.com\/es\/wp-json\/wp\/v2\/types\/page"}],"author":[{"embeddable":true,"href":"https:\/\/spssilos.com\/es\/wp-json\/wp\/v2\/users\/2"}],"replies":[{"embeddable":true,"href":"https:\/\/spssilos.com\/es\/wp-json\/wp\/v2\/comments?post=1966"}],"version-history":[{"count":0,"href":"https:\/\/spssilos.com\/es\/wp-json\/wp\/v2\/pages\/1966\/revisions"}],"wp:attachment":[{"href":"https:\/\/spssilos.com\/es\/wp-json\/wp\/v2\/media?parent=1966"}],"curies":[{"name":"wp","href":"https:\/\/api.w.org\/{rel}","templated":true}]}}