{"id":1057,"date":"2015-07-05T17:30:12","date_gmt":"2015-07-05T15:30:12","guid":{"rendered":"http:\/\/www.pradosps.com\/?page_id=1057"},"modified":"2017-04-04T15:56:10","modified_gmt":"2017-04-04T13:56:10","slug":"preguntas-frecuentes","status":"publish","type":"page","link":"https:\/\/spssilos.com\/es\/preguntas-frecuentes\/","title":{"rendered":"Preguntas Frecuentes"},"content":{"rendered":"<h2>Aqu\u00ed podr\u00e1 resolver algunas de las dudas m\u00e1s comunes en relaci\u00f3n al almacenamiento y transporte del grano. Si tiene cualquier otra pregunta, contacte con nosotros a trav\u00e9s de la p\u00e1gina de contacto.<\/h2>\n<h2 style=\"color: #C00028;\">\u00bfQu\u00e9 ventajas obtengo al usar silos, frente a otros tipos de almacenaje?<\/h2>\n<p>Son muchas las ventajas que tiene almacenar el grano en un silo, pero principalmente podemos destacar el <strong>inferior coste<\/strong> que supone este tipo de inversiones, la <strong>menor superficie<\/strong> de uso (al tratarse de un almacenaje en vertical) y la <strong>optimizaci\u00f3n de las condiciones de mantenimiento<\/strong> para el grano.<\/p>\n<p>Otra ventaja destacable para el cliente es la posibilidad de reducir su inversi\u00f3n en temas de montaje y transporte.<\/p>\n<h2 style=\"color: #C00028;\">\u00bfEs posible financiar mi proyecto con PRADO SPS?<\/h2>\n<p>Si, es posible. Desde PRADO SPS le ofrecemos varias posibilidades para financiar su proyecto:<\/p>\n<ul>\n<li>Con fondos del pa\u00eds donde se ejecutar\u00e1 el proyecto.<\/li>\n<li>Con un cr\u00e9dito a la exportaci\u00f3n desde Espa\u00f1a<\/li>\n<li>Con fondos propios de nuestra empresa.<\/li>\n<\/ul>\n<h2 style=\"color: #C00028;\">\u00bfQu\u00e9 documentos necesito para que se estudie la financiaci\u00f3n de mi proyecto?<\/h2>\n<p>Para que PRADO SPS estudie y valore su proyecto para una financiaci\u00f3n, necesitamos recibir, como m\u00ednimo, la siguiente informaci\u00f3n:<\/p>\n<ul>\n<li>Los tres \u00faltimos balances auditados en formato europeo.<\/li>\n<li>Plan de negocio.<\/li>\n<li>Capacidad de constituir una garant\u00eda bancaria.<\/li>\n<\/ul>\n<h2 style=\"color: #C00028;\">\u00bfPRADO SPS puede ofrecerme m\u00e1quinas con producciones y medidas espec\u00edficas que no est\u00e9n en su cat\u00e1logo?<\/h2>\n<p>S\u00ed, nuestra empresa cuenta con un equipo de ingenier\u00eda capaz de dise\u00f1ar m\u00e1quinas que se adaptan completamente<br \/>\na las necesidades del cliente.<\/p>\n<h2 style=\"color: #C00028;\">No tengo experiencia en el transporte de este tipo de productos \u00bfqu\u00e9 debo hacer?<\/h2>\n<p>El Departamento de Log\u00edstica de PRADO Storage Project Solutions le puede asesorar con todas las dudas que tenga.<br \/>\nAdem\u00e1s, nuestro departamento est\u00e1 especializado en organizar cualquier transporte a cualquier sitio del mundo, ya sea v\u00eda terrestre, a\u00e9reo o mar\u00edtimo, por lo que puede contratar este servicio con nosotros con total confianza.<\/p>\n<h2 style=\"color: #C00028;\">\u00bfCu\u00e1les son las razones por las que instalar sensores en la maquinaria de transporte?<\/h2>\n<ul>\n<li>Vigilar desde el cuadro de control la correcta puesta en marcha de la maquinaria (apertura, cierre, giro, etc.).<\/li>\n<li>Activaci\u00f3n de las paradas de emergencia por atasco.<\/li>\n<li>Comprobar el correcto funcionamiento de la misma, temperatura, alineamiento de banda, etc.<\/li>\n<\/ul>\n<h2 style=\"color: #C00028;\">\u00bfQu\u00e9 ventajas tiene una instalaci\u00f3n con sensores en la maquinaria de transporte?<\/h2>\n<ul>\n<li>Evitar fallos graves en la maquinaria, en ocasiones aver\u00edas irreparables.<\/li>\n<li>Ayuda a gestionar el plan de mantenimiento de la planta.<\/li>\n<li>Poder llevar el control de la planta a distancia.<\/li>\n<\/ul>\n","protected":false},"excerpt":{"rendered":"<p>Aqu\u00ed podr\u00e1 resolver algunas de las dudas m\u00e1s comunes en relaci\u00f3n al almacenamiento y transporte del grano. Si tiene cualquier otra pregunta, contacte con nosotros a trav\u00e9s de la p\u00e1gina de contacto. \u00bfQu\u00e9 ventajas obtengo al usar silos, frente a otros tipos de almacenaje? Son muchas las ventajas que tiene almacenar el grano en un silo, pero principalmente podemos destacar el inferior coste que supone este tipo de inversiones, la menor superficie de uso (al tratarse de un almacenaje en vertical) y la optimizaci\u00f3n de las condiciones de mantenimiento para el grano. Otra ventaja destacable para el cliente es la<\/p>\n","protected":false},"author":2,"featured_media":0,"parent":0,"menu_order":0,"comment_status":"open","ping_status":"open","template":"page-FullWidth.php","meta":{"_monsterinsights_skip_tracking":false,"_monsterinsights_sitenote_active":false,"_monsterinsights_sitenote_note":"","_monsterinsights_sitenote_category":0},"acf":[],"yoast_head":"<!-- This site is optimized with the Yoast SEO plugin v21.5 - https:\/\/yoast.com\/wordpress\/plugins\/seo\/ -->\n<title>Preguntas frecuentes sobre almacenamiento y transporte de grano | PRADO SPS<\/title>\n<meta name=\"description\" content=\"Aqu\u00ed podr\u00e1 resolver las dudas m\u00e1s comunes en relaci\u00f3n al almacenamiento y transporte del grano. Para cualquier otra pregunta, contacte con nosotros\" \/>\n<meta name=\"robots\" content=\"index, follow, max-snippet:-1, max-image-preview:large, max-video-preview:-1\" \/>\n<link rel=\"canonical\" href=\"https:\/\/spssilos.com\/es\/preguntas-frecuentes\/\" \/>\n<meta name=\"twitter:label1\" content=\"Tiempo de lectura\" \/>\n\t<meta name=\"twitter:data1\" content=\"2 minutos\" \/>\n<script type=\"application\/ld+json\" class=\"yoast-schema-graph\">{\"@context\":\"https:\/\/schema.org\",\"@graph\":[{\"@type\":\"WebPage\",\"@id\":\"https:\/\/spssilos.com\/es\/preguntas-frecuentes\/\",\"url\":\"https:\/\/spssilos.com\/es\/preguntas-frecuentes\/\",\"name\":\"Preguntas frecuentes sobre almacenamiento y transporte de grano | PRADO SPS\",\"isPartOf\":{\"@id\":\"https:\/\/spssilos.com\/#website\"},\"datePublished\":\"2015-07-05T15:30:12+00:00\",\"dateModified\":\"2017-04-04T13:56:10+00:00\",\"description\":\"Aqu\u00ed podr\u00e1 resolver las dudas m\u00e1s comunes en relaci\u00f3n al almacenamiento y transporte del grano. Para cualquier otra pregunta, contacte con nosotros\",\"inLanguage\":\"es\",\"potentialAction\":[{\"@type\":\"ReadAction\",\"target\":[\"https:\/\/spssilos.com\/es\/preguntas-frecuentes\/\"]}]},{\"@type\":\"WebSite\",\"@id\":\"https:\/\/spssilos.com\/#website\",\"url\":\"https:\/\/spssilos.com\/\",\"name\":\"SPS\",\"description\":\"\",\"potentialAction\":[{\"@type\":\"SearchAction\",\"target\":{\"@type\":\"EntryPoint\",\"urlTemplate\":\"https:\/\/spssilos.com\/?s={search_term_string}\"},\"query-input\":\"required name=search_term_string\"}],\"inLanguage\":\"es\"}]}<\/script>\n<!-- \/ Yoast SEO plugin. -->","yoast_head_json":{"title":"Preguntas frecuentes sobre almacenamiento y transporte de grano | PRADO SPS","description":"Aqu\u00ed podr\u00e1 resolver las dudas m\u00e1s comunes en relaci\u00f3n al almacenamiento y transporte del grano. Para cualquier otra pregunta, contacte con nosotros","robots":{"index":"index","follow":"follow","max-snippet":"max-snippet:-1","max-image-preview":"max-image-preview:large","max-video-preview":"max-video-preview:-1"},"canonical":"https:\/\/spssilos.com\/es\/preguntas-frecuentes\/","twitter_misc":{"Tiempo de lectura":"2 minutos"},"schema":{"@context":"https:\/\/schema.org","@graph":[{"@type":"WebPage","@id":"https:\/\/spssilos.com\/es\/preguntas-frecuentes\/","url":"https:\/\/spssilos.com\/es\/preguntas-frecuentes\/","name":"Preguntas frecuentes sobre almacenamiento y transporte de grano | PRADO SPS","isPartOf":{"@id":"https:\/\/spssilos.com\/#website"},"datePublished":"2015-07-05T15:30:12+00:00","dateModified":"2017-04-04T13:56:10+00:00","description":"Aqu\u00ed podr\u00e1 resolver las dudas m\u00e1s comunes en relaci\u00f3n al almacenamiento y transporte del grano. Para cualquier otra pregunta, contacte con nosotros","inLanguage":"es","potentialAction":[{"@type":"ReadAction","target":["https:\/\/spssilos.com\/es\/preguntas-frecuentes\/"]}]},{"@type":"WebSite","@id":"https:\/\/spssilos.com\/#website","url":"https:\/\/spssilos.com\/","name":"SPS","description":"","potentialAction":[{"@type":"SearchAction","target":{"@type":"EntryPoint","urlTemplate":"https:\/\/spssilos.com\/?s={search_term_string}"},"query-input":"required name=search_term_string"}],"inLanguage":"es"}]}},"_links":{"self":[{"href":"https:\/\/spssilos.com\/es\/wp-json\/wp\/v2\/pages\/1057"}],"collection":[{"href":"https:\/\/spssilos.com\/es\/wp-json\/wp\/v2\/pages"}],"about":[{"href":"https:\/\/spssilos.com\/es\/wp-json\/wp\/v2\/types\/page"}],"author":[{"embeddable":true,"href":"https:\/\/spssilos.com\/es\/wp-json\/wp\/v2\/users\/2"}],"replies":[{"embeddable":true,"href":"https:\/\/spssilos.com\/es\/wp-json\/wp\/v2\/comments?post=1057"}],"version-history":[{"count":1,"href":"https:\/\/spssilos.com\/es\/wp-json\/wp\/v2\/pages\/1057\/revisions"}],"predecessor-version":[{"id":3517,"href":"https:\/\/spssilos.com\/es\/wp-json\/wp\/v2\/pages\/1057\/revisions\/3517"}],"wp:attachment":[{"href":"https:\/\/spssilos.com\/es\/wp-json\/wp\/v2\/media?parent=1057"}],"curies":[{"name":"wp","href":"https:\/\/api.w.org\/{rel}","templated":true}]}}