{"id":102,"date":"2015-04-01T08:21:23","date_gmt":"2015-04-01T08:21:23","guid":{"rendered":"http:\/\/www.pradosps.com\/?page_id=102"},"modified":"2016-10-28T09:53:09","modified_gmt":"2016-10-28T07:53:09","slug":"mision-y-vision","status":"publish","type":"page","link":"https:\/\/spssilos.com\/es\/empresa\/mision-y-vision\/","title":{"rendered":"Misi\u00f3n y Visi\u00f3n"},"content":{"rendered":"<div style=\"text-align:center;\"><div class=\"custom-frame-wrapper aligncenter frame-shadow\"><div class=\"custom-frame-inner-wrapper\"><div class=\"custom-frame-padding\"><img decoding=\"async\" loading=\"lazy\" class=\"alignnone size-full wp-image-668\" src=\"https:\/\/spssilos.com\/wp-content\/uploads\/2015\/04\/mision1.jpg\" alt=\"mision\" width=\"1280\" height=\"350\" srcset=\"https:\/\/spssilos.com\/wp-content\/uploads\/2015\/04\/mision1.jpg 1280w, https:\/\/spssilos.com\/wp-content\/uploads\/2015\/04\/mision1-300x82.jpg 300w, https:\/\/spssilos.com\/wp-content\/uploads\/2015\/04\/mision1-1024x280.jpg 1024w\" sizes=\"(max-width: 1280px) 100vw, 1280px\" \/><\/div><\/div><\/div><\/div>\n<div class=\"one_half\">\n<h2>MISI\u00d3N<\/h2>\n<p>La Misi\u00f3n de SPS es dise\u00f1ar proyectos para almacenaje de s\u00f3lidos a granel en todo el mundo, manteniendo los est\u00e1ndares de calidad y excelencia en el servicio al cliente.<br \/>\n<\/div>\n<div class=\"one_half last_column\">\n<h2>VISI\u00d3N<\/h2>\n<p>La Visi\u00f3n de SPS es ser un referente consolidado en soluciones llave en mano, asegurando a los clientes crecimiento y continuidad en la explotaci\u00f3n de sus proyectos de almacenamiento y transporte de grano.<br \/>\n<\/div>\n","protected":false},"excerpt":{"rendered":"MISI\u00d3N La Misi\u00f3n de SPS es dise\u00f1ar proyectos para almacenaje de s\u00f3lidos a granel en todo el mundo, manteniendo los est\u00e1ndares de calidad y excelencia en el servicio al cliente. VISI\u00d3N La Visi\u00f3n de SPS es ser un referente consolidado en soluciones llave en mano, asegurando a los clientes crecimiento y continuidad en la explotaci\u00f3n de sus proyectos de almacenamiento y transporte de grano.","protected":false},"author":2,"featured_media":0,"parent":71,"menu_order":0,"comment_status":"open","ping_status":"open","template":"page-PageTemplate2.php","meta":{"_monsterinsights_skip_tracking":false,"_monsterinsights_sitenote_active":false,"_monsterinsights_sitenote_note":"","_monsterinsights_sitenote_category":0},"acf":[],"yoast_head":"<!-- This site is optimized with the Yoast SEO plugin v21.5 - https:\/\/yoast.com\/wordpress\/plugins\/seo\/ -->\n<title>Misi\u00f3n y Visi\u00f3n - PRADO SPS<\/title>\n<meta name=\"description\" content=\"La misi\u00f3n de SPS es dise\u00f1ar proyectos para almacenaje de s\u00f3lidos a granel en todo el mundo, con altos est\u00e1ndares de calidad y servicio al cliente.\" \/>\n<meta name=\"robots\" content=\"index, follow, max-snippet:-1, max-image-preview:large, max-video-preview:-1\" \/>\n<link rel=\"canonical\" href=\"https:\/\/spssilos.com\/es\/empresa\/mision-y-vision\/\" \/>\n<script type=\"application\/ld+json\" class=\"yoast-schema-graph\">{\"@context\":\"https:\/\/schema.org\",\"@graph\":[{\"@type\":\"WebPage\",\"@id\":\"https:\/\/spssilos.com\/es\/empresa\/mision-y-vision\/\",\"url\":\"https:\/\/spssilos.com\/es\/empresa\/mision-y-vision\/\",\"name\":\"Misi\u00f3n y Visi\u00f3n - PRADO SPS\",\"isPartOf\":{\"@id\":\"https:\/\/spssilos.com\/#website\"},\"datePublished\":\"2015-04-01T08:21:23+00:00\",\"dateModified\":\"2016-10-28T07:53:09+00:00\",\"description\":\"La misi\u00f3n de SPS es dise\u00f1ar proyectos para almacenaje de s\u00f3lidos a granel en todo el mundo, con altos est\u00e1ndares de calidad y servicio al cliente.\",\"breadcrumb\":{\"@id\":\"https:\/\/spssilos.com\/es\/empresa\/mision-y-vision\/#breadcrumb\"},\"inLanguage\":\"es\",\"potentialAction\":[{\"@type\":\"ReadAction\",\"target\":[\"https:\/\/spssilos.com\/es\/empresa\/mision-y-vision\/\"]}]},{\"@type\":\"BreadcrumbList\",\"@id\":\"https:\/\/spssilos.com\/es\/empresa\/mision-y-vision\/#breadcrumb\",\"itemListElement\":[{\"@type\":\"ListItem\",\"position\":1,\"name\":\"La Empresa: SPS Grain Handling and Storage Solutions\",\"item\":\"https:\/\/spssilos.com\/es\/empresa\/\"},{\"@type\":\"ListItem\",\"position\":2,\"name\":\"Misi\u00f3n y Visi\u00f3n\"}]},{\"@type\":\"WebSite\",\"@id\":\"https:\/\/spssilos.com\/#website\",\"url\":\"https:\/\/spssilos.com\/\",\"name\":\"SPS\",\"description\":\"\",\"potentialAction\":[{\"@type\":\"SearchAction\",\"target\":{\"@type\":\"EntryPoint\",\"urlTemplate\":\"https:\/\/spssilos.com\/?s={search_term_string}\"},\"query-input\":\"required name=search_term_string\"}],\"inLanguage\":\"es\"}]}<\/script>\n<!-- \/ Yoast SEO plugin. -->","yoast_head_json":{"title":"Misi\u00f3n y Visi\u00f3n - PRADO SPS","description":"La misi\u00f3n de SPS es dise\u00f1ar proyectos para almacenaje de s\u00f3lidos a granel en todo el mundo, con altos est\u00e1ndares de calidad y servicio al cliente.","robots":{"index":"index","follow":"follow","max-snippet":"max-snippet:-1","max-image-preview":"max-image-preview:large","max-video-preview":"max-video-preview:-1"},"canonical":"https:\/\/spssilos.com\/es\/empresa\/mision-y-vision\/","schema":{"@context":"https:\/\/schema.org","@graph":[{"@type":"WebPage","@id":"https:\/\/spssilos.com\/es\/empresa\/mision-y-vision\/","url":"https:\/\/spssilos.com\/es\/empresa\/mision-y-vision\/","name":"Misi\u00f3n y Visi\u00f3n - PRADO SPS","isPartOf":{"@id":"https:\/\/spssilos.com\/#website"},"datePublished":"2015-04-01T08:21:23+00:00","dateModified":"2016-10-28T07:53:09+00:00","description":"La misi\u00f3n de SPS es dise\u00f1ar proyectos para almacenaje de s\u00f3lidos a granel en todo el mundo, con altos est\u00e1ndares de calidad y servicio al cliente.","breadcrumb":{"@id":"https:\/\/spssilos.com\/es\/empresa\/mision-y-vision\/#breadcrumb"},"inLanguage":"es","potentialAction":[{"@type":"ReadAction","target":["https:\/\/spssilos.com\/es\/empresa\/mision-y-vision\/"]}]},{"@type":"BreadcrumbList","@id":"https:\/\/spssilos.com\/es\/empresa\/mision-y-vision\/#breadcrumb","itemListElement":[{"@type":"ListItem","position":1,"name":"La Empresa: SPS Grain Handling and Storage Solutions","item":"https:\/\/spssilos.com\/es\/empresa\/"},{"@type":"ListItem","position":2,"name":"Misi\u00f3n y Visi\u00f3n"}]},{"@type":"WebSite","@id":"https:\/\/spssilos.com\/#website","url":"https:\/\/spssilos.com\/","name":"SPS","description":"","potentialAction":[{"@type":"SearchAction","target":{"@type":"EntryPoint","urlTemplate":"https:\/\/spssilos.com\/?s={search_term_string}"},"query-input":"required name=search_term_string"}],"inLanguage":"es"}]}},"_links":{"self":[{"href":"https:\/\/spssilos.com\/es\/wp-json\/wp\/v2\/pages\/102"}],"collection":[{"href":"https:\/\/spssilos.com\/es\/wp-json\/wp\/v2\/pages"}],"about":[{"href":"https:\/\/spssilos.com\/es\/wp-json\/wp\/v2\/types\/page"}],"author":[{"embeddable":true,"href":"https:\/\/spssilos.com\/es\/wp-json\/wp\/v2\/users\/2"}],"replies":[{"embeddable":true,"href":"https:\/\/spssilos.com\/es\/wp-json\/wp\/v2\/comments?post=102"}],"version-history":[{"count":0,"href":"https:\/\/spssilos.com\/es\/wp-json\/wp\/v2\/pages\/102\/revisions"}],"up":[{"embeddable":true,"href":"https:\/\/spssilos.com\/es\/wp-json\/wp\/v2\/pages\/71"}],"wp:attachment":[{"href":"https:\/\/spssilos.com\/es\/wp-json\/wp\/v2\/media?parent=102"}],"curies":[{"name":"wp","href":"https:\/\/api.w.org\/{rel}","templated":true}]}}